{"id":76687,"date":"2026-04-01T15:41:08","date_gmt":"2026-04-01T13:41:08","guid":{"rendered":"https:\/\/www.italyfamilyhotels.it\/offres\/piemont\/family-hotel-a-valdilana-zegna"},"modified":"2026-04-01T15:41:10","modified_gmt":"2026-04-01T13:41:10","slug":"family-hotel-a-valdilana-zegna","status":"publish","type":"page","link":"https:\/\/www.italyfamilyhotels.it\/fr\/offres\/piemont\/family-hotel-a-valdilana-zegna","title":{"rendered":"Family Hotel \u00e0 Valdilana &#8211; Zegna"},"content":{"rendered":"\n<p><b>Valdilana \u2013 Zegna<\/b> est une localit\u00e9 du <b>Pi\u00e9mont <\/b>o\u00f9 les <b>familles <\/b>peuvent profiter de vacances en plein air au milieu des bois, des vall\u00e9es et nombreuses autres <b>activit\u00e9s adapt\u00e9es aux enfants<\/b>. L&#039;exploration de l\u2019<b>oasis Zegna<\/b>, une zone naturelle qui s&#039;\u00e9tend sur plus de <b>100 km\u00b2 <\/b>au milieu des sentiers, des prairies et des for\u00eats de h\u00eatres, est l&#039;endroit id\u00e9al pour de simples promenades, des excursions et des jeux de plein air en toute saison.<\/p>\n\n\n\n<p>Parmi les <b>exp\u00e9riences \u00e0 faire en famille<\/b>, ne manquez pas l&#039;oasis Zegna, avec une excursion dans la <b>For\u00eat anim\u00e9e<\/b>, o\u00f9 des sculptures en bois \u00e9gayent les all\u00e9es, et la <b>For\u00eat du sourire<\/b>, un parcours d&#039;environ 4,8 km, \u00e9galement id\u00e9al pour les enfants et les poussettes de randonn\u00e9e. Le plaisir continue avec la <b>Rolba Run<\/b>, un bobsleigh sur rails qui descend les pentes du <b>mont Marca,<\/b> ainsi qu\u2019avec les nombreuses <b>promenades<\/b> <b>faciles<\/b> ou <b>moins faciles <\/b>qui traversent prairies et bois.<\/p>\n\n\n\n<p>Pour les petits aventuriers, il y a aussi le <b>Parc d&#039;aventures de Veglio<\/b>, o\u00f9 des sentiers suspendus entre les arbres permettent de s\u2019amuser <b>\u00e0 partir de 3 ans<\/b>.<\/p>\n\n\n\n<p>En hiver, outre le <b>ski <\/b>et les <b>raquettes \u00e0 neige <\/b>dans la r\u00e9gion de <b>Bielmonte<\/b>, vous pourrez apprendre \u00e0 skier gr\u00e2ce \u00e0 des \u00e9coles et des pistes adapt\u00e9es aux familles, et poursuivre vos promenades dans les bois enneig\u00e9s.<\/p>\n\n\n\n<p>Dans les <b>environs de Valdilana \u2013 Zegna<\/b>, ne manquez pas le <b>sanctuaire d&#039;Oropa<\/b>, un complexe spirituel nich\u00e9 dans les montagnes avec son <b>Mont Sacr\u00e9 UNESCO<\/b>, et le splendide <b>lac d\u2019Orta<\/b> pour une excursion d&#039;une journ\u00e9e.<\/p>\n","protected":false},"excerpt":{"rendered":"<p>Valdilana \u2013 Zegna est une localit\u00e9 du Pi\u00e9mont o\u00f9 les familles peuvent profiter de vacances en plein air au milieu des bois, des vall\u00e9es et nombreuses autres activit\u00e9s adapt\u00e9es aux enfants. L&#039;exploration de l\u2019oasis Zegna, une zone naturelle qui s&#039;\u00e9tend sur plus de 100 km\u00b2 au milieu des sentiers, des prairies et des for\u00eats de &hellip;<\/p>\n","protected":false},"author":167,"featured_media":0,"parent":44144,"menu_order":0,"comment_status":"closed","ping_status":"closed","template":"page-templates\/scheda_localita.php","meta":{"_acf_changed":false,"inline_featured_image":false,"footnotes":""},"class_list":["post-76687","page","type-page","status-publish","hentry"],"acf":[],"yoast_head":"<!-- This site is optimized with the Yoast SEO plugin v27.1 - https:\/\/yoast.com\/product\/yoast-seo-wordpress\/ -->\n<title>H\u00f4tels pour familles \u00e0 Valdilana - Zegna\u00a0: les meilleurs Family Hotels<\/title>\n<meta name=\"description\" content=\"Envie de vacances avec des enfants dans le Pi\u00e9mont\u00a0? Nous avons s\u00e9lectionn\u00e9 les meilleurs family hotels \u00e0 Valdilana - Zegna !\" \/>\n<meta name=\"robots\" content=\"index, follow, max-snippet:-1, max-image-preview:large, max-video-preview:-1\" \/>\n<link rel=\"canonical\" href=\"https:\/\/www.italyfamilyhotels.it\/fr\/offres\/piemont\/family-hotel-a-valdilana-zegna\" \/>\n<meta property=\"og:locale\" content=\"fr_FR\" \/>\n<meta property=\"og:type\" content=\"article\" \/>\n<meta property=\"og:title\" content=\"H\u00f4tels pour familles \u00e0 Valdilana - Zegna\u00a0: les meilleurs Family Hotels\" \/>\n<meta property=\"og:description\" content=\"Envie de vacances avec des enfants dans le Pi\u00e9mont\u00a0? Nous avons s\u00e9lectionn\u00e9 les meilleurs family hotels \u00e0 Valdilana - Zegna !\" \/>\n<meta property=\"og:url\" content=\"https:\/\/www.italyfamilyhotels.it\/fr\/offres\/piemont\/family-hotel-a-valdilana-zegna\" \/>\n<meta property=\"og:site_name\" content=\"Italy Family Hotels\" \/>\n<meta property=\"article:publisher\" content=\"https:\/\/www.facebook.com\/ItalyFamilyHotels\/\" \/>\n<meta property=\"article:modified_time\" content=\"2026-04-01T13:41:10+00:00\" \/>\n<meta name=\"twitter:card\" content=\"summary_large_image\" \/>\n<meta name=\"twitter:label1\" content=\"Dur\u00e9e de lecture estim\u00e9e\" \/>\n\t<meta name=\"twitter:data1\" content=\"1 minute\" \/>\n<script type=\"application\/ld+json\" class=\"yoast-schema-graph\">{\"@context\":\"https:\/\/schema.org\",\"@graph\":[{\"@type\":\"WebPage\",\"@id\":\"https:\/\/www.italyfamilyhotels.it\/fr\/offres\/piemont\/family-hotel-a-valdilana-zegna\",\"url\":\"https:\/\/www.italyfamilyhotels.it\/fr\/offres\/piemont\/family-hotel-a-valdilana-zegna\",\"name\":\"H\u00f4tels pour familles \u00e0 Valdilana - Zegna\u00a0: les meilleurs Family Hotels\",\"isPartOf\":{\"@id\":\"https:\/\/www.italyfamilyhotels.it\/#website\"},\"datePublished\":\"2026-04-01T13:41:08+00:00\",\"dateModified\":\"2026-04-01T13:41:10+00:00\",\"description\":\"Envie de vacances avec des enfants dans le Pi\u00e9mont\u00a0? Nous avons s\u00e9lectionn\u00e9 les meilleurs family hotels \u00e0 Valdilana - Zegna !\",\"breadcrumb\":{\"@id\":\"https:\/\/www.italyfamilyhotels.it\/fr\/offres\/piemont\/family-hotel-a-valdilana-zegna#breadcrumb\"},\"inLanguage\":\"fr-FR\",\"potentialAction\":[{\"@type\":\"ReadAction\",\"target\":[\"https:\/\/www.italyfamilyhotels.it\/fr\/offres\/piemont\/family-hotel-a-valdilana-zegna\"]}]},{\"@type\":\"BreadcrumbList\",\"@id\":\"https:\/\/www.italyfamilyhotels.it\/fr\/offres\/piemont\/family-hotel-a-valdilana-zegna#breadcrumb\",\"itemListElement\":[{\"@type\":\"ListItem\",\"position\":1,\"name\":\"Home\",\"item\":\"https:\/\/www.italyfamilyhotels.it\/fr\"},{\"@type\":\"ListItem\",\"position\":2,\"name\":\"Offres\",\"item\":\"https:\/\/www.italyfamilyhotels.it\/fr\/offres\"},{\"@type\":\"ListItem\",\"position\":3,\"name\":\"Pi\u00e9mont\",\"item\":\"https:\/\/www.italyfamilyhotels.it\/fr\/offres\/piemont\"},{\"@type\":\"ListItem\",\"position\":4,\"name\":\"Family Hotel \u00e0 Valdilana &#8211; Zegna\"}]},{\"@type\":\"WebSite\",\"@id\":\"https:\/\/www.italyfamilyhotels.it\/#website\",\"url\":\"https:\/\/www.italyfamilyhotels.it\/\",\"name\":\"Italy Family Hotels\",\"description\":\"\",\"potentialAction\":[{\"@type\":\"SearchAction\",\"target\":{\"@type\":\"EntryPoint\",\"urlTemplate\":\"https:\/\/www.italyfamilyhotels.it\/?s={search_term_string}\"},\"query-input\":{\"@type\":\"PropertyValueSpecification\",\"valueRequired\":true,\"valueName\":\"search_term_string\"}}],\"inLanguage\":\"fr-FR\"}]}<\/script>\n<!-- \/ Yoast SEO plugin. -->","yoast_head_json":{"title":"H\u00f4tels pour familles \u00e0 Valdilana - Zegna\u00a0: les meilleurs Family Hotels","description":"Envie de vacances avec des enfants dans le Pi\u00e9mont\u00a0? Nous avons s\u00e9lectionn\u00e9 les meilleurs family hotels \u00e0 Valdilana - Zegna !","robots":{"index":"index","follow":"follow","max-snippet":"max-snippet:-1","max-image-preview":"max-image-preview:large","max-video-preview":"max-video-preview:-1"},"canonical":"https:\/\/www.italyfamilyhotels.it\/fr\/offres\/piemont\/family-hotel-a-valdilana-zegna","og_locale":"fr_FR","og_type":"article","og_title":"H\u00f4tels pour familles \u00e0 Valdilana - Zegna\u00a0: les meilleurs Family Hotels","og_description":"Envie de vacances avec des enfants dans le Pi\u00e9mont\u00a0? Nous avons s\u00e9lectionn\u00e9 les meilleurs family hotels \u00e0 Valdilana - Zegna !","og_url":"https:\/\/www.italyfamilyhotels.it\/fr\/offres\/piemont\/family-hotel-a-valdilana-zegna","og_site_name":"Italy Family Hotels","article_publisher":"https:\/\/www.facebook.com\/ItalyFamilyHotels\/","article_modified_time":"2026-04-01T13:41:10+00:00","twitter_card":"summary_large_image","twitter_misc":{"Dur\u00e9e de lecture estim\u00e9e":"1 minute"},"schema":{"@context":"https:\/\/schema.org","@graph":[{"@type":"WebPage","@id":"https:\/\/www.italyfamilyhotels.it\/fr\/offres\/piemont\/family-hotel-a-valdilana-zegna","url":"https:\/\/www.italyfamilyhotels.it\/fr\/offres\/piemont\/family-hotel-a-valdilana-zegna","name":"H\u00f4tels pour familles \u00e0 Valdilana - Zegna\u00a0: les meilleurs Family Hotels","isPartOf":{"@id":"https:\/\/www.italyfamilyhotels.it\/#website"},"datePublished":"2026-04-01T13:41:08+00:00","dateModified":"2026-04-01T13:41:10+00:00","description":"Envie de vacances avec des enfants dans le Pi\u00e9mont\u00a0? Nous avons s\u00e9lectionn\u00e9 les meilleurs family hotels \u00e0 Valdilana - Zegna !","breadcrumb":{"@id":"https:\/\/www.italyfamilyhotels.it\/fr\/offres\/piemont\/family-hotel-a-valdilana-zegna#breadcrumb"},"inLanguage":"fr-FR","potentialAction":[{"@type":"ReadAction","target":["https:\/\/www.italyfamilyhotels.it\/fr\/offres\/piemont\/family-hotel-a-valdilana-zegna"]}]},{"@type":"BreadcrumbList","@id":"https:\/\/www.italyfamilyhotels.it\/fr\/offres\/piemont\/family-hotel-a-valdilana-zegna#breadcrumb","itemListElement":[{"@type":"ListItem","position":1,"name":"Home","item":"https:\/\/www.italyfamilyhotels.it\/fr"},{"@type":"ListItem","position":2,"name":"Offres","item":"https:\/\/www.italyfamilyhotels.it\/fr\/offres"},{"@type":"ListItem","position":3,"name":"Pi\u00e9mont","item":"https:\/\/www.italyfamilyhotels.it\/fr\/offres\/piemont"},{"@type":"ListItem","position":4,"name":"Family Hotel \u00e0 Valdilana &#8211; Zegna"}]},{"@type":"WebSite","@id":"https:\/\/www.italyfamilyhotels.it\/#website","url":"https:\/\/www.italyfamilyhotels.it\/","name":"Italy Family Hotels","description":"","potentialAction":[{"@type":"SearchAction","target":{"@type":"EntryPoint","urlTemplate":"https:\/\/www.italyfamilyhotels.it\/?s={search_term_string}"},"query-input":{"@type":"PropertyValueSpecification","valueRequired":true,"valueName":"search_term_string"}}],"inLanguage":"fr-FR"}]}},"_links":{"self":[{"href":"https:\/\/www.italyfamilyhotels.it\/fr\/wp-json\/wp\/v2\/pages\/76687","targetHints":{"allow":["GET"]}}],"collection":[{"href":"https:\/\/www.italyfamilyhotels.it\/fr\/wp-json\/wp\/v2\/pages"}],"about":[{"href":"https:\/\/www.italyfamilyhotels.it\/fr\/wp-json\/wp\/v2\/types\/page"}],"author":[{"embeddable":true,"href":"https:\/\/www.italyfamilyhotels.it\/fr\/wp-json\/wp\/v2\/users\/167"}],"replies":[{"embeddable":true,"href":"https:\/\/www.italyfamilyhotels.it\/fr\/wp-json\/wp\/v2\/comments?post=76687"}],"version-history":[{"count":1,"href":"https:\/\/www.italyfamilyhotels.it\/fr\/wp-json\/wp\/v2\/pages\/76687\/revisions"}],"predecessor-version":[{"id":76688,"href":"https:\/\/www.italyfamilyhotels.it\/fr\/wp-json\/wp\/v2\/pages\/76687\/revisions\/76688"}],"up":[{"embeddable":true,"href":"https:\/\/www.italyfamilyhotels.it\/fr\/wp-json\/wp\/v2\/pages\/44144"}],"wp:attachment":[{"href":"https:\/\/www.italyfamilyhotels.it\/fr\/wp-json\/wp\/v2\/media?parent=76687"}],"curies":[{"name":"wp","href":"https:\/\/api.w.org\/{rel}","templated":true}]}}