{"id":76681,"date":"2026-04-01T15:41:07","date_gmt":"2026-04-01T13:41:07","guid":{"rendered":"https:\/\/www.italyfamilyhotels.it\/destinations\/toscane\/family-hotel-a-cecina"},"modified":"2026-04-01T15:41:09","modified_gmt":"2026-04-01T13:41:09","slug":"family-hotel-a-cecina","status":"publish","type":"page","link":"https:\/\/www.italyfamilyhotels.it\/fr\/destinations\/toscane\/family-hotel-a-cecina","title":{"rendered":"Family Hotel \u00e0 Cecina"},"content":{"rendered":"\n<p><b>Cecina<\/b>, sur la <b>Costa degli Etruschi<\/b>, est une destination tr\u00e8s populaire aupr\u00e8s des familles qui souhaitent passer des <b>vacances \u00e0 la mer en Toscane<\/b>. Les plages de sable sont parfaites pour les enfants, gr\u00e2ce \u00e0 des <b>fonds marins en pente douce<\/b> et aux <b>plages am\u00e9nag\u00e9es<\/b>, facilement accessiblex \u00e0 pied ou \u00e0 v\u00e9lo.<\/p>\n\n\n\n<p>L&#039;un des points forts de la r\u00e9gion est la <b>for\u00eat de pins c\u00f4ti\u00e8re<\/b>, travers\u00e9e par des <b>itin\u00e9raires plats<\/b> parfaits pour <b>se promener avec une poussette<\/b> et faire une <b>balade \u00e0 v\u00e9lo en famille<\/b>. Les <b>pistes cyclables\/pi\u00e9tonnes reliant Cecina et Cecina Mare<\/b> permettent de se d\u00e9placer en toute s\u00e9curit\u00e9 entre la plage, la pin\u00e8de et le centre-ville : un vrai bonheur m\u00eame pour les familles avec de jeunes enfants !<\/p>\n\n\n\n<p><b>Cecina et ses environs<\/b> comptent \u00e9galement les <b>parcs d&#039;attractions les plus populaires de Toscane\u00a0<\/b>: <b>Acqua Village<\/b>, le parc aquatique avec toboggans et piscines pour les enfants de tous \u00e2ges ; <b>Parco Gallorose<\/b>, un jardin zoologique id\u00e9al pour initier les tout-petits au monde animal et \u00e0 la nature, dans un environnement \u00e9ducatif et stimulant.<\/p>\n\n\n\n<p>Les environs m\u00e9ritent \u00e9galement une visite. <b>Cavallino Matto<\/b>, le plus grand parc d&#039;attractions de Toscane, et des villages historiques tels que <b>Bolgheri<\/b>, c\u00e9l\u00e8bre pour son all\u00e9e de cypr\u00e8s, et <b>Populonia<\/b>, o\u00f9 vous pourrez visiter le c\u00e9l\u00e8bre <b>Parc arch\u00e9ologique de Baratti et Populonia<\/b>, la splendide acropole \u00e9trusque construite sur la mer.<\/p>\n\n\n\n<p>\u00c0 <b>une demi-heure de Cecina<\/b>, au <b>Parc arch\u00e9ologique et minier de San Silvestro<\/b>, vous trouverez des activit\u00e9s fantastiques pour les enfants et les adolescents et notamment le <b>Bike Skill Park<\/b>, o\u00f9 vous pourrez vous essayer au VTT avec des professionnels qualifi\u00e9s. Vous pourrez \u00e9galement vous rendre \u00e0 la <b>Galerie Lanzi \u00e0 bord du train<\/b> de la mine, au mus\u00e9e des Machines mini\u00e8res, au mus\u00e9e du Mineur et au mus\u00e9e du Temperino.<\/p>\n","protected":false},"excerpt":{"rendered":"<p>Cecina, sur la Costa degli Etruschi, est une destination tr\u00e8s populaire aupr\u00e8s des familles qui souhaitent passer des vacances \u00e0 la mer en Toscane. Les plages de sable sont parfaites pour les enfants, gr\u00e2ce \u00e0 des fonds marins en pente douce et aux plages am\u00e9nag\u00e9es, facilement accessiblex \u00e0 pied ou \u00e0 v\u00e9lo. L&#039;un des points &hellip;<\/p>\n","protected":false},"author":167,"featured_media":0,"parent":43581,"menu_order":0,"comment_status":"closed","ping_status":"closed","template":"page-templates\/scheda_localita.php","meta":{"_acf_changed":false,"inline_featured_image":false,"footnotes":""},"class_list":["post-76681","page","type-page","status-publish","hentry"],"acf":[],"yoast_head":"<!-- This site is optimized with the Yoast SEO plugin v27.1 - https:\/\/yoast.com\/product\/yoast-seo-wordpress\/ -->\n<title>H\u00f4tels pour familles \u00e0 Cecina : les meilleurs Family Hotels \u00e0 Cecina<\/title>\n<meta name=\"description\" content=\"Envie de vacances avec des enfants en Toscane\u00a0? Nous avons s\u00e9lectionn\u00e9 les meilleurs family hotels \u00e0 Cecina !\" \/>\n<meta name=\"robots\" content=\"index, follow, max-snippet:-1, max-image-preview:large, max-video-preview:-1\" \/>\n<link rel=\"canonical\" href=\"https:\/\/www.italyfamilyhotels.it\/fr\/destinations\/toscane\/family-hotel-a-cecina\" \/>\n<meta property=\"og:locale\" content=\"fr_FR\" \/>\n<meta property=\"og:type\" content=\"article\" \/>\n<meta property=\"og:title\" content=\"H\u00f4tels pour familles \u00e0 Cecina : les meilleurs Family Hotels \u00e0 Cecina\" \/>\n<meta property=\"og:description\" content=\"Envie de vacances avec des enfants en Toscane\u00a0? Nous avons s\u00e9lectionn\u00e9 les meilleurs family hotels \u00e0 Cecina !\" \/>\n<meta property=\"og:url\" content=\"https:\/\/www.italyfamilyhotels.it\/fr\/destinations\/toscane\/family-hotel-a-cecina\" \/>\n<meta property=\"og:site_name\" content=\"Italy Family Hotels\" \/>\n<meta property=\"article:publisher\" content=\"https:\/\/www.facebook.com\/ItalyFamilyHotels\/\" \/>\n<meta property=\"article:modified_time\" content=\"2026-04-01T13:41:09+00:00\" \/>\n<meta name=\"twitter:card\" content=\"summary_large_image\" \/>\n<meta name=\"twitter:label1\" content=\"Dur\u00e9e de lecture estim\u00e9e\" \/>\n\t<meta name=\"twitter:data1\" content=\"2 minutes\" \/>\n<script type=\"application\/ld+json\" class=\"yoast-schema-graph\">{\"@context\":\"https:\/\/schema.org\",\"@graph\":[{\"@type\":\"WebPage\",\"@id\":\"https:\/\/www.italyfamilyhotels.it\/fr\/destinations\/toscane\/family-hotel-a-cecina\",\"url\":\"https:\/\/www.italyfamilyhotels.it\/fr\/destinations\/toscane\/family-hotel-a-cecina\",\"name\":\"H\u00f4tels pour familles \u00e0 Cecina : les meilleurs Family Hotels \u00e0 Cecina\",\"isPartOf\":{\"@id\":\"https:\/\/www.italyfamilyhotels.it\/#website\"},\"datePublished\":\"2026-04-01T13:41:07+00:00\",\"dateModified\":\"2026-04-01T13:41:09+00:00\",\"description\":\"Envie de vacances avec des enfants en Toscane\u00a0? Nous avons s\u00e9lectionn\u00e9 les meilleurs family hotels \u00e0 Cecina !\",\"breadcrumb\":{\"@id\":\"https:\/\/www.italyfamilyhotels.it\/fr\/destinations\/toscane\/family-hotel-a-cecina#breadcrumb\"},\"inLanguage\":\"fr-FR\",\"potentialAction\":[{\"@type\":\"ReadAction\",\"target\":[\"https:\/\/www.italyfamilyhotels.it\/fr\/destinations\/toscane\/family-hotel-a-cecina\"]}]},{\"@type\":\"BreadcrumbList\",\"@id\":\"https:\/\/www.italyfamilyhotels.it\/fr\/destinations\/toscane\/family-hotel-a-cecina#breadcrumb\",\"itemListElement\":[{\"@type\":\"ListItem\",\"position\":1,\"name\":\"Home\",\"item\":\"https:\/\/www.italyfamilyhotels.it\/fr\"},{\"@type\":\"ListItem\",\"position\":2,\"name\":\"Destinations\",\"item\":\"https:\/\/www.italyfamilyhotels.it\/fr\/destinations\"},{\"@type\":\"ListItem\",\"position\":3,\"name\":\"Toscane\",\"item\":\"https:\/\/www.italyfamilyhotels.it\/fr\/destinations\/toscane\"},{\"@type\":\"ListItem\",\"position\":4,\"name\":\"Family Hotel \u00e0 Cecina\"}]},{\"@type\":\"WebSite\",\"@id\":\"https:\/\/www.italyfamilyhotels.it\/#website\",\"url\":\"https:\/\/www.italyfamilyhotels.it\/\",\"name\":\"Italy Family Hotels\",\"description\":\"\",\"potentialAction\":[{\"@type\":\"SearchAction\",\"target\":{\"@type\":\"EntryPoint\",\"urlTemplate\":\"https:\/\/www.italyfamilyhotels.it\/?s={search_term_string}\"},\"query-input\":{\"@type\":\"PropertyValueSpecification\",\"valueRequired\":true,\"valueName\":\"search_term_string\"}}],\"inLanguage\":\"fr-FR\"}]}<\/script>\n<!-- \/ Yoast SEO plugin. -->","yoast_head_json":{"title":"H\u00f4tels pour familles \u00e0 Cecina : les meilleurs Family Hotels \u00e0 Cecina","description":"Envie de vacances avec des enfants en Toscane\u00a0? Nous avons s\u00e9lectionn\u00e9 les meilleurs family hotels \u00e0 Cecina !","robots":{"index":"index","follow":"follow","max-snippet":"max-snippet:-1","max-image-preview":"max-image-preview:large","max-video-preview":"max-video-preview:-1"},"canonical":"https:\/\/www.italyfamilyhotels.it\/fr\/destinations\/toscane\/family-hotel-a-cecina","og_locale":"fr_FR","og_type":"article","og_title":"H\u00f4tels pour familles \u00e0 Cecina : les meilleurs Family Hotels \u00e0 Cecina","og_description":"Envie de vacances avec des enfants en Toscane\u00a0? Nous avons s\u00e9lectionn\u00e9 les meilleurs family hotels \u00e0 Cecina !","og_url":"https:\/\/www.italyfamilyhotels.it\/fr\/destinations\/toscane\/family-hotel-a-cecina","og_site_name":"Italy Family Hotels","article_publisher":"https:\/\/www.facebook.com\/ItalyFamilyHotels\/","article_modified_time":"2026-04-01T13:41:09+00:00","twitter_card":"summary_large_image","twitter_misc":{"Dur\u00e9e de lecture estim\u00e9e":"2 minutes"},"schema":{"@context":"https:\/\/schema.org","@graph":[{"@type":"WebPage","@id":"https:\/\/www.italyfamilyhotels.it\/fr\/destinations\/toscane\/family-hotel-a-cecina","url":"https:\/\/www.italyfamilyhotels.it\/fr\/destinations\/toscane\/family-hotel-a-cecina","name":"H\u00f4tels pour familles \u00e0 Cecina : les meilleurs Family Hotels \u00e0 Cecina","isPartOf":{"@id":"https:\/\/www.italyfamilyhotels.it\/#website"},"datePublished":"2026-04-01T13:41:07+00:00","dateModified":"2026-04-01T13:41:09+00:00","description":"Envie de vacances avec des enfants en Toscane\u00a0? Nous avons s\u00e9lectionn\u00e9 les meilleurs family hotels \u00e0 Cecina !","breadcrumb":{"@id":"https:\/\/www.italyfamilyhotels.it\/fr\/destinations\/toscane\/family-hotel-a-cecina#breadcrumb"},"inLanguage":"fr-FR","potentialAction":[{"@type":"ReadAction","target":["https:\/\/www.italyfamilyhotels.it\/fr\/destinations\/toscane\/family-hotel-a-cecina"]}]},{"@type":"BreadcrumbList","@id":"https:\/\/www.italyfamilyhotels.it\/fr\/destinations\/toscane\/family-hotel-a-cecina#breadcrumb","itemListElement":[{"@type":"ListItem","position":1,"name":"Home","item":"https:\/\/www.italyfamilyhotels.it\/fr"},{"@type":"ListItem","position":2,"name":"Destinations","item":"https:\/\/www.italyfamilyhotels.it\/fr\/destinations"},{"@type":"ListItem","position":3,"name":"Toscane","item":"https:\/\/www.italyfamilyhotels.it\/fr\/destinations\/toscane"},{"@type":"ListItem","position":4,"name":"Family Hotel \u00e0 Cecina"}]},{"@type":"WebSite","@id":"https:\/\/www.italyfamilyhotels.it\/#website","url":"https:\/\/www.italyfamilyhotels.it\/","name":"Italy Family Hotels","description":"","potentialAction":[{"@type":"SearchAction","target":{"@type":"EntryPoint","urlTemplate":"https:\/\/www.italyfamilyhotels.it\/?s={search_term_string}"},"query-input":{"@type":"PropertyValueSpecification","valueRequired":true,"valueName":"search_term_string"}}],"inLanguage":"fr-FR"}]}},"_links":{"self":[{"href":"https:\/\/www.italyfamilyhotels.it\/fr\/wp-json\/wp\/v2\/pages\/76681","targetHints":{"allow":["GET"]}}],"collection":[{"href":"https:\/\/www.italyfamilyhotels.it\/fr\/wp-json\/wp\/v2\/pages"}],"about":[{"href":"https:\/\/www.italyfamilyhotels.it\/fr\/wp-json\/wp\/v2\/types\/page"}],"author":[{"embeddable":true,"href":"https:\/\/www.italyfamilyhotels.it\/fr\/wp-json\/wp\/v2\/users\/167"}],"replies":[{"embeddable":true,"href":"https:\/\/www.italyfamilyhotels.it\/fr\/wp-json\/wp\/v2\/comments?post=76681"}],"version-history":[{"count":1,"href":"https:\/\/www.italyfamilyhotels.it\/fr\/wp-json\/wp\/v2\/pages\/76681\/revisions"}],"predecessor-version":[{"id":76682,"href":"https:\/\/www.italyfamilyhotels.it\/fr\/wp-json\/wp\/v2\/pages\/76681\/revisions\/76682"}],"up":[{"embeddable":true,"href":"https:\/\/www.italyfamilyhotels.it\/fr\/wp-json\/wp\/v2\/pages\/43581"}],"wp:attachment":[{"href":"https:\/\/www.italyfamilyhotels.it\/fr\/wp-json\/wp\/v2\/media?parent=76681"}],"curies":[{"name":"wp","href":"https:\/\/api.w.org\/{rel}","templated":true}]}}