{"id":76678,"date":"2026-04-01T15:41:06","date_gmt":"2026-04-01T13:41:06","guid":{"rendered":"https:\/\/www.italyfamilyhotels.it\/destinations\/venetie\/family-hotel-a-caorle"},"modified":"2026-04-01T15:41:09","modified_gmt":"2026-04-01T13:41:09","slug":"family-hotel-a-caorle","status":"publish","type":"page","link":"https:\/\/www.italyfamilyhotels.it\/fr\/destinations\/venetie\/family-hotel-a-caorle","title":{"rendered":"Family Hotel \u00e0 Caorle"},"content":{"rendered":"\n<p><b>Caorle<\/b>, c\u2019est la mer et du plaisir pour vos <b>vacances en famille<\/b>\u00a0! Ses plages, comme la plage de Levante et la plage de Ponente, sont parfaites pour les enfants gr\u00e2ce \u00e0 des <b>eaux peu profondes<\/b> et <b>calmes<\/b> et aux <b>aires de jeux<\/b> des stations baln\u00e9aires.<\/p>\n\n\n\n<p>Si le cyclisme est la passion de votre famille, <b>Caorle <\/b>offre un r\u00e9seau de <b>pistes cyclables adapt\u00e9es aux enfants<\/b> qui traversent des paysages pittoresques, comme celui qui m\u00e8ne \u00e0 la <b>Lagune de Caorle<\/b>, o\u00f9 il est possible d&#039;observer la faune locale et les cabanes de p\u00eacheurs traditionnelles.<\/p>\n\n\n\n<p>Pour une journ\u00e9e de divertissement, le <b>Parc aquatique Aquafollie<\/b> est une destination incontournable. Avec ses toboggans, ses piscines et ses espaces d\u00e9di\u00e9s aux enfants, il garantit des heures de divertissement pour toute la famille. La <b>vieille ville de Caorle<\/b>, en revanche, fascine les touristes de tous \u00e2ges avec ses <b>rues color\u00e9es<\/b> et son clocher cylindrique caract\u00e9ristique.<\/p>\n\n\n\n<p>Dans les<b> environs de Caorle<\/b> vous trouverez <b>Eraclea Mare<\/b>, connue pour sa luxuriante <b>for\u00eat de pins <\/b>et la splendide <b>Laguna del Mort<\/b>. Ce lieu enchanteur offre des <b>parcours nature<\/b> parfaits pour des <b>promenades en famille<\/b> et des moments de d\u00e9tente en pleine nature.<\/p>\n","protected":false},"excerpt":{"rendered":"<p>Caorle, c\u2019est la mer et du plaisir pour vos vacances en famille\u00a0! Ses plages, comme la plage de Levante et la plage de Ponente, sont parfaites pour les enfants gr\u00e2ce \u00e0 des eaux peu profondes et calmes et aux aires de jeux des stations baln\u00e9aires. Si le cyclisme est la passion de votre famille, Caorle &hellip;<\/p>\n","protected":false},"author":167,"featured_media":0,"parent":43585,"menu_order":0,"comment_status":"closed","ping_status":"closed","template":"page-templates\/scheda_localita.php","meta":{"_acf_changed":false,"inline_featured_image":false,"footnotes":""},"class_list":["post-76678","page","type-page","status-publish","hentry"],"acf":[],"yoast_head":"<!-- This site is optimized with the Yoast SEO plugin v27.1 - https:\/\/yoast.com\/product\/yoast-seo-wordpress\/ -->\n<title>H\u00f4tels pour familles \u00e0 Caorle : les meilleurs Family Hotels \u00e0 Caorle<\/title>\n<meta name=\"description\" content=\"Envie de vacances avec les enfants en V\u00e9n\u00e9tie\u00a0? Nous avons s\u00e9lectionn\u00e9 pour vous les meilleurs family hotels \u00e0 Caorle !\" \/>\n<meta name=\"robots\" content=\"index, follow, max-snippet:-1, max-image-preview:large, max-video-preview:-1\" \/>\n<link rel=\"canonical\" href=\"https:\/\/www.italyfamilyhotels.it\/fr\/destinations\/venetie\/family-hotel-a-caorle\" \/>\n<meta property=\"og:locale\" content=\"fr_FR\" \/>\n<meta property=\"og:type\" content=\"article\" \/>\n<meta property=\"og:title\" content=\"H\u00f4tels pour familles \u00e0 Caorle : les meilleurs Family Hotels \u00e0 Caorle\" \/>\n<meta property=\"og:description\" content=\"Envie de vacances avec les enfants en V\u00e9n\u00e9tie\u00a0? Nous avons s\u00e9lectionn\u00e9 pour vous les meilleurs family hotels \u00e0 Caorle !\" \/>\n<meta property=\"og:url\" content=\"https:\/\/www.italyfamilyhotels.it\/fr\/destinations\/venetie\/family-hotel-a-caorle\" \/>\n<meta property=\"og:site_name\" content=\"Italy Family Hotels\" \/>\n<meta property=\"article:publisher\" content=\"https:\/\/www.facebook.com\/ItalyFamilyHotels\/\" \/>\n<meta property=\"article:modified_time\" content=\"2026-04-01T13:41:09+00:00\" \/>\n<meta name=\"twitter:card\" content=\"summary_large_image\" \/>\n<meta name=\"twitter:label1\" content=\"Dur\u00e9e de lecture estim\u00e9e\" \/>\n\t<meta name=\"twitter:data1\" content=\"1 minute\" \/>\n<script type=\"application\/ld+json\" class=\"yoast-schema-graph\">{\"@context\":\"https:\/\/schema.org\",\"@graph\":[{\"@type\":\"WebPage\",\"@id\":\"https:\/\/www.italyfamilyhotels.it\/fr\/destinations\/venetie\/family-hotel-a-caorle\",\"url\":\"https:\/\/www.italyfamilyhotels.it\/fr\/destinations\/venetie\/family-hotel-a-caorle\",\"name\":\"H\u00f4tels pour familles \u00e0 Caorle : les meilleurs Family Hotels \u00e0 Caorle\",\"isPartOf\":{\"@id\":\"https:\/\/www.italyfamilyhotels.it\/#website\"},\"datePublished\":\"2026-04-01T13:41:06+00:00\",\"dateModified\":\"2026-04-01T13:41:09+00:00\",\"description\":\"Envie de vacances avec les enfants en V\u00e9n\u00e9tie\u00a0? Nous avons s\u00e9lectionn\u00e9 pour vous les meilleurs family hotels \u00e0 Caorle !\",\"breadcrumb\":{\"@id\":\"https:\/\/www.italyfamilyhotels.it\/fr\/destinations\/venetie\/family-hotel-a-caorle#breadcrumb\"},\"inLanguage\":\"fr-FR\",\"potentialAction\":[{\"@type\":\"ReadAction\",\"target\":[\"https:\/\/www.italyfamilyhotels.it\/fr\/destinations\/venetie\/family-hotel-a-caorle\"]}]},{\"@type\":\"BreadcrumbList\",\"@id\":\"https:\/\/www.italyfamilyhotels.it\/fr\/destinations\/venetie\/family-hotel-a-caorle#breadcrumb\",\"itemListElement\":[{\"@type\":\"ListItem\",\"position\":1,\"name\":\"Home\",\"item\":\"https:\/\/www.italyfamilyhotels.it\/fr\"},{\"@type\":\"ListItem\",\"position\":2,\"name\":\"Destinations\",\"item\":\"https:\/\/www.italyfamilyhotels.it\/fr\/destinations\"},{\"@type\":\"ListItem\",\"position\":3,\"name\":\"V\u00e9n\u00e9tie\",\"item\":\"https:\/\/www.italyfamilyhotels.it\/fr\/destinations\/venetie\"},{\"@type\":\"ListItem\",\"position\":4,\"name\":\"Family Hotel \u00e0 Caorle\"}]},{\"@type\":\"WebSite\",\"@id\":\"https:\/\/www.italyfamilyhotels.it\/#website\",\"url\":\"https:\/\/www.italyfamilyhotels.it\/\",\"name\":\"Italy Family Hotels\",\"description\":\"\",\"potentialAction\":[{\"@type\":\"SearchAction\",\"target\":{\"@type\":\"EntryPoint\",\"urlTemplate\":\"https:\/\/www.italyfamilyhotels.it\/?s={search_term_string}\"},\"query-input\":{\"@type\":\"PropertyValueSpecification\",\"valueRequired\":true,\"valueName\":\"search_term_string\"}}],\"inLanguage\":\"fr-FR\"}]}<\/script>\n<!-- \/ Yoast SEO plugin. -->","yoast_head_json":{"title":"H\u00f4tels pour familles \u00e0 Caorle : les meilleurs Family Hotels \u00e0 Caorle","description":"Envie de vacances avec les enfants en V\u00e9n\u00e9tie\u00a0? Nous avons s\u00e9lectionn\u00e9 pour vous les meilleurs family hotels \u00e0 Caorle !","robots":{"index":"index","follow":"follow","max-snippet":"max-snippet:-1","max-image-preview":"max-image-preview:large","max-video-preview":"max-video-preview:-1"},"canonical":"https:\/\/www.italyfamilyhotels.it\/fr\/destinations\/venetie\/family-hotel-a-caorle","og_locale":"fr_FR","og_type":"article","og_title":"H\u00f4tels pour familles \u00e0 Caorle : les meilleurs Family Hotels \u00e0 Caorle","og_description":"Envie de vacances avec les enfants en V\u00e9n\u00e9tie\u00a0? Nous avons s\u00e9lectionn\u00e9 pour vous les meilleurs family hotels \u00e0 Caorle !","og_url":"https:\/\/www.italyfamilyhotels.it\/fr\/destinations\/venetie\/family-hotel-a-caorle","og_site_name":"Italy Family Hotels","article_publisher":"https:\/\/www.facebook.com\/ItalyFamilyHotels\/","article_modified_time":"2026-04-01T13:41:09+00:00","twitter_card":"summary_large_image","twitter_misc":{"Dur\u00e9e de lecture estim\u00e9e":"1 minute"},"schema":{"@context":"https:\/\/schema.org","@graph":[{"@type":"WebPage","@id":"https:\/\/www.italyfamilyhotels.it\/fr\/destinations\/venetie\/family-hotel-a-caorle","url":"https:\/\/www.italyfamilyhotels.it\/fr\/destinations\/venetie\/family-hotel-a-caorle","name":"H\u00f4tels pour familles \u00e0 Caorle : les meilleurs Family Hotels \u00e0 Caorle","isPartOf":{"@id":"https:\/\/www.italyfamilyhotels.it\/#website"},"datePublished":"2026-04-01T13:41:06+00:00","dateModified":"2026-04-01T13:41:09+00:00","description":"Envie de vacances avec les enfants en V\u00e9n\u00e9tie\u00a0? Nous avons s\u00e9lectionn\u00e9 pour vous les meilleurs family hotels \u00e0 Caorle !","breadcrumb":{"@id":"https:\/\/www.italyfamilyhotels.it\/fr\/destinations\/venetie\/family-hotel-a-caorle#breadcrumb"},"inLanguage":"fr-FR","potentialAction":[{"@type":"ReadAction","target":["https:\/\/www.italyfamilyhotels.it\/fr\/destinations\/venetie\/family-hotel-a-caorle"]}]},{"@type":"BreadcrumbList","@id":"https:\/\/www.italyfamilyhotels.it\/fr\/destinations\/venetie\/family-hotel-a-caorle#breadcrumb","itemListElement":[{"@type":"ListItem","position":1,"name":"Home","item":"https:\/\/www.italyfamilyhotels.it\/fr"},{"@type":"ListItem","position":2,"name":"Destinations","item":"https:\/\/www.italyfamilyhotels.it\/fr\/destinations"},{"@type":"ListItem","position":3,"name":"V\u00e9n\u00e9tie","item":"https:\/\/www.italyfamilyhotels.it\/fr\/destinations\/venetie"},{"@type":"ListItem","position":4,"name":"Family Hotel \u00e0 Caorle"}]},{"@type":"WebSite","@id":"https:\/\/www.italyfamilyhotels.it\/#website","url":"https:\/\/www.italyfamilyhotels.it\/","name":"Italy Family Hotels","description":"","potentialAction":[{"@type":"SearchAction","target":{"@type":"EntryPoint","urlTemplate":"https:\/\/www.italyfamilyhotels.it\/?s={search_term_string}"},"query-input":{"@type":"PropertyValueSpecification","valueRequired":true,"valueName":"search_term_string"}}],"inLanguage":"fr-FR"}]}},"_links":{"self":[{"href":"https:\/\/www.italyfamilyhotels.it\/fr\/wp-json\/wp\/v2\/pages\/76678","targetHints":{"allow":["GET"]}}],"collection":[{"href":"https:\/\/www.italyfamilyhotels.it\/fr\/wp-json\/wp\/v2\/pages"}],"about":[{"href":"https:\/\/www.italyfamilyhotels.it\/fr\/wp-json\/wp\/v2\/types\/page"}],"author":[{"embeddable":true,"href":"https:\/\/www.italyfamilyhotels.it\/fr\/wp-json\/wp\/v2\/users\/167"}],"replies":[{"embeddable":true,"href":"https:\/\/www.italyfamilyhotels.it\/fr\/wp-json\/wp\/v2\/comments?post=76678"}],"version-history":[{"count":1,"href":"https:\/\/www.italyfamilyhotels.it\/fr\/wp-json\/wp\/v2\/pages\/76678\/revisions"}],"predecessor-version":[{"id":76679,"href":"https:\/\/www.italyfamilyhotels.it\/fr\/wp-json\/wp\/v2\/pages\/76678\/revisions\/76679"}],"up":[{"embeddable":true,"href":"https:\/\/www.italyfamilyhotels.it\/fr\/wp-json\/wp\/v2\/pages\/43585"}],"wp:attachment":[{"href":"https:\/\/www.italyfamilyhotels.it\/fr\/wp-json\/wp\/v2\/media?parent=76678"}],"curies":[{"name":"wp","href":"https:\/\/api.w.org\/{rel}","templated":true}]}}