{"id":74911,"date":"2026-02-18T13:25:54","date_gmt":"2026-02-18T12:25:54","guid":{"rendered":"https:\/\/www.italyfamilyhotels.it\/hotels\/cavallino-bianco-caorle-venezia"},"modified":"2026-04-01T15:39:12","modified_gmt":"2026-04-01T13:39:12","slug":"cavallino-bianco-caorle-venezia","status":"publish","type":"page","link":"https:\/\/www.italyfamilyhotels.it\/fr\/hotels\/cavallino-bianco-caorle-venezia","title":{"rendered":"Cavallino Bianco Caorle-Venise"},"content":{"rendered":"\n<p>Un ch\u00e2teau de conte de f\u00e9es sur la mer o\u00f9 chaque d\u00e9tail est luxe et \u00e9merveillement : nous accueillons votre famille \u00e0 <b>Cavallino Bianco Caorle &#8211; Venise<\/b>, o\u00f9 les <b>vacances avec des enfants<\/b> deviennent une exp\u00e9rience passionnante.<\/p>\n\n\n\n<p>L&#039;exclusive <b>formule Cavallino Bianco All-in<\/b>, les espaces con\u00e7us sur les <b>besoins r\u00e9els des familles<\/b> avec des <b>enfants et adolescents de 0 \u00e0 17 ans<\/b>, permettent de passer un s\u00e9jour intemporel, capable de laisser place au seul bonheur d&#039;\u00eatre ensemble.<\/p>\n\n\n\n<p>Le complexe h\u00f4telier permet un acc\u00e8s direct \u00e0 la <b>plage priv\u00e9e de 5 hectares<\/b>, o\u00f9 nous r\u00e9servons \u00e0 votre famille une <b>cabane<\/b>, l&#039;oasis priv\u00e9e \u00e9quip\u00e9e de <b>transats<\/b>, <b>fauteuils<\/b>, <b>mini-frigo <\/b>et <b>coffre-fort<\/b>. Un espace personnel et \u00e9l\u00e9gant, pour se d\u00e9tendre en toute intimit\u00e9 pendant que les enfants jouent dans un grand espace contr\u00f4l\u00e9 con\u00e7u sp\u00e9cialement pour eux.<\/p>\n\n\n\n<p>Chaque jour, vous pourrez acc\u00e9der \u00e0 l\u2019<b>espace bien-\u00eatre de plus de 4 000 m\u00b2 <\/b>\u00e9quip\u00e9 de <b>piscines int\u00e9rieures et ext\u00e9rieures<\/b> <b>chauff\u00e9es<\/b>, avec <b>jeux d&#039;eau<\/b> pour les enfants plus \u00e2g\u00e9s et une piscine avec <b>fond mou et eau peu profonde<\/b> d\u00e9di\u00e9e aux b\u00e9b\u00e9s. Pour le bien-\u00eatre du couple, au <b>Cavallino Bianco Caorle &#8211; Venise<\/b>, nous avons r\u00e9serv\u00e9 aux parents &#8211; exclusivement &#8211; le <b>Lea&#039;s Beauty &amp; Spa<\/b> avec saunas, massages, <b>toit-terrasse <\/b>avec <b>piscine \u00e0 d\u00e9bordement <\/b>vue sur la mer et <b>bar lounge<\/b>.<\/p>\n\n\n\n<p>Mais le v\u00e9ritable c\u0153ur de la f\u00eate est <b>Lino Land<\/b>, un <b>monde <\/b>enti\u00e8rement <b>d\u00e9di\u00e9 aux enfants et aux adolescents de 0 \u00e0 17 ans<\/b>, avec des espaces divis\u00e9s par groupes d&#039;\u00e2ge, des <b>\u00e9ducateurs <\/b>qualifi\u00e9s et un <b>programme <\/b>quotidien d&#039;activit\u00e9s cr\u00e9atives, r\u00e9cr\u00e9atives et sportives. Des plus jeunes aux adolescents, chaque groupe d&#039;\u00e2ge trouve des environnements organis\u00e9s et des propositions sur mesure\u00a0: Baby, Kids, Junior, Preteen, Teen.<\/p>\n\n\n\n<p>Au <b>Cavallino Bianco Caorle &#8211; Venise<\/b>, la magie op\u00e8re gr\u00e2ce aux \u00e9motions partag\u00e9es en famille, avec les \u00e9ducateurs et les autres enfants.<\/p>\n","protected":false},"excerpt":{"rendered":"<p>Un ch\u00e2teau de conte de f\u00e9es sur la mer o\u00f9 chaque d\u00e9tail est luxe et \u00e9merveillement : nous accueillons votre famille \u00e0 Cavallino Bianco Caorle &#8211; Venise, o\u00f9 les vacances avec des enfants deviennent une exp\u00e9rience passionnante. L&#039;exclusive formule Cavallino Bianco All-in, les espaces con\u00e7us sur les besoins r\u00e9els des familles avec des enfants et &hellip;<\/p>\n","protected":false},"author":1,"featured_media":0,"parent":29729,"menu_order":0,"comment_status":"closed","ping_status":"closed","template":"page-templates\/scheda_hotel.php","meta":{"_acf_changed":false,"inline_featured_image":false,"footnotes":""},"class_list":["post-74911","page","type-page","status-publish","hentry"],"acf":[],"yoast_head":"<!-- This site is optimized with the Yoast SEO plugin v27.1 - https:\/\/yoast.com\/product\/yoast-seo-wordpress\/ -->\n<title>Cavallino Bianco Caorle-Venise - Italy Family Hotels<\/title>\n<meta name=\"robots\" content=\"index, follow, max-snippet:-1, max-image-preview:large, max-video-preview:-1\" \/>\n<link rel=\"canonical\" href=\"https:\/\/www.italyfamilyhotels.it\/fr\/hotels\/cavallino-bianco-caorle-venezia\" \/>\n<meta property=\"og:locale\" content=\"fr_FR\" \/>\n<meta property=\"og:type\" content=\"article\" \/>\n<meta property=\"og:title\" content=\"Cavallino Bianco Caorle-Venise - Italy Family Hotels\" \/>\n<meta property=\"og:description\" content=\"Un ch\u00e2teau de conte de f\u00e9es sur la mer o\u00f9 chaque d\u00e9tail est luxe et \u00e9merveillement : nous accueillons votre famille \u00e0 Cavallino Bianco Caorle &#8211; Venise, o\u00f9 les vacances avec des enfants deviennent une exp\u00e9rience passionnante. L&#039;exclusive formule Cavallino Bianco All-in, les espaces con\u00e7us sur les besoins r\u00e9els des familles avec des enfants et &hellip;\" \/>\n<meta property=\"og:url\" content=\"https:\/\/www.italyfamilyhotels.it\/fr\/hotels\/cavallino-bianco-caorle-venezia\" \/>\n<meta property=\"og:site_name\" content=\"Italy Family Hotels\" \/>\n<meta property=\"article:publisher\" content=\"https:\/\/www.facebook.com\/ItalyFamilyHotels\/\" \/>\n<meta property=\"article:modified_time\" content=\"2026-04-01T13:39:12+00:00\" \/>\n<meta name=\"twitter:card\" content=\"summary_large_image\" \/>\n<meta name=\"twitter:label1\" content=\"Dur\u00e9e de lecture estim\u00e9e\" \/>\n\t<meta name=\"twitter:data1\" content=\"2 minutes\" \/>\n<script type=\"application\/ld+json\" class=\"yoast-schema-graph\">{\"@context\":\"https:\/\/schema.org\",\"@graph\":[{\"@type\":\"WebPage\",\"@id\":\"https:\/\/www.italyfamilyhotels.it\/fr\/hotels\/cavallino-bianco-caorle-venezia\",\"url\":\"https:\/\/www.italyfamilyhotels.it\/fr\/hotels\/cavallino-bianco-caorle-venezia\",\"name\":\"Cavallino Bianco Caorle-Venise - Italy Family Hotels\",\"isPartOf\":{\"@id\":\"https:\/\/www.italyfamilyhotels.it\/#website\"},\"datePublished\":\"2026-02-18T12:25:54+00:00\",\"dateModified\":\"2026-04-01T13:39:12+00:00\",\"breadcrumb\":{\"@id\":\"https:\/\/www.italyfamilyhotels.it\/fr\/hotels\/cavallino-bianco-caorle-venezia#breadcrumb\"},\"inLanguage\":\"fr-FR\",\"potentialAction\":[{\"@type\":\"ReadAction\",\"target\":[\"https:\/\/www.italyfamilyhotels.it\/fr\/hotels\/cavallino-bianco-caorle-venezia\"]}]},{\"@type\":\"BreadcrumbList\",\"@id\":\"https:\/\/www.italyfamilyhotels.it\/fr\/hotels\/cavallino-bianco-caorle-venezia#breadcrumb\",\"itemListElement\":[{\"@type\":\"ListItem\",\"position\":1,\"name\":\"Home\",\"item\":\"https:\/\/www.italyfamilyhotels.it\/fr\"},{\"@type\":\"ListItem\",\"position\":2,\"name\":\"Family Hotels\",\"item\":\"https:\/\/www.italyfamilyhotels.it\/fr\/hotels\"},{\"@type\":\"ListItem\",\"position\":3,\"name\":\"Cavallino Bianco Caorle-Venise\"}]},{\"@type\":\"WebSite\",\"@id\":\"https:\/\/www.italyfamilyhotels.it\/#website\",\"url\":\"https:\/\/www.italyfamilyhotels.it\/\",\"name\":\"Italy Family Hotels\",\"description\":\"\",\"potentialAction\":[{\"@type\":\"SearchAction\",\"target\":{\"@type\":\"EntryPoint\",\"urlTemplate\":\"https:\/\/www.italyfamilyhotels.it\/?s={search_term_string}\"},\"query-input\":{\"@type\":\"PropertyValueSpecification\",\"valueRequired\":true,\"valueName\":\"search_term_string\"}}],\"inLanguage\":\"fr-FR\"}]}<\/script>\n<!-- \/ Yoast SEO plugin. -->","yoast_head_json":{"title":"Cavallino Bianco Caorle-Venise - Italy Family Hotels","robots":{"index":"index","follow":"follow","max-snippet":"max-snippet:-1","max-image-preview":"max-image-preview:large","max-video-preview":"max-video-preview:-1"},"canonical":"https:\/\/www.italyfamilyhotels.it\/fr\/hotels\/cavallino-bianco-caorle-venezia","og_locale":"fr_FR","og_type":"article","og_title":"Cavallino Bianco Caorle-Venise - Italy Family Hotels","og_description":"Un ch\u00e2teau de conte de f\u00e9es sur la mer o\u00f9 chaque d\u00e9tail est luxe et \u00e9merveillement : nous accueillons votre famille \u00e0 Cavallino Bianco Caorle &#8211; Venise, o\u00f9 les vacances avec des enfants deviennent une exp\u00e9rience passionnante. L&#039;exclusive formule Cavallino Bianco All-in, les espaces con\u00e7us sur les besoins r\u00e9els des familles avec des enfants et &hellip;","og_url":"https:\/\/www.italyfamilyhotels.it\/fr\/hotels\/cavallino-bianco-caorle-venezia","og_site_name":"Italy Family Hotels","article_publisher":"https:\/\/www.facebook.com\/ItalyFamilyHotels\/","article_modified_time":"2026-04-01T13:39:12+00:00","twitter_card":"summary_large_image","twitter_misc":{"Dur\u00e9e de lecture estim\u00e9e":"2 minutes"},"schema":{"@context":"https:\/\/schema.org","@graph":[{"@type":"WebPage","@id":"https:\/\/www.italyfamilyhotels.it\/fr\/hotels\/cavallino-bianco-caorle-venezia","url":"https:\/\/www.italyfamilyhotels.it\/fr\/hotels\/cavallino-bianco-caorle-venezia","name":"Cavallino Bianco Caorle-Venise - Italy Family Hotels","isPartOf":{"@id":"https:\/\/www.italyfamilyhotels.it\/#website"},"datePublished":"2026-02-18T12:25:54+00:00","dateModified":"2026-04-01T13:39:12+00:00","breadcrumb":{"@id":"https:\/\/www.italyfamilyhotels.it\/fr\/hotels\/cavallino-bianco-caorle-venezia#breadcrumb"},"inLanguage":"fr-FR","potentialAction":[{"@type":"ReadAction","target":["https:\/\/www.italyfamilyhotels.it\/fr\/hotels\/cavallino-bianco-caorle-venezia"]}]},{"@type":"BreadcrumbList","@id":"https:\/\/www.italyfamilyhotels.it\/fr\/hotels\/cavallino-bianco-caorle-venezia#breadcrumb","itemListElement":[{"@type":"ListItem","position":1,"name":"Home","item":"https:\/\/www.italyfamilyhotels.it\/fr"},{"@type":"ListItem","position":2,"name":"Family Hotels","item":"https:\/\/www.italyfamilyhotels.it\/fr\/hotels"},{"@type":"ListItem","position":3,"name":"Cavallino Bianco Caorle-Venise"}]},{"@type":"WebSite","@id":"https:\/\/www.italyfamilyhotels.it\/#website","url":"https:\/\/www.italyfamilyhotels.it\/","name":"Italy Family Hotels","description":"","potentialAction":[{"@type":"SearchAction","target":{"@type":"EntryPoint","urlTemplate":"https:\/\/www.italyfamilyhotels.it\/?s={search_term_string}"},"query-input":{"@type":"PropertyValueSpecification","valueRequired":true,"valueName":"search_term_string"}}],"inLanguage":"fr-FR"}]}},"_links":{"self":[{"href":"https:\/\/www.italyfamilyhotels.it\/fr\/wp-json\/wp\/v2\/pages\/74911","targetHints":{"allow":["GET"]}}],"collection":[{"href":"https:\/\/www.italyfamilyhotels.it\/fr\/wp-json\/wp\/v2\/pages"}],"about":[{"href":"https:\/\/www.italyfamilyhotels.it\/fr\/wp-json\/wp\/v2\/types\/page"}],"author":[{"embeddable":true,"href":"https:\/\/www.italyfamilyhotels.it\/fr\/wp-json\/wp\/v2\/users\/1"}],"replies":[{"embeddable":true,"href":"https:\/\/www.italyfamilyhotels.it\/fr\/wp-json\/wp\/v2\/comments?post=74911"}],"version-history":[{"count":3,"href":"https:\/\/www.italyfamilyhotels.it\/fr\/wp-json\/wp\/v2\/pages\/74911\/revisions"}],"predecessor-version":[{"id":76645,"href":"https:\/\/www.italyfamilyhotels.it\/fr\/wp-json\/wp\/v2\/pages\/74911\/revisions\/76645"}],"up":[{"embeddable":true,"href":"https:\/\/www.italyfamilyhotels.it\/fr\/wp-json\/wp\/v2\/pages\/29729"}],"wp:attachment":[{"href":"https:\/\/www.italyfamilyhotels.it\/fr\/wp-json\/wp\/v2\/media?parent=74911"}],"curies":[{"name":"wp","href":"https:\/\/api.w.org\/{rel}","templated":true}]}}