{"id":74848,"date":"2026-02-17T10:52:54","date_gmt":"2026-02-17T09:52:54","guid":{"rendered":"https:\/\/www.italyfamilyhotels.it\/hotels\/cascina-il-faggio"},"modified":"2026-04-01T15:39:10","modified_gmt":"2026-04-01T13:39:10","slug":"cascina-il-faggio","status":"publish","type":"page","link":"https:\/\/www.italyfamilyhotels.it\/fr\/hotels\/cascina-il-faggio","title":{"rendered":"Cascina il Faggio"},"content":{"rendered":"\n<p><b>Cascina il Faggio<\/b> est la <b>maison de campagne<\/b> <b>pour familles<\/b> que nous avons cr\u00e9\u00e9 \u00e0 <b>Valdilana<\/b>, au <b>c\u0153ur de l&#039;Oasi Zegna<\/b>, dans une position vallonn\u00e9e avec <b>vue panoramique<\/b> sur la nature pi\u00e9montaise. La structure ne contient que <b>10 chambres <\/b>et est le fruit d&#039;une entreprise agricole active qui repr\u00e9sente encore aujourd&#039;hui son \u00e2me la plus authentique. Ici, la <b>nature<\/b> <b>est une amie de confiance <\/b>qui accompagne vos enfants \u00e0 chaque instant de la journ\u00e9e !<\/p>\n\n\n\n<p>Les <b>enfants <\/b>pourront participer \u00e0 des <b>activit\u00e9s li\u00e9es \u00e0 la culture<\/b>, visiter les <b>serres<\/b>, observer les cycles saisonniers et participer \u00e0 des <b>laboratoires <\/b>cr\u00e9atifs inspir\u00e9s de la <b>vie agricole<\/b>. Nous organisons ces moments principalement dans l\u2019<b>apr\u00e8s-midi<\/b>,<b> 6 jours par semaine<\/b>, pour donner \u00e0 votre famille le temps n\u00e9cessaire pour partager des promenades, des explorations et des moments de d\u00e9tente. La <b>piscine ext\u00e9rieure chauff\u00e9e<\/b> avec <b>jacuzzi<\/b> est effectivement tr\u00e8s appr\u00e9ci\u00e9e. Elle offre une <b>vue magnifique<\/b> sur la vall\u00e9e, et est munie de <b>transats<\/b>, de <b>parasols <\/b>et de zones d&#039;ombre.<\/p>\n\n\n\n<p>Cascina il Faggio est un environnement parfait pour des <b>vacances dans le Pi\u00e9mont avec des enfants de tous \u00e2ges<\/b>. Les espaces sont rassurants et bien organis\u00e9s. Le <b>jardin <\/b>est grand mais non dispersif, la piscine est facilement contr\u00f4lable et les <b>aires de jeux int\u00e9rieures<\/b> et ext\u00e9rieures ne pr\u00e9sentent pas de dangers.<\/p>\n\n\n\n<p>Pour les parents, nous disposons d\u2019un <b>spa intime et accueillant<\/b>, \u00e9galement disponible de fa\u00e7on privative sur r\u00e9servation\u00a0: <b>bassin int\u00e9rieur<\/b> \u00e0 32\u00a0\u00b0C &#8211; avec jacuzzi et cascade cervicale &#8211; <b>sauna<\/b>, <b>bain turc<\/b>, <b>salle de sel<\/b> et <b>tepidarium <\/b>au parfum de lavande. Vous pourrez ainsi vous m\u00e9nager des moments de calme pendant que les enfants participent \u00e0 des activit\u00e9s ou s&#039;amusent en plein air.<\/p>\n\n\n\n<p>S\u00e9journer \u00e0 Cascina il Faggio, c&#039;est alterner exp\u00e9riences \u00e0 la ferme, moments en famille et petites explorations des environs sur les <b>sentiers de l&#039;Oasi Zegna<\/b>, ou en passant une journ\u00e9e au <b>Parco Avventura Veglio<\/b> ou \u00e0 <b>Bosco Avventura<\/b>. En r\u00e9sum\u00e9, des vacances qui allient nature, simplicit\u00e9 et moments partag\u00e9s, avec la tranquillit\u00e9 d&#039;esprit de toujours se sentir au bon endroit avec sa famille !<\/p>\n","protected":false},"excerpt":{"rendered":"<p>Cascina il Faggio est la maison de campagne pour familles que nous avons cr\u00e9\u00e9 \u00e0 Valdilana, au c\u0153ur de l&#039;Oasi Zegna, dans une position vallonn\u00e9e avec vue panoramique sur la nature pi\u00e9montaise. La structure ne contient que 10 chambres et est le fruit d&#039;une entreprise agricole active qui repr\u00e9sente encore aujourd&#039;hui son \u00e2me la plus &hellip;<\/p>\n","protected":false},"author":1,"featured_media":0,"parent":29729,"menu_order":0,"comment_status":"closed","ping_status":"closed","template":"page-templates\/scheda_hotel.php","meta":{"_acf_changed":false,"inline_featured_image":false,"footnotes":""},"class_list":["post-74848","page","type-page","status-publish","hentry"],"acf":[],"yoast_head":"<!-- This site is optimized with the Yoast SEO plugin v27.1 - https:\/\/yoast.com\/product\/yoast-seo-wordpress\/ -->\n<title>Cascina il Faggio - Italy Family Hotels<\/title>\n<meta name=\"robots\" content=\"index, follow, max-snippet:-1, max-image-preview:large, max-video-preview:-1\" \/>\n<link rel=\"canonical\" href=\"https:\/\/www.italyfamilyhotels.it\/fr\/hotels\/cascina-il-faggio\" \/>\n<meta property=\"og:locale\" content=\"fr_FR\" \/>\n<meta property=\"og:type\" content=\"article\" \/>\n<meta property=\"og:title\" content=\"Cascina il Faggio - Italy Family Hotels\" \/>\n<meta property=\"og:description\" content=\"Cascina il Faggio est la maison de campagne pour familles que nous avons cr\u00e9\u00e9 \u00e0 Valdilana, au c\u0153ur de l&#039;Oasi Zegna, dans une position vallonn\u00e9e avec vue panoramique sur la nature pi\u00e9montaise. La structure ne contient que 10 chambres et est le fruit d&#039;une entreprise agricole active qui repr\u00e9sente encore aujourd&#039;hui son \u00e2me la plus &hellip;\" \/>\n<meta property=\"og:url\" content=\"https:\/\/www.italyfamilyhotels.it\/fr\/hotels\/cascina-il-faggio\" \/>\n<meta property=\"og:site_name\" content=\"Italy Family Hotels\" \/>\n<meta property=\"article:publisher\" content=\"https:\/\/www.facebook.com\/ItalyFamilyHotels\/\" \/>\n<meta property=\"article:modified_time\" content=\"2026-04-01T13:39:10+00:00\" \/>\n<meta name=\"twitter:card\" content=\"summary_large_image\" \/>\n<meta name=\"twitter:label1\" content=\"Dur\u00e9e de lecture estim\u00e9e\" \/>\n\t<meta name=\"twitter:data1\" content=\"2 minutes\" \/>\n<script type=\"application\/ld+json\" class=\"yoast-schema-graph\">{\"@context\":\"https:\/\/schema.org\",\"@graph\":[{\"@type\":\"WebPage\",\"@id\":\"https:\/\/www.italyfamilyhotels.it\/fr\/hotels\/cascina-il-faggio\",\"url\":\"https:\/\/www.italyfamilyhotels.it\/fr\/hotels\/cascina-il-faggio\",\"name\":\"Cascina il Faggio - Italy Family Hotels\",\"isPartOf\":{\"@id\":\"https:\/\/www.italyfamilyhotels.it\/#website\"},\"datePublished\":\"2026-02-17T09:52:54+00:00\",\"dateModified\":\"2026-04-01T13:39:10+00:00\",\"breadcrumb\":{\"@id\":\"https:\/\/www.italyfamilyhotels.it\/fr\/hotels\/cascina-il-faggio#breadcrumb\"},\"inLanguage\":\"fr-FR\",\"potentialAction\":[{\"@type\":\"ReadAction\",\"target\":[\"https:\/\/www.italyfamilyhotels.it\/fr\/hotels\/cascina-il-faggio\"]}]},{\"@type\":\"BreadcrumbList\",\"@id\":\"https:\/\/www.italyfamilyhotels.it\/fr\/hotels\/cascina-il-faggio#breadcrumb\",\"itemListElement\":[{\"@type\":\"ListItem\",\"position\":1,\"name\":\"Home\",\"item\":\"https:\/\/www.italyfamilyhotels.it\/fr\"},{\"@type\":\"ListItem\",\"position\":2,\"name\":\"Family Hotels\",\"item\":\"https:\/\/www.italyfamilyhotels.it\/fr\/hotels\"},{\"@type\":\"ListItem\",\"position\":3,\"name\":\"Cascina il Faggio\"}]},{\"@type\":\"WebSite\",\"@id\":\"https:\/\/www.italyfamilyhotels.it\/#website\",\"url\":\"https:\/\/www.italyfamilyhotels.it\/\",\"name\":\"Italy Family Hotels\",\"description\":\"\",\"potentialAction\":[{\"@type\":\"SearchAction\",\"target\":{\"@type\":\"EntryPoint\",\"urlTemplate\":\"https:\/\/www.italyfamilyhotels.it\/?s={search_term_string}\"},\"query-input\":{\"@type\":\"PropertyValueSpecification\",\"valueRequired\":true,\"valueName\":\"search_term_string\"}}],\"inLanguage\":\"fr-FR\"}]}<\/script>\n<!-- \/ Yoast SEO plugin. -->","yoast_head_json":{"title":"Cascina il Faggio - Italy Family Hotels","robots":{"index":"index","follow":"follow","max-snippet":"max-snippet:-1","max-image-preview":"max-image-preview:large","max-video-preview":"max-video-preview:-1"},"canonical":"https:\/\/www.italyfamilyhotels.it\/fr\/hotels\/cascina-il-faggio","og_locale":"fr_FR","og_type":"article","og_title":"Cascina il Faggio - Italy Family Hotels","og_description":"Cascina il Faggio est la maison de campagne pour familles que nous avons cr\u00e9\u00e9 \u00e0 Valdilana, au c\u0153ur de l&#039;Oasi Zegna, dans une position vallonn\u00e9e avec vue panoramique sur la nature pi\u00e9montaise. La structure ne contient que 10 chambres et est le fruit d&#039;une entreprise agricole active qui repr\u00e9sente encore aujourd&#039;hui son \u00e2me la plus &hellip;","og_url":"https:\/\/www.italyfamilyhotels.it\/fr\/hotels\/cascina-il-faggio","og_site_name":"Italy Family Hotels","article_publisher":"https:\/\/www.facebook.com\/ItalyFamilyHotels\/","article_modified_time":"2026-04-01T13:39:10+00:00","twitter_card":"summary_large_image","twitter_misc":{"Dur\u00e9e de lecture estim\u00e9e":"2 minutes"},"schema":{"@context":"https:\/\/schema.org","@graph":[{"@type":"WebPage","@id":"https:\/\/www.italyfamilyhotels.it\/fr\/hotels\/cascina-il-faggio","url":"https:\/\/www.italyfamilyhotels.it\/fr\/hotels\/cascina-il-faggio","name":"Cascina il Faggio - Italy Family Hotels","isPartOf":{"@id":"https:\/\/www.italyfamilyhotels.it\/#website"},"datePublished":"2026-02-17T09:52:54+00:00","dateModified":"2026-04-01T13:39:10+00:00","breadcrumb":{"@id":"https:\/\/www.italyfamilyhotels.it\/fr\/hotels\/cascina-il-faggio#breadcrumb"},"inLanguage":"fr-FR","potentialAction":[{"@type":"ReadAction","target":["https:\/\/www.italyfamilyhotels.it\/fr\/hotels\/cascina-il-faggio"]}]},{"@type":"BreadcrumbList","@id":"https:\/\/www.italyfamilyhotels.it\/fr\/hotels\/cascina-il-faggio#breadcrumb","itemListElement":[{"@type":"ListItem","position":1,"name":"Home","item":"https:\/\/www.italyfamilyhotels.it\/fr"},{"@type":"ListItem","position":2,"name":"Family Hotels","item":"https:\/\/www.italyfamilyhotels.it\/fr\/hotels"},{"@type":"ListItem","position":3,"name":"Cascina il Faggio"}]},{"@type":"WebSite","@id":"https:\/\/www.italyfamilyhotels.it\/#website","url":"https:\/\/www.italyfamilyhotels.it\/","name":"Italy Family Hotels","description":"","potentialAction":[{"@type":"SearchAction","target":{"@type":"EntryPoint","urlTemplate":"https:\/\/www.italyfamilyhotels.it\/?s={search_term_string}"},"query-input":{"@type":"PropertyValueSpecification","valueRequired":true,"valueName":"search_term_string"}}],"inLanguage":"fr-FR"}]}},"_links":{"self":[{"href":"https:\/\/www.italyfamilyhotels.it\/fr\/wp-json\/wp\/v2\/pages\/74848","targetHints":{"allow":["GET"]}}],"collection":[{"href":"https:\/\/www.italyfamilyhotels.it\/fr\/wp-json\/wp\/v2\/pages"}],"about":[{"href":"https:\/\/www.italyfamilyhotels.it\/fr\/wp-json\/wp\/v2\/types\/page"}],"author":[{"embeddable":true,"href":"https:\/\/www.italyfamilyhotels.it\/fr\/wp-json\/wp\/v2\/users\/1"}],"replies":[{"embeddable":true,"href":"https:\/\/www.italyfamilyhotels.it\/fr\/wp-json\/wp\/v2\/comments?post=74848"}],"version-history":[{"count":2,"href":"https:\/\/www.italyfamilyhotels.it\/fr\/wp-json\/wp\/v2\/pages\/74848\/revisions"}],"predecessor-version":[{"id":76643,"href":"https:\/\/www.italyfamilyhotels.it\/fr\/wp-json\/wp\/v2\/pages\/74848\/revisions\/76643"}],"up":[{"embeddable":true,"href":"https:\/\/www.italyfamilyhotels.it\/fr\/wp-json\/wp\/v2\/pages\/29729"}],"wp:attachment":[{"href":"https:\/\/www.italyfamilyhotels.it\/fr\/wp-json\/wp\/v2\/media?parent=74848"}],"curies":[{"name":"wp","href":"https:\/\/api.w.org\/{rel}","templated":true}]}}