{"id":74376,"date":"2026-02-04T12:44:29","date_gmt":"2026-02-04T11:44:29","guid":{"rendered":"https:\/\/www.italyfamilyhotels.it\/hotels\/color-dolmen-family-village"},"modified":"2026-04-01T15:39:08","modified_gmt":"2026-04-01T13:39:08","slug":"color-dolmen-family-village","status":"publish","type":"page","link":"https:\/\/www.italyfamilyhotels.it\/fr\/hotels\/color-dolmen-family-village","title":{"rendered":"Color Dolmen Family Village"},"content":{"rendered":"\n<p>\u00c0 <b>Minervino de Lecce<\/b>, dans le Salento, le <b>Color Dolmen Family Village<\/b> est un v\u00e9ritable <b>village familial<\/b> qui unit le c\u0153ur de la Romagne et l&#039;\u00e2me du Salento ! Ici la <b>formule vacances est 100% All Inclusive<\/b> et comprend la <b>Color Food Immersion<\/b>, avec \u00e9galement un coin restauration, le Food Corner, et un chariot de glaces, l\u2019<b>ap\u00e9ritif <\/b>avant le d\u00e9jeuner et le d\u00eener, des <b>boissons gratuites<\/b> de 10\u00a0h\u00a000 \u00e0 24\u00a0h\u00a000, <b>l&#039;heure du cocktail<\/b> de 20\u00a0h \u00e0 minuit. Mais pas seulement. Encore une fois, le super <b>divertissement Color<\/b> 7\u00a0jours\/7, le service <b>plage <\/b>sur notre plage partenaire, la <b>balade en bateau<\/b> hebdomadaire&#8230; et tous les services du village !<\/p>\n\n\n\n<p>Le c\u0153ur du Color Dolmen Family Village est la <b>zone piscine<\/b> avec <b>solarium <\/b>\u00e9quip\u00e9, la piscine principale et l\u2019<b>Aquasplash<\/b> avec ses jeux d&#039;eau, ses jets, ses toboggans et une zone d&#039;eau peu profonde, id\u00e9al \u00e9galement pour les jeunes enfants. Nos espaces sont fantastiques, tous con\u00e7us pour s&#039;amuser en toute s\u00e9curit\u00e9. Les aires de jeux Color constituent l&#039;un des points forts : zone avec <b>jeux gonflables<\/b>, piste pour <b>voitures \u00e9lectriques<\/b>, grande <b>salle de jeux int\u00e9rieure<\/b>.<\/p>\n\n\n\n<p>L&#039;\u00e9quipe d\u2019<b>animation <\/b>organise des activit\u00e9s <b>7 jours par semaine<\/b>, <b>du matin au soir<\/b>, avec le l\u00e9gendaire <b>divertissement Color<\/b> divis\u00e9 par groupes d&#039;\u00e2ge\u00a0: <b>Baby Cocoland avec des jeux sensoriels<\/b> pour les tr\u00e8s jeunes enfants de 0 \u00e0 4 ans, <b>Mini Cocoland<\/b> pour les filles et les gar\u00e7ons de 4 \u00e0 10 ans, <b>Junior Cocoland<\/b> de 11 \u00e0 14 ans, et enfin le <b>Teen Club<\/b> destin\u00e9 aux adolescents. Le divertissement est \u00e9galement disponible pour les amateurs de vacances sportives gr\u00e2ce \u00e0 la pr\u00e9sence de nombreux terrains\u00a0de jeux et notamment <b>padel<\/b>, <b>tennis <\/b>sur gazon, <b>mini-basket<\/b>, <b>beach-volley<\/b>, <b>p\u00e9tanque<\/b>, <b>football \u00e0 cinq <\/b>et zone de <b>tir \u00e0 l&#039;arc<\/b>. Id\u00e9al pour un d\u00e9fi familial amusant ou une escapade de vacances r\u00e9ussie avec de nouveaux amis !<\/p>\n\n\n\n<p>Au Color Dolment Family Village, les <b>enfants (2 maximum) et adolescents jusqu&#039;\u00e0 18 ans<\/b> qui dorment dans la chambre de leurs parents ne <b>payent pas<\/b>\u00a0!<\/p>\n","protected":false},"excerpt":{"rendered":"<p>\u00c0 Minervino de Lecce, dans le Salento, le Color Dolmen Family Village est un v\u00e9ritable village familial qui unit le c\u0153ur de la Romagne et l&#039;\u00e2me du Salento ! Ici la formule vacances est 100% All Inclusive et comprend la Color Food Immersion, avec \u00e9galement un coin restauration, le Food Corner, et un chariot de &hellip;<\/p>\n","protected":false},"author":1,"featured_media":0,"parent":29729,"menu_order":0,"comment_status":"closed","ping_status":"closed","template":"page-templates\/scheda_hotel.php","meta":{"_acf_changed":false,"inline_featured_image":false,"footnotes":""},"class_list":["post-74376","page","type-page","status-publish","hentry"],"acf":[],"yoast_head":"<!-- This site is optimized with the Yoast SEO plugin v27.1 - https:\/\/yoast.com\/product\/yoast-seo-wordpress\/ -->\n<title>Color Dolmen Family Village - Italy Family Hotels<\/title>\n<meta name=\"robots\" content=\"index, follow, max-snippet:-1, max-image-preview:large, max-video-preview:-1\" \/>\n<link rel=\"canonical\" href=\"https:\/\/www.italyfamilyhotels.it\/fr\/hotels\/color-dolmen-family-village\" \/>\n<meta property=\"og:locale\" content=\"fr_FR\" \/>\n<meta property=\"og:type\" content=\"article\" \/>\n<meta property=\"og:title\" content=\"Color Dolmen Family Village - Italy Family Hotels\" \/>\n<meta property=\"og:description\" content=\"\u00c0 Minervino de Lecce, dans le Salento, le Color Dolmen Family Village est un v\u00e9ritable village familial qui unit le c\u0153ur de la Romagne et l&#039;\u00e2me du Salento ! Ici la formule vacances est 100% All Inclusive et comprend la Color Food Immersion, avec \u00e9galement un coin restauration, le Food Corner, et un chariot de &hellip;\" \/>\n<meta property=\"og:url\" content=\"https:\/\/www.italyfamilyhotels.it\/fr\/hotels\/color-dolmen-family-village\" \/>\n<meta property=\"og:site_name\" content=\"Italy Family Hotels\" \/>\n<meta property=\"article:publisher\" content=\"https:\/\/www.facebook.com\/ItalyFamilyHotels\/\" \/>\n<meta property=\"article:modified_time\" content=\"2026-04-01T13:39:08+00:00\" \/>\n<meta name=\"twitter:card\" content=\"summary_large_image\" \/>\n<meta name=\"twitter:label1\" content=\"Dur\u00e9e de lecture estim\u00e9e\" \/>\n\t<meta name=\"twitter:data1\" content=\"2 minutes\" \/>\n<script type=\"application\/ld+json\" class=\"yoast-schema-graph\">{\"@context\":\"https:\/\/schema.org\",\"@graph\":[{\"@type\":\"WebPage\",\"@id\":\"https:\/\/www.italyfamilyhotels.it\/fr\/hotels\/color-dolmen-family-village\",\"url\":\"https:\/\/www.italyfamilyhotels.it\/fr\/hotels\/color-dolmen-family-village\",\"name\":\"Color Dolmen Family Village - Italy Family Hotels\",\"isPartOf\":{\"@id\":\"https:\/\/www.italyfamilyhotels.it\/#website\"},\"datePublished\":\"2026-02-04T11:44:29+00:00\",\"dateModified\":\"2026-04-01T13:39:08+00:00\",\"breadcrumb\":{\"@id\":\"https:\/\/www.italyfamilyhotels.it\/fr\/hotels\/color-dolmen-family-village#breadcrumb\"},\"inLanguage\":\"fr-FR\",\"potentialAction\":[{\"@type\":\"ReadAction\",\"target\":[\"https:\/\/www.italyfamilyhotels.it\/fr\/hotels\/color-dolmen-family-village\"]}]},{\"@type\":\"BreadcrumbList\",\"@id\":\"https:\/\/www.italyfamilyhotels.it\/fr\/hotels\/color-dolmen-family-village#breadcrumb\",\"itemListElement\":[{\"@type\":\"ListItem\",\"position\":1,\"name\":\"Home\",\"item\":\"https:\/\/www.italyfamilyhotels.it\/fr\"},{\"@type\":\"ListItem\",\"position\":2,\"name\":\"Family Hotels\",\"item\":\"https:\/\/www.italyfamilyhotels.it\/fr\/hotels\"},{\"@type\":\"ListItem\",\"position\":3,\"name\":\"Color Dolmen Family Village\"}]},{\"@type\":\"WebSite\",\"@id\":\"https:\/\/www.italyfamilyhotels.it\/#website\",\"url\":\"https:\/\/www.italyfamilyhotels.it\/\",\"name\":\"Italy Family Hotels\",\"description\":\"\",\"potentialAction\":[{\"@type\":\"SearchAction\",\"target\":{\"@type\":\"EntryPoint\",\"urlTemplate\":\"https:\/\/www.italyfamilyhotels.it\/?s={search_term_string}\"},\"query-input\":{\"@type\":\"PropertyValueSpecification\",\"valueRequired\":true,\"valueName\":\"search_term_string\"}}],\"inLanguage\":\"fr-FR\"}]}<\/script>\n<!-- \/ Yoast SEO plugin. -->","yoast_head_json":{"title":"Color Dolmen Family Village - Italy Family Hotels","robots":{"index":"index","follow":"follow","max-snippet":"max-snippet:-1","max-image-preview":"max-image-preview:large","max-video-preview":"max-video-preview:-1"},"canonical":"https:\/\/www.italyfamilyhotels.it\/fr\/hotels\/color-dolmen-family-village","og_locale":"fr_FR","og_type":"article","og_title":"Color Dolmen Family Village - Italy Family Hotels","og_description":"\u00c0 Minervino de Lecce, dans le Salento, le Color Dolmen Family Village est un v\u00e9ritable village familial qui unit le c\u0153ur de la Romagne et l&#039;\u00e2me du Salento ! Ici la formule vacances est 100% All Inclusive et comprend la Color Food Immersion, avec \u00e9galement un coin restauration, le Food Corner, et un chariot de &hellip;","og_url":"https:\/\/www.italyfamilyhotels.it\/fr\/hotels\/color-dolmen-family-village","og_site_name":"Italy Family Hotels","article_publisher":"https:\/\/www.facebook.com\/ItalyFamilyHotels\/","article_modified_time":"2026-04-01T13:39:08+00:00","twitter_card":"summary_large_image","twitter_misc":{"Dur\u00e9e de lecture estim\u00e9e":"2 minutes"},"schema":{"@context":"https:\/\/schema.org","@graph":[{"@type":"WebPage","@id":"https:\/\/www.italyfamilyhotels.it\/fr\/hotels\/color-dolmen-family-village","url":"https:\/\/www.italyfamilyhotels.it\/fr\/hotels\/color-dolmen-family-village","name":"Color Dolmen Family Village - Italy Family Hotels","isPartOf":{"@id":"https:\/\/www.italyfamilyhotels.it\/#website"},"datePublished":"2026-02-04T11:44:29+00:00","dateModified":"2026-04-01T13:39:08+00:00","breadcrumb":{"@id":"https:\/\/www.italyfamilyhotels.it\/fr\/hotels\/color-dolmen-family-village#breadcrumb"},"inLanguage":"fr-FR","potentialAction":[{"@type":"ReadAction","target":["https:\/\/www.italyfamilyhotels.it\/fr\/hotels\/color-dolmen-family-village"]}]},{"@type":"BreadcrumbList","@id":"https:\/\/www.italyfamilyhotels.it\/fr\/hotels\/color-dolmen-family-village#breadcrumb","itemListElement":[{"@type":"ListItem","position":1,"name":"Home","item":"https:\/\/www.italyfamilyhotels.it\/fr"},{"@type":"ListItem","position":2,"name":"Family Hotels","item":"https:\/\/www.italyfamilyhotels.it\/fr\/hotels"},{"@type":"ListItem","position":3,"name":"Color Dolmen Family Village"}]},{"@type":"WebSite","@id":"https:\/\/www.italyfamilyhotels.it\/#website","url":"https:\/\/www.italyfamilyhotels.it\/","name":"Italy Family Hotels","description":"","potentialAction":[{"@type":"SearchAction","target":{"@type":"EntryPoint","urlTemplate":"https:\/\/www.italyfamilyhotels.it\/?s={search_term_string}"},"query-input":{"@type":"PropertyValueSpecification","valueRequired":true,"valueName":"search_term_string"}}],"inLanguage":"fr-FR"}]}},"_links":{"self":[{"href":"https:\/\/www.italyfamilyhotels.it\/fr\/wp-json\/wp\/v2\/pages\/74376","targetHints":{"allow":["GET"]}}],"collection":[{"href":"https:\/\/www.italyfamilyhotels.it\/fr\/wp-json\/wp\/v2\/pages"}],"about":[{"href":"https:\/\/www.italyfamilyhotels.it\/fr\/wp-json\/wp\/v2\/types\/page"}],"author":[{"embeddable":true,"href":"https:\/\/www.italyfamilyhotels.it\/fr\/wp-json\/wp\/v2\/users\/1"}],"replies":[{"embeddable":true,"href":"https:\/\/www.italyfamilyhotels.it\/fr\/wp-json\/wp\/v2\/comments?post=74376"}],"version-history":[{"count":2,"href":"https:\/\/www.italyfamilyhotels.it\/fr\/wp-json\/wp\/v2\/pages\/74376\/revisions"}],"predecessor-version":[{"id":76642,"href":"https:\/\/www.italyfamilyhotels.it\/fr\/wp-json\/wp\/v2\/pages\/74376\/revisions\/76642"}],"up":[{"embeddable":true,"href":"https:\/\/www.italyfamilyhotels.it\/fr\/wp-json\/wp\/v2\/pages\/29729"}],"wp:attachment":[{"href":"https:\/\/www.italyfamilyhotels.it\/fr\/wp-json\/wp\/v2\/media?parent=74376"}],"curies":[{"name":"wp","href":"https:\/\/api.w.org\/{rel}","templated":true}]}}