{"id":73707,"date":"2026-01-13T12:55:50","date_gmt":"2026-01-13T11:55:50","guid":{"rendered":"https:\/\/www.italyfamilyhotels.it\/hotels\/la-buca-del-gatto-family-village"},"modified":"2026-04-01T15:39:06","modified_gmt":"2026-04-01T13:39:06","slug":"la-buca-del-gatto-family-village","status":"publish","type":"page","link":"https:\/\/www.italyfamilyhotels.it\/fr\/hotels\/la-buca-del-gatto-family-village","title":{"rendered":"La Buca del Gatto Family Village"},"content":{"rendered":"\n<p>\u00c0 <b>La Buca del Gatto Family Village<\/b>, nous accueillons les familles qui souhaitent vivre une exp\u00e9rience de <b>vacances \u00e0 la mer en Toscane<\/b>, avec services d\u00e9di\u00e9s, divertissements, sports&#8230; et des moments privil\u00e9gi\u00e9s \u00e0 partager ! Notre village familial, entour\u00e9 par la for\u00eat de pins de <b>Cecina<\/b> sur la <b>Costa degli Etruschi<\/b>, est caract\u00e9ris\u00e9e par des <b>environnements s\u00fbrs<\/b> avec de <b>grands espaces ext\u00e9rieurs<\/b> toujours <b>contr\u00f4l\u00e9s<\/b>.<\/p>\n\n\n\n<p>La<b> mer est toute proche <\/b>et vous pouvez y acc\u00e9der facilement \u00e0 pied avec vos enfants. Vous pouvez ainsi d\u00e9cider chaque de profiter de la <b>plage <\/b>(le <b>service est inclus<\/b>\u00a0!) ou des <b>3 piscines de l&#039;h\u00f4tel<\/b>, dont l&#039;une est couverte.<\/p>\n\n\n\n<p>Dans notre <b>village familial<\/b>, les jours passent dans la joie et la bonne humeur, mais toujours avec un juste \u00e9quilibre entre d\u00e9tente et tranquillit\u00e9. L&#039;<b>animations sur la plage et \u00e0 l&#039;h\u00f4tel<\/b> implique les enfants avec des propositions con\u00e7ues pour diff\u00e9rents groupes d&#039;\u00e2ge. Ainsi les <b>parents<\/b> auront l&#039;opportunit\u00e9 de <b>se d\u00e9tendre<\/b>, de se r\u00e9g\u00e9n\u00e9rer avec un <b>parcours Kneipp <\/b>immerg\u00e9 dans la verdure, de s\u2019adonner aux balades \u00e0 v\u00e9lo et aux <b>activit\u00e9s sportives<\/b>, en tirant parti des <b>terrains de football \u00e0 cinq<\/b>, des <b>cours de tennis<\/b>, des terrains de <b>football<\/b> en cage, <b>volley-ball<\/b>, <b>basket-ball<\/b>, <b>pickleball <\/b>ou encore <b>minigolf<\/b>,<b> <\/b>mis \u00e0 disposition des clients.<\/p>\n\n\n\n<p>L&#039;un des endroits pr\u00e9f\u00e9r\u00e9s des enfants est le <b>Gatto Park<\/b> &#8211; une oasis de verdure, de joie et de cr\u00e9ativit\u00e9 &#8211; \u00e9quip\u00e9e de jeux, de tables et d&#039;espaces ombrag\u00e9s, o\u00f9 <b>rencontrer<\/b>, <b>jouer <\/b>ensemble, participer \u00e0 des <b>laboratoires<\/b>, toujours sous l&#039;\u0153il vigilant de notre <b>\u00e9quipe d&#039;animateurs<\/b>.<\/p>\n\n\n\n<p>Si vous voyagez avec vos amis \u00e0 quatre pattes, <b>La Buca del Gatto est le Family Village<\/b> id\u00e9al car les <b>animaux de compagnie sont toujours les bienvenus<\/b>. Nous sommes \u00e9galement un <b>village \u00e9cologique<\/b> en raison de notre engagement constant envers la <b>durabilit\u00e9 environnementale<\/b>, dans le but de pr\u00e9server la nature et d\u2019<b>enseigner aux enfants la valeur de l&#039;\u00e9cologie<\/b>, m\u00eame en vacances.<\/p>\n","protected":false},"excerpt":{"rendered":"<p>\u00c0 La Buca del Gatto Family Village, nous accueillons les familles qui souhaitent vivre une exp\u00e9rience de vacances \u00e0 la mer en Toscane, avec services d\u00e9di\u00e9s, divertissements, sports&#8230; et des moments privil\u00e9gi\u00e9s \u00e0 partager ! Notre village familial, entour\u00e9 par la for\u00eat de pins de Cecina sur la Costa degli Etruschi, est caract\u00e9ris\u00e9e par des &hellip;<\/p>\n","protected":false},"author":1,"featured_media":0,"parent":29729,"menu_order":0,"comment_status":"closed","ping_status":"closed","template":"page-templates\/scheda_hotel.php","meta":{"_acf_changed":false,"inline_featured_image":false,"footnotes":""},"class_list":["post-73707","page","type-page","status-publish","hentry"],"acf":[],"yoast_head":"<!-- This site is optimized with the Yoast SEO plugin v27.1 - https:\/\/yoast.com\/product\/yoast-seo-wordpress\/ -->\n<title>La Buca del Gatto Family Village - Italy Family Hotels<\/title>\n<meta name=\"robots\" content=\"index, follow, max-snippet:-1, max-image-preview:large, max-video-preview:-1\" \/>\n<link rel=\"canonical\" href=\"https:\/\/www.italyfamilyhotels.it\/fr\/hotels\/la-buca-del-gatto-family-village\" \/>\n<meta property=\"og:locale\" content=\"fr_FR\" \/>\n<meta property=\"og:type\" content=\"article\" \/>\n<meta property=\"og:title\" content=\"La Buca del Gatto Family Village - Italy Family Hotels\" \/>\n<meta property=\"og:description\" content=\"\u00c0 La Buca del Gatto Family Village, nous accueillons les familles qui souhaitent vivre une exp\u00e9rience de vacances \u00e0 la mer en Toscane, avec services d\u00e9di\u00e9s, divertissements, sports&#8230; et des moments privil\u00e9gi\u00e9s \u00e0 partager ! Notre village familial, entour\u00e9 par la for\u00eat de pins de Cecina sur la Costa degli Etruschi, est caract\u00e9ris\u00e9e par des &hellip;\" \/>\n<meta property=\"og:url\" content=\"https:\/\/www.italyfamilyhotels.it\/fr\/hotels\/la-buca-del-gatto-family-village\" \/>\n<meta property=\"og:site_name\" content=\"Italy Family Hotels\" \/>\n<meta property=\"article:publisher\" content=\"https:\/\/www.facebook.com\/ItalyFamilyHotels\/\" \/>\n<meta property=\"article:modified_time\" content=\"2026-04-01T13:39:06+00:00\" \/>\n<meta name=\"twitter:card\" content=\"summary_large_image\" \/>\n<meta name=\"twitter:label1\" content=\"Dur\u00e9e de lecture estim\u00e9e\" \/>\n\t<meta name=\"twitter:data1\" content=\"2 minutes\" \/>\n<script type=\"application\/ld+json\" class=\"yoast-schema-graph\">{\"@context\":\"https:\/\/schema.org\",\"@graph\":[{\"@type\":\"WebPage\",\"@id\":\"https:\/\/www.italyfamilyhotels.it\/fr\/hotels\/la-buca-del-gatto-family-village\",\"url\":\"https:\/\/www.italyfamilyhotels.it\/fr\/hotels\/la-buca-del-gatto-family-village\",\"name\":\"La Buca del Gatto Family Village - Italy Family Hotels\",\"isPartOf\":{\"@id\":\"https:\/\/www.italyfamilyhotels.it\/#website\"},\"datePublished\":\"2026-01-13T11:55:50+00:00\",\"dateModified\":\"2026-04-01T13:39:06+00:00\",\"breadcrumb\":{\"@id\":\"https:\/\/www.italyfamilyhotels.it\/fr\/hotels\/la-buca-del-gatto-family-village#breadcrumb\"},\"inLanguage\":\"fr-FR\",\"potentialAction\":[{\"@type\":\"ReadAction\",\"target\":[\"https:\/\/www.italyfamilyhotels.it\/fr\/hotels\/la-buca-del-gatto-family-village\"]}]},{\"@type\":\"BreadcrumbList\",\"@id\":\"https:\/\/www.italyfamilyhotels.it\/fr\/hotels\/la-buca-del-gatto-family-village#breadcrumb\",\"itemListElement\":[{\"@type\":\"ListItem\",\"position\":1,\"name\":\"Home\",\"item\":\"https:\/\/www.italyfamilyhotels.it\/fr\"},{\"@type\":\"ListItem\",\"position\":2,\"name\":\"Family Hotels\",\"item\":\"https:\/\/www.italyfamilyhotels.it\/fr\/hotels\"},{\"@type\":\"ListItem\",\"position\":3,\"name\":\"La Buca del Gatto Family Village\"}]},{\"@type\":\"WebSite\",\"@id\":\"https:\/\/www.italyfamilyhotels.it\/#website\",\"url\":\"https:\/\/www.italyfamilyhotels.it\/\",\"name\":\"Italy Family Hotels\",\"description\":\"\",\"potentialAction\":[{\"@type\":\"SearchAction\",\"target\":{\"@type\":\"EntryPoint\",\"urlTemplate\":\"https:\/\/www.italyfamilyhotels.it\/?s={search_term_string}\"},\"query-input\":{\"@type\":\"PropertyValueSpecification\",\"valueRequired\":true,\"valueName\":\"search_term_string\"}}],\"inLanguage\":\"fr-FR\"}]}<\/script>\n<!-- \/ Yoast SEO plugin. -->","yoast_head_json":{"title":"La Buca del Gatto Family Village - Italy Family Hotels","robots":{"index":"index","follow":"follow","max-snippet":"max-snippet:-1","max-image-preview":"max-image-preview:large","max-video-preview":"max-video-preview:-1"},"canonical":"https:\/\/www.italyfamilyhotels.it\/fr\/hotels\/la-buca-del-gatto-family-village","og_locale":"fr_FR","og_type":"article","og_title":"La Buca del Gatto Family Village - Italy Family Hotels","og_description":"\u00c0 La Buca del Gatto Family Village, nous accueillons les familles qui souhaitent vivre une exp\u00e9rience de vacances \u00e0 la mer en Toscane, avec services d\u00e9di\u00e9s, divertissements, sports&#8230; et des moments privil\u00e9gi\u00e9s \u00e0 partager ! Notre village familial, entour\u00e9 par la for\u00eat de pins de Cecina sur la Costa degli Etruschi, est caract\u00e9ris\u00e9e par des &hellip;","og_url":"https:\/\/www.italyfamilyhotels.it\/fr\/hotels\/la-buca-del-gatto-family-village","og_site_name":"Italy Family Hotels","article_publisher":"https:\/\/www.facebook.com\/ItalyFamilyHotels\/","article_modified_time":"2026-04-01T13:39:06+00:00","twitter_card":"summary_large_image","twitter_misc":{"Dur\u00e9e de lecture estim\u00e9e":"2 minutes"},"schema":{"@context":"https:\/\/schema.org","@graph":[{"@type":"WebPage","@id":"https:\/\/www.italyfamilyhotels.it\/fr\/hotels\/la-buca-del-gatto-family-village","url":"https:\/\/www.italyfamilyhotels.it\/fr\/hotels\/la-buca-del-gatto-family-village","name":"La Buca del Gatto Family Village - Italy Family Hotels","isPartOf":{"@id":"https:\/\/www.italyfamilyhotels.it\/#website"},"datePublished":"2026-01-13T11:55:50+00:00","dateModified":"2026-04-01T13:39:06+00:00","breadcrumb":{"@id":"https:\/\/www.italyfamilyhotels.it\/fr\/hotels\/la-buca-del-gatto-family-village#breadcrumb"},"inLanguage":"fr-FR","potentialAction":[{"@type":"ReadAction","target":["https:\/\/www.italyfamilyhotels.it\/fr\/hotels\/la-buca-del-gatto-family-village"]}]},{"@type":"BreadcrumbList","@id":"https:\/\/www.italyfamilyhotels.it\/fr\/hotels\/la-buca-del-gatto-family-village#breadcrumb","itemListElement":[{"@type":"ListItem","position":1,"name":"Home","item":"https:\/\/www.italyfamilyhotels.it\/fr"},{"@type":"ListItem","position":2,"name":"Family Hotels","item":"https:\/\/www.italyfamilyhotels.it\/fr\/hotels"},{"@type":"ListItem","position":3,"name":"La Buca del Gatto Family Village"}]},{"@type":"WebSite","@id":"https:\/\/www.italyfamilyhotels.it\/#website","url":"https:\/\/www.italyfamilyhotels.it\/","name":"Italy Family Hotels","description":"","potentialAction":[{"@type":"SearchAction","target":{"@type":"EntryPoint","urlTemplate":"https:\/\/www.italyfamilyhotels.it\/?s={search_term_string}"},"query-input":{"@type":"PropertyValueSpecification","valueRequired":true,"valueName":"search_term_string"}}],"inLanguage":"fr-FR"}]}},"_links":{"self":[{"href":"https:\/\/www.italyfamilyhotels.it\/fr\/wp-json\/wp\/v2\/pages\/73707","targetHints":{"allow":["GET"]}}],"collection":[{"href":"https:\/\/www.italyfamilyhotels.it\/fr\/wp-json\/wp\/v2\/pages"}],"about":[{"href":"https:\/\/www.italyfamilyhotels.it\/fr\/wp-json\/wp\/v2\/types\/page"}],"author":[{"embeddable":true,"href":"https:\/\/www.italyfamilyhotels.it\/fr\/wp-json\/wp\/v2\/users\/1"}],"replies":[{"embeddable":true,"href":"https:\/\/www.italyfamilyhotels.it\/fr\/wp-json\/wp\/v2\/comments?post=73707"}],"version-history":[{"count":2,"href":"https:\/\/www.italyfamilyhotels.it\/fr\/wp-json\/wp\/v2\/pages\/73707\/revisions"}],"predecessor-version":[{"id":76641,"href":"https:\/\/www.italyfamilyhotels.it\/fr\/wp-json\/wp\/v2\/pages\/73707\/revisions\/76641"}],"up":[{"embeddable":true,"href":"https:\/\/www.italyfamilyhotels.it\/fr\/wp-json\/wp\/v2\/pages\/29729"}],"wp:attachment":[{"href":"https:\/\/www.italyfamilyhotels.it\/fr\/wp-json\/wp\/v2\/media?parent=73707"}],"curies":[{"name":"wp","href":"https:\/\/api.w.org\/{rel}","templated":true}]}}