{"id":73103,"date":"2025-12-04T12:58:46","date_gmt":"2025-12-04T11:58:46","guid":{"rendered":"https:\/\/www.italyfamilyhotels.it\/offres\/trentin-haut-adige\/family-hotels-a-resia"},"modified":"2025-12-04T12:58:48","modified_gmt":"2025-12-04T11:58:48","slug":"family-hotels-a-resia","status":"publish","type":"page","link":"https:\/\/www.italyfamilyhotels.it\/fr\/offres\/trentin-haut-adige\/family-hotels-a-resia","title":{"rendered":"Family Hotels \u00e0 Resia"},"content":{"rendered":"\n<p>Un lac pittoresque avec la po\u00e9sie d\u2019un clocher qui \u00e9merge de ses eaux : il est le symbole, comme une carte postale, de <b>Resia<\/b> et du <b>Val Venosta<\/b>. Un lieu caract\u00e9ris\u00e9 par de belles montagnes qui donne des \u00e9motions aux grands et aux \u00e0 petits, entre la nature, les traditions et le plaisir.<\/p>\n\n\n\n<p>Sur les rives du <b>plus grand lac du Tyrol du Sud<\/b>, Resia est un village \u00e0 l\u2019atmosph\u00e8re unique et avec de nombreuses propositions \u00e0 vivre, en toute saison avec toute la famille. Ici l\u2019<b>\u00e9t\u00e9<\/b> est le paradis du trekking avec des <b>sentiers bien balis\u00e9s<\/b> et panoramiques. Pour explorer la r\u00e9gion sur deux roues, il y a <b>250 km de pistes cyclables<\/b>, dont la <b>piste du Val d\u2019Adige<\/b> qui serpente le long des rives de l\u2019ancienne Via Claudia Augusta, parmi des paysages montagneux tr\u00e8s suggestifs. Les familles qui aiment les <b>sports aquatiques<\/b> peuvent s\u2019adonner \u00e0 la voile, au surf, au sup et \u00e0 la p\u00eache sur les eaux du lac.<\/p>\n\n\n\n<p>En <b>hiver<\/b> on peut skier dans le <b>domaine skiable Belpiano-Malga San Valentino<\/b>, sur le col de Resia, ensoleill\u00e9 et parfait pour les enfants. Lorsque le lac g\u00e8le, <b>patiner <\/b>sur sa surface bleue est une exp\u00e9rience inoubliable. Les <b>descentes en luge<\/b> dans les nombreuses pistes d\u00e9di\u00e9es des environs sont \u00e9galement amusantes pour les familles. Et \u00e0 chaque saison on peut visiter l\u2019<b>Observatoire astronomique de Maseben \u00e0 Vallelunga<\/b>, \u00e0 2.267 m\u00e8tres\u00a0: un lieu sans pollution lumineuse, parfait pour tourner le regard vers le ciel \u00e9toil\u00e9<\/p>\n","protected":false},"excerpt":{"rendered":"<p>Un lac pittoresque avec la po\u00e9sie d\u2019un clocher qui \u00e9merge de ses eaux : il est le symbole, comme une carte postale, de Resia et du Val Venosta. Un lieu caract\u00e9ris\u00e9 par de belles montagnes qui donne des \u00e9motions aux grands et aux \u00e0 petits, entre la nature, les traditions et le plaisir. Sur les &hellip;<\/p>\n","protected":false},"author":167,"featured_media":0,"parent":44148,"menu_order":0,"comment_status":"closed","ping_status":"closed","template":"page-templates\/scheda_localita.php","meta":{"_acf_changed":false,"inline_featured_image":false,"footnotes":""},"class_list":["post-73103","page","type-page","status-publish","hentry"],"acf":[],"yoast_head":"<!-- This site is optimized with the Yoast SEO plugin v27.1 - https:\/\/yoast.com\/product\/yoast-seo-wordpress\/ -->\n<title>H\u00f4tels pour familles \u00e0 Resia : les meilleurs Family Hotels \u00e0 Resia<\/title>\n<meta name=\"description\" content=\"Envie de vacances avec des enfants dans le Trentin-Tyrol du Sud ? D\u00e9couvrez nos meilleurs family hotels \u00e0 Resia, dans le Tyrol du Sud !\" \/>\n<meta name=\"robots\" content=\"index, follow, max-snippet:-1, max-image-preview:large, max-video-preview:-1\" \/>\n<link rel=\"canonical\" href=\"https:\/\/www.italyfamilyhotels.it\/fr\/offres\/trentin-haut-adige\/family-hotels-a-resia\" \/>\n<meta property=\"og:locale\" content=\"fr_FR\" \/>\n<meta property=\"og:type\" content=\"article\" \/>\n<meta property=\"og:title\" content=\"H\u00f4tels pour familles \u00e0 Resia : les meilleurs Family Hotels \u00e0 Resia\" \/>\n<meta property=\"og:description\" content=\"Envie de vacances avec des enfants dans le Trentin-Tyrol du Sud ? D\u00e9couvrez nos meilleurs family hotels \u00e0 Resia, dans le Tyrol du Sud !\" \/>\n<meta property=\"og:url\" content=\"https:\/\/www.italyfamilyhotels.it\/fr\/offres\/trentin-haut-adige\/family-hotels-a-resia\" \/>\n<meta property=\"og:site_name\" content=\"Italy Family Hotels\" \/>\n<meta property=\"article:publisher\" content=\"https:\/\/www.facebook.com\/ItalyFamilyHotels\/\" \/>\n<meta property=\"article:modified_time\" content=\"2025-12-04T11:58:48+00:00\" \/>\n<meta name=\"twitter:card\" content=\"summary_large_image\" \/>\n<meta name=\"twitter:label1\" content=\"Dur\u00e9e de lecture estim\u00e9e\" \/>\n\t<meta name=\"twitter:data1\" content=\"1 minute\" \/>\n<script type=\"application\/ld+json\" class=\"yoast-schema-graph\">{\"@context\":\"https:\/\/schema.org\",\"@graph\":[{\"@type\":\"WebPage\",\"@id\":\"https:\/\/www.italyfamilyhotels.it\/fr\/offres\/trentin-haut-adige\/family-hotels-a-resia\",\"url\":\"https:\/\/www.italyfamilyhotels.it\/fr\/offres\/trentin-haut-adige\/family-hotels-a-resia\",\"name\":\"H\u00f4tels pour familles \u00e0 Resia : les meilleurs Family Hotels \u00e0 Resia\",\"isPartOf\":{\"@id\":\"https:\/\/www.italyfamilyhotels.it\/#website\"},\"datePublished\":\"2025-12-04T11:58:46+00:00\",\"dateModified\":\"2025-12-04T11:58:48+00:00\",\"description\":\"Envie de vacances avec des enfants dans le Trentin-Tyrol du Sud ? D\u00e9couvrez nos meilleurs family hotels \u00e0 Resia, dans le Tyrol du Sud !\",\"breadcrumb\":{\"@id\":\"https:\/\/www.italyfamilyhotels.it\/fr\/offres\/trentin-haut-adige\/family-hotels-a-resia#breadcrumb\"},\"inLanguage\":\"fr-FR\",\"potentialAction\":[{\"@type\":\"ReadAction\",\"target\":[\"https:\/\/www.italyfamilyhotels.it\/fr\/offres\/trentin-haut-adige\/family-hotels-a-resia\"]}]},{\"@type\":\"BreadcrumbList\",\"@id\":\"https:\/\/www.italyfamilyhotels.it\/fr\/offres\/trentin-haut-adige\/family-hotels-a-resia#breadcrumb\",\"itemListElement\":[{\"@type\":\"ListItem\",\"position\":1,\"name\":\"Home\",\"item\":\"https:\/\/www.italyfamilyhotels.it\/fr\"},{\"@type\":\"ListItem\",\"position\":2,\"name\":\"Offres\",\"item\":\"https:\/\/www.italyfamilyhotels.it\/fr\/offres\"},{\"@type\":\"ListItem\",\"position\":3,\"name\":\"Trentin Haut-Adige\",\"item\":\"https:\/\/www.italyfamilyhotels.it\/fr\/offres\/trentin-haut-adige\"},{\"@type\":\"ListItem\",\"position\":4,\"name\":\"Family Hotels \u00e0 Resia\"}]},{\"@type\":\"WebSite\",\"@id\":\"https:\/\/www.italyfamilyhotels.it\/#website\",\"url\":\"https:\/\/www.italyfamilyhotels.it\/\",\"name\":\"Italy Family Hotels\",\"description\":\"\",\"potentialAction\":[{\"@type\":\"SearchAction\",\"target\":{\"@type\":\"EntryPoint\",\"urlTemplate\":\"https:\/\/www.italyfamilyhotels.it\/?s={search_term_string}\"},\"query-input\":{\"@type\":\"PropertyValueSpecification\",\"valueRequired\":true,\"valueName\":\"search_term_string\"}}],\"inLanguage\":\"fr-FR\"}]}<\/script>\n<!-- \/ Yoast SEO plugin. -->","yoast_head_json":{"title":"H\u00f4tels pour familles \u00e0 Resia : les meilleurs Family Hotels \u00e0 Resia","description":"Envie de vacances avec des enfants dans le Trentin-Tyrol du Sud ? D\u00e9couvrez nos meilleurs family hotels \u00e0 Resia, dans le Tyrol du Sud !","robots":{"index":"index","follow":"follow","max-snippet":"max-snippet:-1","max-image-preview":"max-image-preview:large","max-video-preview":"max-video-preview:-1"},"canonical":"https:\/\/www.italyfamilyhotels.it\/fr\/offres\/trentin-haut-adige\/family-hotels-a-resia","og_locale":"fr_FR","og_type":"article","og_title":"H\u00f4tels pour familles \u00e0 Resia : les meilleurs Family Hotels \u00e0 Resia","og_description":"Envie de vacances avec des enfants dans le Trentin-Tyrol du Sud ? D\u00e9couvrez nos meilleurs family hotels \u00e0 Resia, dans le Tyrol du Sud !","og_url":"https:\/\/www.italyfamilyhotels.it\/fr\/offres\/trentin-haut-adige\/family-hotels-a-resia","og_site_name":"Italy Family Hotels","article_publisher":"https:\/\/www.facebook.com\/ItalyFamilyHotels\/","article_modified_time":"2025-12-04T11:58:48+00:00","twitter_card":"summary_large_image","twitter_misc":{"Dur\u00e9e de lecture estim\u00e9e":"1 minute"},"schema":{"@context":"https:\/\/schema.org","@graph":[{"@type":"WebPage","@id":"https:\/\/www.italyfamilyhotels.it\/fr\/offres\/trentin-haut-adige\/family-hotels-a-resia","url":"https:\/\/www.italyfamilyhotels.it\/fr\/offres\/trentin-haut-adige\/family-hotels-a-resia","name":"H\u00f4tels pour familles \u00e0 Resia : les meilleurs Family Hotels \u00e0 Resia","isPartOf":{"@id":"https:\/\/www.italyfamilyhotels.it\/#website"},"datePublished":"2025-12-04T11:58:46+00:00","dateModified":"2025-12-04T11:58:48+00:00","description":"Envie de vacances avec des enfants dans le Trentin-Tyrol du Sud ? D\u00e9couvrez nos meilleurs family hotels \u00e0 Resia, dans le Tyrol du Sud !","breadcrumb":{"@id":"https:\/\/www.italyfamilyhotels.it\/fr\/offres\/trentin-haut-adige\/family-hotels-a-resia#breadcrumb"},"inLanguage":"fr-FR","potentialAction":[{"@type":"ReadAction","target":["https:\/\/www.italyfamilyhotels.it\/fr\/offres\/trentin-haut-adige\/family-hotels-a-resia"]}]},{"@type":"BreadcrumbList","@id":"https:\/\/www.italyfamilyhotels.it\/fr\/offres\/trentin-haut-adige\/family-hotels-a-resia#breadcrumb","itemListElement":[{"@type":"ListItem","position":1,"name":"Home","item":"https:\/\/www.italyfamilyhotels.it\/fr"},{"@type":"ListItem","position":2,"name":"Offres","item":"https:\/\/www.italyfamilyhotels.it\/fr\/offres"},{"@type":"ListItem","position":3,"name":"Trentin Haut-Adige","item":"https:\/\/www.italyfamilyhotels.it\/fr\/offres\/trentin-haut-adige"},{"@type":"ListItem","position":4,"name":"Family Hotels \u00e0 Resia"}]},{"@type":"WebSite","@id":"https:\/\/www.italyfamilyhotels.it\/#website","url":"https:\/\/www.italyfamilyhotels.it\/","name":"Italy Family Hotels","description":"","potentialAction":[{"@type":"SearchAction","target":{"@type":"EntryPoint","urlTemplate":"https:\/\/www.italyfamilyhotels.it\/?s={search_term_string}"},"query-input":{"@type":"PropertyValueSpecification","valueRequired":true,"valueName":"search_term_string"}}],"inLanguage":"fr-FR"}]}},"_links":{"self":[{"href":"https:\/\/www.italyfamilyhotels.it\/fr\/wp-json\/wp\/v2\/pages\/73103","targetHints":{"allow":["GET"]}}],"collection":[{"href":"https:\/\/www.italyfamilyhotels.it\/fr\/wp-json\/wp\/v2\/pages"}],"about":[{"href":"https:\/\/www.italyfamilyhotels.it\/fr\/wp-json\/wp\/v2\/types\/page"}],"author":[{"embeddable":true,"href":"https:\/\/www.italyfamilyhotels.it\/fr\/wp-json\/wp\/v2\/users\/167"}],"replies":[{"embeddable":true,"href":"https:\/\/www.italyfamilyhotels.it\/fr\/wp-json\/wp\/v2\/comments?post=73103"}],"version-history":[{"count":1,"href":"https:\/\/www.italyfamilyhotels.it\/fr\/wp-json\/wp\/v2\/pages\/73103\/revisions"}],"predecessor-version":[{"id":73104,"href":"https:\/\/www.italyfamilyhotels.it\/fr\/wp-json\/wp\/v2\/pages\/73103\/revisions\/73104"}],"up":[{"embeddable":true,"href":"https:\/\/www.italyfamilyhotels.it\/fr\/wp-json\/wp\/v2\/pages\/44148"}],"wp:attachment":[{"href":"https:\/\/www.italyfamilyhotels.it\/fr\/wp-json\/wp\/v2\/media?parent=73103"}],"curies":[{"name":"wp","href":"https:\/\/api.w.org\/{rel}","templated":true}]}}