{"id":73101,"date":"2025-12-04T12:58:45","date_gmt":"2025-12-04T11:58:45","guid":{"rendered":"https:\/\/www.italyfamilyhotels.it\/offres\/trentin-haut-adige\/family-hotels-a-senales"},"modified":"2025-12-04T12:58:47","modified_gmt":"2025-12-04T11:58:47","slug":"family-hotels-a-senales","status":"publish","type":"page","link":"https:\/\/www.italyfamilyhotels.it\/fr\/offres\/trentin-haut-adige\/family-hotels-a-senales","title":{"rendered":"Family Hotels \u00e0 Senales"},"content":{"rendered":"\n<p>Des vignes aux glaciers de l\u2019\u00e8re glaciaire\u00a0: une grande vari\u00e9t\u00e9 d\u2019environnements alpins caract\u00e9rise les paysages qui encadrent <b>Senales<\/b>, une petite commune du <b>Tyrol du Sud<\/b> dans la vall\u00e9e du m\u00eame nom. Une destination merveilleuse qui allie la <b>nature et des attractions adapt\u00e9es aux familles<\/b>.<\/p>\n\n\n\n<p>Dominant l\u2019entr\u00e9e du Val Senales, le <b>Castel Juval est la r\u00e9sidence de Reinhold Messner<\/b> et le si\u00e8ge d\u2019un de ses mus\u00e9es, le <b>Messner Mountain Museum.<\/b><\/p>\n\n\n\n\n\n<p><b> <\/b>Un lieu qui refl\u00e8te une approche spirituelle au monde de la montagne \u00e0 travers une collection originale de masques, fresques, sculptures et une biblioth\u00e8que de l\u2019aventure.<\/p>\n\n\n\n<p>Parmi les attractions de la r\u00e9gion, ne manquez pas une randonn\u00e9e \u00e0 l\u2019<b>ArcheoParc de Madonna di Senales<\/b>. On d\u00e9couvre ici le <b>monde d\u2019\u00d6tzi<\/b>, gr\u00e2ce \u00e0 la reconstruction d\u2019un village de l\u2019\u00e2ge du cuivre, semblable \u00e0 celui dans lequel aurait v\u00e9cu l\u2019homme venu des glaces. Les <b>enfants <\/b>peuvent vivre des <b>exp\u00e9riences uniques<\/b> comme allumer un feu, travailler l\u2019argile ou utiliser un arc et des fl\u00e8ches. \u00d6tzi fut retrouv\u00e9 pr\u00e8s du <b>Lac de Vernago<\/b>, un miroir d\u2019eau couleur \u00e9meraude d\u2019o\u00f9 partent de<b> merveilleux sentiers<\/b>. Une curiosit\u00e9\u00a0: lorsque le niveau de l\u2019eau est bas, du lac on voit appara\u00eetre le <b>toit d\u2019un clocher<\/b> qui a \u00e9t\u00e9 submerg\u00e9 au moment de la construction du barrage. Du lac vous pouvez emprunter le <b>sentier <\/b>qui m\u00e8ne au lieu de la d\u00e9couverte d\u2019\u00d6tzi, le <b>Giogo di Tisa<\/b>.<\/p>\n","protected":false},"excerpt":{"rendered":"<p>Des vignes aux glaciers de l\u2019\u00e8re glaciaire\u00a0: une grande vari\u00e9t\u00e9 d\u2019environnements alpins caract\u00e9rise les paysages qui encadrent Senales, une petite commune du Tyrol du Sud dans la vall\u00e9e du m\u00eame nom. Une destination merveilleuse qui allie la nature et des attractions adapt\u00e9es aux familles. Dominant l\u2019entr\u00e9e du Val Senales, le Castel Juval est la r\u00e9sidence &hellip;<\/p>\n","protected":false},"author":167,"featured_media":0,"parent":44148,"menu_order":0,"comment_status":"closed","ping_status":"closed","template":"page-templates\/scheda_localita.php","meta":{"_acf_changed":false,"inline_featured_image":false,"footnotes":""},"class_list":["post-73101","page","type-page","status-publish","hentry"],"acf":[],"yoast_head":"<!-- This site is optimized with the Yoast SEO plugin v27.1 - https:\/\/yoast.com\/product\/yoast-seo-wordpress\/ -->\n<title>H\u00f4tels pour familles \u00e0 Senales : les meilleurs Family Hotels \u00e0 Senales<\/title>\n<meta name=\"description\" content=\"Envie de vacances avec les enfants dans le Trentin-Tyrol du Sud\u00a0? Nous avons s\u00e9lectionn\u00e9 les meilleurs family hotels \u00e0 Senales !\" \/>\n<meta name=\"robots\" content=\"index, follow, max-snippet:-1, max-image-preview:large, max-video-preview:-1\" \/>\n<link rel=\"canonical\" href=\"https:\/\/www.italyfamilyhotels.it\/fr\/offres\/trentin-haut-adige\/family-hotels-a-senales\" \/>\n<meta property=\"og:locale\" content=\"fr_FR\" \/>\n<meta property=\"og:type\" content=\"article\" \/>\n<meta property=\"og:title\" content=\"H\u00f4tels pour familles \u00e0 Senales : les meilleurs Family Hotels \u00e0 Senales\" \/>\n<meta property=\"og:description\" content=\"Envie de vacances avec les enfants dans le Trentin-Tyrol du Sud\u00a0? Nous avons s\u00e9lectionn\u00e9 les meilleurs family hotels \u00e0 Senales !\" \/>\n<meta property=\"og:url\" content=\"https:\/\/www.italyfamilyhotels.it\/fr\/offres\/trentin-haut-adige\/family-hotels-a-senales\" \/>\n<meta property=\"og:site_name\" content=\"Italy Family Hotels\" \/>\n<meta property=\"article:publisher\" content=\"https:\/\/www.facebook.com\/ItalyFamilyHotels\/\" \/>\n<meta property=\"article:modified_time\" content=\"2025-12-04T11:58:47+00:00\" \/>\n<meta name=\"twitter:card\" content=\"summary_large_image\" \/>\n<meta name=\"twitter:label1\" content=\"Dur\u00e9e de lecture estim\u00e9e\" \/>\n\t<meta name=\"twitter:data1\" content=\"1 minute\" \/>\n<script type=\"application\/ld+json\" class=\"yoast-schema-graph\">{\"@context\":\"https:\/\/schema.org\",\"@graph\":[{\"@type\":\"WebPage\",\"@id\":\"https:\/\/www.italyfamilyhotels.it\/fr\/offres\/trentin-haut-adige\/family-hotels-a-senales\",\"url\":\"https:\/\/www.italyfamilyhotels.it\/fr\/offres\/trentin-haut-adige\/family-hotels-a-senales\",\"name\":\"H\u00f4tels pour familles \u00e0 Senales : les meilleurs Family Hotels \u00e0 Senales\",\"isPartOf\":{\"@id\":\"https:\/\/www.italyfamilyhotels.it\/#website\"},\"datePublished\":\"2025-12-04T11:58:45+00:00\",\"dateModified\":\"2025-12-04T11:58:47+00:00\",\"description\":\"Envie de vacances avec les enfants dans le Trentin-Tyrol du Sud\u00a0? Nous avons s\u00e9lectionn\u00e9 les meilleurs family hotels \u00e0 Senales !\",\"breadcrumb\":{\"@id\":\"https:\/\/www.italyfamilyhotels.it\/fr\/offres\/trentin-haut-adige\/family-hotels-a-senales#breadcrumb\"},\"inLanguage\":\"fr-FR\",\"potentialAction\":[{\"@type\":\"ReadAction\",\"target\":[\"https:\/\/www.italyfamilyhotels.it\/fr\/offres\/trentin-haut-adige\/family-hotels-a-senales\"]}]},{\"@type\":\"BreadcrumbList\",\"@id\":\"https:\/\/www.italyfamilyhotels.it\/fr\/offres\/trentin-haut-adige\/family-hotels-a-senales#breadcrumb\",\"itemListElement\":[{\"@type\":\"ListItem\",\"position\":1,\"name\":\"Home\",\"item\":\"https:\/\/www.italyfamilyhotels.it\/fr\"},{\"@type\":\"ListItem\",\"position\":2,\"name\":\"Offres\",\"item\":\"https:\/\/www.italyfamilyhotels.it\/fr\/offres\"},{\"@type\":\"ListItem\",\"position\":3,\"name\":\"Trentin Haut-Adige\",\"item\":\"https:\/\/www.italyfamilyhotels.it\/fr\/offres\/trentin-haut-adige\"},{\"@type\":\"ListItem\",\"position\":4,\"name\":\"Family Hotels \u00e0 Senales\"}]},{\"@type\":\"WebSite\",\"@id\":\"https:\/\/www.italyfamilyhotels.it\/#website\",\"url\":\"https:\/\/www.italyfamilyhotels.it\/\",\"name\":\"Italy Family Hotels\",\"description\":\"\",\"potentialAction\":[{\"@type\":\"SearchAction\",\"target\":{\"@type\":\"EntryPoint\",\"urlTemplate\":\"https:\/\/www.italyfamilyhotels.it\/?s={search_term_string}\"},\"query-input\":{\"@type\":\"PropertyValueSpecification\",\"valueRequired\":true,\"valueName\":\"search_term_string\"}}],\"inLanguage\":\"fr-FR\"}]}<\/script>\n<!-- \/ Yoast SEO plugin. -->","yoast_head_json":{"title":"H\u00f4tels pour familles \u00e0 Senales : les meilleurs Family Hotels \u00e0 Senales","description":"Envie de vacances avec les enfants dans le Trentin-Tyrol du Sud\u00a0? Nous avons s\u00e9lectionn\u00e9 les meilleurs family hotels \u00e0 Senales !","robots":{"index":"index","follow":"follow","max-snippet":"max-snippet:-1","max-image-preview":"max-image-preview:large","max-video-preview":"max-video-preview:-1"},"canonical":"https:\/\/www.italyfamilyhotels.it\/fr\/offres\/trentin-haut-adige\/family-hotels-a-senales","og_locale":"fr_FR","og_type":"article","og_title":"H\u00f4tels pour familles \u00e0 Senales : les meilleurs Family Hotels \u00e0 Senales","og_description":"Envie de vacances avec les enfants dans le Trentin-Tyrol du Sud\u00a0? Nous avons s\u00e9lectionn\u00e9 les meilleurs family hotels \u00e0 Senales !","og_url":"https:\/\/www.italyfamilyhotels.it\/fr\/offres\/trentin-haut-adige\/family-hotels-a-senales","og_site_name":"Italy Family Hotels","article_publisher":"https:\/\/www.facebook.com\/ItalyFamilyHotels\/","article_modified_time":"2025-12-04T11:58:47+00:00","twitter_card":"summary_large_image","twitter_misc":{"Dur\u00e9e de lecture estim\u00e9e":"1 minute"},"schema":{"@context":"https:\/\/schema.org","@graph":[{"@type":"WebPage","@id":"https:\/\/www.italyfamilyhotels.it\/fr\/offres\/trentin-haut-adige\/family-hotels-a-senales","url":"https:\/\/www.italyfamilyhotels.it\/fr\/offres\/trentin-haut-adige\/family-hotels-a-senales","name":"H\u00f4tels pour familles \u00e0 Senales : les meilleurs Family Hotels \u00e0 Senales","isPartOf":{"@id":"https:\/\/www.italyfamilyhotels.it\/#website"},"datePublished":"2025-12-04T11:58:45+00:00","dateModified":"2025-12-04T11:58:47+00:00","description":"Envie de vacances avec les enfants dans le Trentin-Tyrol du Sud\u00a0? Nous avons s\u00e9lectionn\u00e9 les meilleurs family hotels \u00e0 Senales !","breadcrumb":{"@id":"https:\/\/www.italyfamilyhotels.it\/fr\/offres\/trentin-haut-adige\/family-hotels-a-senales#breadcrumb"},"inLanguage":"fr-FR","potentialAction":[{"@type":"ReadAction","target":["https:\/\/www.italyfamilyhotels.it\/fr\/offres\/trentin-haut-adige\/family-hotels-a-senales"]}]},{"@type":"BreadcrumbList","@id":"https:\/\/www.italyfamilyhotels.it\/fr\/offres\/trentin-haut-adige\/family-hotels-a-senales#breadcrumb","itemListElement":[{"@type":"ListItem","position":1,"name":"Home","item":"https:\/\/www.italyfamilyhotels.it\/fr"},{"@type":"ListItem","position":2,"name":"Offres","item":"https:\/\/www.italyfamilyhotels.it\/fr\/offres"},{"@type":"ListItem","position":3,"name":"Trentin Haut-Adige","item":"https:\/\/www.italyfamilyhotels.it\/fr\/offres\/trentin-haut-adige"},{"@type":"ListItem","position":4,"name":"Family Hotels \u00e0 Senales"}]},{"@type":"WebSite","@id":"https:\/\/www.italyfamilyhotels.it\/#website","url":"https:\/\/www.italyfamilyhotels.it\/","name":"Italy Family Hotels","description":"","potentialAction":[{"@type":"SearchAction","target":{"@type":"EntryPoint","urlTemplate":"https:\/\/www.italyfamilyhotels.it\/?s={search_term_string}"},"query-input":{"@type":"PropertyValueSpecification","valueRequired":true,"valueName":"search_term_string"}}],"inLanguage":"fr-FR"}]}},"_links":{"self":[{"href":"https:\/\/www.italyfamilyhotels.it\/fr\/wp-json\/wp\/v2\/pages\/73101","targetHints":{"allow":["GET"]}}],"collection":[{"href":"https:\/\/www.italyfamilyhotels.it\/fr\/wp-json\/wp\/v2\/pages"}],"about":[{"href":"https:\/\/www.italyfamilyhotels.it\/fr\/wp-json\/wp\/v2\/types\/page"}],"author":[{"embeddable":true,"href":"https:\/\/www.italyfamilyhotels.it\/fr\/wp-json\/wp\/v2\/users\/167"}],"replies":[{"embeddable":true,"href":"https:\/\/www.italyfamilyhotels.it\/fr\/wp-json\/wp\/v2\/comments?post=73101"}],"version-history":[{"count":1,"href":"https:\/\/www.italyfamilyhotels.it\/fr\/wp-json\/wp\/v2\/pages\/73101\/revisions"}],"predecessor-version":[{"id":73102,"href":"https:\/\/www.italyfamilyhotels.it\/fr\/wp-json\/wp\/v2\/pages\/73101\/revisions\/73102"}],"up":[{"embeddable":true,"href":"https:\/\/www.italyfamilyhotels.it\/fr\/wp-json\/wp\/v2\/pages\/44148"}],"wp:attachment":[{"href":"https:\/\/www.italyfamilyhotels.it\/fr\/wp-json\/wp\/v2\/media?parent=73101"}],"curies":[{"name":"wp","href":"https:\/\/api.w.org\/{rel}","templated":true}]}}