{"id":72682,"date":"2025-12-01T14:31:30","date_gmt":"2025-12-01T13:31:30","guid":{"rendered":"https:\/\/www.italyfamilyhotels.it\/hotels\/family-hotel-gutenberg"},"modified":"2026-04-01T15:39:04","modified_gmt":"2026-04-01T13:39:04","slug":"family-hotel-gutenberg","status":"publish","type":"page","link":"https:\/\/www.italyfamilyhotels.it\/fr\/hotels\/family-hotel-gutenberg","title":{"rendered":"Family Hotel Gutenberg"},"content":{"rendered":"\n<p>Nous aimons d\u00e9finir le <b>Family Hotel Gutenberg<\/b> un \u00ab paradis familial \u00e0 <b>Scena<\/b>\u00a0\u00bb, situ\u00e9e juste un peu plus haut que <b>Merano<\/b>. Et c&#039;est l\u00e0 que nous vous attendons, pour vous aider \u00e0 partager des moments heureux avec vos enfants !<\/p>\n\n\n\n<p>Notre h\u00f4tel se trouve <b>directement sur les sentiers<\/b>. Vous pourrez donc <b>fl\u00e2ner<\/b> ou faire une <b>excursion panoramique<\/b> sans prendre la voiture, peut-\u00eatre en participant au <b>riche programme nature et exploration<\/b>, dont le th\u00e8me change chaque ann\u00e9e, et que nous avons cr\u00e9\u00e9 sp\u00e9cialement pour les familles comme la v\u00f4tre. Pendant la semaine de ski, vous pourrez vous rendre \u00e0 la <b>station de Merano 2000 avec notre navette<\/b>, pour faire du ski et autres sports d&#039;hiver sans le moindre souci.<\/p>\n\n\n\n<p>Dans l&#039;h\u00f4tel, vous trouverez des <b>piscines int\u00e9rieures chauff\u00e9es<\/b>\u00a0: un <b>grand bassin<\/b> <b>panoramique<\/b>, \u00e9quip\u00e9 de jacuzzi, une <b>piscine d\u00e9di\u00e9e aux enfants<\/b> et une <b>mini-piscine<\/b> o\u00f9 m\u00eame les plus petits peuvent se familiariser avec l&#039;eau et jouer en toute s\u00e9curit\u00e9. Des <b>peignoirs pour toute la famille<\/b> sont \u00e0 votre disposition <b>gratuitement<\/b>.<\/p>\n\n\n\n<p>Apr\u00e8s vos activit\u00e9s en plein air, venez vous ressourcer dans un cadre intime et chaleureux, le <b>Oasis Sauna Gutenberg<\/b>, entre <b>sauna \u00e0 vapeur<\/b>, <b>herbes curatrices<\/b>, <b>salle de relaxation<\/b> et notre <b>sauna finlandais ext\u00e9rieur<\/b> panoramique. Vous pouvez \u00e9galement choisir parmi de nombreux <b>massages et soins<\/b>, con\u00e7us pour les <b>adultes <\/b>mais aussi pour les <b>enfants<\/b>, comme par exemple le massage baby, les soins princesse, les manucures kids, les soins du visage pour adolescents, les gommages corporels et les massages des pieds pour filles et gar\u00e7ons.<\/p>\n\n\n\n<p>Vous l&#039;aurez compris \u00e0 pr\u00e9sent : la joie et le bonheur de vos enfants sont notre priorit\u00e9 absolue, et c&#039;est pourquoi <b>le monde des enfants<\/b> est le c\u0153ur de l&#039;hospitalit\u00e9 au Gutenberg ! Les petits peuvent jouer dans <b>deux salles couvertes<\/b>, s&#039;amuser dans notre <b>aire de jeux<\/b> situ\u00e9e \u00e0 l&#039;ext\u00e9rieur ou participer aux activit\u00e9s quotidiennes du <b>Mini et du Kids Club<\/b>. La<b> garderie professionnelle<\/b> <b>est pr\u00e9vue de 1 \u00e0 12 ans<\/b>, avec des horaires longs et flexibles, des ateliers cr\u00e9atifs, des journ\u00e9es en for\u00eat, des activit\u00e9s de p\u00e2tisserie pour enfants, des travaux manuels, des jeux sportifs et m\u00eame la possibilit\u00e9 de rencontrer des poneys et des chevaux. Pour vous, cela signifie enfin avoir du temps libre pour vous d\u00e9tendre, lire, vous promener ou vous offrir une pause dans l&#039;espace bien-\u00eatre.<\/p>\n\n\n\n<p>Si vous venez <b>en vacances avec un b\u00e9b\u00e9<\/b>, vous trouverez tout le n\u00e9cessaire pour faciliter vos vacances\u00a0: une <b>kitchenette <\/b>ouverte 24 heures sur 24, un <b>buffet avec aliments pour b\u00e9b\u00e9s<\/b>, des poussettes, des porte-b\u00e9b\u00e9s, des tables \u00e0 langer, des chauffe-biberons, des babyphones et bien plus encore. Notre personnel est toujours pr\u00eat \u00e0 accueillir m\u00eame les tr\u00e8s jeunes enfants, ce qui vous permet de profiter pleinement de votre s\u00e9jour <b>en famille \u00e0 la montagne<\/b> avec plus de tranquillit\u00e9 et de d\u00e9tente !<\/p>\n","protected":false},"excerpt":{"rendered":"<p>Nous aimons d\u00e9finir le Family Hotel Gutenberg un \u00ab paradis familial \u00e0 Scena\u00a0\u00bb, situ\u00e9e juste un peu plus haut que Merano. Et c&#039;est l\u00e0 que nous vous attendons, pour vous aider \u00e0 partager des moments heureux avec vos enfants ! Notre h\u00f4tel se trouve directement sur les sentiers. Vous pourrez donc fl\u00e2ner ou faire une &hellip;<\/p>\n","protected":false},"author":1,"featured_media":0,"parent":29729,"menu_order":0,"comment_status":"closed","ping_status":"closed","template":"page-templates\/scheda_hotel.php","meta":{"_acf_changed":false,"inline_featured_image":false,"footnotes":""},"class_list":["post-72682","page","type-page","status-publish","hentry"],"acf":[],"yoast_head":"<!-- This site is optimized with the Yoast SEO plugin v27.1 - https:\/\/yoast.com\/product\/yoast-seo-wordpress\/ -->\n<title>Family Hotel Gutenberg - Italy Family Hotels<\/title>\n<meta name=\"robots\" content=\"index, follow, max-snippet:-1, max-image-preview:large, max-video-preview:-1\" \/>\n<link rel=\"canonical\" href=\"https:\/\/www.italyfamilyhotels.it\/fr\/hotels\/family-hotel-gutenberg\" \/>\n<meta property=\"og:locale\" content=\"fr_FR\" \/>\n<meta property=\"og:type\" content=\"article\" \/>\n<meta property=\"og:title\" content=\"Family Hotel Gutenberg - Italy Family Hotels\" \/>\n<meta property=\"og:description\" content=\"Nous aimons d\u00e9finir le Family Hotel Gutenberg un \u00ab paradis familial \u00e0 Scena\u00a0\u00bb, situ\u00e9e juste un peu plus haut que Merano. Et c&#039;est l\u00e0 que nous vous attendons, pour vous aider \u00e0 partager des moments heureux avec vos enfants ! Notre h\u00f4tel se trouve directement sur les sentiers. Vous pourrez donc fl\u00e2ner ou faire une &hellip;\" \/>\n<meta property=\"og:url\" content=\"https:\/\/www.italyfamilyhotels.it\/fr\/hotels\/family-hotel-gutenberg\" \/>\n<meta property=\"og:site_name\" content=\"Italy Family Hotels\" \/>\n<meta property=\"article:publisher\" content=\"https:\/\/www.facebook.com\/ItalyFamilyHotels\/\" \/>\n<meta property=\"article:modified_time\" content=\"2026-04-01T13:39:04+00:00\" \/>\n<meta name=\"twitter:card\" content=\"summary_large_image\" \/>\n<meta name=\"twitter:label1\" content=\"Dur\u00e9e de lecture estim\u00e9e\" \/>\n\t<meta name=\"twitter:data1\" content=\"2 minutes\" \/>\n<script type=\"application\/ld+json\" class=\"yoast-schema-graph\">{\"@context\":\"https:\/\/schema.org\",\"@graph\":[{\"@type\":\"WebPage\",\"@id\":\"https:\/\/www.italyfamilyhotels.it\/fr\/hotels\/family-hotel-gutenberg\",\"url\":\"https:\/\/www.italyfamilyhotels.it\/fr\/hotels\/family-hotel-gutenberg\",\"name\":\"Family Hotel Gutenberg - Italy Family Hotels\",\"isPartOf\":{\"@id\":\"https:\/\/www.italyfamilyhotels.it\/#website\"},\"datePublished\":\"2025-12-01T13:31:30+00:00\",\"dateModified\":\"2026-04-01T13:39:04+00:00\",\"breadcrumb\":{\"@id\":\"https:\/\/www.italyfamilyhotels.it\/fr\/hotels\/family-hotel-gutenberg#breadcrumb\"},\"inLanguage\":\"fr-FR\",\"potentialAction\":[{\"@type\":\"ReadAction\",\"target\":[\"https:\/\/www.italyfamilyhotels.it\/fr\/hotels\/family-hotel-gutenberg\"]}]},{\"@type\":\"BreadcrumbList\",\"@id\":\"https:\/\/www.italyfamilyhotels.it\/fr\/hotels\/family-hotel-gutenberg#breadcrumb\",\"itemListElement\":[{\"@type\":\"ListItem\",\"position\":1,\"name\":\"Home\",\"item\":\"https:\/\/www.italyfamilyhotels.it\/fr\"},{\"@type\":\"ListItem\",\"position\":2,\"name\":\"Family Hotels\",\"item\":\"https:\/\/www.italyfamilyhotels.it\/fr\/hotels\"},{\"@type\":\"ListItem\",\"position\":3,\"name\":\"Family Hotel Gutenberg\"}]},{\"@type\":\"WebSite\",\"@id\":\"https:\/\/www.italyfamilyhotels.it\/#website\",\"url\":\"https:\/\/www.italyfamilyhotels.it\/\",\"name\":\"Italy Family Hotels\",\"description\":\"\",\"potentialAction\":[{\"@type\":\"SearchAction\",\"target\":{\"@type\":\"EntryPoint\",\"urlTemplate\":\"https:\/\/www.italyfamilyhotels.it\/?s={search_term_string}\"},\"query-input\":{\"@type\":\"PropertyValueSpecification\",\"valueRequired\":true,\"valueName\":\"search_term_string\"}}],\"inLanguage\":\"fr-FR\"}]}<\/script>\n<!-- \/ Yoast SEO plugin. -->","yoast_head_json":{"title":"Family Hotel Gutenberg - Italy Family Hotels","robots":{"index":"index","follow":"follow","max-snippet":"max-snippet:-1","max-image-preview":"max-image-preview:large","max-video-preview":"max-video-preview:-1"},"canonical":"https:\/\/www.italyfamilyhotels.it\/fr\/hotels\/family-hotel-gutenberg","og_locale":"fr_FR","og_type":"article","og_title":"Family Hotel Gutenberg - Italy Family Hotels","og_description":"Nous aimons d\u00e9finir le Family Hotel Gutenberg un \u00ab paradis familial \u00e0 Scena\u00a0\u00bb, situ\u00e9e juste un peu plus haut que Merano. Et c&#039;est l\u00e0 que nous vous attendons, pour vous aider \u00e0 partager des moments heureux avec vos enfants ! Notre h\u00f4tel se trouve directement sur les sentiers. Vous pourrez donc fl\u00e2ner ou faire une &hellip;","og_url":"https:\/\/www.italyfamilyhotels.it\/fr\/hotels\/family-hotel-gutenberg","og_site_name":"Italy Family Hotels","article_publisher":"https:\/\/www.facebook.com\/ItalyFamilyHotels\/","article_modified_time":"2026-04-01T13:39:04+00:00","twitter_card":"summary_large_image","twitter_misc":{"Dur\u00e9e de lecture estim\u00e9e":"2 minutes"},"schema":{"@context":"https:\/\/schema.org","@graph":[{"@type":"WebPage","@id":"https:\/\/www.italyfamilyhotels.it\/fr\/hotels\/family-hotel-gutenberg","url":"https:\/\/www.italyfamilyhotels.it\/fr\/hotels\/family-hotel-gutenberg","name":"Family Hotel Gutenberg - Italy Family Hotels","isPartOf":{"@id":"https:\/\/www.italyfamilyhotels.it\/#website"},"datePublished":"2025-12-01T13:31:30+00:00","dateModified":"2026-04-01T13:39:04+00:00","breadcrumb":{"@id":"https:\/\/www.italyfamilyhotels.it\/fr\/hotels\/family-hotel-gutenberg#breadcrumb"},"inLanguage":"fr-FR","potentialAction":[{"@type":"ReadAction","target":["https:\/\/www.italyfamilyhotels.it\/fr\/hotels\/family-hotel-gutenberg"]}]},{"@type":"BreadcrumbList","@id":"https:\/\/www.italyfamilyhotels.it\/fr\/hotels\/family-hotel-gutenberg#breadcrumb","itemListElement":[{"@type":"ListItem","position":1,"name":"Home","item":"https:\/\/www.italyfamilyhotels.it\/fr"},{"@type":"ListItem","position":2,"name":"Family Hotels","item":"https:\/\/www.italyfamilyhotels.it\/fr\/hotels"},{"@type":"ListItem","position":3,"name":"Family Hotel Gutenberg"}]},{"@type":"WebSite","@id":"https:\/\/www.italyfamilyhotels.it\/#website","url":"https:\/\/www.italyfamilyhotels.it\/","name":"Italy Family Hotels","description":"","potentialAction":[{"@type":"SearchAction","target":{"@type":"EntryPoint","urlTemplate":"https:\/\/www.italyfamilyhotels.it\/?s={search_term_string}"},"query-input":{"@type":"PropertyValueSpecification","valueRequired":true,"valueName":"search_term_string"}}],"inLanguage":"fr-FR"}]}},"_links":{"self":[{"href":"https:\/\/www.italyfamilyhotels.it\/fr\/wp-json\/wp\/v2\/pages\/72682","targetHints":{"allow":["GET"]}}],"collection":[{"href":"https:\/\/www.italyfamilyhotels.it\/fr\/wp-json\/wp\/v2\/pages"}],"about":[{"href":"https:\/\/www.italyfamilyhotels.it\/fr\/wp-json\/wp\/v2\/types\/page"}],"author":[{"embeddable":true,"href":"https:\/\/www.italyfamilyhotels.it\/fr\/wp-json\/wp\/v2\/users\/1"}],"replies":[{"embeddable":true,"href":"https:\/\/www.italyfamilyhotels.it\/fr\/wp-json\/wp\/v2\/comments?post=72682"}],"version-history":[{"count":2,"href":"https:\/\/www.italyfamilyhotels.it\/fr\/wp-json\/wp\/v2\/pages\/72682\/revisions"}],"predecessor-version":[{"id":76640,"href":"https:\/\/www.italyfamilyhotels.it\/fr\/wp-json\/wp\/v2\/pages\/72682\/revisions\/76640"}],"up":[{"embeddable":true,"href":"https:\/\/www.italyfamilyhotels.it\/fr\/wp-json\/wp\/v2\/pages\/29729"}],"wp:attachment":[{"href":"https:\/\/www.italyfamilyhotels.it\/fr\/wp-json\/wp\/v2\/media?parent=72682"}],"curies":[{"name":"wp","href":"https:\/\/api.w.org\/{rel}","templated":true}]}}