{"id":72004,"date":"2025-10-27T15:10:16","date_gmt":"2025-10-27T14:10:16","guid":{"rendered":"https:\/\/www.italyfamilyhotels.it\/hotels\/linara-mountain-family-stay"},"modified":"2026-01-15T09:31:33","modified_gmt":"2026-01-15T08:31:33","slug":"linara-mountain-family-stay","status":"publish","type":"page","link":"https:\/\/www.italyfamilyhotels.it\/fr\/hotels\/linara-mountain-family-stay","title":{"rendered":"linara mountain family stay"},"content":{"rendered":"\n<p>La montagne dans sa forme la plus authentique et la beaut\u00e9 des sommets du Tyrol du Sud qui s\u00e9duisent au premier coup d\u2019\u0153il\u00a0: au <b>linara mountain family stay<\/b> de <b>Valles<\/b>, nous vous attendons pour faire vivre \u00e0 votre famille des journ\u00e9es en contact \u00e9troit avec la nature.<\/p>\n\n\n\n<p>Pour les enfants, nous avons cr\u00e9\u00e9 un monde magique o\u00f9 se m\u00ealent amour des animaux, jeu et aventure. \u00c0 <b>Bioland<\/b>, notre exploitation agricole certifi\u00e9e, ils apprennent l\u2019approche avec les animaux, tandis que sur le grand <b>pr\u00e9 de 6 hectares<\/b> qui entoure l&#039;h\u00f4tel &#8211; avec un <b>labyrinthe de ma\u00efs<\/b>, <b>jardin<\/b> d\u2019herbes aromatiques, <b>rucher<\/b> didactique, buissons de baies et arbres clairsem\u00e9s &#8211; ils vivent des exp\u00e9riences authentiques en toute s\u00e9curit\u00e9. Et puis il y a<b> lina&#039;s hut<\/b>, <b>la cabane des jeux<\/b> sur deux \u00e9tages, une ferme de 120 m\u00b2 divis\u00e9e en zones th\u00e9matiques pour les <b>enfants \u00e2g\u00e9s de 3 \u00e0 13 ans<\/b>. Tout cela, avec Petra et Miriam, deux <b>\u00e9ducatrices professionnelles<\/b> qui, du lundi au vendredi, <b>de 9h \u00e0 17h<\/b>, prennent soin avec amour et attention de tous les enfants clients de l\u2019h\u00f4tel, en s\u2019occupant \u00e9galement du <b>d\u00e9jeuner <\/b>qui est toujours compris pour les petits !<\/p>\n\n\n\n<p>Ainsi, pendant qu\u2019ils se r\u00e9galent dans les <b>ateliers <\/b>cr\u00e9atifs ou <b>p\u00e9trissent le pain<\/b>, ils visitent la <b>ferme p\u00e9dagogique <\/b>ou s\u2019adonnent \u00e0 la <b>chasse au tr\u00e9sor<\/b>, vous pouvez vous d\u00e9tendre dans notre <b>Spa<\/b>. Si vous pr\u00e9f\u00e9rez la <b>piscine<\/b>, vous trouverez ici une <b>piscine int\u00e9rieure chauff\u00e9e<\/b> avec vue panoramique, parfaite pour toute la famille, et une <b>piscine pour b\u00e9b\u00e9s<\/b> de seulement 25 cm de haut, avec toboggan et jeux d\u2019eau.<\/p>\n\n\n\n<p>En vacances, aimez-vous partager chaque moment avec toute la famille\u00a0? Ici les occasions ne manquent pas. En \u00e9t\u00e9, vous pouvez faire des <b>randonn\u00e9es <\/b>sur les sentiers de la vall\u00e9e de Valles m\u00eame avec <b>poussette <\/b>ou <b>porte-b\u00e9b\u00e9<\/b>, \u00e0 <b>louer gratuitement<\/b> chez nous, tandis qu\u2019en hiver, vous pouvez choisir entre <b>ski<\/b>, <b>luge<\/b>, <b>raquettes<\/b>. En outre, il y a le <b>lara&#039;s adventure park<\/b> derri\u00e8re l\u2019h\u00f4tel, loin de la circulation, avec trampoline, pumptrack, parc des mini-v\u00e9hicules (que nous rempla\u00e7ons par des bobsleighs et des tra\u00eeneaux en hiver)\u00a0: apportez avec vous quelque chose \u00e0 boire du bar et installez-vous sur les bancs pendant que vos enfants s\u2019amusent. Bien s\u00fbr, il y a un espace d\u00e9di\u00e9 aux enfants plus \u00e2g\u00e9s, la <b>zone de lara<\/b>, tr\u00e8s aim\u00e9e m\u00eame par les parents. Car chez nous, tout le monde retrouve l\u2019envie de redevenir enfant !<\/p>\n","protected":false},"excerpt":{"rendered":"<p>La montagne dans sa forme la plus authentique et la beaut\u00e9 des sommets du Tyrol du Sud qui s\u00e9duisent au premier coup d\u2019\u0153il\u00a0: au linara mountain family stay de Valles, nous vous attendons pour faire vivre \u00e0 votre famille des journ\u00e9es en contact \u00e9troit avec la nature. Pour les enfants, nous avons cr\u00e9\u00e9 un monde &hellip;<\/p>\n","protected":false},"author":1,"featured_media":0,"parent":29729,"menu_order":0,"comment_status":"closed","ping_status":"closed","template":"page-templates\/scheda_hotel.php","meta":{"_acf_changed":false,"inline_featured_image":false,"footnotes":""},"class_list":["post-72004","page","type-page","status-publish","hentry"],"acf":[],"yoast_head":"<!-- This site is optimized with the Yoast SEO plugin v27.1 - https:\/\/yoast.com\/product\/yoast-seo-wordpress\/ -->\n<title>linara mountain family stay 3 \u00e9toiles, Valles - Italy Family Hotels<\/title>\n<meta name=\"description\" content=\"Envie de vacances en famille\u00a0? D\u00e9couvrez les offres pour les familles du linara mountain family stay de Valles\" \/>\n<meta name=\"robots\" content=\"index, follow, max-snippet:-1, max-image-preview:large, max-video-preview:-1\" \/>\n<link rel=\"canonical\" href=\"https:\/\/www.italyfamilyhotels.it\/fr\/hotels\/linara-mountain-family-stay\" \/>\n<meta property=\"og:locale\" content=\"fr_FR\" \/>\n<meta property=\"og:type\" content=\"article\" \/>\n<meta property=\"og:title\" content=\"linara mountain family stay 3 \u00e9toiles, Valles - Italy Family Hotels\" \/>\n<meta property=\"og:description\" content=\"Envie de vacances en famille\u00a0? D\u00e9couvrez les offres pour les familles du linara mountain family stay de Valles\" \/>\n<meta property=\"og:url\" content=\"https:\/\/www.italyfamilyhotels.it\/fr\/hotels\/linara-mountain-family-stay\" \/>\n<meta property=\"og:site_name\" content=\"Italy Family Hotels\" \/>\n<meta property=\"article:publisher\" content=\"https:\/\/www.facebook.com\/ItalyFamilyHotels\/\" \/>\n<meta property=\"article:modified_time\" content=\"2026-01-15T08:31:33+00:00\" \/>\n<meta name=\"twitter:card\" content=\"summary_large_image\" \/>\n<meta name=\"twitter:label1\" content=\"Dur\u00e9e de lecture estim\u00e9e\" \/>\n\t<meta name=\"twitter:data1\" content=\"2 minutes\" \/>\n<script type=\"application\/ld+json\" class=\"yoast-schema-graph\">{\"@context\":\"https:\/\/schema.org\",\"@graph\":[{\"@type\":\"WebPage\",\"@id\":\"https:\/\/www.italyfamilyhotels.it\/fr\/hotels\/linara-mountain-family-stay\",\"url\":\"https:\/\/www.italyfamilyhotels.it\/fr\/hotels\/linara-mountain-family-stay\",\"name\":\"linara mountain family stay 3 \u00e9toiles, Valles - Italy Family Hotels\",\"isPartOf\":{\"@id\":\"https:\/\/www.italyfamilyhotels.it\/#website\"},\"datePublished\":\"2025-10-27T14:10:16+00:00\",\"dateModified\":\"2026-01-15T08:31:33+00:00\",\"description\":\"Envie de vacances en famille\u00a0? D\u00e9couvrez les offres pour les familles du linara mountain family stay de Valles\",\"breadcrumb\":{\"@id\":\"https:\/\/www.italyfamilyhotels.it\/fr\/hotels\/linara-mountain-family-stay#breadcrumb\"},\"inLanguage\":\"fr-FR\",\"potentialAction\":[{\"@type\":\"ReadAction\",\"target\":[\"https:\/\/www.italyfamilyhotels.it\/fr\/hotels\/linara-mountain-family-stay\"]}]},{\"@type\":\"BreadcrumbList\",\"@id\":\"https:\/\/www.italyfamilyhotels.it\/fr\/hotels\/linara-mountain-family-stay#breadcrumb\",\"itemListElement\":[{\"@type\":\"ListItem\",\"position\":1,\"name\":\"Home\",\"item\":\"https:\/\/www.italyfamilyhotels.it\/fr\"},{\"@type\":\"ListItem\",\"position\":2,\"name\":\"Family Hotels\",\"item\":\"https:\/\/www.italyfamilyhotels.it\/fr\/hotels\"},{\"@type\":\"ListItem\",\"position\":3,\"name\":\"linara mountain family stay\"}]},{\"@type\":\"WebSite\",\"@id\":\"https:\/\/www.italyfamilyhotels.it\/#website\",\"url\":\"https:\/\/www.italyfamilyhotels.it\/\",\"name\":\"Italy Family Hotels\",\"description\":\"\",\"potentialAction\":[{\"@type\":\"SearchAction\",\"target\":{\"@type\":\"EntryPoint\",\"urlTemplate\":\"https:\/\/www.italyfamilyhotels.it\/?s={search_term_string}\"},\"query-input\":{\"@type\":\"PropertyValueSpecification\",\"valueRequired\":true,\"valueName\":\"search_term_string\"}}],\"inLanguage\":\"fr-FR\"}]}<\/script>\n<!-- \/ Yoast SEO plugin. -->","yoast_head_json":{"title":"linara mountain family stay 3 \u00e9toiles, Valles - Italy Family Hotels","description":"Envie de vacances en famille\u00a0? D\u00e9couvrez les offres pour les familles du linara mountain family stay de Valles","robots":{"index":"index","follow":"follow","max-snippet":"max-snippet:-1","max-image-preview":"max-image-preview:large","max-video-preview":"max-video-preview:-1"},"canonical":"https:\/\/www.italyfamilyhotels.it\/fr\/hotels\/linara-mountain-family-stay","og_locale":"fr_FR","og_type":"article","og_title":"linara mountain family stay 3 \u00e9toiles, Valles - Italy Family Hotels","og_description":"Envie de vacances en famille\u00a0? D\u00e9couvrez les offres pour les familles du linara mountain family stay de Valles","og_url":"https:\/\/www.italyfamilyhotels.it\/fr\/hotels\/linara-mountain-family-stay","og_site_name":"Italy Family Hotels","article_publisher":"https:\/\/www.facebook.com\/ItalyFamilyHotels\/","article_modified_time":"2026-01-15T08:31:33+00:00","twitter_card":"summary_large_image","twitter_misc":{"Dur\u00e9e de lecture estim\u00e9e":"2 minutes"},"schema":{"@context":"https:\/\/schema.org","@graph":[{"@type":"WebPage","@id":"https:\/\/www.italyfamilyhotels.it\/fr\/hotels\/linara-mountain-family-stay","url":"https:\/\/www.italyfamilyhotels.it\/fr\/hotels\/linara-mountain-family-stay","name":"linara mountain family stay 3 \u00e9toiles, Valles - Italy Family Hotels","isPartOf":{"@id":"https:\/\/www.italyfamilyhotels.it\/#website"},"datePublished":"2025-10-27T14:10:16+00:00","dateModified":"2026-01-15T08:31:33+00:00","description":"Envie de vacances en famille\u00a0? D\u00e9couvrez les offres pour les familles du linara mountain family stay de Valles","breadcrumb":{"@id":"https:\/\/www.italyfamilyhotels.it\/fr\/hotels\/linara-mountain-family-stay#breadcrumb"},"inLanguage":"fr-FR","potentialAction":[{"@type":"ReadAction","target":["https:\/\/www.italyfamilyhotels.it\/fr\/hotels\/linara-mountain-family-stay"]}]},{"@type":"BreadcrumbList","@id":"https:\/\/www.italyfamilyhotels.it\/fr\/hotels\/linara-mountain-family-stay#breadcrumb","itemListElement":[{"@type":"ListItem","position":1,"name":"Home","item":"https:\/\/www.italyfamilyhotels.it\/fr"},{"@type":"ListItem","position":2,"name":"Family Hotels","item":"https:\/\/www.italyfamilyhotels.it\/fr\/hotels"},{"@type":"ListItem","position":3,"name":"linara mountain family stay"}]},{"@type":"WebSite","@id":"https:\/\/www.italyfamilyhotels.it\/#website","url":"https:\/\/www.italyfamilyhotels.it\/","name":"Italy Family Hotels","description":"","potentialAction":[{"@type":"SearchAction","target":{"@type":"EntryPoint","urlTemplate":"https:\/\/www.italyfamilyhotels.it\/?s={search_term_string}"},"query-input":{"@type":"PropertyValueSpecification","valueRequired":true,"valueName":"search_term_string"}}],"inLanguage":"fr-FR"}]}},"_links":{"self":[{"href":"https:\/\/www.italyfamilyhotels.it\/fr\/wp-json\/wp\/v2\/pages\/72004","targetHints":{"allow":["GET"]}}],"collection":[{"href":"https:\/\/www.italyfamilyhotels.it\/fr\/wp-json\/wp\/v2\/pages"}],"about":[{"href":"https:\/\/www.italyfamilyhotels.it\/fr\/wp-json\/wp\/v2\/types\/page"}],"author":[{"embeddable":true,"href":"https:\/\/www.italyfamilyhotels.it\/fr\/wp-json\/wp\/v2\/users\/1"}],"replies":[{"embeddable":true,"href":"https:\/\/www.italyfamilyhotels.it\/fr\/wp-json\/wp\/v2\/comments?post=72004"}],"version-history":[{"count":4,"href":"https:\/\/www.italyfamilyhotels.it\/fr\/wp-json\/wp\/v2\/pages\/72004\/revisions"}],"predecessor-version":[{"id":73743,"href":"https:\/\/www.italyfamilyhotels.it\/fr\/wp-json\/wp\/v2\/pages\/72004\/revisions\/73743"}],"up":[{"embeddable":true,"href":"https:\/\/www.italyfamilyhotels.it\/fr\/wp-json\/wp\/v2\/pages\/29729"}],"wp:attachment":[{"href":"https:\/\/www.italyfamilyhotels.it\/fr\/wp-json\/wp\/v2\/media?parent=72004"}],"curies":[{"name":"wp","href":"https:\/\/api.w.org\/{rel}","templated":true}]}}