{"id":70718,"date":"2025-07-15T13:01:23","date_gmt":"2025-07-15T11:01:23","guid":{"rendered":"https:\/\/www.italyfamilyhotels.it\/destinations\/pouilles\/family-hotels-a-ugento"},"modified":"2025-07-15T13:01:24","modified_gmt":"2025-07-15T11:01:24","slug":"family-hotels-a-ugento","status":"publish","type":"page","link":"https:\/\/www.italyfamilyhotels.it\/fr\/destinations\/pouilles\/family-hotels-a-ugento","title":{"rendered":"Family Hotels \u00e0 Ugento"},"content":{"rendered":"\n<p>Le <b>Parc Naturel R\u00e9gional Littoral d\u2019Ugento<\/b> est l\u2019une des zones les plus belles du <b>Salento<\/b>, avec diff\u00e9rents habitats naturels, tous charmants. Il y a la c\u00f4te avec les <b>dunes de sable dor\u00e9<\/b>, le <b>maquis m\u00e9diterran\u00e9en<\/b> avec ses arbustes aromatiques, les pins, les oliviers et les zones humides avec des tourelles pour observer des oiseaux\u00a0: parfaits \u00e0 explorer avec les enfants \u00e0 un rythme lent en v\u00e9lo, \u00e0 pied ou \u00e0 cheval, pendant des <b>vacances dans le Salento<\/b>.<\/p>\n\n\n\n<p>Ici la c\u00f4te ionienne est vraiment d\u2019une beaut\u00e9 incomparable et de longues \u00e9tendues de sable fin et une mer cristalline, offrent <b>des journ\u00e9es \u00e0 la plage<\/b> inoubliables pour les <b>grands et les petits<\/b>.<\/p>\n\n\n\n<p>\u00c0 mi-chemin entre <b>Gallipoli <\/b>et <b>Santa Maria di Leuca<\/b>, Ugento se trouve dans une position strat\u00e9gique pour partir sac \u00e0 dos et aller d\u00e9couvrir la p\u00e9ninsule du Salento, un tr\u00e9sor de beaut\u00e9s et de traditions uniques.<\/p>\n","protected":false},"excerpt":{"rendered":"<p>Le Parc Naturel R\u00e9gional Littoral d\u2019Ugento est l\u2019une des zones les plus belles du Salento, avec diff\u00e9rents habitats naturels, tous charmants. Il y a la c\u00f4te avec les dunes de sable dor\u00e9, le maquis m\u00e9diterran\u00e9en avec ses arbustes aromatiques, les pins, les oliviers et les zones humides avec des tourelles pour observer des oiseaux\u00a0: parfaits &hellip;<\/p>\n","protected":false},"author":167,"featured_media":0,"parent":43579,"menu_order":0,"comment_status":"closed","ping_status":"closed","template":"page-templates\/scheda_localita.php","meta":{"_acf_changed":false,"inline_featured_image":false,"footnotes":""},"class_list":["post-70718","page","type-page","status-publish","hentry"],"acf":[],"yoast_head":"<!-- This site is optimized with the Yoast SEO plugin v27.1 - https:\/\/yoast.com\/product\/yoast-seo-wordpress\/ -->\n<title>H\u00f4tels pour Familles \u00e0 Ugento : les meilleurs Family Hotels dans le Salento<\/title>\n<meta name=\"description\" content=\"Envie de vacances avec des enfants dans les Pouilles\u00a0\u00a0? Nous avons s\u00e9lectionn\u00e9 les meilleurs family hotels \u00e0 Ugento, dans le Salento\" \/>\n<meta name=\"robots\" content=\"index, follow, max-snippet:-1, max-image-preview:large, max-video-preview:-1\" \/>\n<link rel=\"canonical\" href=\"https:\/\/www.italyfamilyhotels.it\/fr\/destinations\/pouilles\/family-hotels-a-ugento\" \/>\n<meta property=\"og:locale\" content=\"fr_FR\" \/>\n<meta property=\"og:type\" content=\"article\" \/>\n<meta property=\"og:title\" content=\"H\u00f4tels pour Familles \u00e0 Ugento : les meilleurs Family Hotels dans le Salento\" \/>\n<meta property=\"og:description\" content=\"Envie de vacances avec des enfants dans les Pouilles\u00a0\u00a0? Nous avons s\u00e9lectionn\u00e9 les meilleurs family hotels \u00e0 Ugento, dans le Salento\" \/>\n<meta property=\"og:url\" content=\"https:\/\/www.italyfamilyhotels.it\/fr\/destinations\/pouilles\/family-hotels-a-ugento\" \/>\n<meta property=\"og:site_name\" content=\"Italy Family Hotels\" \/>\n<meta property=\"article:publisher\" content=\"https:\/\/www.facebook.com\/ItalyFamilyHotels\/\" \/>\n<meta property=\"article:modified_time\" content=\"2025-07-15T11:01:24+00:00\" \/>\n<meta name=\"twitter:card\" content=\"summary_large_image\" \/>\n<meta name=\"twitter:label1\" content=\"Dur\u00e9e de lecture estim\u00e9e\" \/>\n\t<meta name=\"twitter:data1\" content=\"1 minute\" \/>\n<script type=\"application\/ld+json\" class=\"yoast-schema-graph\">{\"@context\":\"https:\/\/schema.org\",\"@graph\":[{\"@type\":\"WebPage\",\"@id\":\"https:\/\/www.italyfamilyhotels.it\/fr\/destinations\/pouilles\/family-hotels-a-ugento\",\"url\":\"https:\/\/www.italyfamilyhotels.it\/fr\/destinations\/pouilles\/family-hotels-a-ugento\",\"name\":\"H\u00f4tels pour Familles \u00e0 Ugento : les meilleurs Family Hotels dans le Salento\",\"isPartOf\":{\"@id\":\"https:\/\/www.italyfamilyhotels.it\/#website\"},\"datePublished\":\"2025-07-15T11:01:23+00:00\",\"dateModified\":\"2025-07-15T11:01:24+00:00\",\"description\":\"Envie de vacances avec des enfants dans les Pouilles\u00a0\u00a0? Nous avons s\u00e9lectionn\u00e9 les meilleurs family hotels \u00e0 Ugento, dans le Salento\",\"breadcrumb\":{\"@id\":\"https:\/\/www.italyfamilyhotels.it\/fr\/destinations\/pouilles\/family-hotels-a-ugento#breadcrumb\"},\"inLanguage\":\"fr-FR\",\"potentialAction\":[{\"@type\":\"ReadAction\",\"target\":[\"https:\/\/www.italyfamilyhotels.it\/fr\/destinations\/pouilles\/family-hotels-a-ugento\"]}]},{\"@type\":\"BreadcrumbList\",\"@id\":\"https:\/\/www.italyfamilyhotels.it\/fr\/destinations\/pouilles\/family-hotels-a-ugento#breadcrumb\",\"itemListElement\":[{\"@type\":\"ListItem\",\"position\":1,\"name\":\"Home\",\"item\":\"https:\/\/www.italyfamilyhotels.it\/fr\"},{\"@type\":\"ListItem\",\"position\":2,\"name\":\"Destinations\",\"item\":\"https:\/\/www.italyfamilyhotels.it\/fr\/destinations\"},{\"@type\":\"ListItem\",\"position\":3,\"name\":\"Pouilles\",\"item\":\"https:\/\/www.italyfamilyhotels.it\/fr\/destinations\/pouilles\"},{\"@type\":\"ListItem\",\"position\":4,\"name\":\"Family Hotels \u00e0 Ugento\"}]},{\"@type\":\"WebSite\",\"@id\":\"https:\/\/www.italyfamilyhotels.it\/#website\",\"url\":\"https:\/\/www.italyfamilyhotels.it\/\",\"name\":\"Italy Family Hotels\",\"description\":\"\",\"potentialAction\":[{\"@type\":\"SearchAction\",\"target\":{\"@type\":\"EntryPoint\",\"urlTemplate\":\"https:\/\/www.italyfamilyhotels.it\/?s={search_term_string}\"},\"query-input\":{\"@type\":\"PropertyValueSpecification\",\"valueRequired\":true,\"valueName\":\"search_term_string\"}}],\"inLanguage\":\"fr-FR\"}]}<\/script>\n<!-- \/ Yoast SEO plugin. -->","yoast_head_json":{"title":"H\u00f4tels pour Familles \u00e0 Ugento : les meilleurs Family Hotels dans le Salento","description":"Envie de vacances avec des enfants dans les Pouilles\u00a0\u00a0? Nous avons s\u00e9lectionn\u00e9 les meilleurs family hotels \u00e0 Ugento, dans le Salento","robots":{"index":"index","follow":"follow","max-snippet":"max-snippet:-1","max-image-preview":"max-image-preview:large","max-video-preview":"max-video-preview:-1"},"canonical":"https:\/\/www.italyfamilyhotels.it\/fr\/destinations\/pouilles\/family-hotels-a-ugento","og_locale":"fr_FR","og_type":"article","og_title":"H\u00f4tels pour Familles \u00e0 Ugento : les meilleurs Family Hotels dans le Salento","og_description":"Envie de vacances avec des enfants dans les Pouilles\u00a0\u00a0? Nous avons s\u00e9lectionn\u00e9 les meilleurs family hotels \u00e0 Ugento, dans le Salento","og_url":"https:\/\/www.italyfamilyhotels.it\/fr\/destinations\/pouilles\/family-hotels-a-ugento","og_site_name":"Italy Family Hotels","article_publisher":"https:\/\/www.facebook.com\/ItalyFamilyHotels\/","article_modified_time":"2025-07-15T11:01:24+00:00","twitter_card":"summary_large_image","twitter_misc":{"Dur\u00e9e de lecture estim\u00e9e":"1 minute"},"schema":{"@context":"https:\/\/schema.org","@graph":[{"@type":"WebPage","@id":"https:\/\/www.italyfamilyhotels.it\/fr\/destinations\/pouilles\/family-hotels-a-ugento","url":"https:\/\/www.italyfamilyhotels.it\/fr\/destinations\/pouilles\/family-hotels-a-ugento","name":"H\u00f4tels pour Familles \u00e0 Ugento : les meilleurs Family Hotels dans le Salento","isPartOf":{"@id":"https:\/\/www.italyfamilyhotels.it\/#website"},"datePublished":"2025-07-15T11:01:23+00:00","dateModified":"2025-07-15T11:01:24+00:00","description":"Envie de vacances avec des enfants dans les Pouilles\u00a0\u00a0? Nous avons s\u00e9lectionn\u00e9 les meilleurs family hotels \u00e0 Ugento, dans le Salento","breadcrumb":{"@id":"https:\/\/www.italyfamilyhotels.it\/fr\/destinations\/pouilles\/family-hotels-a-ugento#breadcrumb"},"inLanguage":"fr-FR","potentialAction":[{"@type":"ReadAction","target":["https:\/\/www.italyfamilyhotels.it\/fr\/destinations\/pouilles\/family-hotels-a-ugento"]}]},{"@type":"BreadcrumbList","@id":"https:\/\/www.italyfamilyhotels.it\/fr\/destinations\/pouilles\/family-hotels-a-ugento#breadcrumb","itemListElement":[{"@type":"ListItem","position":1,"name":"Home","item":"https:\/\/www.italyfamilyhotels.it\/fr"},{"@type":"ListItem","position":2,"name":"Destinations","item":"https:\/\/www.italyfamilyhotels.it\/fr\/destinations"},{"@type":"ListItem","position":3,"name":"Pouilles","item":"https:\/\/www.italyfamilyhotels.it\/fr\/destinations\/pouilles"},{"@type":"ListItem","position":4,"name":"Family Hotels \u00e0 Ugento"}]},{"@type":"WebSite","@id":"https:\/\/www.italyfamilyhotels.it\/#website","url":"https:\/\/www.italyfamilyhotels.it\/","name":"Italy Family Hotels","description":"","potentialAction":[{"@type":"SearchAction","target":{"@type":"EntryPoint","urlTemplate":"https:\/\/www.italyfamilyhotels.it\/?s={search_term_string}"},"query-input":{"@type":"PropertyValueSpecification","valueRequired":true,"valueName":"search_term_string"}}],"inLanguage":"fr-FR"}]}},"_links":{"self":[{"href":"https:\/\/www.italyfamilyhotels.it\/fr\/wp-json\/wp\/v2\/pages\/70718","targetHints":{"allow":["GET"]}}],"collection":[{"href":"https:\/\/www.italyfamilyhotels.it\/fr\/wp-json\/wp\/v2\/pages"}],"about":[{"href":"https:\/\/www.italyfamilyhotels.it\/fr\/wp-json\/wp\/v2\/types\/page"}],"author":[{"embeddable":true,"href":"https:\/\/www.italyfamilyhotels.it\/fr\/wp-json\/wp\/v2\/users\/167"}],"replies":[{"embeddable":true,"href":"https:\/\/www.italyfamilyhotels.it\/fr\/wp-json\/wp\/v2\/comments?post=70718"}],"version-history":[{"count":1,"href":"https:\/\/www.italyfamilyhotels.it\/fr\/wp-json\/wp\/v2\/pages\/70718\/revisions"}],"predecessor-version":[{"id":70719,"href":"https:\/\/www.italyfamilyhotels.it\/fr\/wp-json\/wp\/v2\/pages\/70718\/revisions\/70719"}],"up":[{"embeddable":true,"href":"https:\/\/www.italyfamilyhotels.it\/fr\/wp-json\/wp\/v2\/pages\/43579"}],"wp:attachment":[{"href":"https:\/\/www.italyfamilyhotels.it\/fr\/wp-json\/wp\/v2\/media?parent=70718"}],"curies":[{"name":"wp","href":"https:\/\/api.w.org\/{rel}","templated":true}]}}