{"id":70695,"date":"2025-07-15T13:00:00","date_gmt":"2025-07-15T11:00:00","guid":{"rendered":"https:\/\/www.italyfamilyhotels.it\/offres\/trentin-haut-adige\/family-hotels-a-lavarone"},"modified":"2025-07-15T13:00:02","modified_gmt":"2025-07-15T11:00:02","slug":"family-hotels-a-lavarone","status":"publish","type":"page","link":"https:\/\/www.italyfamilyhotels.it\/fr\/offres\/trentin-haut-adige\/family-hotels-a-lavarone","title":{"rendered":"Family Hotels \u00e0 Lavarone"},"content":{"rendered":"\n<p>Dans le cadre spectaculaire des Dolomites<b>, Lavarone <\/b>est une des quatre communes de l\u2019<b>Alpe Cimbra<\/b> : des paysages incroyables et une nature intacte, qui fusionnent avec l\u2019histoire, la curiosit\u00e9 et les traditions anciennes. C\u2019est un lieu \u00e0 l\u2019histoire illustre, la destination privil\u00e9gi\u00e9e de l\u2019aristocratie viennoise pendant la Belle \u00c9poque, avec de nombreuses propositions et des activit\u00e9s pour les grands et les petits, en toutes saisons.<\/p>\n\n\n\n<p>C\u2019est une terre de fronti\u00e8re parsem\u00e9e de fortifications militaires, comme la <b>Forteresse Gschwent<\/b>, d&#039;origine austro-hongroise qui compte parmi les mieux conserv\u00e9es ; elle abrite aujourd\u2019hui un <b>Mus\u00e9e innovant consacr\u00e9 \u00e0 la Premi\u00e8re Guerre Mondiale<\/b>, qui sait aussi capter l\u2019attention des enfants avec ses <b>installations multim\u00e9dias<\/b>.<\/p>\n\n\n\n<p>La perle du plateau de Lavarone est son <b>lac aux eaux cristallines<\/b> et Pavillon Bleu avec deux plages \u00e9quip\u00e9es et des <b>sentiers dans la verdure<\/b>. En hiver le lac glac\u00e9 devient une <b>piste de patinage<\/b> dans un magnifique paysage enneig\u00e9.<\/p>\n\n\n\n<p>Les charmants <b>sentiers th\u00e9matiques<\/b> repr\u00e9sentent une attraction \u00e0 ne pas manquer pour les familles. Le <b>Souffle des Arbres<\/b> est un <b>parcours fascinant d\u2019Art Environnemental<\/b> : le long du sentier sont diss\u00e9min\u00e9es de nombreuses sculptures qui s\u2019int\u00e8grent au paysage et cr\u00e9ent une atmosph\u00e8re magique. Le <b>Sentier des Sources <\/b>est une promenade \u00e0 la d\u00e9couverte d\u2019<b>anciennes fontaines et de sources<\/b>, dot\u00e9e de panneaux explicatifs qui parlent d&#039;histoires et de curiosit\u00e9s. <b>Un saut dans la for\u00eat (Quattro salti nel bosco)<\/b> est un parcours en boucle \u00e0 la d\u00e9couverte des animaux qui peuplent la for\u00eat avec d\u2019amusantes devinettes \u00e0 r\u00e9soudre. Enfin, <b>le Sentier du Dragon <\/b>m\u00e8ne jusqu\u2019au majestueux Dragon Ail\u00e9 de Vaia, une sculpture imposante et symbolique de 7 m\u00e8tres de haut.<\/p>\n","protected":false},"excerpt":{"rendered":"<p>Dans le cadre spectaculaire des Dolomites, Lavarone est une des quatre communes de l\u2019Alpe Cimbra : des paysages incroyables et une nature intacte, qui fusionnent avec l\u2019histoire, la curiosit\u00e9 et les traditions anciennes. C\u2019est un lieu \u00e0 l\u2019histoire illustre, la destination privil\u00e9gi\u00e9e de l\u2019aristocratie viennoise pendant la Belle \u00c9poque, avec de nombreuses propositions et des &hellip;<\/p>\n","protected":false},"author":167,"featured_media":0,"parent":44148,"menu_order":0,"comment_status":"closed","ping_status":"closed","template":"page-templates\/scheda_localita.php","meta":{"_acf_changed":false,"inline_featured_image":false,"footnotes":""},"class_list":["post-70695","page","type-page","status-publish","hentry"],"acf":[],"yoast_head":"<!-- This site is optimized with the Yoast SEO plugin v27.1 - https:\/\/yoast.com\/product\/yoast-seo-wordpress\/ -->\n<title>H\u00f4tels pour familles \u00e0 Lavorone : les meilleurs Family Hotels \u00e0 Lavarone<\/title>\n<meta name=\"description\" content=\"Envie des vacances avec les enfants dans le Trentin Haut-Adige\u00a0? Nous avons s\u00e9lectionn\u00e9 les meilleurs family hotels \u00e0 Lavarone\u00a0!\" \/>\n<meta name=\"robots\" content=\"index, follow, max-snippet:-1, max-image-preview:large, max-video-preview:-1\" \/>\n<link rel=\"canonical\" href=\"https:\/\/www.italyfamilyhotels.it\/fr\/offres\/trentin-haut-adige\/family-hotels-a-lavarone\" \/>\n<meta property=\"og:locale\" content=\"fr_FR\" \/>\n<meta property=\"og:type\" content=\"article\" \/>\n<meta property=\"og:title\" content=\"H\u00f4tels pour familles \u00e0 Lavorone : les meilleurs Family Hotels \u00e0 Lavarone\" \/>\n<meta property=\"og:description\" content=\"Envie des vacances avec les enfants dans le Trentin Haut-Adige\u00a0? Nous avons s\u00e9lectionn\u00e9 les meilleurs family hotels \u00e0 Lavarone\u00a0!\" \/>\n<meta property=\"og:url\" content=\"https:\/\/www.italyfamilyhotels.it\/fr\/offres\/trentin-haut-adige\/family-hotels-a-lavarone\" \/>\n<meta property=\"og:site_name\" content=\"Italy Family Hotels\" \/>\n<meta property=\"article:publisher\" content=\"https:\/\/www.facebook.com\/ItalyFamilyHotels\/\" \/>\n<meta property=\"article:modified_time\" content=\"2025-07-15T11:00:02+00:00\" \/>\n<meta name=\"twitter:card\" content=\"summary_large_image\" \/>\n<meta name=\"twitter:label1\" content=\"Dur\u00e9e de lecture estim\u00e9e\" \/>\n\t<meta name=\"twitter:data1\" content=\"1 minute\" \/>\n<script type=\"application\/ld+json\" class=\"yoast-schema-graph\">{\"@context\":\"https:\/\/schema.org\",\"@graph\":[{\"@type\":\"WebPage\",\"@id\":\"https:\/\/www.italyfamilyhotels.it\/fr\/offres\/trentin-haut-adige\/family-hotels-a-lavarone\",\"url\":\"https:\/\/www.italyfamilyhotels.it\/fr\/offres\/trentin-haut-adige\/family-hotels-a-lavarone\",\"name\":\"H\u00f4tels pour familles \u00e0 Lavorone : les meilleurs Family Hotels \u00e0 Lavarone\",\"isPartOf\":{\"@id\":\"https:\/\/www.italyfamilyhotels.it\/#website\"},\"datePublished\":\"2025-07-15T11:00:00+00:00\",\"dateModified\":\"2025-07-15T11:00:02+00:00\",\"description\":\"Envie des vacances avec les enfants dans le Trentin Haut-Adige\u00a0? Nous avons s\u00e9lectionn\u00e9 les meilleurs family hotels \u00e0 Lavarone\u00a0!\",\"breadcrumb\":{\"@id\":\"https:\/\/www.italyfamilyhotels.it\/fr\/offres\/trentin-haut-adige\/family-hotels-a-lavarone#breadcrumb\"},\"inLanguage\":\"fr-FR\",\"potentialAction\":[{\"@type\":\"ReadAction\",\"target\":[\"https:\/\/www.italyfamilyhotels.it\/fr\/offres\/trentin-haut-adige\/family-hotels-a-lavarone\"]}]},{\"@type\":\"BreadcrumbList\",\"@id\":\"https:\/\/www.italyfamilyhotels.it\/fr\/offres\/trentin-haut-adige\/family-hotels-a-lavarone#breadcrumb\",\"itemListElement\":[{\"@type\":\"ListItem\",\"position\":1,\"name\":\"Home\",\"item\":\"https:\/\/www.italyfamilyhotels.it\/fr\"},{\"@type\":\"ListItem\",\"position\":2,\"name\":\"Offres\",\"item\":\"https:\/\/www.italyfamilyhotels.it\/fr\/offres\"},{\"@type\":\"ListItem\",\"position\":3,\"name\":\"Trentin Haut-Adige\",\"item\":\"https:\/\/www.italyfamilyhotels.it\/fr\/offres\/trentin-haut-adige\"},{\"@type\":\"ListItem\",\"position\":4,\"name\":\"Family Hotels \u00e0 Lavarone\"}]},{\"@type\":\"WebSite\",\"@id\":\"https:\/\/www.italyfamilyhotels.it\/#website\",\"url\":\"https:\/\/www.italyfamilyhotels.it\/\",\"name\":\"Italy Family Hotels\",\"description\":\"\",\"potentialAction\":[{\"@type\":\"SearchAction\",\"target\":{\"@type\":\"EntryPoint\",\"urlTemplate\":\"https:\/\/www.italyfamilyhotels.it\/?s={search_term_string}\"},\"query-input\":{\"@type\":\"PropertyValueSpecification\",\"valueRequired\":true,\"valueName\":\"search_term_string\"}}],\"inLanguage\":\"fr-FR\"}]}<\/script>\n<!-- \/ Yoast SEO plugin. -->","yoast_head_json":{"title":"H\u00f4tels pour familles \u00e0 Lavorone : les meilleurs Family Hotels \u00e0 Lavarone","description":"Envie des vacances avec les enfants dans le Trentin Haut-Adige\u00a0? Nous avons s\u00e9lectionn\u00e9 les meilleurs family hotels \u00e0 Lavarone\u00a0!","robots":{"index":"index","follow":"follow","max-snippet":"max-snippet:-1","max-image-preview":"max-image-preview:large","max-video-preview":"max-video-preview:-1"},"canonical":"https:\/\/www.italyfamilyhotels.it\/fr\/offres\/trentin-haut-adige\/family-hotels-a-lavarone","og_locale":"fr_FR","og_type":"article","og_title":"H\u00f4tels pour familles \u00e0 Lavorone : les meilleurs Family Hotels \u00e0 Lavarone","og_description":"Envie des vacances avec les enfants dans le Trentin Haut-Adige\u00a0? Nous avons s\u00e9lectionn\u00e9 les meilleurs family hotels \u00e0 Lavarone\u00a0!","og_url":"https:\/\/www.italyfamilyhotels.it\/fr\/offres\/trentin-haut-adige\/family-hotels-a-lavarone","og_site_name":"Italy Family Hotels","article_publisher":"https:\/\/www.facebook.com\/ItalyFamilyHotels\/","article_modified_time":"2025-07-15T11:00:02+00:00","twitter_card":"summary_large_image","twitter_misc":{"Dur\u00e9e de lecture estim\u00e9e":"1 minute"},"schema":{"@context":"https:\/\/schema.org","@graph":[{"@type":"WebPage","@id":"https:\/\/www.italyfamilyhotels.it\/fr\/offres\/trentin-haut-adige\/family-hotels-a-lavarone","url":"https:\/\/www.italyfamilyhotels.it\/fr\/offres\/trentin-haut-adige\/family-hotels-a-lavarone","name":"H\u00f4tels pour familles \u00e0 Lavorone : les meilleurs Family Hotels \u00e0 Lavarone","isPartOf":{"@id":"https:\/\/www.italyfamilyhotels.it\/#website"},"datePublished":"2025-07-15T11:00:00+00:00","dateModified":"2025-07-15T11:00:02+00:00","description":"Envie des vacances avec les enfants dans le Trentin Haut-Adige\u00a0? Nous avons s\u00e9lectionn\u00e9 les meilleurs family hotels \u00e0 Lavarone\u00a0!","breadcrumb":{"@id":"https:\/\/www.italyfamilyhotels.it\/fr\/offres\/trentin-haut-adige\/family-hotels-a-lavarone#breadcrumb"},"inLanguage":"fr-FR","potentialAction":[{"@type":"ReadAction","target":["https:\/\/www.italyfamilyhotels.it\/fr\/offres\/trentin-haut-adige\/family-hotels-a-lavarone"]}]},{"@type":"BreadcrumbList","@id":"https:\/\/www.italyfamilyhotels.it\/fr\/offres\/trentin-haut-adige\/family-hotels-a-lavarone#breadcrumb","itemListElement":[{"@type":"ListItem","position":1,"name":"Home","item":"https:\/\/www.italyfamilyhotels.it\/fr"},{"@type":"ListItem","position":2,"name":"Offres","item":"https:\/\/www.italyfamilyhotels.it\/fr\/offres"},{"@type":"ListItem","position":3,"name":"Trentin Haut-Adige","item":"https:\/\/www.italyfamilyhotels.it\/fr\/offres\/trentin-haut-adige"},{"@type":"ListItem","position":4,"name":"Family Hotels \u00e0 Lavarone"}]},{"@type":"WebSite","@id":"https:\/\/www.italyfamilyhotels.it\/#website","url":"https:\/\/www.italyfamilyhotels.it\/","name":"Italy Family Hotels","description":"","potentialAction":[{"@type":"SearchAction","target":{"@type":"EntryPoint","urlTemplate":"https:\/\/www.italyfamilyhotels.it\/?s={search_term_string}"},"query-input":{"@type":"PropertyValueSpecification","valueRequired":true,"valueName":"search_term_string"}}],"inLanguage":"fr-FR"}]}},"_links":{"self":[{"href":"https:\/\/www.italyfamilyhotels.it\/fr\/wp-json\/wp\/v2\/pages\/70695","targetHints":{"allow":["GET"]}}],"collection":[{"href":"https:\/\/www.italyfamilyhotels.it\/fr\/wp-json\/wp\/v2\/pages"}],"about":[{"href":"https:\/\/www.italyfamilyhotels.it\/fr\/wp-json\/wp\/v2\/types\/page"}],"author":[{"embeddable":true,"href":"https:\/\/www.italyfamilyhotels.it\/fr\/wp-json\/wp\/v2\/users\/167"}],"replies":[{"embeddable":true,"href":"https:\/\/www.italyfamilyhotels.it\/fr\/wp-json\/wp\/v2\/comments?post=70695"}],"version-history":[{"count":1,"href":"https:\/\/www.italyfamilyhotels.it\/fr\/wp-json\/wp\/v2\/pages\/70695\/revisions"}],"predecessor-version":[{"id":70696,"href":"https:\/\/www.italyfamilyhotels.it\/fr\/wp-json\/wp\/v2\/pages\/70695\/revisions\/70696"}],"up":[{"embeddable":true,"href":"https:\/\/www.italyfamilyhotels.it\/fr\/wp-json\/wp\/v2\/pages\/44148"}],"wp:attachment":[{"href":"https:\/\/www.italyfamilyhotels.it\/fr\/wp-json\/wp\/v2\/media?parent=70695"}],"curies":[{"name":"wp","href":"https:\/\/api.w.org\/{rel}","templated":true}]}}