{"id":69474,"date":"2025-06-03T08:42:20","date_gmt":"2025-06-03T06:42:20","guid":{"rendered":"https:\/\/www.italyfamilyhotels.it\/hotels\/caminetto-mountain-resort"},"modified":"2025-07-15T12:59:02","modified_gmt":"2025-07-15T10:59:02","slug":"caminetto-mountain-resort","status":"publish","type":"page","link":"https:\/\/www.italyfamilyhotels.it\/fr\/hotels\/caminetto-mountain-resort","title":{"rendered":"Caminetto Mountain Resort"},"content":{"rendered":"\n<p>Vous r\u00eavez de vacances o\u00f9 <b>libert\u00e9 rime avec f\u00e9licit\u00e9<\/b> ? Nous vous attendons \u00e0 bras ouverts au<b> Caminetto Mountain Resort de Lavarone, dans le cadre merveilleux de l&#039;Alpe Cimbra<\/b>. Ici chez nous, l&#039;<b>ancienne tradition de l\u2019hospitalit\u00e9 du Trentin<\/b>, synonyme d\u2019accueil soign\u00e9 et de bonne cuisine, se marie harmonieusement avec une qualit\u00e9 de service unique, con\u00e7ue pour vous garantir ainsi qu\u2019\u00e0 votre famille des <b>vacances insouciantes et heureuses<\/b>.<\/p>\n\n\n\n<p>Les <b>espaces chaleureux<\/b>, la <b>cuisine raffin\u00e9e,<\/b> les <b>chambres confortables et spacieuses<\/b>, le <b>grand jardin<\/b> \u00e9quip\u00e9, la <b>piscine externe et interne<\/b>, la<b> nouvelle salle des jeux pour les enfants<\/b>, le <b>merveilleux spa<\/b> : ne sont que quelques caract\u00e9ristiques qui rendent sp\u00e9cial notre resort en plus de notre engagement \u00e0 transformer vos vacances en un petit r\u00eave entre les sommets.<\/p>\n\n\n\n<p>Nous nous trouvons <b>dans le cadre magnifique du plateau de Lavarone<\/b>, entre les bois et les espaces verts, \u00e0 un kilom\u00e8tre du magnifique lac, tr\u00e8s proches des <b>pistes de ski<\/b> et au d\u00e9part de <b>nombreux sentiers pour les randonn\u00e9es<\/b>. \u00c0 proximit\u00e9 vous trouverez aussi une <b>salle d\u2019escalade<\/b>, un\u00a0<b>centre \u00e9questre<\/b>\u00a0pour des <b>randonn\u00e9es \u00e0 cheval<\/b>, des pistes de\u00a0<b>VTT<\/b>, un terrain de golf. Sur le terrain de sport \u00e0 quelques m\u00e8tres de l\u2019h\u00f4tel, vous pouvez jouer au <b>tennis<\/b>,\u00a0<b>volley-ball <\/b>et au\u00a0<b>football \u00e0 5<\/b>.<\/p>\n\n\n\n<p>Pour le bonheur de vos enfants, il existe de nombreuses attractions \u00e0 ne pas manquer dans les environs, du <b>Dragon Vaia,<\/b> le plus grand d\u2019Europe enti\u00e8rement en bois, au <b>Sentier de l\u2019Imaginaire<\/b> qui illustre la Fable Cimbra jusqu\u2019au d\u00e9licieux <b>Mus\u00e9e du Miel <\/b>\u00e0 d\u00e9couvrir ensemble.<\/p>\n","protected":false},"excerpt":{"rendered":"<p>Vous r\u00eavez de vacances o\u00f9 libert\u00e9 rime avec f\u00e9licit\u00e9 ? Nous vous attendons \u00e0 bras ouverts au Caminetto Mountain Resort de Lavarone, dans le cadre merveilleux de l&#039;Alpe Cimbra. Ici chez nous, l&#039;ancienne tradition de l\u2019hospitalit\u00e9 du Trentin, synonyme d\u2019accueil soign\u00e9 et de bonne cuisine, se marie harmonieusement avec une qualit\u00e9 de service unique, con\u00e7ue &hellip;<\/p>\n","protected":false},"author":1,"featured_media":0,"parent":29729,"menu_order":0,"comment_status":"closed","ping_status":"closed","template":"page-templates\/scheda_hotel.php","meta":{"_acf_changed":false,"inline_featured_image":false,"footnotes":""},"class_list":["post-69474","page","type-page","status-publish","hentry"],"acf":[],"yoast_head":"<!-- This site is optimized with the Yoast SEO plugin v27.1 - https:\/\/yoast.com\/product\/yoast-seo-wordpress\/ -->\n<title>Caminetto Mountain Resort - Italy Family Hotels<\/title>\n<meta name=\"robots\" content=\"index, follow, max-snippet:-1, max-image-preview:large, max-video-preview:-1\" \/>\n<link rel=\"canonical\" href=\"https:\/\/www.italyfamilyhotels.it\/fr\/hotels\/caminetto-mountain-resort\" \/>\n<meta property=\"og:locale\" content=\"fr_FR\" \/>\n<meta property=\"og:type\" content=\"article\" \/>\n<meta property=\"og:title\" content=\"Caminetto Mountain Resort - Italy Family Hotels\" \/>\n<meta property=\"og:description\" content=\"Vous r\u00eavez de vacances o\u00f9 libert\u00e9 rime avec f\u00e9licit\u00e9 ? Nous vous attendons \u00e0 bras ouverts au Caminetto Mountain Resort de Lavarone, dans le cadre merveilleux de l&#039;Alpe Cimbra. Ici chez nous, l&#039;ancienne tradition de l\u2019hospitalit\u00e9 du Trentin, synonyme d\u2019accueil soign\u00e9 et de bonne cuisine, se marie harmonieusement avec une qualit\u00e9 de service unique, con\u00e7ue &hellip;\" \/>\n<meta property=\"og:url\" content=\"https:\/\/www.italyfamilyhotels.it\/fr\/hotels\/caminetto-mountain-resort\" \/>\n<meta property=\"og:site_name\" content=\"Italy Family Hotels\" \/>\n<meta property=\"article:publisher\" content=\"https:\/\/www.facebook.com\/ItalyFamilyHotels\/\" \/>\n<meta property=\"article:modified_time\" content=\"2025-07-15T10:59:02+00:00\" \/>\n<meta name=\"twitter:card\" content=\"summary_large_image\" \/>\n<meta name=\"twitter:label1\" content=\"Dur\u00e9e de lecture estim\u00e9e\" \/>\n\t<meta name=\"twitter:data1\" content=\"1 minute\" \/>\n<script type=\"application\/ld+json\" class=\"yoast-schema-graph\">{\"@context\":\"https:\/\/schema.org\",\"@graph\":[{\"@type\":\"WebPage\",\"@id\":\"https:\/\/www.italyfamilyhotels.it\/fr\/hotels\/caminetto-mountain-resort\",\"url\":\"https:\/\/www.italyfamilyhotels.it\/fr\/hotels\/caminetto-mountain-resort\",\"name\":\"Caminetto Mountain Resort - Italy Family Hotels\",\"isPartOf\":{\"@id\":\"https:\/\/www.italyfamilyhotels.it\/#website\"},\"datePublished\":\"2025-06-03T06:42:20+00:00\",\"dateModified\":\"2025-07-15T10:59:02+00:00\",\"breadcrumb\":{\"@id\":\"https:\/\/www.italyfamilyhotels.it\/fr\/hotels\/caminetto-mountain-resort#breadcrumb\"},\"inLanguage\":\"fr-FR\",\"potentialAction\":[{\"@type\":\"ReadAction\",\"target\":[\"https:\/\/www.italyfamilyhotels.it\/fr\/hotels\/caminetto-mountain-resort\"]}]},{\"@type\":\"BreadcrumbList\",\"@id\":\"https:\/\/www.italyfamilyhotels.it\/fr\/hotels\/caminetto-mountain-resort#breadcrumb\",\"itemListElement\":[{\"@type\":\"ListItem\",\"position\":1,\"name\":\"Home\",\"item\":\"https:\/\/www.italyfamilyhotels.it\/fr\"},{\"@type\":\"ListItem\",\"position\":2,\"name\":\"Family Hotels\",\"item\":\"https:\/\/www.italyfamilyhotels.it\/fr\/hotels\"},{\"@type\":\"ListItem\",\"position\":3,\"name\":\"Caminetto Mountain Resort\"}]},{\"@type\":\"WebSite\",\"@id\":\"https:\/\/www.italyfamilyhotels.it\/#website\",\"url\":\"https:\/\/www.italyfamilyhotels.it\/\",\"name\":\"Italy Family Hotels\",\"description\":\"\",\"potentialAction\":[{\"@type\":\"SearchAction\",\"target\":{\"@type\":\"EntryPoint\",\"urlTemplate\":\"https:\/\/www.italyfamilyhotels.it\/?s={search_term_string}\"},\"query-input\":{\"@type\":\"PropertyValueSpecification\",\"valueRequired\":true,\"valueName\":\"search_term_string\"}}],\"inLanguage\":\"fr-FR\"}]}<\/script>\n<!-- \/ Yoast SEO plugin. -->","yoast_head_json":{"title":"Caminetto Mountain Resort - Italy Family Hotels","robots":{"index":"index","follow":"follow","max-snippet":"max-snippet:-1","max-image-preview":"max-image-preview:large","max-video-preview":"max-video-preview:-1"},"canonical":"https:\/\/www.italyfamilyhotels.it\/fr\/hotels\/caminetto-mountain-resort","og_locale":"fr_FR","og_type":"article","og_title":"Caminetto Mountain Resort - Italy Family Hotels","og_description":"Vous r\u00eavez de vacances o\u00f9 libert\u00e9 rime avec f\u00e9licit\u00e9 ? Nous vous attendons \u00e0 bras ouverts au Caminetto Mountain Resort de Lavarone, dans le cadre merveilleux de l&#039;Alpe Cimbra. Ici chez nous, l&#039;ancienne tradition de l\u2019hospitalit\u00e9 du Trentin, synonyme d\u2019accueil soign\u00e9 et de bonne cuisine, se marie harmonieusement avec une qualit\u00e9 de service unique, con\u00e7ue &hellip;","og_url":"https:\/\/www.italyfamilyhotels.it\/fr\/hotels\/caminetto-mountain-resort","og_site_name":"Italy Family Hotels","article_publisher":"https:\/\/www.facebook.com\/ItalyFamilyHotels\/","article_modified_time":"2025-07-15T10:59:02+00:00","twitter_card":"summary_large_image","twitter_misc":{"Dur\u00e9e de lecture estim\u00e9e":"1 minute"},"schema":{"@context":"https:\/\/schema.org","@graph":[{"@type":"WebPage","@id":"https:\/\/www.italyfamilyhotels.it\/fr\/hotels\/caminetto-mountain-resort","url":"https:\/\/www.italyfamilyhotels.it\/fr\/hotels\/caminetto-mountain-resort","name":"Caminetto Mountain Resort - Italy Family Hotels","isPartOf":{"@id":"https:\/\/www.italyfamilyhotels.it\/#website"},"datePublished":"2025-06-03T06:42:20+00:00","dateModified":"2025-07-15T10:59:02+00:00","breadcrumb":{"@id":"https:\/\/www.italyfamilyhotels.it\/fr\/hotels\/caminetto-mountain-resort#breadcrumb"},"inLanguage":"fr-FR","potentialAction":[{"@type":"ReadAction","target":["https:\/\/www.italyfamilyhotels.it\/fr\/hotels\/caminetto-mountain-resort"]}]},{"@type":"BreadcrumbList","@id":"https:\/\/www.italyfamilyhotels.it\/fr\/hotels\/caminetto-mountain-resort#breadcrumb","itemListElement":[{"@type":"ListItem","position":1,"name":"Home","item":"https:\/\/www.italyfamilyhotels.it\/fr"},{"@type":"ListItem","position":2,"name":"Family Hotels","item":"https:\/\/www.italyfamilyhotels.it\/fr\/hotels"},{"@type":"ListItem","position":3,"name":"Caminetto Mountain Resort"}]},{"@type":"WebSite","@id":"https:\/\/www.italyfamilyhotels.it\/#website","url":"https:\/\/www.italyfamilyhotels.it\/","name":"Italy Family Hotels","description":"","potentialAction":[{"@type":"SearchAction","target":{"@type":"EntryPoint","urlTemplate":"https:\/\/www.italyfamilyhotels.it\/?s={search_term_string}"},"query-input":{"@type":"PropertyValueSpecification","valueRequired":true,"valueName":"search_term_string"}}],"inLanguage":"fr-FR"}]}},"_links":{"self":[{"href":"https:\/\/www.italyfamilyhotels.it\/fr\/wp-json\/wp\/v2\/pages\/69474","targetHints":{"allow":["GET"]}}],"collection":[{"href":"https:\/\/www.italyfamilyhotels.it\/fr\/wp-json\/wp\/v2\/pages"}],"about":[{"href":"https:\/\/www.italyfamilyhotels.it\/fr\/wp-json\/wp\/v2\/types\/page"}],"author":[{"embeddable":true,"href":"https:\/\/www.italyfamilyhotels.it\/fr\/wp-json\/wp\/v2\/users\/1"}],"replies":[{"embeddable":true,"href":"https:\/\/www.italyfamilyhotels.it\/fr\/wp-json\/wp\/v2\/comments?post=69474"}],"version-history":[{"count":2,"href":"https:\/\/www.italyfamilyhotels.it\/fr\/wp-json\/wp\/v2\/pages\/69474\/revisions"}],"predecessor-version":[{"id":70686,"href":"https:\/\/www.italyfamilyhotels.it\/fr\/wp-json\/wp\/v2\/pages\/69474\/revisions\/70686"}],"up":[{"embeddable":true,"href":"https:\/\/www.italyfamilyhotels.it\/fr\/wp-json\/wp\/v2\/pages\/29729"}],"wp:attachment":[{"href":"https:\/\/www.italyfamilyhotels.it\/fr\/wp-json\/wp\/v2\/media?parent=69474"}],"curies":[{"name":"wp","href":"https:\/\/api.w.org\/{rel}","templated":true}]}}