{"id":68987,"date":"2025-05-13T08:45:51","date_gmt":"2025-05-13T06:45:51","guid":{"rendered":"https:\/\/www.italyfamilyhotels.it\/hotels\/cala-saracena-resort"},"modified":"2025-07-15T12:59:00","modified_gmt":"2025-07-15T10:59:00","slug":"cala-saracena-resort","status":"publish","type":"page","link":"https:\/\/www.italyfamilyhotels.it\/fr\/hotels\/cala-saracena-resort","title":{"rendered":"Cala Saracena Resort"},"content":{"rendered":"\n<p>Tout pr\u00e8s des merveilleuses plages de sable fin et d\u2019eau cristalline du <b>Salento<\/b>, nous vous attendons \u00e0 <b>Cala Saracena Resort<\/b> de <b>Torre Vado<\/b> pour des vacances inoubliables. Venez d\u00e9couvrir notre<b> formule r\u00e9sidence<\/b> con\u00e7ue pour rendre vos journ\u00e9es en famille reposantes, heureuses et confortables.<\/p>\n\n\n\n<p>Nous nous engageons \u00e0 vous offrir toujours et seulement le meilleur\u00a0: une <b>piscine<\/b> pour les adultes et les enfants, une <b>salle de gym \u00e9quip\u00e9e<\/b> et un <b>Spa<\/b> avec des <b>massages<\/b> relaxants et des <b>traitements <\/b>r\u00e9g\u00e9n\u00e9rants, un restaurant avec une <b>cuisine de haut niveau<\/b>, un bar pour les ap\u00e9ritifs et le caf\u00e9, des <b>soir\u00e9es \u00e0 th\u00e8me<\/b> et la possibilit\u00e9 d\u2019emmener vos amis \u00e0 quatre pattes.<\/p>\n\n\n\n<p>Jour apr\u00e8s jour, vos enfants s\u2019amuseront au <b>Mini Club <\/b>avec nos <b>animateurs experts,<\/b> qui organisent \u00e9galement des super soir\u00e9es de divertissement pour les grands et les petits au Cala Saracena Resort.<\/p>\n\n\n\n<p>Pour votre s\u00e9jour, nous ne vous proposons pas de simples chambres d\u2019h\u00f4tel, mais des <b>deux-pi\u00e8ces pouvant accueillir jusqu\u2019\u00e0 quatre lits<\/b>, m\u00eame en formule h\u00f4tel. Dans l\u2019accueillant hall central, vous pourrez d\u00e9guster nos d\u00e9licieux ap\u00e9ritifs ou en profiter pour lire un bon livre et, pour un moment de d\u00e9tente et de bronzage, d\u00e9couvrez le <b>roof-garden<\/b> avec des chaises longues et des parasols.<\/p>\n\n\n\n<p>\u00c0 proximit\u00e9 du Cala Saracena Resort, vous pouvez profiter des <b>magnifiques plages de la mer cristalline de Torre Vado<\/b>, vous promener sur <b>la promenade romantique <\/b>avec le bruit des vagues en arri\u00e8re-plan, pousser jusqu\u2019\u00e0 la marina ou au Luna Park pour la joie des enfants !<\/p>\n\n\n\n<p>La <b>plage est proche<\/b>, et \u00e0 celle qui est conventionn\u00e9e avec nous, vous trouverez tous les services adapt\u00e9s aux familles. Nous offrons la <b>location des v\u00e9los <\/b>sur r\u00e9servation et proposons de belles <b>excursions et des activit\u00e9s \u00e0 la d\u00e9couverte du Salento<\/b>, de ses c\u00f4tes magnifiques et de son arri\u00e8re-pays caract\u00e9ristique.<\/p>\n","protected":false},"excerpt":{"rendered":"<p>Tout pr\u00e8s des merveilleuses plages de sable fin et d\u2019eau cristalline du Salento, nous vous attendons \u00e0 Cala Saracena Resort de Torre Vado pour des vacances inoubliables. Venez d\u00e9couvrir notre formule r\u00e9sidence con\u00e7ue pour rendre vos journ\u00e9es en famille reposantes, heureuses et confortables. Nous nous engageons \u00e0 vous offrir toujours et seulement le meilleur\u00a0: une &hellip;<\/p>\n","protected":false},"author":1,"featured_media":0,"parent":29729,"menu_order":0,"comment_status":"closed","ping_status":"closed","template":"page-templates\/scheda_hotel.php","meta":{"_acf_changed":false,"inline_featured_image":false,"footnotes":""},"class_list":["post-68987","page","type-page","status-publish","hentry"],"acf":[],"yoast_head":"<!-- This site is optimized with the Yoast SEO plugin v27.1 - https:\/\/yoast.com\/product\/yoast-seo-wordpress\/ -->\n<title>Cala Saracena Resort - Italy Family Hotels<\/title>\n<meta name=\"robots\" content=\"index, follow, max-snippet:-1, max-image-preview:large, max-video-preview:-1\" \/>\n<link rel=\"canonical\" href=\"https:\/\/www.italyfamilyhotels.it\/fr\/hotels\/cala-saracena-resort\" \/>\n<meta property=\"og:locale\" content=\"fr_FR\" \/>\n<meta property=\"og:type\" content=\"article\" \/>\n<meta property=\"og:title\" content=\"Cala Saracena Resort - Italy Family Hotels\" \/>\n<meta property=\"og:description\" content=\"Tout pr\u00e8s des merveilleuses plages de sable fin et d\u2019eau cristalline du Salento, nous vous attendons \u00e0 Cala Saracena Resort de Torre Vado pour des vacances inoubliables. Venez d\u00e9couvrir notre formule r\u00e9sidence con\u00e7ue pour rendre vos journ\u00e9es en famille reposantes, heureuses et confortables. Nous nous engageons \u00e0 vous offrir toujours et seulement le meilleur\u00a0: une &hellip;\" \/>\n<meta property=\"og:url\" content=\"https:\/\/www.italyfamilyhotels.it\/fr\/hotels\/cala-saracena-resort\" \/>\n<meta property=\"og:site_name\" content=\"Italy Family Hotels\" \/>\n<meta property=\"article:publisher\" content=\"https:\/\/www.facebook.com\/ItalyFamilyHotels\/\" \/>\n<meta property=\"article:modified_time\" content=\"2025-07-15T10:59:00+00:00\" \/>\n<meta name=\"twitter:card\" content=\"summary_large_image\" \/>\n<meta name=\"twitter:label1\" content=\"Dur\u00e9e de lecture estim\u00e9e\" \/>\n\t<meta name=\"twitter:data1\" content=\"2 minutes\" \/>\n<script type=\"application\/ld+json\" class=\"yoast-schema-graph\">{\"@context\":\"https:\/\/schema.org\",\"@graph\":[{\"@type\":\"WebPage\",\"@id\":\"https:\/\/www.italyfamilyhotels.it\/fr\/hotels\/cala-saracena-resort\",\"url\":\"https:\/\/www.italyfamilyhotels.it\/fr\/hotels\/cala-saracena-resort\",\"name\":\"Cala Saracena Resort - Italy Family Hotels\",\"isPartOf\":{\"@id\":\"https:\/\/www.italyfamilyhotels.it\/#website\"},\"datePublished\":\"2025-05-13T06:45:51+00:00\",\"dateModified\":\"2025-07-15T10:59:00+00:00\",\"breadcrumb\":{\"@id\":\"https:\/\/www.italyfamilyhotels.it\/fr\/hotels\/cala-saracena-resort#breadcrumb\"},\"inLanguage\":\"fr-FR\",\"potentialAction\":[{\"@type\":\"ReadAction\",\"target\":[\"https:\/\/www.italyfamilyhotels.it\/fr\/hotels\/cala-saracena-resort\"]}]},{\"@type\":\"BreadcrumbList\",\"@id\":\"https:\/\/www.italyfamilyhotels.it\/fr\/hotels\/cala-saracena-resort#breadcrumb\",\"itemListElement\":[{\"@type\":\"ListItem\",\"position\":1,\"name\":\"Home\",\"item\":\"https:\/\/www.italyfamilyhotels.it\/fr\"},{\"@type\":\"ListItem\",\"position\":2,\"name\":\"Family Hotels\",\"item\":\"https:\/\/www.italyfamilyhotels.it\/fr\/hotels\"},{\"@type\":\"ListItem\",\"position\":3,\"name\":\"Cala Saracena Resort\"}]},{\"@type\":\"WebSite\",\"@id\":\"https:\/\/www.italyfamilyhotels.it\/#website\",\"url\":\"https:\/\/www.italyfamilyhotels.it\/\",\"name\":\"Italy Family Hotels\",\"description\":\"\",\"potentialAction\":[{\"@type\":\"SearchAction\",\"target\":{\"@type\":\"EntryPoint\",\"urlTemplate\":\"https:\/\/www.italyfamilyhotels.it\/?s={search_term_string}\"},\"query-input\":{\"@type\":\"PropertyValueSpecification\",\"valueRequired\":true,\"valueName\":\"search_term_string\"}}],\"inLanguage\":\"fr-FR\"}]}<\/script>\n<!-- \/ Yoast SEO plugin. -->","yoast_head_json":{"title":"Cala Saracena Resort - Italy Family Hotels","robots":{"index":"index","follow":"follow","max-snippet":"max-snippet:-1","max-image-preview":"max-image-preview:large","max-video-preview":"max-video-preview:-1"},"canonical":"https:\/\/www.italyfamilyhotels.it\/fr\/hotels\/cala-saracena-resort","og_locale":"fr_FR","og_type":"article","og_title":"Cala Saracena Resort - Italy Family Hotels","og_description":"Tout pr\u00e8s des merveilleuses plages de sable fin et d\u2019eau cristalline du Salento, nous vous attendons \u00e0 Cala Saracena Resort de Torre Vado pour des vacances inoubliables. Venez d\u00e9couvrir notre formule r\u00e9sidence con\u00e7ue pour rendre vos journ\u00e9es en famille reposantes, heureuses et confortables. Nous nous engageons \u00e0 vous offrir toujours et seulement le meilleur\u00a0: une &hellip;","og_url":"https:\/\/www.italyfamilyhotels.it\/fr\/hotels\/cala-saracena-resort","og_site_name":"Italy Family Hotels","article_publisher":"https:\/\/www.facebook.com\/ItalyFamilyHotels\/","article_modified_time":"2025-07-15T10:59:00+00:00","twitter_card":"summary_large_image","twitter_misc":{"Dur\u00e9e de lecture estim\u00e9e":"2 minutes"},"schema":{"@context":"https:\/\/schema.org","@graph":[{"@type":"WebPage","@id":"https:\/\/www.italyfamilyhotels.it\/fr\/hotels\/cala-saracena-resort","url":"https:\/\/www.italyfamilyhotels.it\/fr\/hotels\/cala-saracena-resort","name":"Cala Saracena Resort - Italy Family Hotels","isPartOf":{"@id":"https:\/\/www.italyfamilyhotels.it\/#website"},"datePublished":"2025-05-13T06:45:51+00:00","dateModified":"2025-07-15T10:59:00+00:00","breadcrumb":{"@id":"https:\/\/www.italyfamilyhotels.it\/fr\/hotels\/cala-saracena-resort#breadcrumb"},"inLanguage":"fr-FR","potentialAction":[{"@type":"ReadAction","target":["https:\/\/www.italyfamilyhotels.it\/fr\/hotels\/cala-saracena-resort"]}]},{"@type":"BreadcrumbList","@id":"https:\/\/www.italyfamilyhotels.it\/fr\/hotels\/cala-saracena-resort#breadcrumb","itemListElement":[{"@type":"ListItem","position":1,"name":"Home","item":"https:\/\/www.italyfamilyhotels.it\/fr"},{"@type":"ListItem","position":2,"name":"Family Hotels","item":"https:\/\/www.italyfamilyhotels.it\/fr\/hotels"},{"@type":"ListItem","position":3,"name":"Cala Saracena Resort"}]},{"@type":"WebSite","@id":"https:\/\/www.italyfamilyhotels.it\/#website","url":"https:\/\/www.italyfamilyhotels.it\/","name":"Italy Family Hotels","description":"","potentialAction":[{"@type":"SearchAction","target":{"@type":"EntryPoint","urlTemplate":"https:\/\/www.italyfamilyhotels.it\/?s={search_term_string}"},"query-input":{"@type":"PropertyValueSpecification","valueRequired":true,"valueName":"search_term_string"}}],"inLanguage":"fr-FR"}]}},"_links":{"self":[{"href":"https:\/\/www.italyfamilyhotels.it\/fr\/wp-json\/wp\/v2\/pages\/68987","targetHints":{"allow":["GET"]}}],"collection":[{"href":"https:\/\/www.italyfamilyhotels.it\/fr\/wp-json\/wp\/v2\/pages"}],"about":[{"href":"https:\/\/www.italyfamilyhotels.it\/fr\/wp-json\/wp\/v2\/types\/page"}],"author":[{"embeddable":true,"href":"https:\/\/www.italyfamilyhotels.it\/fr\/wp-json\/wp\/v2\/users\/1"}],"replies":[{"embeddable":true,"href":"https:\/\/www.italyfamilyhotels.it\/fr\/wp-json\/wp\/v2\/comments?post=68987"}],"version-history":[{"count":2,"href":"https:\/\/www.italyfamilyhotels.it\/fr\/wp-json\/wp\/v2\/pages\/68987\/revisions"}],"predecessor-version":[{"id":70685,"href":"https:\/\/www.italyfamilyhotels.it\/fr\/wp-json\/wp\/v2\/pages\/68987\/revisions\/70685"}],"up":[{"embeddable":true,"href":"https:\/\/www.italyfamilyhotels.it\/fr\/wp-json\/wp\/v2\/pages\/29729"}],"wp:attachment":[{"href":"https:\/\/www.italyfamilyhotels.it\/fr\/wp-json\/wp\/v2\/media?parent=68987"}],"curies":[{"name":"wp","href":"https:\/\/api.w.org\/{rel}","templated":true}]}}