{"id":68980,"date":"2025-05-13T08:42:57","date_gmt":"2025-05-13T06:42:57","guid":{"rendered":"https:\/\/www.italyfamilyhotels.it\/hotels\/hotel-club-astor"},"modified":"2025-07-15T12:58:59","modified_gmt":"2025-07-15T10:58:59","slug":"hotel-club-astor","status":"publish","type":"page","link":"https:\/\/www.italyfamilyhotels.it\/fr\/hotels\/hotel-club-astor","title":{"rendered":"H\u00f4tel Club Astor"},"content":{"rendered":"\n<p>Fermez les yeux et imaginez les vacances que vous souhaitez pour vous et votre famille\u00a0: rouvrez-les et venez les vivre avec nous, \u00e0 l\u2019<b>Hotel Club Astor<\/b> ! Nich\u00e9 dans le magnifique parc naturel d&#039;Ugento, \u00e0 200 m\u00e8tres de la plus belle partie de la <b>c\u00f4te ionienne du Salento<\/b>, avec ses <b>longues \u00e9tendues de sable dor\u00e9<\/b> et une <b>mer cristalline<\/b>, notre h\u00f4tel se trouve sur une position id\u00e9ale pour d\u00e9couvrir les merveilles du Salento, \u00e0 mi-chemin entre Gallipoli et Santa Maria di Leuca.<\/p>\n\n\n\n<p>Ici la nature, le plaisir, le sport et la d\u00e9tente se combinent harmonieusement et nous avons pens\u00e9 \u00e0 tout pour rendre les s\u00e9jours des adultes et des enfants inoubliables. Dans un <b>cadre naturel unique<\/b> nous mettons \u00e0 disposition une <b>plage am\u00e9nag\u00e9e<\/b> avec tous les conforts, <b>l\u2019animation et le Mini Club <\/b>pour vos enfants, un <b>porche reposant<\/b> avec la vue sur le <b>jardin luxuriant<\/b>, notre <b>grande piscine<\/b> dans la verdure pour les grands et les petits, un <b>Spa<\/b> avec sauna, massages, \u00e9quipements cardio, <b>aire de jeux et parcours aventure <\/b>dans la verdure.<\/p>\n\n\n\n<p>Chez nous l\u2019atmosph\u00e8re est toujours chaleureuse et accueillante, tout comme notre <b>restaurant avec ses d\u00e9licieuses sp\u00e9cialit\u00e9s <\/b>pr\u00e9par\u00e9es par nos chefs. Notre bar est parfait pour vos moments de d\u00e9tente, <b>ap\u00e9ritifs et cocktails<\/b> \u00e0 d\u00e9guster en toute tranquillit\u00e9 en fin d\u2019apr\u00e8s-midi.<\/p>\n\n\n\n<p>Nous souhaitons vous faire conna\u00eetre<b> les aliments, la musique et les beaut\u00e9s<\/b> de notre merveilleuse terre avec enthousiasme et joie et nous proposons tout l\u2019\u00e9t\u00e9 des <b>excursions et des visites <\/b>\u00e0 la d\u00e9couverte de la p\u00e9ninsule du Salento.<\/p>\n\n\n\n<p>Notre \u00e9tablissement est situ\u00e9 dans le <b>Parc Naturel R\u00e9gional \u00ab\u00a0Littorale d\u2019Ugento\u00a0\u00bb<\/b>, un lieu fascinant et riche en biodiversit\u00e9. Vous pourrez explorer les diff\u00e9rents habitats naturels\u00a0: le <b>littoral c\u00f4tier<\/b>, avec les <b>magnifiques dunes et les lis maritimes blancs<\/b>, la <b>zone humide et les bassins<\/b> avec des cabanes en bois pour l\u2019observation des oiseaux, et le <b>maquis m\u00e9diterran\u00e9en<\/b>, avec les oliviers et les pins centenaires. A l\u2019int\u00e9rieur du parc on a balis\u00e9 les<b> parcours cyclables<\/b>, le <b>sentier de trekking<\/b> et l&#039;<b>itin\u00e9raire multisensoriel<\/b> pour aveugles et malvoyants.<\/p>\n","protected":false},"excerpt":{"rendered":"<p>Fermez les yeux et imaginez les vacances que vous souhaitez pour vous et votre famille\u00a0: rouvrez-les et venez les vivre avec nous, \u00e0 l\u2019Hotel Club Astor ! Nich\u00e9 dans le magnifique parc naturel d&#039;Ugento, \u00e0 200 m\u00e8tres de la plus belle partie de la c\u00f4te ionienne du Salento, avec ses longues \u00e9tendues de sable dor\u00e9 &hellip;<\/p>\n","protected":false},"author":1,"featured_media":0,"parent":29729,"menu_order":0,"comment_status":"closed","ping_status":"closed","template":"page-templates\/scheda_hotel.php","meta":{"_acf_changed":false,"inline_featured_image":false,"footnotes":""},"class_list":["post-68980","page","type-page","status-publish","hentry"],"acf":[],"yoast_head":"<!-- This site is optimized with the Yoast SEO plugin v27.1 - https:\/\/yoast.com\/product\/yoast-seo-wordpress\/ -->\n<title>H\u00f4tel Club Astor - Italy Family Hotels<\/title>\n<meta name=\"robots\" content=\"index, follow, max-snippet:-1, max-image-preview:large, max-video-preview:-1\" \/>\n<link rel=\"canonical\" href=\"https:\/\/www.italyfamilyhotels.it\/fr\/hotels\/hotel-club-astor\" \/>\n<meta property=\"og:locale\" content=\"fr_FR\" \/>\n<meta property=\"og:type\" content=\"article\" \/>\n<meta property=\"og:title\" content=\"H\u00f4tel Club Astor - Italy Family Hotels\" \/>\n<meta property=\"og:description\" content=\"Fermez les yeux et imaginez les vacances que vous souhaitez pour vous et votre famille\u00a0: rouvrez-les et venez les vivre avec nous, \u00e0 l\u2019Hotel Club Astor ! Nich\u00e9 dans le magnifique parc naturel d&#039;Ugento, \u00e0 200 m\u00e8tres de la plus belle partie de la c\u00f4te ionienne du Salento, avec ses longues \u00e9tendues de sable dor\u00e9 &hellip;\" \/>\n<meta property=\"og:url\" content=\"https:\/\/www.italyfamilyhotels.it\/fr\/hotels\/hotel-club-astor\" \/>\n<meta property=\"og:site_name\" content=\"Italy Family Hotels\" \/>\n<meta property=\"article:publisher\" content=\"https:\/\/www.facebook.com\/ItalyFamilyHotels\/\" \/>\n<meta property=\"article:modified_time\" content=\"2025-07-15T10:58:59+00:00\" \/>\n<meta name=\"twitter:card\" content=\"summary_large_image\" \/>\n<meta name=\"twitter:label1\" content=\"Dur\u00e9e de lecture estim\u00e9e\" \/>\n\t<meta name=\"twitter:data1\" content=\"2 minutes\" \/>\n<script type=\"application\/ld+json\" class=\"yoast-schema-graph\">{\"@context\":\"https:\/\/schema.org\",\"@graph\":[{\"@type\":\"WebPage\",\"@id\":\"https:\/\/www.italyfamilyhotels.it\/fr\/hotels\/hotel-club-astor\",\"url\":\"https:\/\/www.italyfamilyhotels.it\/fr\/hotels\/hotel-club-astor\",\"name\":\"H\u00f4tel Club Astor - Italy Family Hotels\",\"isPartOf\":{\"@id\":\"https:\/\/www.italyfamilyhotels.it\/#website\"},\"datePublished\":\"2025-05-13T06:42:57+00:00\",\"dateModified\":\"2025-07-15T10:58:59+00:00\",\"breadcrumb\":{\"@id\":\"https:\/\/www.italyfamilyhotels.it\/fr\/hotels\/hotel-club-astor#breadcrumb\"},\"inLanguage\":\"fr-FR\",\"potentialAction\":[{\"@type\":\"ReadAction\",\"target\":[\"https:\/\/www.italyfamilyhotels.it\/fr\/hotels\/hotel-club-astor\"]}]},{\"@type\":\"BreadcrumbList\",\"@id\":\"https:\/\/www.italyfamilyhotels.it\/fr\/hotels\/hotel-club-astor#breadcrumb\",\"itemListElement\":[{\"@type\":\"ListItem\",\"position\":1,\"name\":\"Home\",\"item\":\"https:\/\/www.italyfamilyhotels.it\/fr\"},{\"@type\":\"ListItem\",\"position\":2,\"name\":\"Family Hotels\",\"item\":\"https:\/\/www.italyfamilyhotels.it\/fr\/hotels\"},{\"@type\":\"ListItem\",\"position\":3,\"name\":\"H\u00f4tel Club Astor\"}]},{\"@type\":\"WebSite\",\"@id\":\"https:\/\/www.italyfamilyhotels.it\/#website\",\"url\":\"https:\/\/www.italyfamilyhotels.it\/\",\"name\":\"Italy Family Hotels\",\"description\":\"\",\"potentialAction\":[{\"@type\":\"SearchAction\",\"target\":{\"@type\":\"EntryPoint\",\"urlTemplate\":\"https:\/\/www.italyfamilyhotels.it\/?s={search_term_string}\"},\"query-input\":{\"@type\":\"PropertyValueSpecification\",\"valueRequired\":true,\"valueName\":\"search_term_string\"}}],\"inLanguage\":\"fr-FR\"}]}<\/script>\n<!-- \/ Yoast SEO plugin. -->","yoast_head_json":{"title":"H\u00f4tel Club Astor - Italy Family Hotels","robots":{"index":"index","follow":"follow","max-snippet":"max-snippet:-1","max-image-preview":"max-image-preview:large","max-video-preview":"max-video-preview:-1"},"canonical":"https:\/\/www.italyfamilyhotels.it\/fr\/hotels\/hotel-club-astor","og_locale":"fr_FR","og_type":"article","og_title":"H\u00f4tel Club Astor - Italy Family Hotels","og_description":"Fermez les yeux et imaginez les vacances que vous souhaitez pour vous et votre famille\u00a0: rouvrez-les et venez les vivre avec nous, \u00e0 l\u2019Hotel Club Astor ! Nich\u00e9 dans le magnifique parc naturel d&#039;Ugento, \u00e0 200 m\u00e8tres de la plus belle partie de la c\u00f4te ionienne du Salento, avec ses longues \u00e9tendues de sable dor\u00e9 &hellip;","og_url":"https:\/\/www.italyfamilyhotels.it\/fr\/hotels\/hotel-club-astor","og_site_name":"Italy Family Hotels","article_publisher":"https:\/\/www.facebook.com\/ItalyFamilyHotels\/","article_modified_time":"2025-07-15T10:58:59+00:00","twitter_card":"summary_large_image","twitter_misc":{"Dur\u00e9e de lecture estim\u00e9e":"2 minutes"},"schema":{"@context":"https:\/\/schema.org","@graph":[{"@type":"WebPage","@id":"https:\/\/www.italyfamilyhotels.it\/fr\/hotels\/hotel-club-astor","url":"https:\/\/www.italyfamilyhotels.it\/fr\/hotels\/hotel-club-astor","name":"H\u00f4tel Club Astor - Italy Family Hotels","isPartOf":{"@id":"https:\/\/www.italyfamilyhotels.it\/#website"},"datePublished":"2025-05-13T06:42:57+00:00","dateModified":"2025-07-15T10:58:59+00:00","breadcrumb":{"@id":"https:\/\/www.italyfamilyhotels.it\/fr\/hotels\/hotel-club-astor#breadcrumb"},"inLanguage":"fr-FR","potentialAction":[{"@type":"ReadAction","target":["https:\/\/www.italyfamilyhotels.it\/fr\/hotels\/hotel-club-astor"]}]},{"@type":"BreadcrumbList","@id":"https:\/\/www.italyfamilyhotels.it\/fr\/hotels\/hotel-club-astor#breadcrumb","itemListElement":[{"@type":"ListItem","position":1,"name":"Home","item":"https:\/\/www.italyfamilyhotels.it\/fr"},{"@type":"ListItem","position":2,"name":"Family Hotels","item":"https:\/\/www.italyfamilyhotels.it\/fr\/hotels"},{"@type":"ListItem","position":3,"name":"H\u00f4tel Club Astor"}]},{"@type":"WebSite","@id":"https:\/\/www.italyfamilyhotels.it\/#website","url":"https:\/\/www.italyfamilyhotels.it\/","name":"Italy Family Hotels","description":"","potentialAction":[{"@type":"SearchAction","target":{"@type":"EntryPoint","urlTemplate":"https:\/\/www.italyfamilyhotels.it\/?s={search_term_string}"},"query-input":{"@type":"PropertyValueSpecification","valueRequired":true,"valueName":"search_term_string"}}],"inLanguage":"fr-FR"}]}},"_links":{"self":[{"href":"https:\/\/www.italyfamilyhotels.it\/fr\/wp-json\/wp\/v2\/pages\/68980","targetHints":{"allow":["GET"]}}],"collection":[{"href":"https:\/\/www.italyfamilyhotels.it\/fr\/wp-json\/wp\/v2\/pages"}],"about":[{"href":"https:\/\/www.italyfamilyhotels.it\/fr\/wp-json\/wp\/v2\/types\/page"}],"author":[{"embeddable":true,"href":"https:\/\/www.italyfamilyhotels.it\/fr\/wp-json\/wp\/v2\/users\/1"}],"replies":[{"embeddable":true,"href":"https:\/\/www.italyfamilyhotels.it\/fr\/wp-json\/wp\/v2\/comments?post=68980"}],"version-history":[{"count":3,"href":"https:\/\/www.italyfamilyhotels.it\/fr\/wp-json\/wp\/v2\/pages\/68980\/revisions"}],"predecessor-version":[{"id":70684,"href":"https:\/\/www.italyfamilyhotels.it\/fr\/wp-json\/wp\/v2\/pages\/68980\/revisions\/70684"}],"up":[{"embeddable":true,"href":"https:\/\/www.italyfamilyhotels.it\/fr\/wp-json\/wp\/v2\/pages\/29729"}],"wp:attachment":[{"href":"https:\/\/www.italyfamilyhotels.it\/fr\/wp-json\/wp\/v2\/media?parent=68980"}],"curies":[{"name":"wp","href":"https:\/\/api.w.org\/{rel}","templated":true}]}}