{"id":68201,"date":"2025-03-27T11:17:34","date_gmt":"2025-03-27T10:17:34","guid":{"rendered":"https:\/\/www.italyfamilyhotels.it\/destinations\/family-hotel-en-basilicate"},"modified":"2025-03-27T11:17:37","modified_gmt":"2025-03-27T10:17:37","slug":"family-hotel-en-basilicate","status":"publish","type":"page","link":"https:\/\/www.italyfamilyhotels.it\/fr\/destinations\/family-hotel-en-basilicate","title":{"rendered":"Family Hotel en Basilicate"},"content":{"rendered":"\n<p>La <b>Basilicate <\/b>est une r\u00e9gion riche en opportunit\u00e9s pour les familles qui souhaitent passer des moments heureux avec leurs enfants !<\/p>\n\n\n\n<p>Pour les amoureux de la nature, les promenades dans les parcs naturels de la r\u00e9gion sont incontournables. Le <b>Parc National du Pollino<\/b>, par exemple, propose des sentiers adapt\u00e9s m\u00eame aux plus petits, avec lesquels ils peuvent explorer les for\u00eats s\u00e9culaires qui semblent sortir d\u2019un conte fantastique. Une autre destination id\u00e9ale est le <b>Parc de la Murgia Materana<\/b>, o\u00f9 il est possible d\u2019organiser des excursions guid\u00e9es \u00e0 la d\u00e9couverte des \u00e9glises rupestres et de la faune locale&#8230; un peu comme Family Indiana Jones !<\/p>\n\n\n\n<p>En ce qui concerne les activit\u00e9s sportives, la Basilicate offre de nombreuses possibilit\u00e9s pour les enfants. Pendant l&#039;hiver, les <b>stations de ski<\/b> de <b>Sellata-Pierfaone et Monte Sirino<\/b> disposent de pistes adapt\u00e9es aux d\u00e9butants et d\u2019\u00e9coles de ski pour les plus petits. En \u00e9t\u00e9, les <b>plages de la c\u00f4te ionienne<\/b>, comme celles de Metaponto, Policoro et Nova Siri, o\u00f9 se d\u00e9tendre et nager dans des eaux claires et s\u00fbres. Pour un plongeon dans le divertissement, ne manquez pas le <b>Parc Aquatique Acquazzurra<\/b> \u00e0 <b>Metaponto <\/b>avec de nombreuses piscines, des toboggans et des attractions aquatiques, pour une journ\u00e9e de loisirs frais et p\u00e9tillant pour les grands et les petits.<\/p>\n\n\n\n<p>Il existe aussi de nombreux <b>ch\u00e2teaux <\/b>sur le territoire de Lucanie. Le <b>Ch\u00e2teau de Melfi<\/b>, par exemple, abrite le<b> Mus\u00e9e Arch\u00e9ologique National de Melfi<\/b>, o\u00f9 les enfants peuvent d\u00e9couvrir des pi\u00e8ces historiques et se plonger dans les curiosit\u00e9s de l\u2019histoire locale. Et il y a aussi le <b>Ch\u00e2teau de Lagopesole<\/b> qui offre des visites guid\u00e9es fascineront les jeunes explorateurs. Le <b>Mus\u00e9e Arch\u00e9ologique National de Metaponto<\/b> offre <b>des ateliers \u00e9ducatifs<\/b> et des parcours interactifs sp\u00e9cialement con\u00e7us pour les enfants, qui leur permettent de se familiariser avec l\u2019histoire d\u2019une mani\u00e8re captivante.<\/p>\n\n\n\n<p>Pour les familles qui aiment les deux roues, la Basilicate offre plusieurs <b>pistes cyclables adapt\u00e9es aux enfants<\/b>. La <b>cyclovie des Bourbons<\/b>, par exemple, traverse des paysages ruraux et des villages historiques, offrant une exp\u00e9rience unique en contact avec la nature.<\/p>\n","protected":false},"excerpt":{"rendered":"<p>La Basilicate est une r\u00e9gion riche en opportunit\u00e9s pour les familles qui souhaitent passer des moments heureux avec leurs enfants ! Pour les amoureux de la nature, les promenades dans les parcs naturels de la r\u00e9gion sont incontournables. Le Parc National du Pollino, par exemple, propose des sentiers adapt\u00e9s m\u00eame aux plus petits, avec lesquels &hellip;<\/p>\n","protected":false},"author":167,"featured_media":0,"parent":43316,"menu_order":0,"comment_status":"closed","ping_status":"closed","template":"page-templates\/scheda_destinazione.php","meta":{"_acf_changed":false,"inline_featured_image":false,"footnotes":""},"class_list":["post-68201","page","type-page","status-publish","hentry"],"acf":[],"yoast_head":"<!-- This site is optimized with the Yoast SEO plugin v27.1 - https:\/\/yoast.com\/product\/yoast-seo-wordpress\/ -->\n<title>H\u00f4tels pour Familles en Basilicate\u00a0: les meilleurs Family Hotel d\u2019Italie<\/title>\n<meta name=\"description\" content=\"Un devis super-rapide par courriel ! Choisissez votre family hotel \u00e0 Nova Siri, en Basilicate, pour vos vacances avec les enfants !\" \/>\n<meta name=\"robots\" content=\"index, follow, max-snippet:-1, max-image-preview:large, max-video-preview:-1\" \/>\n<link rel=\"canonical\" href=\"https:\/\/www.italyfamilyhotels.it\/fr\/destinations\/family-hotel-en-basilicate\" \/>\n<meta property=\"og:locale\" content=\"fr_FR\" \/>\n<meta property=\"og:type\" content=\"article\" \/>\n<meta property=\"og:title\" content=\"H\u00f4tels pour Familles en Basilicate\u00a0: les meilleurs Family Hotel d\u2019Italie\" \/>\n<meta property=\"og:description\" content=\"Un devis super-rapide par courriel ! Choisissez votre family hotel \u00e0 Nova Siri, en Basilicate, pour vos vacances avec les enfants !\" \/>\n<meta property=\"og:url\" content=\"https:\/\/www.italyfamilyhotels.it\/fr\/destinations\/family-hotel-en-basilicate\" \/>\n<meta property=\"og:site_name\" content=\"Italy Family Hotels\" \/>\n<meta property=\"article:publisher\" content=\"https:\/\/www.facebook.com\/ItalyFamilyHotels\/\" \/>\n<meta property=\"article:modified_time\" content=\"2025-03-27T10:17:37+00:00\" \/>\n<meta name=\"twitter:card\" content=\"summary_large_image\" \/>\n<meta name=\"twitter:label1\" content=\"Dur\u00e9e de lecture estim\u00e9e\" \/>\n\t<meta name=\"twitter:data1\" content=\"2 minutes\" \/>\n<script type=\"application\/ld+json\" class=\"yoast-schema-graph\">{\"@context\":\"https:\/\/schema.org\",\"@graph\":[{\"@type\":\"WebPage\",\"@id\":\"https:\/\/www.italyfamilyhotels.it\/fr\/destinations\/family-hotel-en-basilicate\",\"url\":\"https:\/\/www.italyfamilyhotels.it\/fr\/destinations\/family-hotel-en-basilicate\",\"name\":\"H\u00f4tels pour Familles en Basilicate\u00a0: les meilleurs Family Hotel d\u2019Italie\",\"isPartOf\":{\"@id\":\"https:\/\/www.italyfamilyhotels.it\/#website\"},\"datePublished\":\"2025-03-27T10:17:34+00:00\",\"dateModified\":\"2025-03-27T10:17:37+00:00\",\"description\":\"Un devis super-rapide par courriel ! Choisissez votre family hotel \u00e0 Nova Siri, en Basilicate, pour vos vacances avec les enfants !\",\"breadcrumb\":{\"@id\":\"https:\/\/www.italyfamilyhotels.it\/fr\/destinations\/family-hotel-en-basilicate#breadcrumb\"},\"inLanguage\":\"fr-FR\",\"potentialAction\":[{\"@type\":\"ReadAction\",\"target\":[\"https:\/\/www.italyfamilyhotels.it\/fr\/destinations\/family-hotel-en-basilicate\"]}]},{\"@type\":\"BreadcrumbList\",\"@id\":\"https:\/\/www.italyfamilyhotels.it\/fr\/destinations\/family-hotel-en-basilicate#breadcrumb\",\"itemListElement\":[{\"@type\":\"ListItem\",\"position\":1,\"name\":\"Home\",\"item\":\"https:\/\/www.italyfamilyhotels.it\/fr\"},{\"@type\":\"ListItem\",\"position\":2,\"name\":\"Destinations\",\"item\":\"https:\/\/www.italyfamilyhotels.it\/fr\/destinations\"},{\"@type\":\"ListItem\",\"position\":3,\"name\":\"Family Hotel en Basilicate\"}]},{\"@type\":\"WebSite\",\"@id\":\"https:\/\/www.italyfamilyhotels.it\/#website\",\"url\":\"https:\/\/www.italyfamilyhotels.it\/\",\"name\":\"Italy Family Hotels\",\"description\":\"\",\"potentialAction\":[{\"@type\":\"SearchAction\",\"target\":{\"@type\":\"EntryPoint\",\"urlTemplate\":\"https:\/\/www.italyfamilyhotels.it\/?s={search_term_string}\"},\"query-input\":{\"@type\":\"PropertyValueSpecification\",\"valueRequired\":true,\"valueName\":\"search_term_string\"}}],\"inLanguage\":\"fr-FR\"}]}<\/script>\n<!-- \/ Yoast SEO plugin. -->","yoast_head_json":{"title":"H\u00f4tels pour Familles en Basilicate\u00a0: les meilleurs Family Hotel d\u2019Italie","description":"Un devis super-rapide par courriel ! Choisissez votre family hotel \u00e0 Nova Siri, en Basilicate, pour vos vacances avec les enfants !","robots":{"index":"index","follow":"follow","max-snippet":"max-snippet:-1","max-image-preview":"max-image-preview:large","max-video-preview":"max-video-preview:-1"},"canonical":"https:\/\/www.italyfamilyhotels.it\/fr\/destinations\/family-hotel-en-basilicate","og_locale":"fr_FR","og_type":"article","og_title":"H\u00f4tels pour Familles en Basilicate\u00a0: les meilleurs Family Hotel d\u2019Italie","og_description":"Un devis super-rapide par courriel ! Choisissez votre family hotel \u00e0 Nova Siri, en Basilicate, pour vos vacances avec les enfants !","og_url":"https:\/\/www.italyfamilyhotels.it\/fr\/destinations\/family-hotel-en-basilicate","og_site_name":"Italy Family Hotels","article_publisher":"https:\/\/www.facebook.com\/ItalyFamilyHotels\/","article_modified_time":"2025-03-27T10:17:37+00:00","twitter_card":"summary_large_image","twitter_misc":{"Dur\u00e9e de lecture estim\u00e9e":"2 minutes"},"schema":{"@context":"https:\/\/schema.org","@graph":[{"@type":"WebPage","@id":"https:\/\/www.italyfamilyhotels.it\/fr\/destinations\/family-hotel-en-basilicate","url":"https:\/\/www.italyfamilyhotels.it\/fr\/destinations\/family-hotel-en-basilicate","name":"H\u00f4tels pour Familles en Basilicate\u00a0: les meilleurs Family Hotel d\u2019Italie","isPartOf":{"@id":"https:\/\/www.italyfamilyhotels.it\/#website"},"datePublished":"2025-03-27T10:17:34+00:00","dateModified":"2025-03-27T10:17:37+00:00","description":"Un devis super-rapide par courriel ! Choisissez votre family hotel \u00e0 Nova Siri, en Basilicate, pour vos vacances avec les enfants !","breadcrumb":{"@id":"https:\/\/www.italyfamilyhotels.it\/fr\/destinations\/family-hotel-en-basilicate#breadcrumb"},"inLanguage":"fr-FR","potentialAction":[{"@type":"ReadAction","target":["https:\/\/www.italyfamilyhotels.it\/fr\/destinations\/family-hotel-en-basilicate"]}]},{"@type":"BreadcrumbList","@id":"https:\/\/www.italyfamilyhotels.it\/fr\/destinations\/family-hotel-en-basilicate#breadcrumb","itemListElement":[{"@type":"ListItem","position":1,"name":"Home","item":"https:\/\/www.italyfamilyhotels.it\/fr"},{"@type":"ListItem","position":2,"name":"Destinations","item":"https:\/\/www.italyfamilyhotels.it\/fr\/destinations"},{"@type":"ListItem","position":3,"name":"Family Hotel en Basilicate"}]},{"@type":"WebSite","@id":"https:\/\/www.italyfamilyhotels.it\/#website","url":"https:\/\/www.italyfamilyhotels.it\/","name":"Italy Family Hotels","description":"","potentialAction":[{"@type":"SearchAction","target":{"@type":"EntryPoint","urlTemplate":"https:\/\/www.italyfamilyhotels.it\/?s={search_term_string}"},"query-input":{"@type":"PropertyValueSpecification","valueRequired":true,"valueName":"search_term_string"}}],"inLanguage":"fr-FR"}]}},"_links":{"self":[{"href":"https:\/\/www.italyfamilyhotels.it\/fr\/wp-json\/wp\/v2\/pages\/68201","targetHints":{"allow":["GET"]}}],"collection":[{"href":"https:\/\/www.italyfamilyhotels.it\/fr\/wp-json\/wp\/v2\/pages"}],"about":[{"href":"https:\/\/www.italyfamilyhotels.it\/fr\/wp-json\/wp\/v2\/types\/page"}],"author":[{"embeddable":true,"href":"https:\/\/www.italyfamilyhotels.it\/fr\/wp-json\/wp\/v2\/users\/167"}],"replies":[{"embeddable":true,"href":"https:\/\/www.italyfamilyhotels.it\/fr\/wp-json\/wp\/v2\/comments?post=68201"}],"version-history":[{"count":1,"href":"https:\/\/www.italyfamilyhotels.it\/fr\/wp-json\/wp\/v2\/pages\/68201\/revisions"}],"predecessor-version":[{"id":68202,"href":"https:\/\/www.italyfamilyhotels.it\/fr\/wp-json\/wp\/v2\/pages\/68201\/revisions\/68202"}],"up":[{"embeddable":true,"href":"https:\/\/www.italyfamilyhotels.it\/fr\/wp-json\/wp\/v2\/pages\/43316"}],"wp:attachment":[{"href":"https:\/\/www.italyfamilyhotels.it\/fr\/wp-json\/wp\/v2\/media?parent=68201"}],"curies":[{"name":"wp","href":"https:\/\/api.w.org\/{rel}","templated":true}]}}