{"id":66512,"date":"2025-02-25T14:23:00","date_gmt":"2025-02-25T13:23:00","guid":{"rendered":"https:\/\/www.italyfamilyhotels.it\/hotels\/club-family-hotel-riccione-village"},"modified":"2025-03-27T11:20:53","modified_gmt":"2025-03-27T10:20:53","slug":"club-family-hotel-riccione-village","status":"publish","type":"page","link":"https:\/\/www.italyfamilyhotels.it\/fr\/hotels\/club-family-hotel-riccione-village","title":{"rendered":"Club Family Hotel Riccione Village"},"content":{"rendered":"\n<p>Au <b>Club Family Hotel Riccione Village<\/b>, vous \u00eates accueillis par la <b>chaleur <\/b>et l&#039;<b>\u00e9nergie<\/b> un h\u00f4tel o\u00f9 tout est pens\u00e9 pour recevoir les familles avec enfants\u00a0: divertissement, espaces, services et m\u00eame la super formule <b>All Inclusive\u00ae Open Bar H24<\/b> !<\/p>\n\n\n\n<p>La <b>plage conventionn\u00e9e<\/b> que nous avons choisie pour vous, et o\u00f9 nous vous <b>r\u00e9servons 1 parasol et 2 transats<\/b>, est \u00e0 seulement<b> 30 m\u00e8tres<\/b> : pendant que vous vous d\u00e9tendez au soleil, les enfants peuvent jouer en toute s\u00e9curit\u00e9 sur le <b>sable doux <\/b>ou dans l\u2019eau, car le <b>fond descend lentement<\/b>.<\/p>\n\n\n\n<p>Mais les \u00e9motions continuent m\u00eame \u00e0 l&#039;h\u00f4tel, entre les <b>jeux<\/b>, <b>les activit\u00e9s <\/b>et <b>les espaces \u00e9normes<\/b> ! Les enfants peuvent courir librement entre les <b>aires de jeux dans le jardin <\/b>et patauger dans la <b>Zone Baby Splash<\/b>, entre fontaines et \u00e9claboussures. Ou bien vous pouvez nager et jouer ensemble dans la <b>piscine chauff\u00e9e avec toboggan<\/b>.<\/p>\n\n\n\n<p>Et puis il y a l\u2019incroyable <b>aire de jeux interne de 1 200 m<\/b><b><sup>2<\/b><\/sup> (la plus grande de la Romagne !), avec un <b>gigantesque Playground<\/b>, la piste de machines \u00e9lectriques du <b>CFH Racing<\/b>, les <b>m\u00e9ga-gonflables <\/b>et les <b>jeux interactifs<\/b>. Les plus grands peuvent passer des heures de loisirs en compagnie de nouveaux amis dans la <b>zone gaming<\/b> \u00e9quip\u00e9e de <b>PlayStation 5<\/b>, <b>billard<\/b> et <b>les jeux vid\u00e9o Arcade<\/b>.<\/p>\n\n\n\n<p>Le point culminant d\u2019un s\u00e9jour au Club Family Hotel Riccione Village est l\u2019<b>\u00e9quipe d\u2019animation<\/b>, toujours pr\u00eate \u00e0 impliquer les enfants de tous \u00e2ges, avec des <b>activit\u00e9s hebdomadaires<\/b> qui se succ\u00e8dent du matin au soir. Des ateliers cr\u00e9atifs aux jeux de groupe, des chasses au tr\u00e9sor aux spectacles apr\u00e8s le d\u00eener, chaque journ\u00e9e devient une aventure inoubliable. Pour les plus petits, au contraire, il y a les <b>douces Nounous de la Nanny School<\/b>.<\/p>\n\n\n\n<p>Mais les surprises ne sont pas termin\u00e9es, parce que <b>le s\u00e9jour comprend<\/b> l\u2019entr\u00e9e au tr\u00e8s proche <b>Parco Acquatico Beach Village<\/b> ; en outre&#8230; <b>2 enfants et adolescents jusqu&#039;\u00e0 18 ans<\/b> dans la chambre avec leurs parents,<b> s\u00e9journent gratuitement<\/b> !<\/p>\n","protected":false},"excerpt":{"rendered":"<p>Au Club Family Hotel Riccione Village, vous \u00eates accueillis par la chaleur et l&#039;\u00e9nergie un h\u00f4tel o\u00f9 tout est pens\u00e9 pour recevoir les familles avec enfants\u00a0: divertissement, espaces, services et m\u00eame la super formule All Inclusive\u00ae Open Bar H24 ! La plage conventionn\u00e9e que nous avons choisie pour vous, et o\u00f9 nous vous r\u00e9servons 1 &hellip;<\/p>\n","protected":false},"author":1,"featured_media":0,"parent":29729,"menu_order":0,"comment_status":"closed","ping_status":"closed","template":"page-templates\/scheda_hotel.php","meta":{"_acf_changed":false,"inline_featured_image":false,"footnotes":""},"class_list":["post-66512","page","type-page","status-publish","hentry"],"acf":[],"yoast_head":"<!-- This site is optimized with the Yoast SEO plugin v27.1 - https:\/\/yoast.com\/product\/yoast-seo-wordpress\/ -->\n<title>Club Family Hotel Riccione Village - Italy Family Hotels<\/title>\n<meta name=\"robots\" content=\"index, follow, max-snippet:-1, max-image-preview:large, max-video-preview:-1\" \/>\n<link rel=\"canonical\" href=\"https:\/\/www.italyfamilyhotels.it\/fr\/hotels\/club-family-hotel-riccione-village\" \/>\n<meta property=\"og:locale\" content=\"fr_FR\" \/>\n<meta property=\"og:type\" content=\"article\" \/>\n<meta property=\"og:title\" content=\"Club Family Hotel Riccione Village - Italy Family Hotels\" \/>\n<meta property=\"og:description\" content=\"Au Club Family Hotel Riccione Village, vous \u00eates accueillis par la chaleur et l&#039;\u00e9nergie un h\u00f4tel o\u00f9 tout est pens\u00e9 pour recevoir les familles avec enfants\u00a0: divertissement, espaces, services et m\u00eame la super formule All Inclusive\u00ae Open Bar H24 ! La plage conventionn\u00e9e que nous avons choisie pour vous, et o\u00f9 nous vous r\u00e9servons 1 &hellip;\" \/>\n<meta property=\"og:url\" content=\"https:\/\/www.italyfamilyhotels.it\/fr\/hotels\/club-family-hotel-riccione-village\" \/>\n<meta property=\"og:site_name\" content=\"Italy Family Hotels\" \/>\n<meta property=\"article:publisher\" content=\"https:\/\/www.facebook.com\/ItalyFamilyHotels\/\" \/>\n<meta property=\"article:modified_time\" content=\"2025-03-27T10:20:53+00:00\" \/>\n<meta name=\"twitter:card\" content=\"summary_large_image\" \/>\n<meta name=\"twitter:label1\" content=\"Dur\u00e9e de lecture estim\u00e9e\" \/>\n\t<meta name=\"twitter:data1\" content=\"2 minutes\" \/>\n<script type=\"application\/ld+json\" class=\"yoast-schema-graph\">{\"@context\":\"https:\/\/schema.org\",\"@graph\":[{\"@type\":\"WebPage\",\"@id\":\"https:\/\/www.italyfamilyhotels.it\/fr\/hotels\/club-family-hotel-riccione-village\",\"url\":\"https:\/\/www.italyfamilyhotels.it\/fr\/hotels\/club-family-hotel-riccione-village\",\"name\":\"Club Family Hotel Riccione Village - Italy Family Hotels\",\"isPartOf\":{\"@id\":\"https:\/\/www.italyfamilyhotels.it\/#website\"},\"datePublished\":\"2025-02-25T13:23:00+00:00\",\"dateModified\":\"2025-03-27T10:20:53+00:00\",\"breadcrumb\":{\"@id\":\"https:\/\/www.italyfamilyhotels.it\/fr\/hotels\/club-family-hotel-riccione-village#breadcrumb\"},\"inLanguage\":\"fr-FR\",\"potentialAction\":[{\"@type\":\"ReadAction\",\"target\":[\"https:\/\/www.italyfamilyhotels.it\/fr\/hotels\/club-family-hotel-riccione-village\"]}]},{\"@type\":\"BreadcrumbList\",\"@id\":\"https:\/\/www.italyfamilyhotels.it\/fr\/hotels\/club-family-hotel-riccione-village#breadcrumb\",\"itemListElement\":[{\"@type\":\"ListItem\",\"position\":1,\"name\":\"Home\",\"item\":\"https:\/\/www.italyfamilyhotels.it\/fr\"},{\"@type\":\"ListItem\",\"position\":2,\"name\":\"Family Hotels\",\"item\":\"https:\/\/www.italyfamilyhotels.it\/fr\/hotels\"},{\"@type\":\"ListItem\",\"position\":3,\"name\":\"Club Family Hotel Riccione Village\"}]},{\"@type\":\"WebSite\",\"@id\":\"https:\/\/www.italyfamilyhotels.it\/#website\",\"url\":\"https:\/\/www.italyfamilyhotels.it\/\",\"name\":\"Italy Family Hotels\",\"description\":\"\",\"potentialAction\":[{\"@type\":\"SearchAction\",\"target\":{\"@type\":\"EntryPoint\",\"urlTemplate\":\"https:\/\/www.italyfamilyhotels.it\/?s={search_term_string}\"},\"query-input\":{\"@type\":\"PropertyValueSpecification\",\"valueRequired\":true,\"valueName\":\"search_term_string\"}}],\"inLanguage\":\"fr-FR\"}]}<\/script>\n<!-- \/ Yoast SEO plugin. -->","yoast_head_json":{"title":"Club Family Hotel Riccione Village - Italy Family Hotels","robots":{"index":"index","follow":"follow","max-snippet":"max-snippet:-1","max-image-preview":"max-image-preview:large","max-video-preview":"max-video-preview:-1"},"canonical":"https:\/\/www.italyfamilyhotels.it\/fr\/hotels\/club-family-hotel-riccione-village","og_locale":"fr_FR","og_type":"article","og_title":"Club Family Hotel Riccione Village - Italy Family Hotels","og_description":"Au Club Family Hotel Riccione Village, vous \u00eates accueillis par la chaleur et l&#039;\u00e9nergie un h\u00f4tel o\u00f9 tout est pens\u00e9 pour recevoir les familles avec enfants\u00a0: divertissement, espaces, services et m\u00eame la super formule All Inclusive\u00ae Open Bar H24 ! La plage conventionn\u00e9e que nous avons choisie pour vous, et o\u00f9 nous vous r\u00e9servons 1 &hellip;","og_url":"https:\/\/www.italyfamilyhotels.it\/fr\/hotels\/club-family-hotel-riccione-village","og_site_name":"Italy Family Hotels","article_publisher":"https:\/\/www.facebook.com\/ItalyFamilyHotels\/","article_modified_time":"2025-03-27T10:20:53+00:00","twitter_card":"summary_large_image","twitter_misc":{"Dur\u00e9e de lecture estim\u00e9e":"2 minutes"},"schema":{"@context":"https:\/\/schema.org","@graph":[{"@type":"WebPage","@id":"https:\/\/www.italyfamilyhotels.it\/fr\/hotels\/club-family-hotel-riccione-village","url":"https:\/\/www.italyfamilyhotels.it\/fr\/hotels\/club-family-hotel-riccione-village","name":"Club Family Hotel Riccione Village - Italy Family Hotels","isPartOf":{"@id":"https:\/\/www.italyfamilyhotels.it\/#website"},"datePublished":"2025-02-25T13:23:00+00:00","dateModified":"2025-03-27T10:20:53+00:00","breadcrumb":{"@id":"https:\/\/www.italyfamilyhotels.it\/fr\/hotels\/club-family-hotel-riccione-village#breadcrumb"},"inLanguage":"fr-FR","potentialAction":[{"@type":"ReadAction","target":["https:\/\/www.italyfamilyhotels.it\/fr\/hotels\/club-family-hotel-riccione-village"]}]},{"@type":"BreadcrumbList","@id":"https:\/\/www.italyfamilyhotels.it\/fr\/hotels\/club-family-hotel-riccione-village#breadcrumb","itemListElement":[{"@type":"ListItem","position":1,"name":"Home","item":"https:\/\/www.italyfamilyhotels.it\/fr"},{"@type":"ListItem","position":2,"name":"Family Hotels","item":"https:\/\/www.italyfamilyhotels.it\/fr\/hotels"},{"@type":"ListItem","position":3,"name":"Club Family Hotel Riccione Village"}]},{"@type":"WebSite","@id":"https:\/\/www.italyfamilyhotels.it\/#website","url":"https:\/\/www.italyfamilyhotels.it\/","name":"Italy Family Hotels","description":"","potentialAction":[{"@type":"SearchAction","target":{"@type":"EntryPoint","urlTemplate":"https:\/\/www.italyfamilyhotels.it\/?s={search_term_string}"},"query-input":{"@type":"PropertyValueSpecification","valueRequired":true,"valueName":"search_term_string"}}],"inLanguage":"fr-FR"}]}},"_links":{"self":[{"href":"https:\/\/www.italyfamilyhotels.it\/fr\/wp-json\/wp\/v2\/pages\/66512","targetHints":{"allow":["GET"]}}],"collection":[{"href":"https:\/\/www.italyfamilyhotels.it\/fr\/wp-json\/wp\/v2\/pages"}],"about":[{"href":"https:\/\/www.italyfamilyhotels.it\/fr\/wp-json\/wp\/v2\/types\/page"}],"author":[{"embeddable":true,"href":"https:\/\/www.italyfamilyhotels.it\/fr\/wp-json\/wp\/v2\/users\/1"}],"replies":[{"embeddable":true,"href":"https:\/\/www.italyfamilyhotels.it\/fr\/wp-json\/wp\/v2\/comments?post=66512"}],"version-history":[{"count":2,"href":"https:\/\/www.italyfamilyhotels.it\/fr\/wp-json\/wp\/v2\/pages\/66512\/revisions"}],"predecessor-version":[{"id":68229,"href":"https:\/\/www.italyfamilyhotels.it\/fr\/wp-json\/wp\/v2\/pages\/66512\/revisions\/68229"}],"up":[{"embeddable":true,"href":"https:\/\/www.italyfamilyhotels.it\/fr\/wp-json\/wp\/v2\/pages\/29729"}],"wp:attachment":[{"href":"https:\/\/www.italyfamilyhotels.it\/fr\/wp-json\/wp\/v2\/media?parent=66512"}],"curies":[{"name":"wp","href":"https:\/\/api.w.org\/{rel}","templated":true}]}}