{"id":65114,"date":"2025-02-05T08:42:14","date_gmt":"2025-02-05T07:42:14","guid":{"rendered":"https:\/\/www.italyfamilyhotels.it\/hotels\/club-family-hotel-tintoretto"},"modified":"2025-03-27T11:20:50","modified_gmt":"2025-03-27T10:20:50","slug":"club-family-hotel-tintoretto","status":"publish","type":"page","link":"https:\/\/www.italyfamilyhotels.it\/fr\/hotels\/club-family-hotel-tintoretto","title":{"rendered":"Club Family Hotel Tintoretto"},"content":{"rendered":"\n<p>Vous r\u00eavez de <b>vacances all inclusive<\/b> pour toute la famille ? Alors nous vous attendons \u00e0 <b>Pinarella di Cervia<\/b>, au <b>Club Family Hotel Tintoretto<\/b> !<\/p>\n\n\n\n<p>Ici, les enfants s\u2019amusent tous les jours, du matin au soir avec les <b>animateurs<\/b> et les <b>animatrices<\/b>, gr\u00e2ce \u00e0 un <b>programme d&#039;activit\u00e9s vraiment \u00e9tonnant<\/b>, aux <b>espaces de jeux exceptionnels <\/b>et aux <b>2 splendides piscines<\/b> ensoleill\u00e9es dans le jardin, une desquelles est \u00e9quip\u00e9es d\u2019un <b>immense toboggan<\/b>. Pour les plus petits il y a une <b>zone avec de l\u2019eau peu profonde<\/b> qui leur est exclusivement d\u00e9di\u00e9e.<\/p>\n\n\n\n<p>Ensuite, nous sommes \u00e0 seulement <b>150 m\u00e8tres de la plage dor\u00e9e<\/b>, accessible en traversant la pin\u00e8de ombrag\u00e9e de Cervia. La d\u00e9tente pour vous commence d\u00e8s que vous posez vos pieds sur le sable moelleux, car <b>les parasols et les transats sont inclus<\/b> et l\u2019ennui pour les enfants est interdit, gr\u00e2ce aux <b>activit\u00e9s r\u00e9cr\u00e9atives<\/b> organis\u00e9es par les <b>animateurs<\/b>.<\/p>\n\n\n\n<p>Au Club Family Hotel Tintoretto, chaque espace a \u00e9t\u00e9 con\u00e7u en pensant au bonheur de vos enfants ! L\u2019<b>aire de jeux color\u00e9e dans le jardin<\/b>, l\u2019immense <b>gonflable<\/b>, la <b>Play Sport Arena<\/b>, la <b>salle de jeux multim\u00e9dia<\/b> et le <b>playground <\/b>avec les <b>kiki funs<\/b>, r\u00e9sonnent \u00e0 chaque instant de rires et de gaiet\u00e9.<\/p>\n\n\n\n<p>Bien s\u00fbr, nous avons aussi pens\u00e9 au bonheur des parents. Pour cela, vous pouvez choisir la formule prim\u00e9e <b>Club Family All Inclusive\u00ae Open Bar &amp; Plage<\/b> (avec vraiment tout inclus !), et <b>2 enfants et adolescents jusqu\u2019\u00e0 18 ans<\/b> dans une chambre avec 2 adultes, s\u00e9journent <b>gratuitement<\/b>. En outre, nous <b>offrons <\/b>\u00e0 votre famille l\u2019entr\u00e9e \u00e0 <b>Mirabilandia<\/b> !<\/p>\n","protected":false},"excerpt":{"rendered":"<p>Vous r\u00eavez de vacances all inclusive pour toute la famille ? Alors nous vous attendons \u00e0 Pinarella di Cervia, au Club Family Hotel Tintoretto ! Ici, les enfants s\u2019amusent tous les jours, du matin au soir avec les animateurs et les animatrices, gr\u00e2ce \u00e0 un programme d&#039;activit\u00e9s vraiment \u00e9tonnant, aux espaces de jeux exceptionnels et &hellip;<\/p>\n","protected":false},"author":1,"featured_media":0,"parent":29729,"menu_order":0,"comment_status":"closed","ping_status":"closed","template":"page-templates\/scheda_hotel.php","meta":{"_acf_changed":false,"inline_featured_image":false,"footnotes":""},"class_list":["post-65114","page","type-page","status-publish","hentry"],"acf":[],"yoast_head":"<!-- This site is optimized with the Yoast SEO plugin v27.1 - https:\/\/yoast.com\/product\/yoast-seo-wordpress\/ -->\n<title>Club Family Hotel Tintoretto - Italy Family Hotels<\/title>\n<meta name=\"robots\" content=\"index, follow, max-snippet:-1, max-image-preview:large, max-video-preview:-1\" \/>\n<link rel=\"canonical\" href=\"https:\/\/www.italyfamilyhotels.it\/fr\/hotels\/club-family-hotel-tintoretto\" \/>\n<meta property=\"og:locale\" content=\"fr_FR\" \/>\n<meta property=\"og:type\" content=\"article\" \/>\n<meta property=\"og:title\" content=\"Club Family Hotel Tintoretto - Italy Family Hotels\" \/>\n<meta property=\"og:description\" content=\"Vous r\u00eavez de vacances all inclusive pour toute la famille ? Alors nous vous attendons \u00e0 Pinarella di Cervia, au Club Family Hotel Tintoretto ! Ici, les enfants s\u2019amusent tous les jours, du matin au soir avec les animateurs et les animatrices, gr\u00e2ce \u00e0 un programme d&#039;activit\u00e9s vraiment \u00e9tonnant, aux espaces de jeux exceptionnels et &hellip;\" \/>\n<meta property=\"og:url\" content=\"https:\/\/www.italyfamilyhotels.it\/fr\/hotels\/club-family-hotel-tintoretto\" \/>\n<meta property=\"og:site_name\" content=\"Italy Family Hotels\" \/>\n<meta property=\"article:publisher\" content=\"https:\/\/www.facebook.com\/ItalyFamilyHotels\/\" \/>\n<meta property=\"article:modified_time\" content=\"2025-03-27T10:20:50+00:00\" \/>\n<meta name=\"twitter:card\" content=\"summary_large_image\" \/>\n<meta name=\"twitter:label1\" content=\"Dur\u00e9e de lecture estim\u00e9e\" \/>\n\t<meta name=\"twitter:data1\" content=\"1 minute\" \/>\n<script type=\"application\/ld+json\" class=\"yoast-schema-graph\">{\"@context\":\"https:\/\/schema.org\",\"@graph\":[{\"@type\":\"WebPage\",\"@id\":\"https:\/\/www.italyfamilyhotels.it\/fr\/hotels\/club-family-hotel-tintoretto\",\"url\":\"https:\/\/www.italyfamilyhotels.it\/fr\/hotels\/club-family-hotel-tintoretto\",\"name\":\"Club Family Hotel Tintoretto - Italy Family Hotels\",\"isPartOf\":{\"@id\":\"https:\/\/www.italyfamilyhotels.it\/#website\"},\"datePublished\":\"2025-02-05T07:42:14+00:00\",\"dateModified\":\"2025-03-27T10:20:50+00:00\",\"breadcrumb\":{\"@id\":\"https:\/\/www.italyfamilyhotels.it\/fr\/hotels\/club-family-hotel-tintoretto#breadcrumb\"},\"inLanguage\":\"fr-FR\",\"potentialAction\":[{\"@type\":\"ReadAction\",\"target\":[\"https:\/\/www.italyfamilyhotels.it\/fr\/hotels\/club-family-hotel-tintoretto\"]}]},{\"@type\":\"BreadcrumbList\",\"@id\":\"https:\/\/www.italyfamilyhotels.it\/fr\/hotels\/club-family-hotel-tintoretto#breadcrumb\",\"itemListElement\":[{\"@type\":\"ListItem\",\"position\":1,\"name\":\"Home\",\"item\":\"https:\/\/www.italyfamilyhotels.it\/fr\"},{\"@type\":\"ListItem\",\"position\":2,\"name\":\"Family Hotels\",\"item\":\"https:\/\/www.italyfamilyhotels.it\/fr\/hotels\"},{\"@type\":\"ListItem\",\"position\":3,\"name\":\"Club Family Hotel Tintoretto\"}]},{\"@type\":\"WebSite\",\"@id\":\"https:\/\/www.italyfamilyhotels.it\/#website\",\"url\":\"https:\/\/www.italyfamilyhotels.it\/\",\"name\":\"Italy Family Hotels\",\"description\":\"\",\"potentialAction\":[{\"@type\":\"SearchAction\",\"target\":{\"@type\":\"EntryPoint\",\"urlTemplate\":\"https:\/\/www.italyfamilyhotels.it\/?s={search_term_string}\"},\"query-input\":{\"@type\":\"PropertyValueSpecification\",\"valueRequired\":true,\"valueName\":\"search_term_string\"}}],\"inLanguage\":\"fr-FR\"}]}<\/script>\n<!-- \/ Yoast SEO plugin. -->","yoast_head_json":{"title":"Club Family Hotel Tintoretto - Italy Family Hotels","robots":{"index":"index","follow":"follow","max-snippet":"max-snippet:-1","max-image-preview":"max-image-preview:large","max-video-preview":"max-video-preview:-1"},"canonical":"https:\/\/www.italyfamilyhotels.it\/fr\/hotels\/club-family-hotel-tintoretto","og_locale":"fr_FR","og_type":"article","og_title":"Club Family Hotel Tintoretto - Italy Family Hotels","og_description":"Vous r\u00eavez de vacances all inclusive pour toute la famille ? Alors nous vous attendons \u00e0 Pinarella di Cervia, au Club Family Hotel Tintoretto ! Ici, les enfants s\u2019amusent tous les jours, du matin au soir avec les animateurs et les animatrices, gr\u00e2ce \u00e0 un programme d&#039;activit\u00e9s vraiment \u00e9tonnant, aux espaces de jeux exceptionnels et &hellip;","og_url":"https:\/\/www.italyfamilyhotels.it\/fr\/hotels\/club-family-hotel-tintoretto","og_site_name":"Italy Family Hotels","article_publisher":"https:\/\/www.facebook.com\/ItalyFamilyHotels\/","article_modified_time":"2025-03-27T10:20:50+00:00","twitter_card":"summary_large_image","twitter_misc":{"Dur\u00e9e de lecture estim\u00e9e":"1 minute"},"schema":{"@context":"https:\/\/schema.org","@graph":[{"@type":"WebPage","@id":"https:\/\/www.italyfamilyhotels.it\/fr\/hotels\/club-family-hotel-tintoretto","url":"https:\/\/www.italyfamilyhotels.it\/fr\/hotels\/club-family-hotel-tintoretto","name":"Club Family Hotel Tintoretto - Italy Family Hotels","isPartOf":{"@id":"https:\/\/www.italyfamilyhotels.it\/#website"},"datePublished":"2025-02-05T07:42:14+00:00","dateModified":"2025-03-27T10:20:50+00:00","breadcrumb":{"@id":"https:\/\/www.italyfamilyhotels.it\/fr\/hotels\/club-family-hotel-tintoretto#breadcrumb"},"inLanguage":"fr-FR","potentialAction":[{"@type":"ReadAction","target":["https:\/\/www.italyfamilyhotels.it\/fr\/hotels\/club-family-hotel-tintoretto"]}]},{"@type":"BreadcrumbList","@id":"https:\/\/www.italyfamilyhotels.it\/fr\/hotels\/club-family-hotel-tintoretto#breadcrumb","itemListElement":[{"@type":"ListItem","position":1,"name":"Home","item":"https:\/\/www.italyfamilyhotels.it\/fr"},{"@type":"ListItem","position":2,"name":"Family Hotels","item":"https:\/\/www.italyfamilyhotels.it\/fr\/hotels"},{"@type":"ListItem","position":3,"name":"Club Family Hotel Tintoretto"}]},{"@type":"WebSite","@id":"https:\/\/www.italyfamilyhotels.it\/#website","url":"https:\/\/www.italyfamilyhotels.it\/","name":"Italy Family Hotels","description":"","potentialAction":[{"@type":"SearchAction","target":{"@type":"EntryPoint","urlTemplate":"https:\/\/www.italyfamilyhotels.it\/?s={search_term_string}"},"query-input":{"@type":"PropertyValueSpecification","valueRequired":true,"valueName":"search_term_string"}}],"inLanguage":"fr-FR"}]}},"_links":{"self":[{"href":"https:\/\/www.italyfamilyhotels.it\/fr\/wp-json\/wp\/v2\/pages\/65114","targetHints":{"allow":["GET"]}}],"collection":[{"href":"https:\/\/www.italyfamilyhotels.it\/fr\/wp-json\/wp\/v2\/pages"}],"about":[{"href":"https:\/\/www.italyfamilyhotels.it\/fr\/wp-json\/wp\/v2\/types\/page"}],"author":[{"embeddable":true,"href":"https:\/\/www.italyfamilyhotels.it\/fr\/wp-json\/wp\/v2\/users\/1"}],"replies":[{"embeddable":true,"href":"https:\/\/www.italyfamilyhotels.it\/fr\/wp-json\/wp\/v2\/comments?post=65114"}],"version-history":[{"count":2,"href":"https:\/\/www.italyfamilyhotels.it\/fr\/wp-json\/wp\/v2\/pages\/65114\/revisions"}],"predecessor-version":[{"id":68226,"href":"https:\/\/www.italyfamilyhotels.it\/fr\/wp-json\/wp\/v2\/pages\/65114\/revisions\/68226"}],"up":[{"embeddable":true,"href":"https:\/\/www.italyfamilyhotels.it\/fr\/wp-json\/wp\/v2\/pages\/29729"}],"wp:attachment":[{"href":"https:\/\/www.italyfamilyhotels.it\/fr\/wp-json\/wp\/v2\/media?parent=65114"}],"curies":[{"name":"wp","href":"https:\/\/api.w.org\/{rel}","templated":true}]}}