{"id":65094,"date":"2025-02-04T14:32:17","date_gmt":"2025-02-04T13:32:17","guid":{"rendered":"https:\/\/www.italyfamilyhotels.it\/hotels\/quellenhof-luxury-resort-passeier"},"modified":"2026-04-02T11:33:33","modified_gmt":"2026-04-02T09:33:33","slug":"quellenhof-luxury-resort-passeier","status":"publish","type":"page","link":"https:\/\/www.italyfamilyhotels.it\/fr\/hotels\/quellenhof-luxury-resort-passeier","title":{"rendered":"Quellenhof Luxury Resort Passeier"},"content":{"rendered":"\n<p>Du bonheur, du plaisir et du bien-\u00eatre pour toute la famille vous attendent au <b>Quellenhof Luxury Resort Passeier<\/b> de <b>Merano<\/b>, dans le charmant Val Passiria.<\/p>\n\n\n\n<p>Vous trouverez ici un <b>espace de bien-\u00eatre r\u00e9serv\u00e9 aux Adultes<\/b> et un autre <b>d\u00e9di\u00e9 aux familles<\/b>, o\u00f9 vous pourrez partager des moments de d\u00e9tente et de joie avec vos enfants dans des <b>saunas familiaux<\/b> et des <b>espaces de d\u00e9tente<\/b>. Et puis il y a le grandiose <b>Parc Aquatique pour famille<\/b>, un v\u00e9ritable paradis de bonheur aquatique qui s\u00e9duit les enfants et les parents ! Dans ce <b>parc aquatique<\/b>,les plus petits peuvent s\u2019amuser dans la <b>piscine d\u00e9di\u00e9e d\u2019eau basse chauff\u00e9e<\/b>, avec un fantastique <b>bateau de pirates<\/b> et de <b>toboggans pleins d\u2019adr\u00e9naline<\/b>, ou bien partager avec vous le charme de la <b>rivi\u00e8re lente<\/b> caract\u00e9ris\u00e9e par des cascades et des transats hydromassage. Et puis il y a le <strong>nouveau parc Aqua Spray<\/strong>, avec des jeux d&#8217;eau dynamiques et des jets rafra\u00eechissants. Bien s\u00fbr, vous trouverez aussi les <b>piscines <\/b>chauff\u00e9es : <b>olympique <\/b>\u00e0 d\u00e9bordement, <b>saline<\/b>, un <b>\u00e9tang naturel <\/b>de baignade et m\u00eame une <b>piscine infinity en forme de fleur<\/b>, sur le toit en verre\u00a0!<\/p>\n\n\n\n<p>Nous nous soucions de vos enfants, c\u2019est pourquoi nous avons une \u00e9quipe d\u2019<b>assistants maternels s\u00e9lectionn\u00e9s<\/b>, qui organise chaque jour un riche programme de <b>divertissement divis\u00e9 par tranches d\u2019\u00e2ge<\/b>. Si vous avez des enfants tr\u00e8s petits, vous pouvez r\u00e9server le <b>service de baby-sitting<\/b> et en profiter pour vous offrir quelques heures dans le <b>Spa Adults Only<\/b>. Chez nous, vous trouverez d&#8217;autres services exclusifs r\u00e9serv\u00e9s\u00a0: un <strong>nouveau bar<\/strong>, une <strong>terrasse r\u00e9nov\u00e9e<\/strong> et le <strong>Sky Restaurant Teppanyaki<\/strong>, pour savourer une cuisine japonaise avec une vue \u00e0 360\u00b0 sur les montagnes.<\/p>\n\n\n\n<p>Les espaces de jeux sont \u00e9galement con\u00e7us pour surprendre et divertir les enfants \u00e0 tout moment de la journ\u00e9e, par exemple l&#8217;<b>Action Park<\/b> avec <b>VoloJump<\/b>, trampolines interactifs, mur de bouldering, <b>piste de karting<\/b>,\u00a0plate-forme de sport et gaming de r\u00e9alit\u00e9 mixte, <b>iWall <\/b>3.0, un\u00a0<b>tunnel <\/b>labyrinthe, des pistolets \u00e0 air, les tout nouveaux <strong>Mini-golf int\u00e9rieur<\/strong> et <strong>Parcours Ninja<\/strong>, un parcours aventure v\u00e9ritablement action ! Et aussi : escalade en <b>salle<\/b>, <b>cin\u00e9ma 3D<\/b>, piste de <b>bowling <\/b>et m\u00eame une vraie <b>salle de jeux<\/b>. On parie que vous redeviendrez enfant vous aussi pendant les vacances ?<\/p>\n","protected":false},"excerpt":{"rendered":"<p>Du bonheur, du plaisir et du bien-\u00eatre pour toute la famille vous attendent au Quellenhof Luxury Resort Passeier de Merano, dans le charmant Val Passiria. Vous trouverez ici un espace de bien-\u00eatre r\u00e9serv\u00e9 aux Adultes et un autre d\u00e9di\u00e9 aux familles, o\u00f9 vous pourrez partager des moments de d\u00e9tente et de joie avec vos enfants &hellip;<\/p>\n","protected":false},"author":1,"featured_media":0,"parent":29729,"menu_order":0,"comment_status":"closed","ping_status":"closed","template":"page-templates\/scheda_hotel.php","meta":{"_acf_changed":false,"inline_featured_image":false,"footnotes":""},"class_list":["post-65094","page","type-page","status-publish","hentry"],"acf":[],"yoast_head":"<!-- This site is optimized with the Yoast SEO plugin v27.1 - https:\/\/yoast.com\/product\/yoast-seo-wordpress\/ -->\n<title>Quellenhof Luxury Resort Passeier 5 \u00e9toiles, Merano<\/title>\n<meta name=\"description\" content=\"Envie de vacances en famille\u00a0? D\u00e9couvrez les offres pour familles du Quellenhof Luxury Resort Passeier \u00e0 Merano\" \/>\n<meta name=\"robots\" content=\"index, follow, max-snippet:-1, max-image-preview:large, max-video-preview:-1\" \/>\n<link rel=\"canonical\" href=\"https:\/\/www.italyfamilyhotels.it\/fr\/hotels\/quellenhof-luxury-resort-passeier\" \/>\n<meta property=\"og:locale\" content=\"fr_FR\" \/>\n<meta property=\"og:type\" content=\"article\" \/>\n<meta property=\"og:title\" content=\"Quellenhof Luxury Resort Passeier 5 \u00e9toiles, Merano\" \/>\n<meta property=\"og:description\" content=\"Envie de vacances en famille\u00a0? D\u00e9couvrez les offres pour familles du Quellenhof Luxury Resort Passeier \u00e0 Merano\" \/>\n<meta property=\"og:url\" content=\"https:\/\/www.italyfamilyhotels.it\/fr\/hotels\/quellenhof-luxury-resort-passeier\" \/>\n<meta property=\"og:site_name\" content=\"Italy Family Hotels\" \/>\n<meta property=\"article:publisher\" content=\"https:\/\/www.facebook.com\/ItalyFamilyHotels\/\" \/>\n<meta property=\"article:modified_time\" content=\"2026-04-02T09:33:33+00:00\" \/>\n<meta name=\"twitter:card\" content=\"summary_large_image\" \/>\n<meta name=\"twitter:label1\" content=\"Dur\u00e9e de lecture estim\u00e9e\" \/>\n\t<meta name=\"twitter:data1\" content=\"2 minutes\" \/>\n<script type=\"application\/ld+json\" class=\"yoast-schema-graph\">{\"@context\":\"https:\/\/schema.org\",\"@graph\":[{\"@type\":\"WebPage\",\"@id\":\"https:\/\/www.italyfamilyhotels.it\/fr\/hotels\/quellenhof-luxury-resort-passeier\",\"url\":\"https:\/\/www.italyfamilyhotels.it\/fr\/hotels\/quellenhof-luxury-resort-passeier\",\"name\":\"Quellenhof Luxury Resort Passeier 5 \u00e9toiles, Merano\",\"isPartOf\":{\"@id\":\"https:\/\/www.italyfamilyhotels.it\/#website\"},\"datePublished\":\"2025-02-04T13:32:17+00:00\",\"dateModified\":\"2026-04-02T09:33:33+00:00\",\"description\":\"Envie de vacances en famille\u00a0? D\u00e9couvrez les offres pour familles du Quellenhof Luxury Resort Passeier \u00e0 Merano\",\"breadcrumb\":{\"@id\":\"https:\/\/www.italyfamilyhotels.it\/fr\/hotels\/quellenhof-luxury-resort-passeier#breadcrumb\"},\"inLanguage\":\"fr-FR\",\"potentialAction\":[{\"@type\":\"ReadAction\",\"target\":[\"https:\/\/www.italyfamilyhotels.it\/fr\/hotels\/quellenhof-luxury-resort-passeier\"]}]},{\"@type\":\"BreadcrumbList\",\"@id\":\"https:\/\/www.italyfamilyhotels.it\/fr\/hotels\/quellenhof-luxury-resort-passeier#breadcrumb\",\"itemListElement\":[{\"@type\":\"ListItem\",\"position\":1,\"name\":\"Home\",\"item\":\"https:\/\/www.italyfamilyhotels.it\/fr\"},{\"@type\":\"ListItem\",\"position\":2,\"name\":\"Family Hotels\",\"item\":\"https:\/\/www.italyfamilyhotels.it\/fr\/hotels\"},{\"@type\":\"ListItem\",\"position\":3,\"name\":\"Quellenhof Luxury Resort Passeier\"}]},{\"@type\":\"WebSite\",\"@id\":\"https:\/\/www.italyfamilyhotels.it\/#website\",\"url\":\"https:\/\/www.italyfamilyhotels.it\/\",\"name\":\"Italy Family Hotels\",\"description\":\"\",\"potentialAction\":[{\"@type\":\"SearchAction\",\"target\":{\"@type\":\"EntryPoint\",\"urlTemplate\":\"https:\/\/www.italyfamilyhotels.it\/?s={search_term_string}\"},\"query-input\":{\"@type\":\"PropertyValueSpecification\",\"valueRequired\":true,\"valueName\":\"search_term_string\"}}],\"inLanguage\":\"fr-FR\"}]}<\/script>\n<!-- \/ Yoast SEO plugin. -->","yoast_head_json":{"title":"Quellenhof Luxury Resort Passeier 5 \u00e9toiles, Merano","description":"Envie de vacances en famille\u00a0? D\u00e9couvrez les offres pour familles du Quellenhof Luxury Resort Passeier \u00e0 Merano","robots":{"index":"index","follow":"follow","max-snippet":"max-snippet:-1","max-image-preview":"max-image-preview:large","max-video-preview":"max-video-preview:-1"},"canonical":"https:\/\/www.italyfamilyhotels.it\/fr\/hotels\/quellenhof-luxury-resort-passeier","og_locale":"fr_FR","og_type":"article","og_title":"Quellenhof Luxury Resort Passeier 5 \u00e9toiles, Merano","og_description":"Envie de vacances en famille\u00a0? D\u00e9couvrez les offres pour familles du Quellenhof Luxury Resort Passeier \u00e0 Merano","og_url":"https:\/\/www.italyfamilyhotels.it\/fr\/hotels\/quellenhof-luxury-resort-passeier","og_site_name":"Italy Family Hotels","article_publisher":"https:\/\/www.facebook.com\/ItalyFamilyHotels\/","article_modified_time":"2026-04-02T09:33:33+00:00","twitter_card":"summary_large_image","twitter_misc":{"Dur\u00e9e de lecture estim\u00e9e":"2 minutes"},"schema":{"@context":"https:\/\/schema.org","@graph":[{"@type":"WebPage","@id":"https:\/\/www.italyfamilyhotels.it\/fr\/hotels\/quellenhof-luxury-resort-passeier","url":"https:\/\/www.italyfamilyhotels.it\/fr\/hotels\/quellenhof-luxury-resort-passeier","name":"Quellenhof Luxury Resort Passeier 5 \u00e9toiles, Merano","isPartOf":{"@id":"https:\/\/www.italyfamilyhotels.it\/#website"},"datePublished":"2025-02-04T13:32:17+00:00","dateModified":"2026-04-02T09:33:33+00:00","description":"Envie de vacances en famille\u00a0? D\u00e9couvrez les offres pour familles du Quellenhof Luxury Resort Passeier \u00e0 Merano","breadcrumb":{"@id":"https:\/\/www.italyfamilyhotels.it\/fr\/hotels\/quellenhof-luxury-resort-passeier#breadcrumb"},"inLanguage":"fr-FR","potentialAction":[{"@type":"ReadAction","target":["https:\/\/www.italyfamilyhotels.it\/fr\/hotels\/quellenhof-luxury-resort-passeier"]}]},{"@type":"BreadcrumbList","@id":"https:\/\/www.italyfamilyhotels.it\/fr\/hotels\/quellenhof-luxury-resort-passeier#breadcrumb","itemListElement":[{"@type":"ListItem","position":1,"name":"Home","item":"https:\/\/www.italyfamilyhotels.it\/fr"},{"@type":"ListItem","position":2,"name":"Family Hotels","item":"https:\/\/www.italyfamilyhotels.it\/fr\/hotels"},{"@type":"ListItem","position":3,"name":"Quellenhof Luxury Resort Passeier"}]},{"@type":"WebSite","@id":"https:\/\/www.italyfamilyhotels.it\/#website","url":"https:\/\/www.italyfamilyhotels.it\/","name":"Italy Family Hotels","description":"","potentialAction":[{"@type":"SearchAction","target":{"@type":"EntryPoint","urlTemplate":"https:\/\/www.italyfamilyhotels.it\/?s={search_term_string}"},"query-input":{"@type":"PropertyValueSpecification","valueRequired":true,"valueName":"search_term_string"}}],"inLanguage":"fr-FR"}]}},"_links":{"self":[{"href":"https:\/\/www.italyfamilyhotels.it\/fr\/wp-json\/wp\/v2\/pages\/65094","targetHints":{"allow":["GET"]}}],"collection":[{"href":"https:\/\/www.italyfamilyhotels.it\/fr\/wp-json\/wp\/v2\/pages"}],"about":[{"href":"https:\/\/www.italyfamilyhotels.it\/fr\/wp-json\/wp\/v2\/types\/page"}],"author":[{"embeddable":true,"href":"https:\/\/www.italyfamilyhotels.it\/fr\/wp-json\/wp\/v2\/users\/1"}],"replies":[{"embeddable":true,"href":"https:\/\/www.italyfamilyhotels.it\/fr\/wp-json\/wp\/v2\/comments?post=65094"}],"version-history":[{"count":3,"href":"https:\/\/www.italyfamilyhotels.it\/fr\/wp-json\/wp\/v2\/pages\/65094\/revisions"}],"predecessor-version":[{"id":77192,"href":"https:\/\/www.italyfamilyhotels.it\/fr\/wp-json\/wp\/v2\/pages\/65094\/revisions\/77192"}],"up":[{"embeddable":true,"href":"https:\/\/www.italyfamilyhotels.it\/fr\/wp-json\/wp\/v2\/pages\/29729"}],"wp:attachment":[{"href":"https:\/\/www.italyfamilyhotels.it\/fr\/wp-json\/wp\/v2\/media?parent=65094"}],"curies":[{"name":"wp","href":"https:\/\/api.w.org\/{rel}","templated":true}]}}