{"id":64804,"date":"2025-01-30T16:18:46","date_gmt":"2025-01-30T15:18:46","guid":{"rendered":"https:\/\/www.italyfamilyhotels.it\/hotels\/club-family-hotel-rimini-village"},"modified":"2025-03-27T11:20:48","modified_gmt":"2025-03-27T10:20:48","slug":"club-family-hotel-rimini-village","status":"publish","type":"page","link":"https:\/\/www.italyfamilyhotels.it\/fr\/hotels\/club-family-hotel-rimini-village","title":{"rendered":"Club Family Hotel Rimini Village"},"content":{"rendered":"\n<p>Partez pour un \u00ab\u00a0voyage supersonique dans le plaisir\u00a0\u00bb, avec des vacances en famille au <b>Club Family Hotel Rimini Village<\/b> de <b>Torre Pedrera<\/b> !<\/p>\n\n\n\n<p>L\u2019h\u00f4tel est entour\u00e9 d\u2019un <b>espace vert de 8.000 m<\/b><b><sup>2<\/b><\/sup>, un jardin arbor\u00e9 riche en jeux, o\u00f9 les enfants peuvent s\u2019amuser en toute s\u00e9curit\u00e9, tandis que les <b>parents se d\u00e9tendent<\/b> au bord de la piscine. Au bord d\u2019une de nos <b>deux piscines chauff\u00e9es <\/b>et ensoleill\u00e9es, dont une d\u00e9di\u00e9e aux plus petits, avec la <b>Zone Splash Park<\/b> attenante avec les <b>jeux d&#039;eau<\/b>.<\/p>\n\n\n\n<p>Nous avons pens\u00e9 \u00e0 une formule <b>All Inclusive\u00ae Open Bar H24<\/b>, avec les <b>boissons illimit\u00e9es<\/b> \u00e0 l&#039;h\u00f4tel, au bord de la piscine et sur la plage. Mais pas seulement, parce qu\u2019il <b>comprend <\/b>\u00e9galement le <b>service plage<\/b> &#8211; \u00e0 30 m\u00e8tres. en bref, vous pouvez facilement l\u2019atteindre quand vous voulez &#8211; et l&#039;<b>animation active 7 jours sur 7<\/b>, avec des activit\u00e9s pour tous les \u00e2ges. Et puis, ici deux <b>enfants et adolescents jusqu\u2019\u00e0 18 ans<\/b> dans une chambre avec deux adultes s\u00e9journent toujours <b>gratuitement<\/b> ! Tout comme les <b>billets pour Mirabilandia et Mirabeach sont gratuits<\/b> pour toute la famille\u00a0: ne pensez-vous pas que c\u2019est g\u00e9nial ?<\/p>\n\n\n\n<p>Au <b>Club Family Hotel Rimini Village<\/b>, chaque d\u00e9tail est con\u00e7u pour garantir \u00e0 votre famille des vacances parfaites. Vous voulez des exemples ? <b>Dina Merendina<\/b>, le <b>Baby Parking<\/b> aux repas \u00e0 partir de 4 ans, les <b>Nounous de la Nanny School<\/b> pour les b\u00e9b\u00e9s \u00e0 partir de 8 mois, le coin gourmet \u00ab\u00a0Angolo del<b> Ghiottone\u00a0\u00bb<\/b> de l\u2019apr\u00e8s-midi, la <b>Baby Dance<\/b> et les spectacles en soir\u00e9e, les <b>surprises gourmandes<\/b> et le<b> buffet de bonne nuit<\/b>. Le reste, venez le d\u00e9couvrir ici !<\/p>\n","protected":false},"excerpt":{"rendered":"<p>Partez pour un \u00ab\u00a0voyage supersonique dans le plaisir\u00a0\u00bb, avec des vacances en famille au Club Family Hotel Rimini Village de Torre Pedrera ! L\u2019h\u00f4tel est entour\u00e9 d\u2019un espace vert de 8.000 m2, un jardin arbor\u00e9 riche en jeux, o\u00f9 les enfants peuvent s\u2019amuser en toute s\u00e9curit\u00e9, tandis que les parents se d\u00e9tendent au bord de &hellip;<\/p>\n","protected":false},"author":1,"featured_media":0,"parent":29729,"menu_order":0,"comment_status":"closed","ping_status":"closed","template":"page-templates\/scheda_hotel.php","meta":{"_acf_changed":false,"inline_featured_image":false,"footnotes":""},"class_list":["post-64804","page","type-page","status-publish","hentry"],"acf":[],"yoast_head":"<!-- This site is optimized with the Yoast SEO plugin v27.1 - https:\/\/yoast.com\/product\/yoast-seo-wordpress\/ -->\n<title>Club Family Hotel Rimini Village - Italy Family Hotels<\/title>\n<meta name=\"robots\" content=\"index, follow, max-snippet:-1, max-image-preview:large, max-video-preview:-1\" \/>\n<link rel=\"canonical\" href=\"https:\/\/www.italyfamilyhotels.it\/fr\/hotels\/club-family-hotel-rimini-village\" \/>\n<meta property=\"og:locale\" content=\"fr_FR\" \/>\n<meta property=\"og:type\" content=\"article\" \/>\n<meta property=\"og:title\" content=\"Club Family Hotel Rimini Village - Italy Family Hotels\" \/>\n<meta property=\"og:description\" content=\"Partez pour un \u00ab\u00a0voyage supersonique dans le plaisir\u00a0\u00bb, avec des vacances en famille au Club Family Hotel Rimini Village de Torre Pedrera ! L\u2019h\u00f4tel est entour\u00e9 d\u2019un espace vert de 8.000 m2, un jardin arbor\u00e9 riche en jeux, o\u00f9 les enfants peuvent s\u2019amuser en toute s\u00e9curit\u00e9, tandis que les parents se d\u00e9tendent au bord de &hellip;\" \/>\n<meta property=\"og:url\" content=\"https:\/\/www.italyfamilyhotels.it\/fr\/hotels\/club-family-hotel-rimini-village\" \/>\n<meta property=\"og:site_name\" content=\"Italy Family Hotels\" \/>\n<meta property=\"article:publisher\" content=\"https:\/\/www.facebook.com\/ItalyFamilyHotels\/\" \/>\n<meta property=\"article:modified_time\" content=\"2025-03-27T10:20:48+00:00\" \/>\n<meta name=\"twitter:card\" content=\"summary_large_image\" \/>\n<meta name=\"twitter:label1\" content=\"Dur\u00e9e de lecture estim\u00e9e\" \/>\n\t<meta name=\"twitter:data1\" content=\"1 minute\" \/>\n<script type=\"application\/ld+json\" class=\"yoast-schema-graph\">{\"@context\":\"https:\/\/schema.org\",\"@graph\":[{\"@type\":\"WebPage\",\"@id\":\"https:\/\/www.italyfamilyhotels.it\/fr\/hotels\/club-family-hotel-rimini-village\",\"url\":\"https:\/\/www.italyfamilyhotels.it\/fr\/hotels\/club-family-hotel-rimini-village\",\"name\":\"Club Family Hotel Rimini Village - Italy Family Hotels\",\"isPartOf\":{\"@id\":\"https:\/\/www.italyfamilyhotels.it\/#website\"},\"datePublished\":\"2025-01-30T15:18:46+00:00\",\"dateModified\":\"2025-03-27T10:20:48+00:00\",\"breadcrumb\":{\"@id\":\"https:\/\/www.italyfamilyhotels.it\/fr\/hotels\/club-family-hotel-rimini-village#breadcrumb\"},\"inLanguage\":\"fr-FR\",\"potentialAction\":[{\"@type\":\"ReadAction\",\"target\":[\"https:\/\/www.italyfamilyhotels.it\/fr\/hotels\/club-family-hotel-rimini-village\"]}]},{\"@type\":\"BreadcrumbList\",\"@id\":\"https:\/\/www.italyfamilyhotels.it\/fr\/hotels\/club-family-hotel-rimini-village#breadcrumb\",\"itemListElement\":[{\"@type\":\"ListItem\",\"position\":1,\"name\":\"Home\",\"item\":\"https:\/\/www.italyfamilyhotels.it\/fr\"},{\"@type\":\"ListItem\",\"position\":2,\"name\":\"Family Hotels\",\"item\":\"https:\/\/www.italyfamilyhotels.it\/fr\/hotels\"},{\"@type\":\"ListItem\",\"position\":3,\"name\":\"Club Family Hotel Rimini Village\"}]},{\"@type\":\"WebSite\",\"@id\":\"https:\/\/www.italyfamilyhotels.it\/#website\",\"url\":\"https:\/\/www.italyfamilyhotels.it\/\",\"name\":\"Italy Family Hotels\",\"description\":\"\",\"potentialAction\":[{\"@type\":\"SearchAction\",\"target\":{\"@type\":\"EntryPoint\",\"urlTemplate\":\"https:\/\/www.italyfamilyhotels.it\/?s={search_term_string}\"},\"query-input\":{\"@type\":\"PropertyValueSpecification\",\"valueRequired\":true,\"valueName\":\"search_term_string\"}}],\"inLanguage\":\"fr-FR\"}]}<\/script>\n<!-- \/ Yoast SEO plugin. -->","yoast_head_json":{"title":"Club Family Hotel Rimini Village - Italy Family Hotels","robots":{"index":"index","follow":"follow","max-snippet":"max-snippet:-1","max-image-preview":"max-image-preview:large","max-video-preview":"max-video-preview:-1"},"canonical":"https:\/\/www.italyfamilyhotels.it\/fr\/hotels\/club-family-hotel-rimini-village","og_locale":"fr_FR","og_type":"article","og_title":"Club Family Hotel Rimini Village - Italy Family Hotels","og_description":"Partez pour un \u00ab\u00a0voyage supersonique dans le plaisir\u00a0\u00bb, avec des vacances en famille au Club Family Hotel Rimini Village de Torre Pedrera ! L\u2019h\u00f4tel est entour\u00e9 d\u2019un espace vert de 8.000 m2, un jardin arbor\u00e9 riche en jeux, o\u00f9 les enfants peuvent s\u2019amuser en toute s\u00e9curit\u00e9, tandis que les parents se d\u00e9tendent au bord de &hellip;","og_url":"https:\/\/www.italyfamilyhotels.it\/fr\/hotels\/club-family-hotel-rimini-village","og_site_name":"Italy Family Hotels","article_publisher":"https:\/\/www.facebook.com\/ItalyFamilyHotels\/","article_modified_time":"2025-03-27T10:20:48+00:00","twitter_card":"summary_large_image","twitter_misc":{"Dur\u00e9e de lecture estim\u00e9e":"1 minute"},"schema":{"@context":"https:\/\/schema.org","@graph":[{"@type":"WebPage","@id":"https:\/\/www.italyfamilyhotels.it\/fr\/hotels\/club-family-hotel-rimini-village","url":"https:\/\/www.italyfamilyhotels.it\/fr\/hotels\/club-family-hotel-rimini-village","name":"Club Family Hotel Rimini Village - Italy Family Hotels","isPartOf":{"@id":"https:\/\/www.italyfamilyhotels.it\/#website"},"datePublished":"2025-01-30T15:18:46+00:00","dateModified":"2025-03-27T10:20:48+00:00","breadcrumb":{"@id":"https:\/\/www.italyfamilyhotels.it\/fr\/hotels\/club-family-hotel-rimini-village#breadcrumb"},"inLanguage":"fr-FR","potentialAction":[{"@type":"ReadAction","target":["https:\/\/www.italyfamilyhotels.it\/fr\/hotels\/club-family-hotel-rimini-village"]}]},{"@type":"BreadcrumbList","@id":"https:\/\/www.italyfamilyhotels.it\/fr\/hotels\/club-family-hotel-rimini-village#breadcrumb","itemListElement":[{"@type":"ListItem","position":1,"name":"Home","item":"https:\/\/www.italyfamilyhotels.it\/fr"},{"@type":"ListItem","position":2,"name":"Family Hotels","item":"https:\/\/www.italyfamilyhotels.it\/fr\/hotels"},{"@type":"ListItem","position":3,"name":"Club Family Hotel Rimini Village"}]},{"@type":"WebSite","@id":"https:\/\/www.italyfamilyhotels.it\/#website","url":"https:\/\/www.italyfamilyhotels.it\/","name":"Italy Family Hotels","description":"","potentialAction":[{"@type":"SearchAction","target":{"@type":"EntryPoint","urlTemplate":"https:\/\/www.italyfamilyhotels.it\/?s={search_term_string}"},"query-input":{"@type":"PropertyValueSpecification","valueRequired":true,"valueName":"search_term_string"}}],"inLanguage":"fr-FR"}]}},"_links":{"self":[{"href":"https:\/\/www.italyfamilyhotels.it\/fr\/wp-json\/wp\/v2\/pages\/64804","targetHints":{"allow":["GET"]}}],"collection":[{"href":"https:\/\/www.italyfamilyhotels.it\/fr\/wp-json\/wp\/v2\/pages"}],"about":[{"href":"https:\/\/www.italyfamilyhotels.it\/fr\/wp-json\/wp\/v2\/types\/page"}],"author":[{"embeddable":true,"href":"https:\/\/www.italyfamilyhotels.it\/fr\/wp-json\/wp\/v2\/users\/1"}],"replies":[{"embeddable":true,"href":"https:\/\/www.italyfamilyhotels.it\/fr\/wp-json\/wp\/v2\/comments?post=64804"}],"version-history":[{"count":2,"href":"https:\/\/www.italyfamilyhotels.it\/fr\/wp-json\/wp\/v2\/pages\/64804\/revisions"}],"predecessor-version":[{"id":68224,"href":"https:\/\/www.italyfamilyhotels.it\/fr\/wp-json\/wp\/v2\/pages\/64804\/revisions\/68224"}],"up":[{"embeddable":true,"href":"https:\/\/www.italyfamilyhotels.it\/fr\/wp-json\/wp\/v2\/pages\/29729"}],"wp:attachment":[{"href":"https:\/\/www.italyfamilyhotels.it\/fr\/wp-json\/wp\/v2\/media?parent=64804"}],"curies":[{"name":"wp","href":"https:\/\/api.w.org\/{rel}","templated":true}]}}