{"id":63952,"date":"2025-01-27T13:33:07","date_gmt":"2025-01-27T12:33:07","guid":{"rendered":"https:\/\/www.italyfamilyhotels.it\/hotels\/hotel-continental"},"modified":"2025-03-27T11:20:47","modified_gmt":"2025-03-27T10:20:47","slug":"hotel-continental-2","status":"publish","type":"page","link":"https:\/\/www.italyfamilyhotels.it\/fr\/hotels\/hotel-continental-2","title":{"rendered":"Hotel Continental"},"content":{"rendered":"\n<p>\u00c0 l&#039;<b>Hotel Continental<\/b> de <b>Tortoreto Lido<\/b>, situ\u00e9 <b>directement sur le bord de mer<\/b>, vous vivez des <b>vacances all inclusive <\/b>o\u00f9 chaque membre de la famille trouve un bonheur \u00e0 sa mesure !<\/p>\n\n\n\n<p>Les <b>enfants <\/b>peuvent s\u2019amuser en toute s\u00e9curit\u00e9 sur notre <b>plage priv\u00e9e<\/b> &#8211; avec <b>1 parasol et 2 transats<\/b> toujours compris &#8211; avec l\u2019\u00e9quipe d\u2019animation, tandis que les parents se d\u00e9tendent au soleil, pour profiter peut-\u00eatre du service d\u2019<b>open bar inclus toute la journ\u00e9e<\/b>.<\/p>\n\n\n\n<p>Les <b>activit\u00e9s concernant les loisirs<\/b>, organis\u00e9es tant le <b>matin <\/b>que l\u2019<b>apr\u00e8s-midi<\/b>, rendent chaque journ\u00e9e sp\u00e9ciale et cr\u00e9ent des souvenirs pr\u00e9cieux pour tous, en particulier pour les plus petits.<\/p>\n\n\n\n<p>Gr\u00e2ce \u00e0 la <b>position strat\u00e9gique<\/b> de notre h\u00f4tel et aux <b>v\u00e9los \u00e0 disposition gratuitement<\/b>, vous pourrez facilement explorer les attractions locales, ajoutant une touche d\u2019aventure familiale aux vacances.<\/p>\n\n\n\n<p>Et puis, la s\u00e9curit\u00e9 de trouver \u00e0 votre arriv\u00e9e tout ce qui est <b>n\u00e9cessaire pour vos enfants dans la chambre et dans la salle \u00e0 manger<\/b>, l\u2019assistance p\u00e9diatrique et la baby-sitter sur demande, sont une v\u00e9ritable valeur ajout\u00e9e, car cela signifie que vous ne devez penser \u00e0 rien, nous pr\u00e9parons tout pour accueillir votre famille.<\/p>\n","protected":false},"excerpt":{"rendered":"<p>\u00c0 l&#039;Hotel Continental de Tortoreto Lido, situ\u00e9 directement sur le bord de mer, vous vivez des vacances all inclusive o\u00f9 chaque membre de la famille trouve un bonheur \u00e0 sa mesure ! Les enfants peuvent s\u2019amuser en toute s\u00e9curit\u00e9 sur notre plage priv\u00e9e &#8211; avec 1 parasol et 2 transats toujours compris &#8211; avec l\u2019\u00e9quipe &hellip;<\/p>\n","protected":false},"author":1,"featured_media":0,"parent":29729,"menu_order":0,"comment_status":"closed","ping_status":"closed","template":"page-templates\/scheda_hotel.php","meta":{"_acf_changed":false,"inline_featured_image":false,"footnotes":""},"class_list":["post-63952","page","type-page","status-publish","hentry"],"acf":[],"yoast_head":"<!-- This site is optimized with the Yoast SEO plugin v27.1 - https:\/\/yoast.com\/product\/yoast-seo-wordpress\/ -->\n<title>Hotel Continental - Italy Family Hotels<\/title>\n<meta name=\"robots\" content=\"index, follow, max-snippet:-1, max-image-preview:large, max-video-preview:-1\" \/>\n<link rel=\"canonical\" href=\"https:\/\/www.italyfamilyhotels.it\/fr\/hotels\/hotel-continental-2\" \/>\n<meta property=\"og:locale\" content=\"fr_FR\" \/>\n<meta property=\"og:type\" content=\"article\" \/>\n<meta property=\"og:title\" content=\"Hotel Continental - Italy Family Hotels\" \/>\n<meta property=\"og:description\" content=\"\u00c0 l&#039;Hotel Continental de Tortoreto Lido, situ\u00e9 directement sur le bord de mer, vous vivez des vacances all inclusive o\u00f9 chaque membre de la famille trouve un bonheur \u00e0 sa mesure ! Les enfants peuvent s\u2019amuser en toute s\u00e9curit\u00e9 sur notre plage priv\u00e9e &#8211; avec 1 parasol et 2 transats toujours compris &#8211; avec l\u2019\u00e9quipe &hellip;\" \/>\n<meta property=\"og:url\" content=\"https:\/\/www.italyfamilyhotels.it\/fr\/hotels\/hotel-continental-2\" \/>\n<meta property=\"og:site_name\" content=\"Italy Family Hotels\" \/>\n<meta property=\"article:publisher\" content=\"https:\/\/www.facebook.com\/ItalyFamilyHotels\/\" \/>\n<meta property=\"article:modified_time\" content=\"2025-03-27T10:20:47+00:00\" \/>\n<meta name=\"twitter:card\" content=\"summary_large_image\" \/>\n<meta name=\"twitter:label1\" content=\"Dur\u00e9e de lecture estim\u00e9e\" \/>\n\t<meta name=\"twitter:data1\" content=\"1 minute\" \/>\n<script type=\"application\/ld+json\" class=\"yoast-schema-graph\">{\"@context\":\"https:\/\/schema.org\",\"@graph\":[{\"@type\":\"WebPage\",\"@id\":\"https:\/\/www.italyfamilyhotels.it\/fr\/hotels\/hotel-continental-2\",\"url\":\"https:\/\/www.italyfamilyhotels.it\/fr\/hotels\/hotel-continental-2\",\"name\":\"Hotel Continental - Italy Family Hotels\",\"isPartOf\":{\"@id\":\"https:\/\/www.italyfamilyhotels.it\/#website\"},\"datePublished\":\"2025-01-27T12:33:07+00:00\",\"dateModified\":\"2025-03-27T10:20:47+00:00\",\"breadcrumb\":{\"@id\":\"https:\/\/www.italyfamilyhotels.it\/fr\/hotels\/hotel-continental-2#breadcrumb\"},\"inLanguage\":\"fr-FR\",\"potentialAction\":[{\"@type\":\"ReadAction\",\"target\":[\"https:\/\/www.italyfamilyhotels.it\/fr\/hotels\/hotel-continental-2\"]}]},{\"@type\":\"BreadcrumbList\",\"@id\":\"https:\/\/www.italyfamilyhotels.it\/fr\/hotels\/hotel-continental-2#breadcrumb\",\"itemListElement\":[{\"@type\":\"ListItem\",\"position\":1,\"name\":\"Home\",\"item\":\"https:\/\/www.italyfamilyhotels.it\/fr\"},{\"@type\":\"ListItem\",\"position\":2,\"name\":\"Family Hotels\",\"item\":\"https:\/\/www.italyfamilyhotels.it\/fr\/hotels\"},{\"@type\":\"ListItem\",\"position\":3,\"name\":\"Hotel Continental\"}]},{\"@type\":\"WebSite\",\"@id\":\"https:\/\/www.italyfamilyhotels.it\/#website\",\"url\":\"https:\/\/www.italyfamilyhotels.it\/\",\"name\":\"Italy Family Hotels\",\"description\":\"\",\"potentialAction\":[{\"@type\":\"SearchAction\",\"target\":{\"@type\":\"EntryPoint\",\"urlTemplate\":\"https:\/\/www.italyfamilyhotels.it\/?s={search_term_string}\"},\"query-input\":{\"@type\":\"PropertyValueSpecification\",\"valueRequired\":true,\"valueName\":\"search_term_string\"}}],\"inLanguage\":\"fr-FR\"}]}<\/script>\n<!-- \/ Yoast SEO plugin. -->","yoast_head_json":{"title":"Hotel Continental - Italy Family Hotels","robots":{"index":"index","follow":"follow","max-snippet":"max-snippet:-1","max-image-preview":"max-image-preview:large","max-video-preview":"max-video-preview:-1"},"canonical":"https:\/\/www.italyfamilyhotels.it\/fr\/hotels\/hotel-continental-2","og_locale":"fr_FR","og_type":"article","og_title":"Hotel Continental - Italy Family Hotels","og_description":"\u00c0 l&#039;Hotel Continental de Tortoreto Lido, situ\u00e9 directement sur le bord de mer, vous vivez des vacances all inclusive o\u00f9 chaque membre de la famille trouve un bonheur \u00e0 sa mesure ! Les enfants peuvent s\u2019amuser en toute s\u00e9curit\u00e9 sur notre plage priv\u00e9e &#8211; avec 1 parasol et 2 transats toujours compris &#8211; avec l\u2019\u00e9quipe &hellip;","og_url":"https:\/\/www.italyfamilyhotels.it\/fr\/hotels\/hotel-continental-2","og_site_name":"Italy Family Hotels","article_publisher":"https:\/\/www.facebook.com\/ItalyFamilyHotels\/","article_modified_time":"2025-03-27T10:20:47+00:00","twitter_card":"summary_large_image","twitter_misc":{"Dur\u00e9e de lecture estim\u00e9e":"1 minute"},"schema":{"@context":"https:\/\/schema.org","@graph":[{"@type":"WebPage","@id":"https:\/\/www.italyfamilyhotels.it\/fr\/hotels\/hotel-continental-2","url":"https:\/\/www.italyfamilyhotels.it\/fr\/hotels\/hotel-continental-2","name":"Hotel Continental - Italy Family Hotels","isPartOf":{"@id":"https:\/\/www.italyfamilyhotels.it\/#website"},"datePublished":"2025-01-27T12:33:07+00:00","dateModified":"2025-03-27T10:20:47+00:00","breadcrumb":{"@id":"https:\/\/www.italyfamilyhotels.it\/fr\/hotels\/hotel-continental-2#breadcrumb"},"inLanguage":"fr-FR","potentialAction":[{"@type":"ReadAction","target":["https:\/\/www.italyfamilyhotels.it\/fr\/hotels\/hotel-continental-2"]}]},{"@type":"BreadcrumbList","@id":"https:\/\/www.italyfamilyhotels.it\/fr\/hotels\/hotel-continental-2#breadcrumb","itemListElement":[{"@type":"ListItem","position":1,"name":"Home","item":"https:\/\/www.italyfamilyhotels.it\/fr"},{"@type":"ListItem","position":2,"name":"Family Hotels","item":"https:\/\/www.italyfamilyhotels.it\/fr\/hotels"},{"@type":"ListItem","position":3,"name":"Hotel Continental"}]},{"@type":"WebSite","@id":"https:\/\/www.italyfamilyhotels.it\/#website","url":"https:\/\/www.italyfamilyhotels.it\/","name":"Italy Family Hotels","description":"","potentialAction":[{"@type":"SearchAction","target":{"@type":"EntryPoint","urlTemplate":"https:\/\/www.italyfamilyhotels.it\/?s={search_term_string}"},"query-input":{"@type":"PropertyValueSpecification","valueRequired":true,"valueName":"search_term_string"}}],"inLanguage":"fr-FR"}]}},"_links":{"self":[{"href":"https:\/\/www.italyfamilyhotels.it\/fr\/wp-json\/wp\/v2\/pages\/63952","targetHints":{"allow":["GET"]}}],"collection":[{"href":"https:\/\/www.italyfamilyhotels.it\/fr\/wp-json\/wp\/v2\/pages"}],"about":[{"href":"https:\/\/www.italyfamilyhotels.it\/fr\/wp-json\/wp\/v2\/types\/page"}],"author":[{"embeddable":true,"href":"https:\/\/www.italyfamilyhotels.it\/fr\/wp-json\/wp\/v2\/users\/1"}],"replies":[{"embeddable":true,"href":"https:\/\/www.italyfamilyhotels.it\/fr\/wp-json\/wp\/v2\/comments?post=63952"}],"version-history":[{"count":2,"href":"https:\/\/www.italyfamilyhotels.it\/fr\/wp-json\/wp\/v2\/pages\/63952\/revisions"}],"predecessor-version":[{"id":68223,"href":"https:\/\/www.italyfamilyhotels.it\/fr\/wp-json\/wp\/v2\/pages\/63952\/revisions\/68223"}],"up":[{"embeddable":true,"href":"https:\/\/www.italyfamilyhotels.it\/fr\/wp-json\/wp\/v2\/pages\/29729"}],"wp:attachment":[{"href":"https:\/\/www.italyfamilyhotels.it\/fr\/wp-json\/wp\/v2\/media?parent=63952"}],"curies":[{"name":"wp","href":"https:\/\/api.w.org\/{rel}","templated":true}]}}