{"id":63438,"date":"2024-12-18T10:23:30","date_gmt":"2024-12-18T09:23:30","guid":{"rendered":"https:\/\/www.italyfamilyhotels.it\/hotels\/color-bay-village-milano-marittima"},"modified":"2026-04-01T16:06:07","modified_gmt":"2026-04-01T14:06:07","slug":"color-bay-village-milano-marittima","status":"publish","type":"page","link":"https:\/\/www.italyfamilyhotels.it\/fr\/hotels\/color-bay-village-milano-marittima","title":{"rendered":"Color Bay Village &#8211; Milano Marittima"},"content":{"rendered":"\n<p>6&nbsp;000 m<sup>2<\/sup> de pin\u00e8de luxuriante entoure le village&nbsp;; \u00e0 2 minutes de la plage priv\u00e9e, animations 7j\/7&nbsp;; bar gratuit 24h\/24&nbsp;: au <b>Color Bay Village &#8211; Milano Marittima<\/b>, on aime \u00ab exag\u00e9rer&nbsp;\u00bb&#8230; mais seulement avec une garantie de <b>d\u00e9tente et divertissement pour les familles<\/b> que nous h\u00e9bergeons&nbsp;!<\/p>\n\n\n\n<p>Un plaisir illimit\u00e9 et sans souci gr\u00e2ce \u00e0 la <b>formule Premium All Inclusive<\/b>, qui comprend v\u00e9ritablement tous les meilleurs services pour des vacances en famille. Vous y trouverez notamment un <b>parasol et 2 transats<\/b> sur la <b>plage priv\u00e9e <\/b>(qui se trouve en r\u00e9alit\u00e9 \u00e0 seulement 2 minutes d&#8217;ici\u00a0!), avec <b>espaces de jeux<\/b>, <b>animation<\/b> pour vos enfants et un <b>bar avec service gratuit et illimit\u00e9<\/b>. Les boissons non alcoolis\u00e9es servies \u00e0 la pression, vin et bi\u00e8re <strong>sont incluses 24 heures sur 24<\/strong> <strong>aux bars sur la plage, \u00e0 la piscine et dans l&#8217;h\u00f4tel<\/strong>.<\/p>\n\n\n\n<p>Notre <strong>piscine chauff\u00e9e <\/strong>est le v\u00e9ritable fleuron de l&#8217;h\u00f4tel. Elle est tr\u00e8s appr\u00e9ci\u00e9e des enfants &#8211; qui avec le tr\u00e8s color\u00e9 <b>Acqua Splash<\/b> se jettent litt\u00e9ralement dans le bonheur &#8211; et les parents peuvent se rafra\u00eechir et se d\u00e9tendre dans le grand espace <b>solarium<\/b>.<\/p>\n\n\n\n<p>Et vous trouverez \u00e9galement le <b>divertissement sign\u00e9 Color<\/b>, un rendez-vous incontournable pour tous les \u00e2ges&nbsp;! L&#8217;<b>animation<\/b> est pr\u00e9sente<b> toute la semaine<\/b>, \u00e0 l&#8217;h\u00f4tel et sur la plage, du matin au soir. Il ne faut pas non plus oublier les espaces super r\u00e9serv\u00e9s au divertissement, comme la salle de jeux <b>Color Game Room<\/b>, le jardin avec <b>maxi structures gonflables<\/b> et la piste de petites voitures <b>Color Racing<\/b> pour des d\u00e9fis estivaux ludiques.<\/p>\n\n\n\n<p>L&#8217;exclusive Premium All Inclusive comprend \u00e9galement la <b>Color Food Experience<\/b> avec show cooking, <b>v\u00e9los <\/b>pour se d\u00e9placer librement \u00e0 Milano Marittima, la <b>PappArea <\/b>\u00e9quip\u00e9e pour les parents qui s\u00e8vrent leur b\u00e9b\u00e9, les <b>ap\u00e9ritifs <\/b>avant le d\u00e9jeuner et le d\u00eener, les <b>piadinas du Color Food Corner <\/b>(car des vacances en Romagne sans d\u00e9guster une piadina ne sont pas de vraies vacances), le bonsoir de notre mascotte Coco avec <b>tisanes, lait chaud et biscuits<\/b>. Sans oublier le <b>cocktail <\/b>de 20h00 \u00e0 00h00 pour les mamans et les papas. Bref, il ne vous reste plus qu&#8217;\u00e0 pr\u00e9parer vos v\u00eatements, pour le reste&nbsp;: que les vacances Color commencent&nbsp;!<\/p>\n","protected":false},"excerpt":{"rendered":"<p>6&nbsp;000 m2 de pin\u00e8de luxuriante entoure le village&nbsp;; \u00e0 2 minutes de la plage priv\u00e9e, animations 7j\/7&nbsp;; bar gratuit 24h\/24&nbsp;: au Color Bay Village &#8211; Milano Marittima, on aime \u00ab exag\u00e9rer&nbsp;\u00bb&#8230; mais seulement avec une garantie de d\u00e9tente et divertissement pour les familles que nous h\u00e9bergeons&nbsp;! Un plaisir illimit\u00e9 et sans souci gr\u00e2ce \u00e0 la &hellip;<\/p>\n","protected":false},"author":1,"featured_media":0,"parent":29729,"menu_order":0,"comment_status":"closed","ping_status":"closed","template":"page-templates\/scheda_hotel.php","meta":{"_acf_changed":false,"inline_featured_image":false,"footnotes":""},"class_list":["post-63438","page","type-page","status-publish","hentry"],"acf":[],"yoast_head":"<!-- This site is optimized with the Yoast SEO plugin v27.1 - https:\/\/yoast.com\/product\/yoast-seo-wordpress\/ -->\n<title>Club Bay Village - Milano Marittima, 4 \u00e9toiles Milano Marittima<\/title>\n<meta name=\"description\" content=\"Envie de vacances en famille\u00a0? D\u00e9couvrez les offres pour familles du Color Bay Village \u00e0 Milano Marittima\u00a0!\" \/>\n<meta name=\"robots\" content=\"index, follow, max-snippet:-1, max-image-preview:large, max-video-preview:-1\" \/>\n<link rel=\"canonical\" href=\"https:\/\/www.italyfamilyhotels.it\/fr\/hotels\/color-bay-village-milano-marittima\" \/>\n<meta property=\"og:locale\" content=\"fr_FR\" \/>\n<meta property=\"og:type\" content=\"article\" \/>\n<meta property=\"og:title\" content=\"Club Bay Village - Milano Marittima, 4 \u00e9toiles Milano Marittima\" \/>\n<meta property=\"og:description\" content=\"Envie de vacances en famille\u00a0? D\u00e9couvrez les offres pour familles du Color Bay Village \u00e0 Milano Marittima\u00a0!\" \/>\n<meta property=\"og:url\" content=\"https:\/\/www.italyfamilyhotels.it\/fr\/hotels\/color-bay-village-milano-marittima\" \/>\n<meta property=\"og:site_name\" content=\"Italy Family Hotels\" \/>\n<meta property=\"article:publisher\" content=\"https:\/\/www.facebook.com\/ItalyFamilyHotels\/\" \/>\n<meta property=\"article:modified_time\" content=\"2026-04-01T14:06:07+00:00\" \/>\n<meta name=\"twitter:card\" content=\"summary_large_image\" \/>\n<meta name=\"twitter:label1\" content=\"Dur\u00e9e de lecture estim\u00e9e\" \/>\n\t<meta name=\"twitter:data1\" content=\"2 minutes\" \/>\n<script type=\"application\/ld+json\" class=\"yoast-schema-graph\">{\"@context\":\"https:\/\/schema.org\",\"@graph\":[{\"@type\":\"WebPage\",\"@id\":\"https:\/\/www.italyfamilyhotels.it\/fr\/hotels\/color-bay-village-milano-marittima\",\"url\":\"https:\/\/www.italyfamilyhotels.it\/fr\/hotels\/color-bay-village-milano-marittima\",\"name\":\"Club Bay Village - Milano Marittima, 4 \u00e9toiles Milano Marittima\",\"isPartOf\":{\"@id\":\"https:\/\/www.italyfamilyhotels.it\/#website\"},\"datePublished\":\"2024-12-18T09:23:30+00:00\",\"dateModified\":\"2026-04-01T14:06:07+00:00\",\"description\":\"Envie de vacances en famille\u00a0? D\u00e9couvrez les offres pour familles du Color Bay Village \u00e0 Milano Marittima\u00a0!\",\"breadcrumb\":{\"@id\":\"https:\/\/www.italyfamilyhotels.it\/fr\/hotels\/color-bay-village-milano-marittima#breadcrumb\"},\"inLanguage\":\"fr-FR\",\"potentialAction\":[{\"@type\":\"ReadAction\",\"target\":[\"https:\/\/www.italyfamilyhotels.it\/fr\/hotels\/color-bay-village-milano-marittima\"]}]},{\"@type\":\"BreadcrumbList\",\"@id\":\"https:\/\/www.italyfamilyhotels.it\/fr\/hotels\/color-bay-village-milano-marittima#breadcrumb\",\"itemListElement\":[{\"@type\":\"ListItem\",\"position\":1,\"name\":\"Home\",\"item\":\"https:\/\/www.italyfamilyhotels.it\/fr\"},{\"@type\":\"ListItem\",\"position\":2,\"name\":\"Family Hotels\",\"item\":\"https:\/\/www.italyfamilyhotels.it\/fr\/hotels\"},{\"@type\":\"ListItem\",\"position\":3,\"name\":\"Color Bay Village &#8211; Milano Marittima\"}]},{\"@type\":\"WebSite\",\"@id\":\"https:\/\/www.italyfamilyhotels.it\/#website\",\"url\":\"https:\/\/www.italyfamilyhotels.it\/\",\"name\":\"Italy Family Hotels\",\"description\":\"\",\"potentialAction\":[{\"@type\":\"SearchAction\",\"target\":{\"@type\":\"EntryPoint\",\"urlTemplate\":\"https:\/\/www.italyfamilyhotels.it\/?s={search_term_string}\"},\"query-input\":{\"@type\":\"PropertyValueSpecification\",\"valueRequired\":true,\"valueName\":\"search_term_string\"}}],\"inLanguage\":\"fr-FR\"}]}<\/script>\n<!-- \/ Yoast SEO plugin. -->","yoast_head_json":{"title":"Club Bay Village - Milano Marittima, 4 \u00e9toiles Milano Marittima","description":"Envie de vacances en famille\u00a0? D\u00e9couvrez les offres pour familles du Color Bay Village \u00e0 Milano Marittima\u00a0!","robots":{"index":"index","follow":"follow","max-snippet":"max-snippet:-1","max-image-preview":"max-image-preview:large","max-video-preview":"max-video-preview:-1"},"canonical":"https:\/\/www.italyfamilyhotels.it\/fr\/hotels\/color-bay-village-milano-marittima","og_locale":"fr_FR","og_type":"article","og_title":"Club Bay Village - Milano Marittima, 4 \u00e9toiles Milano Marittima","og_description":"Envie de vacances en famille\u00a0? D\u00e9couvrez les offres pour familles du Color Bay Village \u00e0 Milano Marittima\u00a0!","og_url":"https:\/\/www.italyfamilyhotels.it\/fr\/hotels\/color-bay-village-milano-marittima","og_site_name":"Italy Family Hotels","article_publisher":"https:\/\/www.facebook.com\/ItalyFamilyHotels\/","article_modified_time":"2026-04-01T14:06:07+00:00","twitter_card":"summary_large_image","twitter_misc":{"Dur\u00e9e de lecture estim\u00e9e":"2 minutes"},"schema":{"@context":"https:\/\/schema.org","@graph":[{"@type":"WebPage","@id":"https:\/\/www.italyfamilyhotels.it\/fr\/hotels\/color-bay-village-milano-marittima","url":"https:\/\/www.italyfamilyhotels.it\/fr\/hotels\/color-bay-village-milano-marittima","name":"Club Bay Village - Milano Marittima, 4 \u00e9toiles Milano Marittima","isPartOf":{"@id":"https:\/\/www.italyfamilyhotels.it\/#website"},"datePublished":"2024-12-18T09:23:30+00:00","dateModified":"2026-04-01T14:06:07+00:00","description":"Envie de vacances en famille\u00a0? D\u00e9couvrez les offres pour familles du Color Bay Village \u00e0 Milano Marittima\u00a0!","breadcrumb":{"@id":"https:\/\/www.italyfamilyhotels.it\/fr\/hotels\/color-bay-village-milano-marittima#breadcrumb"},"inLanguage":"fr-FR","potentialAction":[{"@type":"ReadAction","target":["https:\/\/www.italyfamilyhotels.it\/fr\/hotels\/color-bay-village-milano-marittima"]}]},{"@type":"BreadcrumbList","@id":"https:\/\/www.italyfamilyhotels.it\/fr\/hotels\/color-bay-village-milano-marittima#breadcrumb","itemListElement":[{"@type":"ListItem","position":1,"name":"Home","item":"https:\/\/www.italyfamilyhotels.it\/fr"},{"@type":"ListItem","position":2,"name":"Family Hotels","item":"https:\/\/www.italyfamilyhotels.it\/fr\/hotels"},{"@type":"ListItem","position":3,"name":"Color Bay Village &#8211; Milano Marittima"}]},{"@type":"WebSite","@id":"https:\/\/www.italyfamilyhotels.it\/#website","url":"https:\/\/www.italyfamilyhotels.it\/","name":"Italy Family Hotels","description":"","potentialAction":[{"@type":"SearchAction","target":{"@type":"EntryPoint","urlTemplate":"https:\/\/www.italyfamilyhotels.it\/?s={search_term_string}"},"query-input":{"@type":"PropertyValueSpecification","valueRequired":true,"valueName":"search_term_string"}}],"inLanguage":"fr-FR"}]}},"_links":{"self":[{"href":"https:\/\/www.italyfamilyhotels.it\/fr\/wp-json\/wp\/v2\/pages\/63438","targetHints":{"allow":["GET"]}}],"collection":[{"href":"https:\/\/www.italyfamilyhotels.it\/fr\/wp-json\/wp\/v2\/pages"}],"about":[{"href":"https:\/\/www.italyfamilyhotels.it\/fr\/wp-json\/wp\/v2\/types\/page"}],"author":[{"embeddable":true,"href":"https:\/\/www.italyfamilyhotels.it\/fr\/wp-json\/wp\/v2\/users\/1"}],"replies":[{"embeddable":true,"href":"https:\/\/www.italyfamilyhotels.it\/fr\/wp-json\/wp\/v2\/comments?post=63438"}],"version-history":[{"count":4,"href":"https:\/\/www.italyfamilyhotels.it\/fr\/wp-json\/wp\/v2\/pages\/63438\/revisions"}],"predecessor-version":[{"id":76697,"href":"https:\/\/www.italyfamilyhotels.it\/fr\/wp-json\/wp\/v2\/pages\/63438\/revisions\/76697"}],"up":[{"embeddable":true,"href":"https:\/\/www.italyfamilyhotels.it\/fr\/wp-json\/wp\/v2\/pages\/29729"}],"wp:attachment":[{"href":"https:\/\/www.italyfamilyhotels.it\/fr\/wp-json\/wp\/v2\/media?parent=63438"}],"curies":[{"name":"wp","href":"https:\/\/api.w.org\/{rel}","templated":true}]}}