{"id":63040,"date":"2024-12-10T14:57:21","date_gmt":"2024-12-10T13:57:21","guid":{"rendered":"https:\/\/www.italyfamilyhotels.it\/hotels\/hotel-san-giorgio"},"modified":"2025-01-13T13:02:03","modified_gmt":"2025-01-13T12:02:03","slug":"hotel-san-giorgio","status":"publish","type":"page","link":"https:\/\/www.italyfamilyhotels.it\/fr\/hotels\/hotel-san-giorgio","title":{"rendered":"H\u00f4tel San Giorgio"},"content":{"rendered":"\n<p>\u00c0 l\u2019<b>H\u00f4tel San Giorgio<\/b>, nous avons une devise\u00a0: \u00ab\u00a0nous prenons soin de chaque famille, surtout de la v\u00f4tre\u00a0\u00bb, car lorsque nous vous accueillons \u00e0 l&#039;h\u00f4tel, notre principal d\u00e9sir est de rendre vos <b>vacances avec des enfants \u00e0 Cesenatico<\/b> magiques. Un enchantement qui commence d\u00e8s votre arriv\u00e9e, avec le regard pos\u00e9 sur la <b>mer Adriatique juste en face<\/b> de vous. Un spectacle dont on ne se lasse pas et qui illumine d&#039;\u00e9motion les yeux des enfants et des parents.<\/p>\n\n\n\n<p>Ceci \u00e9galement car l\u2019<b>emplacement en bord de mer<\/b> ne signifie qu&#039;une chose\u00a0: que le <b>plage<\/b> (parfaite pour les familles) n\u2019est <b>vraiment pas tr\u00e8s loin<\/b>. En effet, m\u00eame les plus paresseux ne pourront se plaindre car il est possible de s\u2019y rendre en un instant avec les enfants, sans avoir \u00e0 prendre la voiture. Mais si vous pr\u00e9f\u00e9rez jouer dans la <b>piscine<\/b> avec toute la famille, ici vous en trouverez une de <b>100 m<\/b><b><sup>2<\/b><\/sup><b> <\/b>toujours ensoleill\u00e9e et <b>chauff\u00e9e \u00e0 29\u00b0<\/b>, avec jacuzzi et <b>espace avec eau peu profonde pour les plus petits<\/b>.<\/p>\n\n\n\n<p>Une <b>\u00e9quipe d&#039;animation sp\u00e9cialis\u00e9e<\/b> organise les activit\u00e9s de <b>divertissement <\/b>\u00e0 la fois \u00e0 l&#039;h\u00f4tel et sur la plage, <b>7\/7 jours<\/b>, en plus de <b>soir\u00e9es th\u00e9matiques<\/b> diff\u00e9rentes chaque semaine. L&#039;espace ne manque pas non plus, avec notre <b>aire de jeux ext\u00e9rieure cl\u00f4tur\u00e9e de 150 m<\/b><b><sup>2<\/b><\/sup>, o\u00f9 les enfants ont \u00e9galement acc\u00e8s \u00e0 <b>2 m\u00e9ga structures gonflables<\/b>, et la <b>salle de jeux Amici del Sole<\/b> \u00e9galement dot\u00e9e d\u2019une <b>aire de jeux<\/b>. Puisque le plaisir est le th\u00e8me sous-jacent de chaque instant des vacances, nous avons cr\u00e9\u00e9 le <b>d\u00e9jeuner des enfants<\/b>, durant lequel les enfants mangent en compagnie des animateurs.<\/p>\n\n\n\n<p>Pour vos <b>vacances en famille \u00e0 Cesenatico<\/b>, nous vous proposons la <b>formule All Inclusive<\/b>. Cela signifie que vous arrivez et que vous n&#039;avez plus \u00e0 vous soucier de rien, car tous les <b>principaux services sont inclus<\/b> dans le prix du s\u00e9jour. Consid\u00e9rez cela comme une fa\u00e7on de chouchouter toute votre famille\u00a0!<\/p>\n","protected":false},"excerpt":{"rendered":"<p>\u00c0 l\u2019H\u00f4tel San Giorgio, nous avons une devise\u00a0: \u00ab\u00a0nous prenons soin de chaque famille, surtout de la v\u00f4tre\u00a0\u00bb, car lorsque nous vous accueillons \u00e0 l&#039;h\u00f4tel, notre principal d\u00e9sir est de rendre vos vacances avec des enfants \u00e0 Cesenatico magiques. Un enchantement qui commence d\u00e8s votre arriv\u00e9e, avec le regard pos\u00e9 sur la mer Adriatique juste &hellip;<\/p>\n","protected":false},"author":1,"featured_media":0,"parent":29729,"menu_order":0,"comment_status":"closed","ping_status":"closed","template":"page-templates\/scheda_hotel.php","meta":{"_acf_changed":false,"inline_featured_image":false,"footnotes":""},"class_list":["post-63040","page","type-page","status-publish","hentry"],"acf":[],"yoast_head":"<!-- This site is optimized with the Yoast SEO plugin v27.1 - https:\/\/yoast.com\/product\/yoast-seo-wordpress\/ -->\n<title>H\u00f4tel San Giorgio - Italy Family Hotels<\/title>\n<meta name=\"robots\" content=\"index, follow, max-snippet:-1, max-image-preview:large, max-video-preview:-1\" \/>\n<link rel=\"canonical\" href=\"https:\/\/www.italyfamilyhotels.it\/fr\/hotels\/hotel-san-giorgio\" \/>\n<meta property=\"og:locale\" content=\"fr_FR\" \/>\n<meta property=\"og:type\" content=\"article\" \/>\n<meta property=\"og:title\" content=\"H\u00f4tel San Giorgio - Italy Family Hotels\" \/>\n<meta property=\"og:description\" content=\"\u00c0 l\u2019H\u00f4tel San Giorgio, nous avons une devise\u00a0: \u00ab\u00a0nous prenons soin de chaque famille, surtout de la v\u00f4tre\u00a0\u00bb, car lorsque nous vous accueillons \u00e0 l&#039;h\u00f4tel, notre principal d\u00e9sir est de rendre vos vacances avec des enfants \u00e0 Cesenatico magiques. Un enchantement qui commence d\u00e8s votre arriv\u00e9e, avec le regard pos\u00e9 sur la mer Adriatique juste &hellip;\" \/>\n<meta property=\"og:url\" content=\"https:\/\/www.italyfamilyhotels.it\/fr\/hotels\/hotel-san-giorgio\" \/>\n<meta property=\"og:site_name\" content=\"Italy Family Hotels\" \/>\n<meta property=\"article:publisher\" content=\"https:\/\/www.facebook.com\/ItalyFamilyHotels\/\" \/>\n<meta property=\"article:modified_time\" content=\"2025-01-13T12:02:03+00:00\" \/>\n<meta name=\"twitter:card\" content=\"summary_large_image\" \/>\n<meta name=\"twitter:label1\" content=\"Dur\u00e9e de lecture estim\u00e9e\" \/>\n\t<meta name=\"twitter:data1\" content=\"2 minutes\" \/>\n<script type=\"application\/ld+json\" class=\"yoast-schema-graph\">{\"@context\":\"https:\/\/schema.org\",\"@graph\":[{\"@type\":\"WebPage\",\"@id\":\"https:\/\/www.italyfamilyhotels.it\/fr\/hotels\/hotel-san-giorgio\",\"url\":\"https:\/\/www.italyfamilyhotels.it\/fr\/hotels\/hotel-san-giorgio\",\"name\":\"H\u00f4tel San Giorgio - Italy Family Hotels\",\"isPartOf\":{\"@id\":\"https:\/\/www.italyfamilyhotels.it\/#website\"},\"datePublished\":\"2024-12-10T13:57:21+00:00\",\"dateModified\":\"2025-01-13T12:02:03+00:00\",\"breadcrumb\":{\"@id\":\"https:\/\/www.italyfamilyhotels.it\/fr\/hotels\/hotel-san-giorgio#breadcrumb\"},\"inLanguage\":\"fr-FR\",\"potentialAction\":[{\"@type\":\"ReadAction\",\"target\":[\"https:\/\/www.italyfamilyhotels.it\/fr\/hotels\/hotel-san-giorgio\"]}]},{\"@type\":\"BreadcrumbList\",\"@id\":\"https:\/\/www.italyfamilyhotels.it\/fr\/hotels\/hotel-san-giorgio#breadcrumb\",\"itemListElement\":[{\"@type\":\"ListItem\",\"position\":1,\"name\":\"Home\",\"item\":\"https:\/\/www.italyfamilyhotels.it\/fr\"},{\"@type\":\"ListItem\",\"position\":2,\"name\":\"Family Hotels\",\"item\":\"https:\/\/www.italyfamilyhotels.it\/fr\/hotels\"},{\"@type\":\"ListItem\",\"position\":3,\"name\":\"H\u00f4tel San Giorgio\"}]},{\"@type\":\"WebSite\",\"@id\":\"https:\/\/www.italyfamilyhotels.it\/#website\",\"url\":\"https:\/\/www.italyfamilyhotels.it\/\",\"name\":\"Italy Family Hotels\",\"description\":\"\",\"potentialAction\":[{\"@type\":\"SearchAction\",\"target\":{\"@type\":\"EntryPoint\",\"urlTemplate\":\"https:\/\/www.italyfamilyhotels.it\/?s={search_term_string}\"},\"query-input\":{\"@type\":\"PropertyValueSpecification\",\"valueRequired\":true,\"valueName\":\"search_term_string\"}}],\"inLanguage\":\"fr-FR\"}]}<\/script>\n<!-- \/ Yoast SEO plugin. -->","yoast_head_json":{"title":"H\u00f4tel San Giorgio - Italy Family Hotels","robots":{"index":"index","follow":"follow","max-snippet":"max-snippet:-1","max-image-preview":"max-image-preview:large","max-video-preview":"max-video-preview:-1"},"canonical":"https:\/\/www.italyfamilyhotels.it\/fr\/hotels\/hotel-san-giorgio","og_locale":"fr_FR","og_type":"article","og_title":"H\u00f4tel San Giorgio - Italy Family Hotels","og_description":"\u00c0 l\u2019H\u00f4tel San Giorgio, nous avons une devise\u00a0: \u00ab\u00a0nous prenons soin de chaque famille, surtout de la v\u00f4tre\u00a0\u00bb, car lorsque nous vous accueillons \u00e0 l&#039;h\u00f4tel, notre principal d\u00e9sir est de rendre vos vacances avec des enfants \u00e0 Cesenatico magiques. Un enchantement qui commence d\u00e8s votre arriv\u00e9e, avec le regard pos\u00e9 sur la mer Adriatique juste &hellip;","og_url":"https:\/\/www.italyfamilyhotels.it\/fr\/hotels\/hotel-san-giorgio","og_site_name":"Italy Family Hotels","article_publisher":"https:\/\/www.facebook.com\/ItalyFamilyHotels\/","article_modified_time":"2025-01-13T12:02:03+00:00","twitter_card":"summary_large_image","twitter_misc":{"Dur\u00e9e de lecture estim\u00e9e":"2 minutes"},"schema":{"@context":"https:\/\/schema.org","@graph":[{"@type":"WebPage","@id":"https:\/\/www.italyfamilyhotels.it\/fr\/hotels\/hotel-san-giorgio","url":"https:\/\/www.italyfamilyhotels.it\/fr\/hotels\/hotel-san-giorgio","name":"H\u00f4tel San Giorgio - Italy Family Hotels","isPartOf":{"@id":"https:\/\/www.italyfamilyhotels.it\/#website"},"datePublished":"2024-12-10T13:57:21+00:00","dateModified":"2025-01-13T12:02:03+00:00","breadcrumb":{"@id":"https:\/\/www.italyfamilyhotels.it\/fr\/hotels\/hotel-san-giorgio#breadcrumb"},"inLanguage":"fr-FR","potentialAction":[{"@type":"ReadAction","target":["https:\/\/www.italyfamilyhotels.it\/fr\/hotels\/hotel-san-giorgio"]}]},{"@type":"BreadcrumbList","@id":"https:\/\/www.italyfamilyhotels.it\/fr\/hotels\/hotel-san-giorgio#breadcrumb","itemListElement":[{"@type":"ListItem","position":1,"name":"Home","item":"https:\/\/www.italyfamilyhotels.it\/fr"},{"@type":"ListItem","position":2,"name":"Family Hotels","item":"https:\/\/www.italyfamilyhotels.it\/fr\/hotels"},{"@type":"ListItem","position":3,"name":"H\u00f4tel San Giorgio"}]},{"@type":"WebSite","@id":"https:\/\/www.italyfamilyhotels.it\/#website","url":"https:\/\/www.italyfamilyhotels.it\/","name":"Italy Family Hotels","description":"","potentialAction":[{"@type":"SearchAction","target":{"@type":"EntryPoint","urlTemplate":"https:\/\/www.italyfamilyhotels.it\/?s={search_term_string}"},"query-input":{"@type":"PropertyValueSpecification","valueRequired":true,"valueName":"search_term_string"}}],"inLanguage":"fr-FR"}]}},"_links":{"self":[{"href":"https:\/\/www.italyfamilyhotels.it\/fr\/wp-json\/wp\/v2\/pages\/63040","targetHints":{"allow":["GET"]}}],"collection":[{"href":"https:\/\/www.italyfamilyhotels.it\/fr\/wp-json\/wp\/v2\/pages"}],"about":[{"href":"https:\/\/www.italyfamilyhotels.it\/fr\/wp-json\/wp\/v2\/types\/page"}],"author":[{"embeddable":true,"href":"https:\/\/www.italyfamilyhotels.it\/fr\/wp-json\/wp\/v2\/users\/1"}],"replies":[{"embeddable":true,"href":"https:\/\/www.italyfamilyhotels.it\/fr\/wp-json\/wp\/v2\/comments?post=63040"}],"version-history":[{"count":3,"href":"https:\/\/www.italyfamilyhotels.it\/fr\/wp-json\/wp\/v2\/pages\/63040\/revisions"}],"predecessor-version":[{"id":63682,"href":"https:\/\/www.italyfamilyhotels.it\/fr\/wp-json\/wp\/v2\/pages\/63040\/revisions\/63682"}],"up":[{"embeddable":true,"href":"https:\/\/www.italyfamilyhotels.it\/fr\/wp-json\/wp\/v2\/pages\/29729"}],"wp:attachment":[{"href":"https:\/\/www.italyfamilyhotels.it\/fr\/wp-json\/wp\/v2\/media?parent=63040"}],"curies":[{"name":"wp","href":"https:\/\/api.w.org\/{rel}","templated":true}]}}