{"id":62404,"date":"2024-11-26T16:04:20","date_gmt":"2024-11-26T15:04:20","guid":{"rendered":"https:\/\/www.italyfamilyhotels.it\/hotels\/hotel-benessere-windschar"},"modified":"2025-01-15T14:18:28","modified_gmt":"2025-01-15T13:18:28","slug":"hotel-benessere-windschar","status":"publish","type":"page","link":"https:\/\/www.italyfamilyhotels.it\/fr\/hotels\/hotel-benessere-windschar","title":{"rendered":"Hotel &#038; Benessere Windschar"},"content":{"rendered":"\n<p>\u00c0 <b>Hotel &amp; Benessere Windschar<\/b> \u00e0 <b>Gais<\/b>, \u00e0 proximit\u00e9 de <b>Brunico<\/b>, vos vacances \u00e0 la montagne avec les enfants sont d\u00e9di\u00e9es \u00e0 la nature, celle intacte du <b>Val Pusteria<\/b>, domin\u00e9e par la beaut\u00e9 massive des Dolomites, site du patrimoine mondial de l&#039;UNESCO.<\/p>\n\n\n\n<p>Une nature luxuriante que vous retrouverez \u00e9galement dans le paradisiaque <b>parc de 4\u00a0500 m<\/b><b><sup>2<\/b><\/sup>, o\u00f9 vous pourrez vous d\u00e9tendre parmi les senteurs enivrantes des herbes de montagne, en admirant la vue sur les sommets environnants, ou encore nager dans la <b>piscine chauff\u00e9e \u00e0 l&#039;\u00e9nergie solaire<\/b>, pendant que les <b>enfants<\/b> s\u2019amuseront dans la <b>piscine qui leur est d\u00e9di\u00e9e<\/b>. Vous trouverez \u00e9galement une <b>piscine couverte chauff\u00e9e \u00e0 30\u00b0<\/b>, car il n\u2019y a rien de plus agr\u00e9able que de plonger dans l&#039;eau chaude avec toute la famille quand il pleut ou qu&#039;il neige dehors\u00a0!<\/p>\n\n\n\n<p>Vous aimez vous faire plaisir, prendre soin de vous et vous offrir quelques heures de d\u00e9tente en vacances ? Alors nous vous attendrons au <b>Spa Bella &amp; Serena<\/b>, o\u00f9 vous pourrez choisir parmi une vaste gamme de <b>massages <\/b>et de <b>soins<\/b>, \u00e0 la fois pour vous et pour vos <b>enfants<\/b>. Vous pouvez \u00e9galement suivre un programme de bien-\u00eatre dans notre <b>espace bien-\u00eatre<\/b>, entre <b>sauna <\/b>finnois et \u00e0 base de plantes, <b>bain turc<\/b>, deux <b>jacuzzis<\/b> et nos espaces d\u00e9tente. Au fait, les <b>enfants<\/b> peuvent utiliser la <b>piscine couverte<\/b>, tandis que les <b>saunas <\/b>ne sont accessibles \u00e0 <b>qu\u2019\u00e0 partir de 16 ans<\/b>.<\/p>\n\n\n\n<p>Vous aurez chaque jour l\u2019occasion de rendre vos <b>vacances en famille<\/b> uniques. En \u00e9t\u00e9, par exemple, vous pourrez faire de fantastiques promenades en plein air ainsi que des balades \u00e0 v\u00e9lo, tandis qu\u2019en hiver, vous pourrez skier \u00e0 Plan de Corones ou faire des promenades en raquettes et du ski de fond. Gr\u00e2ce \u00e0 l&#039;emplacement de l&#039;h\u00f4tel, <b>chaque attraction est \u00e0 port\u00e9e de main<\/b>\u00a0! Si les enfants pr\u00e9f\u00e8rent rester \u00e0 l&#039;h\u00f4tel, nos <b>animateurs <\/b>organisent un programme d&#039;activit\u00e9s dans la <b>petite salle d&#039;arcade Littel Vegas<\/b> ainsi que dans le jardin \u00e9quip\u00e9 d&#039;une aire de jeux et d&#039;un coin animaux, o\u00f9 ils pourront c\u00e2liner nos petits moutons tout doux, Hansi et Klausi. Nous organisons \u00e9galement un <b>programme hebdomadaire pour tous <\/b>nos clients, avec une vaste proposition d\u2019<b>excursions <\/b>et d\u2019<b>activit\u00e9s<\/b>.<\/p>\n\n\n\n<p>Nous avons h\u00e2te de vous accueillir, vous et votre famille, dans le Val Pusteria, pour vous faire d\u00e9couvrir toute la magie des vacances en plein air \u00e0 <b>Hotel &amp; Benessere Windschar<\/b>\u00a0!<\/p>\n","protected":false},"excerpt":{"rendered":"<p>\u00c0 Hotel &amp; Benessere Windschar \u00e0 Gais, \u00e0 proximit\u00e9 de Brunico, vos vacances \u00e0 la montagne avec les enfants sont d\u00e9di\u00e9es \u00e0 la nature, celle intacte du Val Pusteria, domin\u00e9e par la beaut\u00e9 massive des Dolomites, site du patrimoine mondial de l&#039;UNESCO. Une nature luxuriante que vous retrouverez \u00e9galement dans le paradisiaque parc de 4\u00a0500 &hellip;<\/p>\n","protected":false},"author":1,"featured_media":0,"parent":29729,"menu_order":0,"comment_status":"closed","ping_status":"closed","template":"page-templates\/scheda_hotel.php","meta":{"_acf_changed":false,"inline_featured_image":false,"footnotes":""},"class_list":["post-62404","page","type-page","status-publish","hentry"],"acf":[],"yoast_head":"<!-- This site is optimized with the Yoast SEO plugin v27.1 - https:\/\/yoast.com\/product\/yoast-seo-wordpress\/ -->\n<title>H\u00f4tel &amp; Benessere Windschar 4 \u00e9toiles, Brunico<\/title>\n<meta name=\"description\" content=\"Envie de vacances en famille\u00a0? D\u00e9couvrez les offres pour familles de l\u2019Hotel &amp; Benessere Windschar \u00e0 Brunico\u00a0!\" \/>\n<meta name=\"robots\" content=\"index, follow, max-snippet:-1, max-image-preview:large, max-video-preview:-1\" \/>\n<link rel=\"canonical\" href=\"https:\/\/www.italyfamilyhotels.it\/fr\/hotels\/hotel-benessere-windschar\" \/>\n<meta property=\"og:locale\" content=\"fr_FR\" \/>\n<meta property=\"og:type\" content=\"article\" \/>\n<meta property=\"og:title\" content=\"H\u00f4tel &amp; Benessere Windschar 4 \u00e9toiles, Brunico\" \/>\n<meta property=\"og:description\" content=\"Envie de vacances en famille\u00a0? D\u00e9couvrez les offres pour familles de l\u2019Hotel &amp; Benessere Windschar \u00e0 Brunico\u00a0!\" \/>\n<meta property=\"og:url\" content=\"https:\/\/www.italyfamilyhotels.it\/fr\/hotels\/hotel-benessere-windschar\" \/>\n<meta property=\"og:site_name\" content=\"Italy Family Hotels\" \/>\n<meta property=\"article:publisher\" content=\"https:\/\/www.facebook.com\/ItalyFamilyHotels\/\" \/>\n<meta property=\"article:modified_time\" content=\"2025-01-15T13:18:28+00:00\" \/>\n<meta name=\"twitter:card\" content=\"summary_large_image\" \/>\n<meta name=\"twitter:label1\" content=\"Dur\u00e9e de lecture estim\u00e9e\" \/>\n\t<meta name=\"twitter:data1\" content=\"2 minutes\" \/>\n<script type=\"application\/ld+json\" class=\"yoast-schema-graph\">{\"@context\":\"https:\/\/schema.org\",\"@graph\":[{\"@type\":\"WebPage\",\"@id\":\"https:\/\/www.italyfamilyhotels.it\/fr\/hotels\/hotel-benessere-windschar\",\"url\":\"https:\/\/www.italyfamilyhotels.it\/fr\/hotels\/hotel-benessere-windschar\",\"name\":\"H\u00f4tel & Benessere Windschar 4 \u00e9toiles, Brunico\",\"isPartOf\":{\"@id\":\"https:\/\/www.italyfamilyhotels.it\/#website\"},\"datePublished\":\"2024-11-26T15:04:20+00:00\",\"dateModified\":\"2025-01-15T13:18:28+00:00\",\"description\":\"Envie de vacances en famille\u00a0? D\u00e9couvrez les offres pour familles de l\u2019Hotel & Benessere Windschar \u00e0 Brunico\u00a0!\",\"breadcrumb\":{\"@id\":\"https:\/\/www.italyfamilyhotels.it\/fr\/hotels\/hotel-benessere-windschar#breadcrumb\"},\"inLanguage\":\"fr-FR\",\"potentialAction\":[{\"@type\":\"ReadAction\",\"target\":[\"https:\/\/www.italyfamilyhotels.it\/fr\/hotels\/hotel-benessere-windschar\"]}]},{\"@type\":\"BreadcrumbList\",\"@id\":\"https:\/\/www.italyfamilyhotels.it\/fr\/hotels\/hotel-benessere-windschar#breadcrumb\",\"itemListElement\":[{\"@type\":\"ListItem\",\"position\":1,\"name\":\"Home\",\"item\":\"https:\/\/www.italyfamilyhotels.it\/fr\"},{\"@type\":\"ListItem\",\"position\":2,\"name\":\"Family Hotels\",\"item\":\"https:\/\/www.italyfamilyhotels.it\/fr\/hotels\"},{\"@type\":\"ListItem\",\"position\":3,\"name\":\"Hotel &#038; Benessere Windschar\"}]},{\"@type\":\"WebSite\",\"@id\":\"https:\/\/www.italyfamilyhotels.it\/#website\",\"url\":\"https:\/\/www.italyfamilyhotels.it\/\",\"name\":\"Italy Family Hotels\",\"description\":\"\",\"potentialAction\":[{\"@type\":\"SearchAction\",\"target\":{\"@type\":\"EntryPoint\",\"urlTemplate\":\"https:\/\/www.italyfamilyhotels.it\/?s={search_term_string}\"},\"query-input\":{\"@type\":\"PropertyValueSpecification\",\"valueRequired\":true,\"valueName\":\"search_term_string\"}}],\"inLanguage\":\"fr-FR\"}]}<\/script>\n<!-- \/ Yoast SEO plugin. -->","yoast_head_json":{"title":"H\u00f4tel & Benessere Windschar 4 \u00e9toiles, Brunico","description":"Envie de vacances en famille\u00a0? D\u00e9couvrez les offres pour familles de l\u2019Hotel & Benessere Windschar \u00e0 Brunico\u00a0!","robots":{"index":"index","follow":"follow","max-snippet":"max-snippet:-1","max-image-preview":"max-image-preview:large","max-video-preview":"max-video-preview:-1"},"canonical":"https:\/\/www.italyfamilyhotels.it\/fr\/hotels\/hotel-benessere-windschar","og_locale":"fr_FR","og_type":"article","og_title":"H\u00f4tel & Benessere Windschar 4 \u00e9toiles, Brunico","og_description":"Envie de vacances en famille\u00a0? D\u00e9couvrez les offres pour familles de l\u2019Hotel & Benessere Windschar \u00e0 Brunico\u00a0!","og_url":"https:\/\/www.italyfamilyhotels.it\/fr\/hotels\/hotel-benessere-windschar","og_site_name":"Italy Family Hotels","article_publisher":"https:\/\/www.facebook.com\/ItalyFamilyHotels\/","article_modified_time":"2025-01-15T13:18:28+00:00","twitter_card":"summary_large_image","twitter_misc":{"Dur\u00e9e de lecture estim\u00e9e":"2 minutes"},"schema":{"@context":"https:\/\/schema.org","@graph":[{"@type":"WebPage","@id":"https:\/\/www.italyfamilyhotels.it\/fr\/hotels\/hotel-benessere-windschar","url":"https:\/\/www.italyfamilyhotels.it\/fr\/hotels\/hotel-benessere-windschar","name":"H\u00f4tel & Benessere Windschar 4 \u00e9toiles, Brunico","isPartOf":{"@id":"https:\/\/www.italyfamilyhotels.it\/#website"},"datePublished":"2024-11-26T15:04:20+00:00","dateModified":"2025-01-15T13:18:28+00:00","description":"Envie de vacances en famille\u00a0? D\u00e9couvrez les offres pour familles de l\u2019Hotel & Benessere Windschar \u00e0 Brunico\u00a0!","breadcrumb":{"@id":"https:\/\/www.italyfamilyhotels.it\/fr\/hotels\/hotel-benessere-windschar#breadcrumb"},"inLanguage":"fr-FR","potentialAction":[{"@type":"ReadAction","target":["https:\/\/www.italyfamilyhotels.it\/fr\/hotels\/hotel-benessere-windschar"]}]},{"@type":"BreadcrumbList","@id":"https:\/\/www.italyfamilyhotels.it\/fr\/hotels\/hotel-benessere-windschar#breadcrumb","itemListElement":[{"@type":"ListItem","position":1,"name":"Home","item":"https:\/\/www.italyfamilyhotels.it\/fr"},{"@type":"ListItem","position":2,"name":"Family Hotels","item":"https:\/\/www.italyfamilyhotels.it\/fr\/hotels"},{"@type":"ListItem","position":3,"name":"Hotel &#038; Benessere Windschar"}]},{"@type":"WebSite","@id":"https:\/\/www.italyfamilyhotels.it\/#website","url":"https:\/\/www.italyfamilyhotels.it\/","name":"Italy Family Hotels","description":"","potentialAction":[{"@type":"SearchAction","target":{"@type":"EntryPoint","urlTemplate":"https:\/\/www.italyfamilyhotels.it\/?s={search_term_string}"},"query-input":{"@type":"PropertyValueSpecification","valueRequired":true,"valueName":"search_term_string"}}],"inLanguage":"fr-FR"}]}},"_links":{"self":[{"href":"https:\/\/www.italyfamilyhotels.it\/fr\/wp-json\/wp\/v2\/pages\/62404","targetHints":{"allow":["GET"]}}],"collection":[{"href":"https:\/\/www.italyfamilyhotels.it\/fr\/wp-json\/wp\/v2\/pages"}],"about":[{"href":"https:\/\/www.italyfamilyhotels.it\/fr\/wp-json\/wp\/v2\/types\/page"}],"author":[{"embeddable":true,"href":"https:\/\/www.italyfamilyhotels.it\/fr\/wp-json\/wp\/v2\/users\/1"}],"replies":[{"embeddable":true,"href":"https:\/\/www.italyfamilyhotels.it\/fr\/wp-json\/wp\/v2\/comments?post=62404"}],"version-history":[{"count":3,"href":"https:\/\/www.italyfamilyhotels.it\/fr\/wp-json\/wp\/v2\/pages\/62404\/revisions"}],"predecessor-version":[{"id":63719,"href":"https:\/\/www.italyfamilyhotels.it\/fr\/wp-json\/wp\/v2\/pages\/62404\/revisions\/63719"}],"up":[{"embeddable":true,"href":"https:\/\/www.italyfamilyhotels.it\/fr\/wp-json\/wp\/v2\/pages\/29729"}],"wp:attachment":[{"href":"https:\/\/www.italyfamilyhotels.it\/fr\/wp-json\/wp\/v2\/media?parent=62404"}],"curies":[{"name":"wp","href":"https:\/\/api.w.org\/{rel}","templated":true}]}}