{"id":61476,"date":"2024-11-11T14:12:26","date_gmt":"2024-11-11T13:12:26","guid":{"rendered":"https:\/\/www.italyfamilyhotels.it\/hotels\/hotel-val-di-sole"},"modified":"2025-01-13T13:01:59","modified_gmt":"2025-01-13T12:01:59","slug":"hotel-val-di-sole","status":"publish","type":"page","link":"https:\/\/www.italyfamilyhotels.it\/fr\/hotels\/hotel-val-di-sole","title":{"rendered":"H\u00f4tel Val di Sole"},"content":{"rendered":"\n<p>\u00ab\u00a0Naturellement accueillis\u00a0\u00bb, telle est la devise avec laquelle notre famille accueille la v\u00f4tre \u00e0 l\u2019<b>H\u00f4tel Val di Sole<\/b>, \u00e0 <b>Mezzana-Marilleva<\/b>. La nature est celle riche et spectaculaire de la vall\u00e9e <b>Trentin<\/b> de laquelle notre h\u00f4tel tire son nom. L&#039;accueil est celui d&#039;un <b>Family Hotel<\/b> dans lequel vous pourrez profiter pleinement de vos vacances \u00e0 la montagne, avec la certitude de<b> trouver tout ce dont vous avez besoin pour les enfants<\/b>, exactement comme \u00e0 la maison. Parce que ce qui compte vraiment pour nous, c&#039;est <b>le bonheur de votre famille<\/b>.<\/p>\n\n\n\n<p>Un bonheur qui commence lorsque les enfants d\u00e9couvrent tous les <b>espaces de jeux<\/b> qui leur sont r\u00e9serv\u00e9s\u00a0: le <b>parc aquatique int\u00e9rieur<\/b> avec piscine, toboggans et jeux aquatiques, le <b>parc de Pal\u00f9<\/b>, le tout nouvel espace p\u00e9dagogique qui accueille de nombreux jeux et activit\u00e9s du Mini Club, ou encore le <b>jardin <\/b>ext\u00e9rieur avec aire de jeux. Des espaces qui se remplissent de joie et de cr\u00e9ativit\u00e9 pendant le <b>programme d&#039;animation quotidien<\/b>, toujours actif au retour des excursions, le soir apr\u00e8s le d\u00eener ou en cas de mauvais temps. En \u00e9t\u00e9, les animations s&#039;enrichissent d\u2019<b>exp\u00e9riences d\u00e9di\u00e9es \u00e0 toute la famille<\/b>.<\/p>\n\n\n\n<p>Un bonheur qui saura \u00e9galement vous conqu\u00e9rir quand vous verrez vos <b>enfants s&#039;amuser et socialiser<\/b> en toute s\u00e9curit\u00e9. Et pendant que nous nous en occupons, vous pourrez profiter du <b>centre de bien-\u00eatre de 700 m<\/b><b><sup>2<\/b><\/sup> &#8211; avec <b>piscine <\/b>et <b>centre de beaut\u00e9<\/b> avec services de massages et soins &#8211; une v\u00e9ritable panac\u00e9e au retour d&#039;une excursion ou apr\u00e8s une journ\u00e9e de ski. Vous y trouverez un sauna bio, un sauna finlandais, une grotte thermale avec cascade et cristal-th\u00e9rapie, un parcours Kneipp, une douche polaire et tropicale, un jacuzzi interne et deux autres en ext\u00e9rieur.<\/p>\n\n\n\n<p>Parmi les <b>activit\u00e9s hivernales<\/b>, vous pourrez choisir le ski et le ski de fond &#8211; une <b>navette gratuite part de l&#039;h\u00f4tel pour vous emmener sur les pistes<\/b> de Marilleva et leurs remont\u00e9es m\u00e9caniques &#8211; ou des promenades enchanteresses avec <b>raquettes<\/b>. En <b>\u00e9t\u00e9<\/b>, vous pourrez faire des <b>excursions <\/b>avec vos enfants, des sorties \u00e0 <b>v\u00e9lo <\/b>le long de la piste cyclable du Val di Sole et, si vous aimez l&#039;adr\u00e9naline, vous pourrez vous essayer au <b>rafting<\/b>.<\/p>\n","protected":false},"excerpt":{"rendered":"<p>\u00ab\u00a0Naturellement accueillis\u00a0\u00bb, telle est la devise avec laquelle notre famille accueille la v\u00f4tre \u00e0 l\u2019H\u00f4tel Val di Sole, \u00e0 Mezzana-Marilleva. La nature est celle riche et spectaculaire de la vall\u00e9e Trentin de laquelle notre h\u00f4tel tire son nom. L&#039;accueil est celui d&#039;un Family Hotel dans lequel vous pourrez profiter pleinement de vos vacances \u00e0 la &hellip;<\/p>\n","protected":false},"author":1,"featured_media":0,"parent":29729,"menu_order":0,"comment_status":"closed","ping_status":"closed","template":"page-templates\/scheda_hotel.php","meta":{"_acf_changed":false,"inline_featured_image":false,"footnotes":""},"class_list":["post-61476","page","type-page","status-publish","hentry"],"acf":[],"yoast_head":"<!-- This site is optimized with the Yoast SEO plugin v27.1 - https:\/\/yoast.com\/product\/yoast-seo-wordpress\/ -->\n<title>H\u00f4tel Val di Sole - Italy Family Hotels<\/title>\n<meta name=\"robots\" content=\"index, follow, max-snippet:-1, max-image-preview:large, max-video-preview:-1\" \/>\n<link rel=\"canonical\" href=\"https:\/\/www.italyfamilyhotels.it\/fr\/hotels\/hotel-val-di-sole\" \/>\n<meta property=\"og:locale\" content=\"fr_FR\" \/>\n<meta property=\"og:type\" content=\"article\" \/>\n<meta property=\"og:title\" content=\"H\u00f4tel Val di Sole - Italy Family Hotels\" \/>\n<meta property=\"og:description\" content=\"\u00ab\u00a0Naturellement accueillis\u00a0\u00bb, telle est la devise avec laquelle notre famille accueille la v\u00f4tre \u00e0 l\u2019H\u00f4tel Val di Sole, \u00e0 Mezzana-Marilleva. La nature est celle riche et spectaculaire de la vall\u00e9e Trentin de laquelle notre h\u00f4tel tire son nom. L&#039;accueil est celui d&#039;un Family Hotel dans lequel vous pourrez profiter pleinement de vos vacances \u00e0 la &hellip;\" \/>\n<meta property=\"og:url\" content=\"https:\/\/www.italyfamilyhotels.it\/fr\/hotels\/hotel-val-di-sole\" \/>\n<meta property=\"og:site_name\" content=\"Italy Family Hotels\" \/>\n<meta property=\"article:publisher\" content=\"https:\/\/www.facebook.com\/ItalyFamilyHotels\/\" \/>\n<meta property=\"article:modified_time\" content=\"2025-01-13T12:01:59+00:00\" \/>\n<meta name=\"twitter:card\" content=\"summary_large_image\" \/>\n<meta name=\"twitter:label1\" content=\"Dur\u00e9e de lecture estim\u00e9e\" \/>\n\t<meta name=\"twitter:data1\" content=\"2 minutes\" \/>\n<script type=\"application\/ld+json\" class=\"yoast-schema-graph\">{\"@context\":\"https:\/\/schema.org\",\"@graph\":[{\"@type\":\"WebPage\",\"@id\":\"https:\/\/www.italyfamilyhotels.it\/fr\/hotels\/hotel-val-di-sole\",\"url\":\"https:\/\/www.italyfamilyhotels.it\/fr\/hotels\/hotel-val-di-sole\",\"name\":\"H\u00f4tel Val di Sole - Italy Family Hotels\",\"isPartOf\":{\"@id\":\"https:\/\/www.italyfamilyhotels.it\/#website\"},\"datePublished\":\"2024-11-11T13:12:26+00:00\",\"dateModified\":\"2025-01-13T12:01:59+00:00\",\"breadcrumb\":{\"@id\":\"https:\/\/www.italyfamilyhotels.it\/fr\/hotels\/hotel-val-di-sole#breadcrumb\"},\"inLanguage\":\"fr-FR\",\"potentialAction\":[{\"@type\":\"ReadAction\",\"target\":[\"https:\/\/www.italyfamilyhotels.it\/fr\/hotels\/hotel-val-di-sole\"]}]},{\"@type\":\"BreadcrumbList\",\"@id\":\"https:\/\/www.italyfamilyhotels.it\/fr\/hotels\/hotel-val-di-sole#breadcrumb\",\"itemListElement\":[{\"@type\":\"ListItem\",\"position\":1,\"name\":\"Home\",\"item\":\"https:\/\/www.italyfamilyhotels.it\/fr\"},{\"@type\":\"ListItem\",\"position\":2,\"name\":\"Family Hotels\",\"item\":\"https:\/\/www.italyfamilyhotels.it\/fr\/hotels\"},{\"@type\":\"ListItem\",\"position\":3,\"name\":\"H\u00f4tel Val di Sole\"}]},{\"@type\":\"WebSite\",\"@id\":\"https:\/\/www.italyfamilyhotels.it\/#website\",\"url\":\"https:\/\/www.italyfamilyhotels.it\/\",\"name\":\"Italy Family Hotels\",\"description\":\"\",\"potentialAction\":[{\"@type\":\"SearchAction\",\"target\":{\"@type\":\"EntryPoint\",\"urlTemplate\":\"https:\/\/www.italyfamilyhotels.it\/?s={search_term_string}\"},\"query-input\":{\"@type\":\"PropertyValueSpecification\",\"valueRequired\":true,\"valueName\":\"search_term_string\"}}],\"inLanguage\":\"fr-FR\"}]}<\/script>\n<!-- \/ Yoast SEO plugin. -->","yoast_head_json":{"title":"H\u00f4tel Val di Sole - Italy Family Hotels","robots":{"index":"index","follow":"follow","max-snippet":"max-snippet:-1","max-image-preview":"max-image-preview:large","max-video-preview":"max-video-preview:-1"},"canonical":"https:\/\/www.italyfamilyhotels.it\/fr\/hotels\/hotel-val-di-sole","og_locale":"fr_FR","og_type":"article","og_title":"H\u00f4tel Val di Sole - Italy Family Hotels","og_description":"\u00ab\u00a0Naturellement accueillis\u00a0\u00bb, telle est la devise avec laquelle notre famille accueille la v\u00f4tre \u00e0 l\u2019H\u00f4tel Val di Sole, \u00e0 Mezzana-Marilleva. La nature est celle riche et spectaculaire de la vall\u00e9e Trentin de laquelle notre h\u00f4tel tire son nom. L&#039;accueil est celui d&#039;un Family Hotel dans lequel vous pourrez profiter pleinement de vos vacances \u00e0 la &hellip;","og_url":"https:\/\/www.italyfamilyhotels.it\/fr\/hotels\/hotel-val-di-sole","og_site_name":"Italy Family Hotels","article_publisher":"https:\/\/www.facebook.com\/ItalyFamilyHotels\/","article_modified_time":"2025-01-13T12:01:59+00:00","twitter_card":"summary_large_image","twitter_misc":{"Dur\u00e9e de lecture estim\u00e9e":"2 minutes"},"schema":{"@context":"https:\/\/schema.org","@graph":[{"@type":"WebPage","@id":"https:\/\/www.italyfamilyhotels.it\/fr\/hotels\/hotel-val-di-sole","url":"https:\/\/www.italyfamilyhotels.it\/fr\/hotels\/hotel-val-di-sole","name":"H\u00f4tel Val di Sole - Italy Family Hotels","isPartOf":{"@id":"https:\/\/www.italyfamilyhotels.it\/#website"},"datePublished":"2024-11-11T13:12:26+00:00","dateModified":"2025-01-13T12:01:59+00:00","breadcrumb":{"@id":"https:\/\/www.italyfamilyhotels.it\/fr\/hotels\/hotel-val-di-sole#breadcrumb"},"inLanguage":"fr-FR","potentialAction":[{"@type":"ReadAction","target":["https:\/\/www.italyfamilyhotels.it\/fr\/hotels\/hotel-val-di-sole"]}]},{"@type":"BreadcrumbList","@id":"https:\/\/www.italyfamilyhotels.it\/fr\/hotels\/hotel-val-di-sole#breadcrumb","itemListElement":[{"@type":"ListItem","position":1,"name":"Home","item":"https:\/\/www.italyfamilyhotels.it\/fr"},{"@type":"ListItem","position":2,"name":"Family Hotels","item":"https:\/\/www.italyfamilyhotels.it\/fr\/hotels"},{"@type":"ListItem","position":3,"name":"H\u00f4tel Val di Sole"}]},{"@type":"WebSite","@id":"https:\/\/www.italyfamilyhotels.it\/#website","url":"https:\/\/www.italyfamilyhotels.it\/","name":"Italy Family Hotels","description":"","potentialAction":[{"@type":"SearchAction","target":{"@type":"EntryPoint","urlTemplate":"https:\/\/www.italyfamilyhotels.it\/?s={search_term_string}"},"query-input":{"@type":"PropertyValueSpecification","valueRequired":true,"valueName":"search_term_string"}}],"inLanguage":"fr-FR"}]}},"_links":{"self":[{"href":"https:\/\/www.italyfamilyhotels.it\/fr\/wp-json\/wp\/v2\/pages\/61476","targetHints":{"allow":["GET"]}}],"collection":[{"href":"https:\/\/www.italyfamilyhotels.it\/fr\/wp-json\/wp\/v2\/pages"}],"about":[{"href":"https:\/\/www.italyfamilyhotels.it\/fr\/wp-json\/wp\/v2\/types\/page"}],"author":[{"embeddable":true,"href":"https:\/\/www.italyfamilyhotels.it\/fr\/wp-json\/wp\/v2\/users\/1"}],"replies":[{"embeddable":true,"href":"https:\/\/www.italyfamilyhotels.it\/fr\/wp-json\/wp\/v2\/comments?post=61476"}],"version-history":[{"count":3,"href":"https:\/\/www.italyfamilyhotels.it\/fr\/wp-json\/wp\/v2\/pages\/61476\/revisions"}],"predecessor-version":[{"id":63679,"href":"https:\/\/www.italyfamilyhotels.it\/fr\/wp-json\/wp\/v2\/pages\/61476\/revisions\/63679"}],"up":[{"embeddable":true,"href":"https:\/\/www.italyfamilyhotels.it\/fr\/wp-json\/wp\/v2\/pages\/29729"}],"wp:attachment":[{"href":"https:\/\/www.italyfamilyhotels.it\/fr\/wp-json\/wp\/v2\/media?parent=61476"}],"curies":[{"name":"wp","href":"https:\/\/api.w.org\/{rel}","templated":true}]}}