{"id":60744,"date":"2024-08-07T13:12:05","date_gmt":"2024-08-07T11:12:05","guid":{"rendered":"https:\/\/www.italyfamilyhotels.it\/offres\/trentin-haut-adige\/bressanone"},"modified":"2024-10-10T15:35:56","modified_gmt":"2024-10-10T13:35:56","slug":"bressanone","status":"publish","type":"page","link":"https:\/\/www.italyfamilyhotels.it\/fr\/destinations\/trentin-haut-adige\/bressanone","title":{"rendered":"Bressanone"},"content":{"rendered":"\n<p>La vieille ville de <b>Bressanone <\/b>avec les magnifiques \u00e9difices en style tyrolien et c\u00e9l\u00e8bre pour les <b>March\u00e9s de No\u00ebl<\/b>, est un endroit idyllique o\u00f9 passer des <b>vacances avec ses enfants<\/b>. Sur le proche <b>Mont Plose<\/b> vous pouvez vous aventurer sur les magnifiques <b>sentiers qui conviennent \u00e0 toute la famille<\/b>, comme la <b>Promenade de Woody<\/b>, un simple parcours en anneau caract\u00e9ris\u00e9 par des stations r\u00e9cr\u00e9atives en bois pour tester votre habilit\u00e9. C\u2019est de la <b>T\u00e9l\u00e9cabine Plose<\/b>, au contraire, que part le <b>sentier th\u00e9matique Lorggen<\/b> \u00e0 partir duquel vous pourrez admirer des panoramas incroyables, ainsi que le <b>Plosebob <\/b>super marrant pour foncer sur une piste monorail au milieu de la nature \u00e0 chaque saison\u00a0!<\/p>\n\n\n\n<p>En <b>hiver<\/b>, le Mont Plose devient le r\u00e8gne des passionn\u00e9s des <b>sports d\u2019hiver<\/b>, avec des<b> pistes de ski<\/b>, <b>des \u00e9coles<\/b> pour les d\u00e9butants, la possibilit\u00e9 de faire de <b>la luge<\/b>, <b>du patinage <\/b>\u00e0 glace, <b>des excursions <\/b>et <b>des balades en raquette<\/b>. Vous pr\u00e9f\u00e9rez les sorties \u00e0 v\u00e9lo avec vos enfants\u00a0? Parfait, car le <b>Bike Park Bressanone <\/b>vous attend avec des parcours adapt\u00e9s m\u00eame aux enfants, comme la Jerry Line. Pour les journ\u00e9es de temps maussade ou pour vous d\u00e9tendre, \u00e0 Bressanone il existe <b>Acquarena <\/b>avec diff\u00e9rents types de <b>piscines internes et externes<\/b>\u00a0: divertissement pour les enfants, bassin de sport, d&#039;eau sal\u00e9e et jacuzzi.<\/p>\n","protected":false},"excerpt":{"rendered":"<p>La vieille ville de Bressanone avec les magnifiques \u00e9difices en style tyrolien et c\u00e9l\u00e8bre pour les March\u00e9s de No\u00ebl, est un endroit idyllique o\u00f9 passer des vacances avec ses enfants. Sur le proche Mont Plose vous pouvez vous aventurer sur les magnifiques sentiers qui conviennent \u00e0 toute la famille, comme la Promenade de Woody, un &hellip;<\/p>\n","protected":false},"author":167,"featured_media":0,"parent":43583,"menu_order":0,"comment_status":"closed","ping_status":"closed","template":"page-templates\/scheda_localita.php","meta":{"_acf_changed":false,"inline_featured_image":false,"footnotes":""},"class_list":["post-60744","page","type-page","status-publish","hentry"],"acf":[],"yoast_head":"<!-- This site is optimized with the Yoast SEO plugin v27.1 - https:\/\/yoast.com\/product\/yoast-seo-wordpress\/ -->\n<title>H\u00f4tels pour Familles \u00e0 Bressanone\u00a0: les meilleurs Family Hotels \u00e0 Bressanone<\/title>\n<meta name=\"description\" content=\"Envie de vacances en famille\u00a0? Nous avons s\u00e9lectionn\u00e9 les meilleurs h\u00f4tels pour familles et family hotels \u00e0 Bressanone\" \/>\n<meta name=\"robots\" content=\"index, follow, max-snippet:-1, max-image-preview:large, max-video-preview:-1\" \/>\n<link rel=\"canonical\" href=\"https:\/\/www.italyfamilyhotels.it\/fr\/destinations\/trentin-haut-adige\/bressanone\" \/>\n<meta property=\"og:locale\" content=\"fr_FR\" \/>\n<meta property=\"og:type\" content=\"article\" \/>\n<meta property=\"og:title\" content=\"H\u00f4tels pour Familles \u00e0 Bressanone\u00a0: les meilleurs Family Hotels \u00e0 Bressanone\" \/>\n<meta property=\"og:description\" content=\"Envie de vacances en famille\u00a0? Nous avons s\u00e9lectionn\u00e9 les meilleurs h\u00f4tels pour familles et family hotels \u00e0 Bressanone\" \/>\n<meta property=\"og:url\" content=\"https:\/\/www.italyfamilyhotels.it\/fr\/destinations\/trentin-haut-adige\/bressanone\" \/>\n<meta property=\"og:site_name\" content=\"Italy Family Hotels\" \/>\n<meta property=\"article:publisher\" content=\"https:\/\/www.facebook.com\/ItalyFamilyHotels\/\" \/>\n<meta property=\"article:modified_time\" content=\"2024-10-10T13:35:56+00:00\" \/>\n<meta name=\"twitter:card\" content=\"summary_large_image\" \/>\n<meta name=\"twitter:label1\" content=\"Dur\u00e9e de lecture estim\u00e9e\" \/>\n\t<meta name=\"twitter:data1\" content=\"1 minute\" \/>\n<script type=\"application\/ld+json\" class=\"yoast-schema-graph\">{\"@context\":\"https:\/\/schema.org\",\"@graph\":[{\"@type\":\"WebPage\",\"@id\":\"https:\/\/www.italyfamilyhotels.it\/fr\/destinations\/trentin-haut-adige\/bressanone\",\"url\":\"https:\/\/www.italyfamilyhotels.it\/fr\/destinations\/trentin-haut-adige\/bressanone\",\"name\":\"H\u00f4tels pour Familles \u00e0 Bressanone\u00a0: les meilleurs Family Hotels \u00e0 Bressanone\",\"isPartOf\":{\"@id\":\"https:\/\/www.italyfamilyhotels.it\/#website\"},\"datePublished\":\"2024-08-07T11:12:05+00:00\",\"dateModified\":\"2024-10-10T13:35:56+00:00\",\"description\":\"Envie de vacances en famille\u00a0? Nous avons s\u00e9lectionn\u00e9 les meilleurs h\u00f4tels pour familles et family hotels \u00e0 Bressanone\",\"breadcrumb\":{\"@id\":\"https:\/\/www.italyfamilyhotels.it\/fr\/destinations\/trentin-haut-adige\/bressanone#breadcrumb\"},\"inLanguage\":\"fr-FR\",\"potentialAction\":[{\"@type\":\"ReadAction\",\"target\":[\"https:\/\/www.italyfamilyhotels.it\/fr\/destinations\/trentin-haut-adige\/bressanone\"]}]},{\"@type\":\"BreadcrumbList\",\"@id\":\"https:\/\/www.italyfamilyhotels.it\/fr\/destinations\/trentin-haut-adige\/bressanone#breadcrumb\",\"itemListElement\":[{\"@type\":\"ListItem\",\"position\":1,\"name\":\"Home\",\"item\":\"https:\/\/www.italyfamilyhotels.it\/fr\"},{\"@type\":\"ListItem\",\"position\":2,\"name\":\"Destinations\",\"item\":\"https:\/\/www.italyfamilyhotels.it\/fr\/destinations\"},{\"@type\":\"ListItem\",\"position\":3,\"name\":\"Trentin Haut-Adige\",\"item\":\"https:\/\/www.italyfamilyhotels.it\/fr\/destinations\/trentin-haut-adige\"},{\"@type\":\"ListItem\",\"position\":4,\"name\":\"Bressanone\"}]},{\"@type\":\"WebSite\",\"@id\":\"https:\/\/www.italyfamilyhotels.it\/#website\",\"url\":\"https:\/\/www.italyfamilyhotels.it\/\",\"name\":\"Italy Family Hotels\",\"description\":\"\",\"potentialAction\":[{\"@type\":\"SearchAction\",\"target\":{\"@type\":\"EntryPoint\",\"urlTemplate\":\"https:\/\/www.italyfamilyhotels.it\/?s={search_term_string}\"},\"query-input\":{\"@type\":\"PropertyValueSpecification\",\"valueRequired\":true,\"valueName\":\"search_term_string\"}}],\"inLanguage\":\"fr-FR\"}]}<\/script>\n<!-- \/ Yoast SEO plugin. -->","yoast_head_json":{"title":"H\u00f4tels pour Familles \u00e0 Bressanone\u00a0: les meilleurs Family Hotels \u00e0 Bressanone","description":"Envie de vacances en famille\u00a0? Nous avons s\u00e9lectionn\u00e9 les meilleurs h\u00f4tels pour familles et family hotels \u00e0 Bressanone","robots":{"index":"index","follow":"follow","max-snippet":"max-snippet:-1","max-image-preview":"max-image-preview:large","max-video-preview":"max-video-preview:-1"},"canonical":"https:\/\/www.italyfamilyhotels.it\/fr\/destinations\/trentin-haut-adige\/bressanone","og_locale":"fr_FR","og_type":"article","og_title":"H\u00f4tels pour Familles \u00e0 Bressanone\u00a0: les meilleurs Family Hotels \u00e0 Bressanone","og_description":"Envie de vacances en famille\u00a0? Nous avons s\u00e9lectionn\u00e9 les meilleurs h\u00f4tels pour familles et family hotels \u00e0 Bressanone","og_url":"https:\/\/www.italyfamilyhotels.it\/fr\/destinations\/trentin-haut-adige\/bressanone","og_site_name":"Italy Family Hotels","article_publisher":"https:\/\/www.facebook.com\/ItalyFamilyHotels\/","article_modified_time":"2024-10-10T13:35:56+00:00","twitter_card":"summary_large_image","twitter_misc":{"Dur\u00e9e de lecture estim\u00e9e":"1 minute"},"schema":{"@context":"https:\/\/schema.org","@graph":[{"@type":"WebPage","@id":"https:\/\/www.italyfamilyhotels.it\/fr\/destinations\/trentin-haut-adige\/bressanone","url":"https:\/\/www.italyfamilyhotels.it\/fr\/destinations\/trentin-haut-adige\/bressanone","name":"H\u00f4tels pour Familles \u00e0 Bressanone\u00a0: les meilleurs Family Hotels \u00e0 Bressanone","isPartOf":{"@id":"https:\/\/www.italyfamilyhotels.it\/#website"},"datePublished":"2024-08-07T11:12:05+00:00","dateModified":"2024-10-10T13:35:56+00:00","description":"Envie de vacances en famille\u00a0? Nous avons s\u00e9lectionn\u00e9 les meilleurs h\u00f4tels pour familles et family hotels \u00e0 Bressanone","breadcrumb":{"@id":"https:\/\/www.italyfamilyhotels.it\/fr\/destinations\/trentin-haut-adige\/bressanone#breadcrumb"},"inLanguage":"fr-FR","potentialAction":[{"@type":"ReadAction","target":["https:\/\/www.italyfamilyhotels.it\/fr\/destinations\/trentin-haut-adige\/bressanone"]}]},{"@type":"BreadcrumbList","@id":"https:\/\/www.italyfamilyhotels.it\/fr\/destinations\/trentin-haut-adige\/bressanone#breadcrumb","itemListElement":[{"@type":"ListItem","position":1,"name":"Home","item":"https:\/\/www.italyfamilyhotels.it\/fr"},{"@type":"ListItem","position":2,"name":"Destinations","item":"https:\/\/www.italyfamilyhotels.it\/fr\/destinations"},{"@type":"ListItem","position":3,"name":"Trentin Haut-Adige","item":"https:\/\/www.italyfamilyhotels.it\/fr\/destinations\/trentin-haut-adige"},{"@type":"ListItem","position":4,"name":"Bressanone"}]},{"@type":"WebSite","@id":"https:\/\/www.italyfamilyhotels.it\/#website","url":"https:\/\/www.italyfamilyhotels.it\/","name":"Italy Family Hotels","description":"","potentialAction":[{"@type":"SearchAction","target":{"@type":"EntryPoint","urlTemplate":"https:\/\/www.italyfamilyhotels.it\/?s={search_term_string}"},"query-input":{"@type":"PropertyValueSpecification","valueRequired":true,"valueName":"search_term_string"}}],"inLanguage":"fr-FR"}]}},"_links":{"self":[{"href":"https:\/\/www.italyfamilyhotels.it\/fr\/wp-json\/wp\/v2\/pages\/60744","targetHints":{"allow":["GET"]}}],"collection":[{"href":"https:\/\/www.italyfamilyhotels.it\/fr\/wp-json\/wp\/v2\/pages"}],"about":[{"href":"https:\/\/www.italyfamilyhotels.it\/fr\/wp-json\/wp\/v2\/types\/page"}],"author":[{"embeddable":true,"href":"https:\/\/www.italyfamilyhotels.it\/fr\/wp-json\/wp\/v2\/users\/167"}],"replies":[{"embeddable":true,"href":"https:\/\/www.italyfamilyhotels.it\/fr\/wp-json\/wp\/v2\/comments?post=60744"}],"version-history":[{"count":1,"href":"https:\/\/www.italyfamilyhotels.it\/fr\/wp-json\/wp\/v2\/pages\/60744\/revisions"}],"predecessor-version":[{"id":60745,"href":"https:\/\/www.italyfamilyhotels.it\/fr\/wp-json\/wp\/v2\/pages\/60744\/revisions\/60745"}],"up":[{"embeddable":true,"href":"https:\/\/www.italyfamilyhotels.it\/fr\/wp-json\/wp\/v2\/pages\/43583"}],"wp:attachment":[{"href":"https:\/\/www.italyfamilyhotels.it\/fr\/wp-json\/wp\/v2\/media?parent=60744"}],"curies":[{"name":"wp","href":"https:\/\/api.w.org\/{rel}","templated":true}]}}