{"id":58345,"date":"2024-03-27T11:26:12","date_gmt":"2024-03-27T10:26:12","guid":{"rendered":"https:\/\/www.italyfamilyhotels.it\/hotels\/color-alexandra-plaza-family-hotel"},"modified":"2024-04-23T09:25:58","modified_gmt":"2024-04-23T07:25:58","slug":"color-alexandra-plaza-family-hotel","status":"publish","type":"page","link":"https:\/\/www.italyfamilyhotels.it\/fr\/hotels\/color-alexandra-plaza-family-hotel","title":{"rendered":"Color Alexandra Plaza Family Hotel"},"content":{"rendered":"\n<p>Au <b>Color Alexandra Plaza Family Hotel de Riccione<\/b>, vous trouverez toutes les couleurs du divertissement et du bonheur dans le format Vacances (celle avec le \u00ab\u00a0V\u00a0\u00bb majuscule)\u00a0! L&#039;h\u00f4tel <b>donne sur la mer<\/b>, avec un <b>acc\u00e8s \u00e0 la plage<\/b> conventionn\u00e9e directement du <b>jardin<\/b>.<\/p>\n\n\n\n<p>Les <b>vacances Color<\/b> sont uniques et inimitables\u00a0: maman et papa peuvent se d\u00e9tendre gr\u00e2ce \u00e0 l&#039;exclusif <b>Premium All Inclusive h24<\/b>, m\u00eame avec<b> Free Drink<\/b> toute la journ\u00e9e et <b>Free Cocktail<\/b> de 20h \u00e0 24h, tandis que les enfants passent des <b>journ\u00e9es pleines sous le signe du divertissement<\/b> avec l\u2019\u00e9quipe d\u2019animation. Une exp\u00e9rience sp\u00e9ciale que vos enfants n\u2019oublieront pas. Le matin la glace est rompue avec les <b>jeux <\/b>et les danses sur la <b>plage<\/b>, l\u2019apr\u00e8s-midi l&#039;euphorie explose avec des <b>tournois et des activit\u00e9s \u00e0 l&#039;h\u00f4tel<\/b>, le <b>d\u00e9jeuner et le diner se passent avec les animateurs<\/b>, ensuite on peut r\u00eaver avec la <b>Baby Dance <\/b>et les <b>Color Shows<\/b> du soir. En somme, une seule journ\u00e9e ne suffit pas pour faire tout cela, c\u2019est pourquoi il faut des vacances enti\u00e8res\u00a0!<\/p>\n\n\n\n<p>Ici l\u2019<b>espace <\/b>ne manque pas, bien que tr\u00e8s <b>organis\u00e9 <\/b>et <b>s\u00fbr<\/b>, pr\u00e9cis\u00e9ment adapt\u00e9 aux familles avec des enfants. Outre le frais <b>jardin <\/b>avec <b>2 piscines <\/b>et l<b>&#039;espace de jeux \u00e9quip\u00e9<\/b>, les enfants ont \u00e0 disposition <b>Mini Cocoland<\/b> et <b>Junior Cocoland<\/b>, les salles \u00e0 th\u00e8me dans lesquelles ils pourront s\u2019amuser avec les nouveaux amis des vacances, sans limites de temps.<\/p>\n\n\n\n<p>Et les grands\u00a0? Eh bien, nous aimons les impliquer aussi dans des <b>activit\u00e9s sportives l\u00e9g\u00e8res<\/b> et <b>des danses de groupe <\/b>ou, peut-\u00eatre, dans des moments de <b>jeu <\/b>\u00e0 partager avec les enfants. Le tout sans renoncer \u00e0 une <b>d\u00e9tente<\/b> m\u00e9rit\u00e9e \u00e0 la piscine et sur la plage, \u00e0 une promenade romantique et \u00e0 la possibilit\u00e9 de vivre la sp\u00e9ciale <b>Color Food Experience<\/b>, avec le meilleur de la bonne cuisine toujours comprise, des go\u00fbters aux ap\u00e9ritifs, en passant par le petit-d\u00e9jeuner, le d\u00e9jeuner et le diner.<\/p>\n","protected":false},"excerpt":{"rendered":"<p>Au Color Alexandra Plaza Family Hotel de Riccione, vous trouverez toutes les couleurs du divertissement et du bonheur dans le format Vacances (celle avec le \u00ab\u00a0V\u00a0\u00bb majuscule)\u00a0! L&#039;h\u00f4tel donne sur la mer, avec un acc\u00e8s \u00e0 la plage conventionn\u00e9e directement du jardin. Les vacances Color sont uniques et inimitables\u00a0: maman et papa peuvent se d\u00e9tendre &hellip;<\/p>\n","protected":false},"author":1,"featured_media":0,"parent":29729,"menu_order":0,"comment_status":"closed","ping_status":"closed","template":"page-templates\/scheda_hotel.php","meta":{"_acf_changed":false,"inline_featured_image":false,"footnotes":""},"class_list":["post-58345","page","type-page","status-publish","hentry"],"acf":[],"yoast_head":"<!-- This site is optimized with the Yoast SEO plugin v27.1 - https:\/\/yoast.com\/product\/yoast-seo-wordpress\/ -->\n<title>Color Alexandra Plaza Family Hotel - Riccione<\/title>\n<meta name=\"description\" content=\"Envie de vacances en famille\u00a0? D\u00e9couvrez les offres pour familles du Color Alexandra Plaza de Riccione\u00a0!\" \/>\n<meta name=\"robots\" content=\"index, follow, max-snippet:-1, max-image-preview:large, max-video-preview:-1\" \/>\n<link rel=\"canonical\" href=\"https:\/\/www.italyfamilyhotels.it\/fr\/hotels\/color-alexandra-plaza-family-hotel\" \/>\n<meta property=\"og:locale\" content=\"fr_FR\" \/>\n<meta property=\"og:type\" content=\"article\" \/>\n<meta property=\"og:title\" content=\"Color Alexandra Plaza Family Hotel - Riccione\" \/>\n<meta property=\"og:description\" content=\"Envie de vacances en famille\u00a0? D\u00e9couvrez les offres pour familles du Color Alexandra Plaza de Riccione\u00a0!\" \/>\n<meta property=\"og:url\" content=\"https:\/\/www.italyfamilyhotels.it\/fr\/hotels\/color-alexandra-plaza-family-hotel\" \/>\n<meta property=\"og:site_name\" content=\"Italy Family Hotels\" \/>\n<meta property=\"article:publisher\" content=\"https:\/\/www.facebook.com\/ItalyFamilyHotels\/\" \/>\n<meta property=\"article:modified_time\" content=\"2024-04-23T07:25:58+00:00\" \/>\n<meta name=\"twitter:card\" content=\"summary_large_image\" \/>\n<meta name=\"twitter:label1\" content=\"Dur\u00e9e de lecture estim\u00e9e\" \/>\n\t<meta name=\"twitter:data1\" content=\"2 minutes\" \/>\n<script type=\"application\/ld+json\" class=\"yoast-schema-graph\">{\"@context\":\"https:\/\/schema.org\",\"@graph\":[{\"@type\":\"WebPage\",\"@id\":\"https:\/\/www.italyfamilyhotels.it\/fr\/hotels\/color-alexandra-plaza-family-hotel\",\"url\":\"https:\/\/www.italyfamilyhotels.it\/fr\/hotels\/color-alexandra-plaza-family-hotel\",\"name\":\"Color Alexandra Plaza Family Hotel - Riccione\",\"isPartOf\":{\"@id\":\"https:\/\/www.italyfamilyhotels.it\/#website\"},\"datePublished\":\"2024-03-27T10:26:12+00:00\",\"dateModified\":\"2024-04-23T07:25:58+00:00\",\"description\":\"Envie de vacances en famille\u00a0? D\u00e9couvrez les offres pour familles du Color Alexandra Plaza de Riccione\u00a0!\",\"breadcrumb\":{\"@id\":\"https:\/\/www.italyfamilyhotels.it\/fr\/hotels\/color-alexandra-plaza-family-hotel#breadcrumb\"},\"inLanguage\":\"fr-FR\",\"potentialAction\":[{\"@type\":\"ReadAction\",\"target\":[\"https:\/\/www.italyfamilyhotels.it\/fr\/hotels\/color-alexandra-plaza-family-hotel\"]}]},{\"@type\":\"BreadcrumbList\",\"@id\":\"https:\/\/www.italyfamilyhotels.it\/fr\/hotels\/color-alexandra-plaza-family-hotel#breadcrumb\",\"itemListElement\":[{\"@type\":\"ListItem\",\"position\":1,\"name\":\"Home\",\"item\":\"https:\/\/www.italyfamilyhotels.it\/fr\"},{\"@type\":\"ListItem\",\"position\":2,\"name\":\"Family Hotels\",\"item\":\"https:\/\/www.italyfamilyhotels.it\/fr\/hotels\"},{\"@type\":\"ListItem\",\"position\":3,\"name\":\"Color Alexandra Plaza Family Hotel\"}]},{\"@type\":\"WebSite\",\"@id\":\"https:\/\/www.italyfamilyhotels.it\/#website\",\"url\":\"https:\/\/www.italyfamilyhotels.it\/\",\"name\":\"Italy Family Hotels\",\"description\":\"\",\"potentialAction\":[{\"@type\":\"SearchAction\",\"target\":{\"@type\":\"EntryPoint\",\"urlTemplate\":\"https:\/\/www.italyfamilyhotels.it\/?s={search_term_string}\"},\"query-input\":{\"@type\":\"PropertyValueSpecification\",\"valueRequired\":true,\"valueName\":\"search_term_string\"}}],\"inLanguage\":\"fr-FR\"}]}<\/script>\n<!-- \/ Yoast SEO plugin. -->","yoast_head_json":{"title":"Color Alexandra Plaza Family Hotel - Riccione","description":"Envie de vacances en famille\u00a0? D\u00e9couvrez les offres pour familles du Color Alexandra Plaza de Riccione\u00a0!","robots":{"index":"index","follow":"follow","max-snippet":"max-snippet:-1","max-image-preview":"max-image-preview:large","max-video-preview":"max-video-preview:-1"},"canonical":"https:\/\/www.italyfamilyhotels.it\/fr\/hotels\/color-alexandra-plaza-family-hotel","og_locale":"fr_FR","og_type":"article","og_title":"Color Alexandra Plaza Family Hotel - Riccione","og_description":"Envie de vacances en famille\u00a0? D\u00e9couvrez les offres pour familles du Color Alexandra Plaza de Riccione\u00a0!","og_url":"https:\/\/www.italyfamilyhotels.it\/fr\/hotels\/color-alexandra-plaza-family-hotel","og_site_name":"Italy Family Hotels","article_publisher":"https:\/\/www.facebook.com\/ItalyFamilyHotels\/","article_modified_time":"2024-04-23T07:25:58+00:00","twitter_card":"summary_large_image","twitter_misc":{"Dur\u00e9e de lecture estim\u00e9e":"2 minutes"},"schema":{"@context":"https:\/\/schema.org","@graph":[{"@type":"WebPage","@id":"https:\/\/www.italyfamilyhotels.it\/fr\/hotels\/color-alexandra-plaza-family-hotel","url":"https:\/\/www.italyfamilyhotels.it\/fr\/hotels\/color-alexandra-plaza-family-hotel","name":"Color Alexandra Plaza Family Hotel - Riccione","isPartOf":{"@id":"https:\/\/www.italyfamilyhotels.it\/#website"},"datePublished":"2024-03-27T10:26:12+00:00","dateModified":"2024-04-23T07:25:58+00:00","description":"Envie de vacances en famille\u00a0? D\u00e9couvrez les offres pour familles du Color Alexandra Plaza de Riccione\u00a0!","breadcrumb":{"@id":"https:\/\/www.italyfamilyhotels.it\/fr\/hotels\/color-alexandra-plaza-family-hotel#breadcrumb"},"inLanguage":"fr-FR","potentialAction":[{"@type":"ReadAction","target":["https:\/\/www.italyfamilyhotels.it\/fr\/hotels\/color-alexandra-plaza-family-hotel"]}]},{"@type":"BreadcrumbList","@id":"https:\/\/www.italyfamilyhotels.it\/fr\/hotels\/color-alexandra-plaza-family-hotel#breadcrumb","itemListElement":[{"@type":"ListItem","position":1,"name":"Home","item":"https:\/\/www.italyfamilyhotels.it\/fr"},{"@type":"ListItem","position":2,"name":"Family Hotels","item":"https:\/\/www.italyfamilyhotels.it\/fr\/hotels"},{"@type":"ListItem","position":3,"name":"Color Alexandra Plaza Family Hotel"}]},{"@type":"WebSite","@id":"https:\/\/www.italyfamilyhotels.it\/#website","url":"https:\/\/www.italyfamilyhotels.it\/","name":"Italy Family Hotels","description":"","potentialAction":[{"@type":"SearchAction","target":{"@type":"EntryPoint","urlTemplate":"https:\/\/www.italyfamilyhotels.it\/?s={search_term_string}"},"query-input":{"@type":"PropertyValueSpecification","valueRequired":true,"valueName":"search_term_string"}}],"inLanguage":"fr-FR"}]}},"_links":{"self":[{"href":"https:\/\/www.italyfamilyhotels.it\/fr\/wp-json\/wp\/v2\/pages\/58345","targetHints":{"allow":["GET"]}}],"collection":[{"href":"https:\/\/www.italyfamilyhotels.it\/fr\/wp-json\/wp\/v2\/pages"}],"about":[{"href":"https:\/\/www.italyfamilyhotels.it\/fr\/wp-json\/wp\/v2\/types\/page"}],"author":[{"embeddable":true,"href":"https:\/\/www.italyfamilyhotels.it\/fr\/wp-json\/wp\/v2\/users\/1"}],"replies":[{"embeddable":true,"href":"https:\/\/www.italyfamilyhotels.it\/fr\/wp-json\/wp\/v2\/comments?post=58345"}],"version-history":[{"count":2,"href":"https:\/\/www.italyfamilyhotels.it\/fr\/wp-json\/wp\/v2\/pages\/58345\/revisions"}],"predecessor-version":[{"id":59413,"href":"https:\/\/www.italyfamilyhotels.it\/fr\/wp-json\/wp\/v2\/pages\/58345\/revisions\/59413"}],"up":[{"embeddable":true,"href":"https:\/\/www.italyfamilyhotels.it\/fr\/wp-json\/wp\/v2\/pages\/29729"}],"wp:attachment":[{"href":"https:\/\/www.italyfamilyhotels.it\/fr\/wp-json\/wp\/v2\/media?parent=58345"}],"curies":[{"name":"wp","href":"https:\/\/api.w.org\/{rel}","templated":true}]}}