{"id":57930,"date":"2024-03-20T09:48:23","date_gmt":"2024-03-20T08:48:23","guid":{"rendered":"https:\/\/www.italyfamilyhotels.it\/hotels\/cattolica-family-resort"},"modified":"2026-04-02T10:13:37","modified_gmt":"2026-04-02T08:13:37","slug":"trevi-family-resort","status":"publish","type":"page","link":"https:\/\/www.italyfamilyhotels.it\/fr\/hotels\/trevi-family-resort","title":{"rendered":"Trevi Family Resort"},"content":{"rendered":"\n<p>Si votre r\u00eave est de ralentir et de retrouver le luxe de profiter de votre temps en toute tranquillit\u00e9, tandis que les enfants s\u2019amusent avec l\u2019\u00e9quipe d\u2019<b>animation pendant 12 heures au jour<\/b>, vous \u00eates au bon endroit. Nous vous accueillons au<b> Trevi Family Resort<\/b>, o\u00f9 nous sommes pr\u00eats \u00e0 vous choyer avec des <b>vacances vraiment \u00ab&nbsp;tout compris&nbsp;\u00bb<\/b> et sans soucis. Notre <b>Family Resort est face \u00e0 la mer<\/b> et ceci offre d\u00e9j\u00e0 \u00e0 tous une sensation magnifique de vacances&nbsp;: vous pouvez vous rendre \u00e0 la <b>plage <\/b>avec les enfants en un instant,<b> sans traverser la route<\/b> (car il existe un acc\u00e8s priv\u00e9 direct), vous admirez la mer quand vous vous r\u00e9veillez, pendant que vous \u00eates \u00e0 la piscine et m\u00eame pendant le petit-d\u00e9jeuner, le d\u00e9jeuner et le diner&nbsp;!<\/p>\n\n\n\n<p>Savez-vous qu\u2019ici nous avons un <b>parc aquatique<\/b> avec une <b>piscine <\/b>pour les enfants, <b>des toboggans <\/b>et un fantastique <b>Spray Park <\/b>avec des jeux d\u2019eau&nbsp;? Un univers d\u00e9di\u00e9 au divertissement aquatique qui fait la joie de tous les enfants et des parents qui ont h\u00e2te de remonter le pass\u00e9. Autrement, pour ceux qui veulent se reposer, il y a la <b>piscine avec des jacuzzis<\/b> entour\u00e9e d\u2019un grand <b>solarium <\/b>\u00e9quip\u00e9.<\/p>\n\n\n\n<p>Les <b>animateurs <\/b>prennent soin des enfants, en les divisant par tranches d&#8217;\u00e2ge\u00a0: au <b>Monde de Maurino<\/b> le divertissement ne s&#8217;arr\u00eate jamais, c\u2019est une aventure qui se r\u00e9p\u00e8te<b>tous les jours de 10h \u00e0 22h <\/b>avec des ateliers, jeux, Baby Dance, f\u00eates \u00e0 th\u00e8me, spectacles, activit\u00e9s dans la <b>salle de jeux r\u00e9serv\u00e9e au Mini Club<\/b> ou \u00e0 <b>Gonfiabilandia<\/b>, l\u2019espace externe avec des super <b>gonflables <\/b>et des <b>tapis \u00e9lastiques<\/b>. Il continue m\u00eame \u00e0 table, car les <b>enfants peuvent manger avec les animateurs<\/b>. De plus, \u00e0 partir du<strong> dimanche au vendredi<\/strong>, vous pouvez <strong>r\u00e9server gratuitement<\/strong> le service <strong>Nounou<\/strong>\u00a0:<strong> 7 heures <\/strong>pendant lesquelles la nounou s&#8217;occupe des tout-petits, <strong>de 8 mois \u00e0 4 ans<\/strong>.<\/p>\n\n\n\n<p>Maman, papa&#8230; \u00c0 ce stade vous n\u2019avez aucune excuse pour ne pas profiter d\u2019un ap\u00e9ritif avec vue sur la mer, d\u2019un plongeon dans la piscine et d\u2019une tranquille journ\u00e9e \u00e0 la plage&nbsp;!<\/p>\n","protected":false},"excerpt":{"rendered":"<p>Si votre r\u00eave est de ralentir et de retrouver le luxe de profiter de votre temps en toute tranquillit\u00e9, tandis que les enfants s\u2019amusent avec l\u2019\u00e9quipe d\u2019animation pendant 12 heures au jour, vous \u00eates au bon endroit. Nous vous accueillons au Trevi Family Resort, o\u00f9 nous sommes pr\u00eats \u00e0 vous choyer avec des vacances vraiment &hellip;<\/p>\n","protected":false},"author":1,"featured_media":0,"parent":29729,"menu_order":0,"comment_status":"closed","ping_status":"closed","template":"page-templates\/scheda_hotel.php","meta":{"_acf_changed":false,"inline_featured_image":false,"footnotes":""},"class_list":["post-57930","page","type-page","status-publish","hentry"],"acf":[],"yoast_head":"<!-- This site is optimized with the Yoast SEO plugin v27.1 - https:\/\/yoast.com\/product\/yoast-seo-wordpress\/ -->\n<title>Trevi Family Resort 3 \u00e9toiles, Cattolica<\/title>\n<meta name=\"description\" content=\"Envie de vacances en famille\u00a0? D\u00e9couvrez les offres pour familles du Trevi Family Resort sur la mer \u00e0 Cattolica\" \/>\n<meta name=\"robots\" content=\"index, follow, max-snippet:-1, max-image-preview:large, max-video-preview:-1\" \/>\n<link rel=\"canonical\" href=\"https:\/\/www.italyfamilyhotels.it\/fr\/hotels\/trevi-family-resort\" \/>\n<meta property=\"og:locale\" content=\"fr_FR\" \/>\n<meta property=\"og:type\" content=\"article\" \/>\n<meta property=\"og:title\" content=\"Trevi Family Resort 3 \u00e9toiles, Cattolica\" \/>\n<meta property=\"og:description\" content=\"Envie de vacances en famille\u00a0? D\u00e9couvrez les offres pour familles du Trevi Family Resort sur la mer \u00e0 Cattolica\" \/>\n<meta property=\"og:url\" content=\"https:\/\/www.italyfamilyhotels.it\/fr\/hotels\/trevi-family-resort\" \/>\n<meta property=\"og:site_name\" content=\"Italy Family Hotels\" \/>\n<meta property=\"article:publisher\" content=\"https:\/\/www.facebook.com\/ItalyFamilyHotels\/\" \/>\n<meta property=\"article:modified_time\" content=\"2026-04-02T08:13:37+00:00\" \/>\n<meta name=\"twitter:card\" content=\"summary_large_image\" \/>\n<meta name=\"twitter:label1\" content=\"Dur\u00e9e de lecture estim\u00e9e\" \/>\n\t<meta name=\"twitter:data1\" content=\"2 minutes\" \/>\n<script type=\"application\/ld+json\" class=\"yoast-schema-graph\">{\"@context\":\"https:\/\/schema.org\",\"@graph\":[{\"@type\":\"WebPage\",\"@id\":\"https:\/\/www.italyfamilyhotels.it\/fr\/hotels\/trevi-family-resort\",\"url\":\"https:\/\/www.italyfamilyhotels.it\/fr\/hotels\/trevi-family-resort\",\"name\":\"Trevi Family Resort 3 \u00e9toiles, Cattolica\",\"isPartOf\":{\"@id\":\"https:\/\/www.italyfamilyhotels.it\/#website\"},\"datePublished\":\"2024-03-20T08:48:23+00:00\",\"dateModified\":\"2026-04-02T08:13:37+00:00\",\"description\":\"Envie de vacances en famille\u00a0? D\u00e9couvrez les offres pour familles du Trevi Family Resort sur la mer \u00e0 Cattolica\",\"breadcrumb\":{\"@id\":\"https:\/\/www.italyfamilyhotels.it\/fr\/hotels\/trevi-family-resort#breadcrumb\"},\"inLanguage\":\"fr-FR\",\"potentialAction\":[{\"@type\":\"ReadAction\",\"target\":[\"https:\/\/www.italyfamilyhotels.it\/fr\/hotels\/trevi-family-resort\"]}]},{\"@type\":\"BreadcrumbList\",\"@id\":\"https:\/\/www.italyfamilyhotels.it\/fr\/hotels\/trevi-family-resort#breadcrumb\",\"itemListElement\":[{\"@type\":\"ListItem\",\"position\":1,\"name\":\"Home\",\"item\":\"https:\/\/www.italyfamilyhotels.it\/fr\"},{\"@type\":\"ListItem\",\"position\":2,\"name\":\"Family Hotels\",\"item\":\"https:\/\/www.italyfamilyhotels.it\/fr\/hotels\"},{\"@type\":\"ListItem\",\"position\":3,\"name\":\"Trevi Family Resort\"}]},{\"@type\":\"WebSite\",\"@id\":\"https:\/\/www.italyfamilyhotels.it\/#website\",\"url\":\"https:\/\/www.italyfamilyhotels.it\/\",\"name\":\"Italy Family Hotels\",\"description\":\"\",\"potentialAction\":[{\"@type\":\"SearchAction\",\"target\":{\"@type\":\"EntryPoint\",\"urlTemplate\":\"https:\/\/www.italyfamilyhotels.it\/?s={search_term_string}\"},\"query-input\":{\"@type\":\"PropertyValueSpecification\",\"valueRequired\":true,\"valueName\":\"search_term_string\"}}],\"inLanguage\":\"fr-FR\"}]}<\/script>\n<!-- \/ Yoast SEO plugin. -->","yoast_head_json":{"title":"Trevi Family Resort 3 \u00e9toiles, Cattolica","description":"Envie de vacances en famille\u00a0? D\u00e9couvrez les offres pour familles du Trevi Family Resort sur la mer \u00e0 Cattolica","robots":{"index":"index","follow":"follow","max-snippet":"max-snippet:-1","max-image-preview":"max-image-preview:large","max-video-preview":"max-video-preview:-1"},"canonical":"https:\/\/www.italyfamilyhotels.it\/fr\/hotels\/trevi-family-resort","og_locale":"fr_FR","og_type":"article","og_title":"Trevi Family Resort 3 \u00e9toiles, Cattolica","og_description":"Envie de vacances en famille\u00a0? D\u00e9couvrez les offres pour familles du Trevi Family Resort sur la mer \u00e0 Cattolica","og_url":"https:\/\/www.italyfamilyhotels.it\/fr\/hotels\/trevi-family-resort","og_site_name":"Italy Family Hotels","article_publisher":"https:\/\/www.facebook.com\/ItalyFamilyHotels\/","article_modified_time":"2026-04-02T08:13:37+00:00","twitter_card":"summary_large_image","twitter_misc":{"Dur\u00e9e de lecture estim\u00e9e":"2 minutes"},"schema":{"@context":"https:\/\/schema.org","@graph":[{"@type":"WebPage","@id":"https:\/\/www.italyfamilyhotels.it\/fr\/hotels\/trevi-family-resort","url":"https:\/\/www.italyfamilyhotels.it\/fr\/hotels\/trevi-family-resort","name":"Trevi Family Resort 3 \u00e9toiles, Cattolica","isPartOf":{"@id":"https:\/\/www.italyfamilyhotels.it\/#website"},"datePublished":"2024-03-20T08:48:23+00:00","dateModified":"2026-04-02T08:13:37+00:00","description":"Envie de vacances en famille\u00a0? D\u00e9couvrez les offres pour familles du Trevi Family Resort sur la mer \u00e0 Cattolica","breadcrumb":{"@id":"https:\/\/www.italyfamilyhotels.it\/fr\/hotels\/trevi-family-resort#breadcrumb"},"inLanguage":"fr-FR","potentialAction":[{"@type":"ReadAction","target":["https:\/\/www.italyfamilyhotels.it\/fr\/hotels\/trevi-family-resort"]}]},{"@type":"BreadcrumbList","@id":"https:\/\/www.italyfamilyhotels.it\/fr\/hotels\/trevi-family-resort#breadcrumb","itemListElement":[{"@type":"ListItem","position":1,"name":"Home","item":"https:\/\/www.italyfamilyhotels.it\/fr"},{"@type":"ListItem","position":2,"name":"Family Hotels","item":"https:\/\/www.italyfamilyhotels.it\/fr\/hotels"},{"@type":"ListItem","position":3,"name":"Trevi Family Resort"}]},{"@type":"WebSite","@id":"https:\/\/www.italyfamilyhotels.it\/#website","url":"https:\/\/www.italyfamilyhotels.it\/","name":"Italy Family Hotels","description":"","potentialAction":[{"@type":"SearchAction","target":{"@type":"EntryPoint","urlTemplate":"https:\/\/www.italyfamilyhotels.it\/?s={search_term_string}"},"query-input":{"@type":"PropertyValueSpecification","valueRequired":true,"valueName":"search_term_string"}}],"inLanguage":"fr-FR"}]}},"_links":{"self":[{"href":"https:\/\/www.italyfamilyhotels.it\/fr\/wp-json\/wp\/v2\/pages\/57930","targetHints":{"allow":["GET"]}}],"collection":[{"href":"https:\/\/www.italyfamilyhotels.it\/fr\/wp-json\/wp\/v2\/pages"}],"about":[{"href":"https:\/\/www.italyfamilyhotels.it\/fr\/wp-json\/wp\/v2\/types\/page"}],"author":[{"embeddable":true,"href":"https:\/\/www.italyfamilyhotels.it\/fr\/wp-json\/wp\/v2\/users\/1"}],"replies":[{"embeddable":true,"href":"https:\/\/www.italyfamilyhotels.it\/fr\/wp-json\/wp\/v2\/comments?post=57930"}],"version-history":[{"count":14,"href":"https:\/\/www.italyfamilyhotels.it\/fr\/wp-json\/wp\/v2\/pages\/57930\/revisions"}],"predecessor-version":[{"id":77165,"href":"https:\/\/www.italyfamilyhotels.it\/fr\/wp-json\/wp\/v2\/pages\/57930\/revisions\/77165"}],"up":[{"embeddable":true,"href":"https:\/\/www.italyfamilyhotels.it\/fr\/wp-json\/wp\/v2\/pages\/29729"}],"wp:attachment":[{"href":"https:\/\/www.italyfamilyhotels.it\/fr\/wp-json\/wp\/v2\/media?parent=57930"}],"curies":[{"name":"wp","href":"https:\/\/api.w.org\/{rel}","templated":true}]}}