{"id":57279,"date":"2024-02-20T16:29:45","date_gmt":"2024-02-20T15:29:45","guid":{"rendered":"https:\/\/www.italyfamilyhotels.it\/hotels\/hotel-residence-ancora"},"modified":"2024-04-23T09:25:55","modified_gmt":"2024-04-23T07:25:55","slug":"hotel-residence-ancora","status":"publish","type":"page","link":"https:\/\/www.italyfamilyhotels.it\/fr\/hotels\/hotel-residence-ancora","title":{"rendered":"Hotel &#038; Residence Ancora"},"content":{"rendered":"\n<p>La <b>mer est si proche<\/b> que vous sentez le parfum de sel dans l\u2019air\u00a0: vous vous accueillons \u00e0 l&#039;<b>Hotel &amp; Residence Ancora de Cattolica<\/b> o\u00f9, pour les familles, l\u2019\u00e9t\u00e9 est amusant, accueillant et incroyablement reposant\u00a0! Ici vous passez des journ\u00e9es qui ont vraiment le go\u00fbt des Vacances (avec un \u00ab\u00a0V\u00a0\u00bb majuscule\u00a0!)\u00a0: nous nous trouvons <b>tout pr\u00e8s du centre et de la plage<\/b>, mais \u00e0 bonne distance du chaos, vous pouvez ainsi sortir et vous promener avec vos enfants chaque fois que vous en avez envie.<\/p>\n\n\n\n<p>Si vous pr\u00e9f\u00e9rez la <b>piscine<\/b> \u00e0 la plage, notre h\u00f4tel en poss\u00e8de une vraiment belle, \u00e9quip\u00e9e d\u2019<b>hydromassage<\/b>, <b>zone d\u2019eau basse pour les plus petits<\/b> et d\u2019un <b>champignon d&#039;eau<\/b> sous lequel vous pourrez vous rafraichir et jouer durant les journ\u00e9es les plus chaudes\u00a0! Pour vos enfants, il y a aussi l&#039;<b>animation quotidienne<\/b>, vivante et passionnante, pour ne pas parler des trois<b> excursions pour toute la famille<\/b>, que nous organisons chaque semaine\u00a0: la sortie en bateau \u00e0 Fiorenzuola di Focara\u00a0; l\u2019excursion \u00e0 l&#039;Aquarium de Cattolica\u00a0; la visite du soir magique au bourg de Gradara, o\u00f9 les grands et les petits sont catapult\u00e9s dans un monde f\u00e9\u00e9rique\u00a0! A propos, vous ne le savez peut-\u00eatre pas, mais \u00e0 partir de notre h\u00f4tel vous pouvez vous rendre facilement dans tous les <b>c\u00e9l\u00e8bres parcs d\u2019attraction de la Riviera de Romagne<\/b> &#8211; Aquafan, Oltremare, Fiabilandia, Mirabilandia -ainsi, avec l&#039;excuse d\u2019amener vos enfants, vous pouvez redevenir enfant vous aussi.<\/p>\n\n\n\n<p>Vous devez probablement vous demander\u00a0: et tout le reste\u00a0? Cuisine, b\u00e9b\u00e9, services\u00a0? En fait, ici vous trouverez ce qui vous sert pour des <b>vacances au bord de la mer avec les enfants<\/b>, pratiques, faciles, \u00e0 la port\u00e9e des parents qui ont h\u00e2te de se d\u00e9tendre. <b>Des plats pour les plus petits<\/b> et tout ce qui sert pour le <b>sevrage <\/b>&#8211; vous pouvez nous demander des bouillies, bouillons, pur\u00e9es &#8211; <b>kits pour les petits enfants dans la chambre<\/b>, avec des berceaux, lits, protections antichute, table \u00e0 langer, r\u00e9ducteur de toilette, WC. En somme, vous pr\u00e9parez votre valise, nous nous occupons du reste\u00a0!<\/p>\n","protected":false},"excerpt":{"rendered":"<p>La mer est si proche que vous sentez le parfum de sel dans l\u2019air\u00a0: vous vous accueillons \u00e0 l&#039;Hotel &amp; Residence Ancora de Cattolica o\u00f9, pour les familles, l\u2019\u00e9t\u00e9 est amusant, accueillant et incroyablement reposant\u00a0! Ici vous passez des journ\u00e9es qui ont vraiment le go\u00fbt des Vacances (avec un \u00ab\u00a0V\u00a0\u00bb majuscule\u00a0!)\u00a0: nous nous trouvons tout &hellip;<\/p>\n","protected":false},"author":1,"featured_media":0,"parent":29729,"menu_order":0,"comment_status":"closed","ping_status":"closed","template":"page-templates\/scheda_hotel.php","meta":{"_acf_changed":false,"inline_featured_image":false,"footnotes":""},"class_list":["post-57279","page","type-page","status-publish","hentry"],"acf":[],"yoast_head":"<!-- This site is optimized with the Yoast SEO plugin v27.1 - https:\/\/yoast.com\/product\/yoast-seo-wordpress\/ -->\n<title>Hotel &amp; Residence Ancora 3 \u00e9toiles, Cattolica<\/title>\n<meta name=\"description\" content=\"Envie de vacances en famille\u00a0? D\u00e9couvrez les offres pour familles de l\u2019Hotel&amp; Residence Ancora a Cattolica\u00a0!\" \/>\n<meta name=\"robots\" content=\"index, follow, max-snippet:-1, max-image-preview:large, max-video-preview:-1\" \/>\n<link rel=\"canonical\" href=\"https:\/\/www.italyfamilyhotels.it\/fr\/hotels\/hotel-residence-ancora\" \/>\n<meta property=\"og:locale\" content=\"fr_FR\" \/>\n<meta property=\"og:type\" content=\"article\" \/>\n<meta property=\"og:title\" content=\"Hotel &amp; Residence Ancora 3 \u00e9toiles, Cattolica\" \/>\n<meta property=\"og:description\" content=\"Envie de vacances en famille\u00a0? D\u00e9couvrez les offres pour familles de l\u2019Hotel&amp; Residence Ancora a Cattolica\u00a0!\" \/>\n<meta property=\"og:url\" content=\"https:\/\/www.italyfamilyhotels.it\/fr\/hotels\/hotel-residence-ancora\" \/>\n<meta property=\"og:site_name\" content=\"Italy Family Hotels\" \/>\n<meta property=\"article:publisher\" content=\"https:\/\/www.facebook.com\/ItalyFamilyHotels\/\" \/>\n<meta property=\"article:modified_time\" content=\"2024-04-23T07:25:55+00:00\" \/>\n<meta name=\"twitter:card\" content=\"summary_large_image\" \/>\n<meta name=\"twitter:label1\" content=\"Dur\u00e9e de lecture estim\u00e9e\" \/>\n\t<meta name=\"twitter:data1\" content=\"2 minutes\" \/>\n<script type=\"application\/ld+json\" class=\"yoast-schema-graph\">{\"@context\":\"https:\/\/schema.org\",\"@graph\":[{\"@type\":\"WebPage\",\"@id\":\"https:\/\/www.italyfamilyhotels.it\/fr\/hotels\/hotel-residence-ancora\",\"url\":\"https:\/\/www.italyfamilyhotels.it\/fr\/hotels\/hotel-residence-ancora\",\"name\":\"Hotel & Residence Ancora 3 \u00e9toiles, Cattolica\",\"isPartOf\":{\"@id\":\"https:\/\/www.italyfamilyhotels.it\/#website\"},\"datePublished\":\"2024-02-20T15:29:45+00:00\",\"dateModified\":\"2024-04-23T07:25:55+00:00\",\"description\":\"Envie de vacances en famille\u00a0? D\u00e9couvrez les offres pour familles de l\u2019Hotel& Residence Ancora a Cattolica\u00a0!\",\"breadcrumb\":{\"@id\":\"https:\/\/www.italyfamilyhotels.it\/fr\/hotels\/hotel-residence-ancora#breadcrumb\"},\"inLanguage\":\"fr-FR\",\"potentialAction\":[{\"@type\":\"ReadAction\",\"target\":[\"https:\/\/www.italyfamilyhotels.it\/fr\/hotels\/hotel-residence-ancora\"]}]},{\"@type\":\"BreadcrumbList\",\"@id\":\"https:\/\/www.italyfamilyhotels.it\/fr\/hotels\/hotel-residence-ancora#breadcrumb\",\"itemListElement\":[{\"@type\":\"ListItem\",\"position\":1,\"name\":\"Home\",\"item\":\"https:\/\/www.italyfamilyhotels.it\/fr\"},{\"@type\":\"ListItem\",\"position\":2,\"name\":\"Family Hotels\",\"item\":\"https:\/\/www.italyfamilyhotels.it\/fr\/hotels\"},{\"@type\":\"ListItem\",\"position\":3,\"name\":\"Hotel &#038; Residence Ancora\"}]},{\"@type\":\"WebSite\",\"@id\":\"https:\/\/www.italyfamilyhotels.it\/#website\",\"url\":\"https:\/\/www.italyfamilyhotels.it\/\",\"name\":\"Italy Family Hotels\",\"description\":\"\",\"potentialAction\":[{\"@type\":\"SearchAction\",\"target\":{\"@type\":\"EntryPoint\",\"urlTemplate\":\"https:\/\/www.italyfamilyhotels.it\/?s={search_term_string}\"},\"query-input\":{\"@type\":\"PropertyValueSpecification\",\"valueRequired\":true,\"valueName\":\"search_term_string\"}}],\"inLanguage\":\"fr-FR\"}]}<\/script>\n<!-- \/ Yoast SEO plugin. -->","yoast_head_json":{"title":"Hotel & Residence Ancora 3 \u00e9toiles, Cattolica","description":"Envie de vacances en famille\u00a0? D\u00e9couvrez les offres pour familles de l\u2019Hotel& Residence Ancora a Cattolica\u00a0!","robots":{"index":"index","follow":"follow","max-snippet":"max-snippet:-1","max-image-preview":"max-image-preview:large","max-video-preview":"max-video-preview:-1"},"canonical":"https:\/\/www.italyfamilyhotels.it\/fr\/hotels\/hotel-residence-ancora","og_locale":"fr_FR","og_type":"article","og_title":"Hotel & Residence Ancora 3 \u00e9toiles, Cattolica","og_description":"Envie de vacances en famille\u00a0? D\u00e9couvrez les offres pour familles de l\u2019Hotel& Residence Ancora a Cattolica\u00a0!","og_url":"https:\/\/www.italyfamilyhotels.it\/fr\/hotels\/hotel-residence-ancora","og_site_name":"Italy Family Hotels","article_publisher":"https:\/\/www.facebook.com\/ItalyFamilyHotels\/","article_modified_time":"2024-04-23T07:25:55+00:00","twitter_card":"summary_large_image","twitter_misc":{"Dur\u00e9e de lecture estim\u00e9e":"2 minutes"},"schema":{"@context":"https:\/\/schema.org","@graph":[{"@type":"WebPage","@id":"https:\/\/www.italyfamilyhotels.it\/fr\/hotels\/hotel-residence-ancora","url":"https:\/\/www.italyfamilyhotels.it\/fr\/hotels\/hotel-residence-ancora","name":"Hotel & Residence Ancora 3 \u00e9toiles, Cattolica","isPartOf":{"@id":"https:\/\/www.italyfamilyhotels.it\/#website"},"datePublished":"2024-02-20T15:29:45+00:00","dateModified":"2024-04-23T07:25:55+00:00","description":"Envie de vacances en famille\u00a0? D\u00e9couvrez les offres pour familles de l\u2019Hotel& Residence Ancora a Cattolica\u00a0!","breadcrumb":{"@id":"https:\/\/www.italyfamilyhotels.it\/fr\/hotels\/hotel-residence-ancora#breadcrumb"},"inLanguage":"fr-FR","potentialAction":[{"@type":"ReadAction","target":["https:\/\/www.italyfamilyhotels.it\/fr\/hotels\/hotel-residence-ancora"]}]},{"@type":"BreadcrumbList","@id":"https:\/\/www.italyfamilyhotels.it\/fr\/hotels\/hotel-residence-ancora#breadcrumb","itemListElement":[{"@type":"ListItem","position":1,"name":"Home","item":"https:\/\/www.italyfamilyhotels.it\/fr"},{"@type":"ListItem","position":2,"name":"Family Hotels","item":"https:\/\/www.italyfamilyhotels.it\/fr\/hotels"},{"@type":"ListItem","position":3,"name":"Hotel &#038; Residence Ancora"}]},{"@type":"WebSite","@id":"https:\/\/www.italyfamilyhotels.it\/#website","url":"https:\/\/www.italyfamilyhotels.it\/","name":"Italy Family Hotels","description":"","potentialAction":[{"@type":"SearchAction","target":{"@type":"EntryPoint","urlTemplate":"https:\/\/www.italyfamilyhotels.it\/?s={search_term_string}"},"query-input":{"@type":"PropertyValueSpecification","valueRequired":true,"valueName":"search_term_string"}}],"inLanguage":"fr-FR"}]}},"_links":{"self":[{"href":"https:\/\/www.italyfamilyhotels.it\/fr\/wp-json\/wp\/v2\/pages\/57279","targetHints":{"allow":["GET"]}}],"collection":[{"href":"https:\/\/www.italyfamilyhotels.it\/fr\/wp-json\/wp\/v2\/pages"}],"about":[{"href":"https:\/\/www.italyfamilyhotels.it\/fr\/wp-json\/wp\/v2\/types\/page"}],"author":[{"embeddable":true,"href":"https:\/\/www.italyfamilyhotels.it\/fr\/wp-json\/wp\/v2\/users\/1"}],"replies":[{"embeddable":true,"href":"https:\/\/www.italyfamilyhotels.it\/fr\/wp-json\/wp\/v2\/comments?post=57279"}],"version-history":[{"count":2,"href":"https:\/\/www.italyfamilyhotels.it\/fr\/wp-json\/wp\/v2\/pages\/57279\/revisions"}],"predecessor-version":[{"id":59410,"href":"https:\/\/www.italyfamilyhotels.it\/fr\/wp-json\/wp\/v2\/pages\/57279\/revisions\/59410"}],"up":[{"embeddable":true,"href":"https:\/\/www.italyfamilyhotels.it\/fr\/wp-json\/wp\/v2\/pages\/29729"}],"wp:attachment":[{"href":"https:\/\/www.italyfamilyhotels.it\/fr\/wp-json\/wp\/v2\/media?parent=57279"}],"curies":[{"name":"wp","href":"https:\/\/api.w.org\/{rel}","templated":true}]}}