{"id":57089,"date":"2024-02-20T15:29:08","date_gmt":"2024-02-20T14:29:08","guid":{"rendered":"https:\/\/www.italyfamilyhotels.it\/hotels\/garden-toscana-resort"},"modified":"2026-01-08T15:34:13","modified_gmt":"2026-01-08T14:34:13","slug":"garden-toscana-resort","status":"publish","type":"page","link":"https:\/\/www.italyfamilyhotels.it\/fr\/hotels\/garden-toscana-resort","title":{"rendered":"Garden Toscana Resort"},"content":{"rendered":"\n<p>Au <b>Garden Toscana Resort<\/b>, dans le magnifique cadre de <b>San Vincenzo<\/b>, une des zones les plus pr\u00e9serv\u00e9es de la <b>Riviera Toscane<\/b>, les vacances avec les enfants se passent sous le signe du divertissement et du contact vivifiant avec la nature. Notre <b>Family Resort <\/b>est plong\u00e9 dans les essences du maquis m\u00e9diterran\u00e9en, dans un <b>jardin paradisiaque de plus de 14 hectares<\/b>&nbsp;!<\/p>\n\n\n\n<p>Sans besoin de sortir du Resort, avec une promenade \u00e0 travers la fraicheur du bois de ch\u00eanes-verts, vous pouvez atteindre la <b>plage priv\u00e9e<\/b>&#8211; spacieuse, \u00e9quip\u00e9e, avec bar, sable fin et des eaux peu profondes &#8211; dans le Parc c\u00f4tier de Rimigliano.<\/p>\n\n\n\n<p>Aimez-vous vous amuser dans la piscine avec vos enfants&nbsp;? Alors nous vous attendons dans la <b>grande piscine centrale<\/b>, le c\u0153ur de notre Family Resort, entour\u00e9e d\u2019un grand solarium avec des transats et des parasols. Les enfants ont \u00e9galement un espace externe r\u00e9serv\u00e9, le <b>Blumillo Club<\/b> &#8211; avec une piscine pour eux, des jeux et les activit\u00e9s de Baby, Mini et Junior Clubs &#8211; et la magnifique <b>Game Area Indoor<\/b> avec des salles de jeux, mini-golfs, bowlings, piste pour voitures et motos \u00e9lectriques, o\u00f9 l\u2019<b>\u00e9quipe d\u2019animation <\/b>organise \u00e9galement des <b>ateliers<\/b> et <b>des activit\u00e9s<\/b>.<\/p>\n\n\n\n<p>Les parents peuvent nous confier en toute tranquillit\u00e9 leurs enfants, pour s\u2019offrir quelques heures de d\u00e9tente et de silence r\u00e9g\u00e9n\u00e9rateur dans le <b>Garden Spa<\/b>, avec un <b>parcours bien-\u00eatre<\/b> \u00e0 travers un bain m\u00e9diterran\u00e9en, sauna finlandais, douches \u00e9motionnelles, cascades de glace, bain turc, water paradise, piscine chauff\u00e9e avec hydromassage et cascades cervicales, pi\u00e8ce du sel. Peut-\u00eatre en choisissant un <b>traitement <\/b>visage ou corps pour compl\u00e9ter l\u2019exp\u00e9rience.<\/p>\n\n\n\n<p>Si vous venez en vacances avec des <b>enfants de moins de 3 ans<\/b> et vous choisissez une chambre Comfort, \u00e0 votre arriv\u00e9e nous vous pr\u00e9parerons un <b>baby kit dans la chambre <\/b>avec un lit de camp, chauffe-biberon, r\u00e9ducteur de toilettes, mange-couches, peignoir -poncho&nbsp;: demandez-le au moment de la r\u00e9servation&nbsp;!<\/p>\n\n\n<figure class=\"wp-block-table ifh_awards\"><table><tbody><tr>\r\n<td><img decoding=\"async\" src=\"https:\/\/www.italyfamilyhotels.it\/wp-content\/themes\/ifh2\/img\/ifh_awards.svg\" alt=\"Italy Family Awards\"><\/td>\r\n<td>Cet h\u00f4tel s&#8217;est class\u00e9 premier dans la cat\u00e9gorie: <br><strong>Meilleur Italy Family Hotels en bord de mer<span class=\"info\" onclick=\"toggleAwardPopup(event)\"><span class=\"popup\" onclick=\"toggleAwardPopupClose(event)\">\r\n    <span class=\"popup_header\"><\/span>\r\n    <span class=\"popup_content\">La r\u00e9compense pour l&#8217;h\u00f4tel ayant suscit\u00e9 la plus large adh\u00e9sion parmi les \u00e9tablissements baln\u00e9aires, s&#8217;imposant comme le choix le plus appr\u00e9ci\u00e9 pour ce type di vacances<\/span>\r\n    <span class=\"popup_footer\"><\/span>\r\n    <\/span><\/span><\/strong><\/td>\r\n<\/tr><\/tbody><\/table><\/figure>\r\n<script type=\"text\/javascript\">\r\nif(!toggleAwardPopup) {\r\n     var toggleAwardPopup = function(e){\r\n        e = e || window.event;\r\n        e.stopPropagation();\r\n        var target = e.target || e.srcElement;\r\n        jQuery(target).children(\".popup\").fadeToggle();\r\n    };\r\n}\r\nif(!toggleAwardPopupClose) {\r\n     var toggleAwardPopupClose = function(e){\r\n        e = e || window.event;\r\n        e.stopPropagation();\r\n        var target = e.target || e.srcElement;\r\n        jQuery(target).parent(\".popup\").fadeToggle();\r\n    };\r\n}\r\n<\/script>\n\n<figure class=\"wp-block-table ifh_awards\"><table><tbody><tr>\r\n<td><img decoding=\"async\" src=\"https:\/\/www.italyfamilyhotels.it\/wp-content\/themes\/ifh2\/img\/ifh_awards.svg\" alt=\"Italy Family Awards\"><\/td>\r\n<td>Cet h\u00f4tel s&#8217;est class\u00e9 premier dans la cat\u00e9gorie: <br><strong>Best Italy Family Hotels<span class=\"info\" onclick=\"toggleAwardPopup(event)\"><span class=\"popup\" onclick=\"toggleAwardPopupClose(event)\">\r\n    <span class=\"popup_header\"><\/span>\r\n    <span class=\"popup_content\">La r\u00e9compense pour l&#8217;h\u00f4tel qui s&#8217;est affirm\u00e9 comme le choix pr\u00e9f\u00e9r\u00e9 des familles, qui ont accord\u00e9 leur confiance \u00e0 Italy Family Hotels.<\/span>\r\n    <span class=\"popup_footer\"><\/span>\r\n    <\/span><\/span><\/strong><\/td>\r\n<\/tr><\/tbody><\/table><\/figure>\r\n<script type=\"text\/javascript\">\r\nif(!toggleAwardPopup) {\r\n     var toggleAwardPopup = function(e){\r\n        e = e || window.event;\r\n        e.stopPropagation();\r\n        var target = e.target || e.srcElement;\r\n        jQuery(target).children(\".popup\").fadeToggle();\r\n    };\r\n}\r\nif(!toggleAwardPopupClose) {\r\n     var toggleAwardPopupClose = function(e){\r\n        e = e || window.event;\r\n        e.stopPropagation();\r\n        var target = e.target || e.srcElement;\r\n        jQuery(target).parent(\".popup\").fadeToggle();\r\n    };\r\n}\r\n<\/script>","protected":false},"excerpt":{"rendered":"<p>Au Garden Toscana Resort, dans le magnifique cadre de San Vincenzo, une des zones les plus pr\u00e9serv\u00e9es de la Riviera Toscane, les vacances avec les enfants se passent sous le signe du divertissement et du contact vivifiant avec la nature. Notre Family Resort est plong\u00e9 dans les essences du maquis m\u00e9diterran\u00e9en, dans un jardin paradisiaque &hellip;<\/p>\n","protected":false},"author":1,"featured_media":0,"parent":29729,"menu_order":0,"comment_status":"closed","ping_status":"closed","template":"page-templates\/scheda_hotel.php","meta":{"_acf_changed":false,"inline_featured_image":false,"footnotes":""},"class_list":["post-57089","page","type-page","status-publish","hentry"],"acf":[],"yoast_head":"<!-- This site is optimized with the Yoast SEO plugin v27.1 - https:\/\/yoast.com\/product\/yoast-seo-wordpress\/ -->\n<title>Garden Toscana Resort 4 \u00e9toiles, San Vincenzo<\/title>\n<meta name=\"description\" content=\"Envie de vacances en famille\u00a0? D\u00e9couvrez les offres pour familles du Garden Toscana Resort \u00e0 San Vincenzo (LI)\" \/>\n<meta name=\"robots\" content=\"index, follow, max-snippet:-1, max-image-preview:large, max-video-preview:-1\" \/>\n<link rel=\"canonical\" href=\"https:\/\/www.italyfamilyhotels.it\/fr\/hotels\/garden-toscana-resort\" \/>\n<meta property=\"og:locale\" content=\"fr_FR\" \/>\n<meta property=\"og:type\" content=\"article\" \/>\n<meta property=\"og:title\" content=\"Garden Toscana Resort 4 \u00e9toiles, San Vincenzo\" \/>\n<meta property=\"og:description\" content=\"Envie de vacances en famille\u00a0? D\u00e9couvrez les offres pour familles du Garden Toscana Resort \u00e0 San Vincenzo (LI)\" \/>\n<meta property=\"og:url\" content=\"https:\/\/www.italyfamilyhotels.it\/fr\/hotels\/garden-toscana-resort\" \/>\n<meta property=\"og:site_name\" content=\"Italy Family Hotels\" \/>\n<meta property=\"article:publisher\" content=\"https:\/\/www.facebook.com\/ItalyFamilyHotels\/\" \/>\n<meta property=\"article:modified_time\" content=\"2026-01-08T14:34:13+00:00\" \/>\n<meta name=\"twitter:card\" content=\"summary_large_image\" \/>\n<meta name=\"twitter:label1\" content=\"Dur\u00e9e de lecture estim\u00e9e\" \/>\n\t<meta name=\"twitter:data1\" content=\"2 minutes\" \/>\n<script type=\"application\/ld+json\" class=\"yoast-schema-graph\">{\"@context\":\"https:\/\/schema.org\",\"@graph\":[{\"@type\":\"WebPage\",\"@id\":\"https:\/\/www.italyfamilyhotels.it\/fr\/hotels\/garden-toscana-resort\",\"url\":\"https:\/\/www.italyfamilyhotels.it\/fr\/hotels\/garden-toscana-resort\",\"name\":\"Garden Toscana Resort 4 \u00e9toiles, San Vincenzo\",\"isPartOf\":{\"@id\":\"https:\/\/www.italyfamilyhotels.it\/#website\"},\"datePublished\":\"2024-02-20T14:29:08+00:00\",\"dateModified\":\"2026-01-08T14:34:13+00:00\",\"description\":\"Envie de vacances en famille\u00a0? D\u00e9couvrez les offres pour familles du Garden Toscana Resort \u00e0 San Vincenzo (LI)\",\"breadcrumb\":{\"@id\":\"https:\/\/www.italyfamilyhotels.it\/fr\/hotels\/garden-toscana-resort#breadcrumb\"},\"inLanguage\":\"fr-FR\",\"potentialAction\":[{\"@type\":\"ReadAction\",\"target\":[\"https:\/\/www.italyfamilyhotels.it\/fr\/hotels\/garden-toscana-resort\"]}]},{\"@type\":\"BreadcrumbList\",\"@id\":\"https:\/\/www.italyfamilyhotels.it\/fr\/hotels\/garden-toscana-resort#breadcrumb\",\"itemListElement\":[{\"@type\":\"ListItem\",\"position\":1,\"name\":\"Home\",\"item\":\"https:\/\/www.italyfamilyhotels.it\/fr\"},{\"@type\":\"ListItem\",\"position\":2,\"name\":\"Family Hotels\",\"item\":\"https:\/\/www.italyfamilyhotels.it\/fr\/hotels\"},{\"@type\":\"ListItem\",\"position\":3,\"name\":\"Garden Toscana Resort\"}]},{\"@type\":\"WebSite\",\"@id\":\"https:\/\/www.italyfamilyhotels.it\/#website\",\"url\":\"https:\/\/www.italyfamilyhotels.it\/\",\"name\":\"Italy Family Hotels\",\"description\":\"\",\"potentialAction\":[{\"@type\":\"SearchAction\",\"target\":{\"@type\":\"EntryPoint\",\"urlTemplate\":\"https:\/\/www.italyfamilyhotels.it\/?s={search_term_string}\"},\"query-input\":{\"@type\":\"PropertyValueSpecification\",\"valueRequired\":true,\"valueName\":\"search_term_string\"}}],\"inLanguage\":\"fr-FR\"}]}<\/script>\n<!-- \/ Yoast SEO plugin. -->","yoast_head_json":{"title":"Garden Toscana Resort 4 \u00e9toiles, San Vincenzo","description":"Envie de vacances en famille\u00a0? D\u00e9couvrez les offres pour familles du Garden Toscana Resort \u00e0 San Vincenzo (LI)","robots":{"index":"index","follow":"follow","max-snippet":"max-snippet:-1","max-image-preview":"max-image-preview:large","max-video-preview":"max-video-preview:-1"},"canonical":"https:\/\/www.italyfamilyhotels.it\/fr\/hotels\/garden-toscana-resort","og_locale":"fr_FR","og_type":"article","og_title":"Garden Toscana Resort 4 \u00e9toiles, San Vincenzo","og_description":"Envie de vacances en famille\u00a0? D\u00e9couvrez les offres pour familles du Garden Toscana Resort \u00e0 San Vincenzo (LI)","og_url":"https:\/\/www.italyfamilyhotels.it\/fr\/hotels\/garden-toscana-resort","og_site_name":"Italy Family Hotels","article_publisher":"https:\/\/www.facebook.com\/ItalyFamilyHotels\/","article_modified_time":"2026-01-08T14:34:13+00:00","twitter_card":"summary_large_image","twitter_misc":{"Dur\u00e9e de lecture estim\u00e9e":"2 minutes"},"schema":{"@context":"https:\/\/schema.org","@graph":[{"@type":"WebPage","@id":"https:\/\/www.italyfamilyhotels.it\/fr\/hotels\/garden-toscana-resort","url":"https:\/\/www.italyfamilyhotels.it\/fr\/hotels\/garden-toscana-resort","name":"Garden Toscana Resort 4 \u00e9toiles, San Vincenzo","isPartOf":{"@id":"https:\/\/www.italyfamilyhotels.it\/#website"},"datePublished":"2024-02-20T14:29:08+00:00","dateModified":"2026-01-08T14:34:13+00:00","description":"Envie de vacances en famille\u00a0? D\u00e9couvrez les offres pour familles du Garden Toscana Resort \u00e0 San Vincenzo (LI)","breadcrumb":{"@id":"https:\/\/www.italyfamilyhotels.it\/fr\/hotels\/garden-toscana-resort#breadcrumb"},"inLanguage":"fr-FR","potentialAction":[{"@type":"ReadAction","target":["https:\/\/www.italyfamilyhotels.it\/fr\/hotels\/garden-toscana-resort"]}]},{"@type":"BreadcrumbList","@id":"https:\/\/www.italyfamilyhotels.it\/fr\/hotels\/garden-toscana-resort#breadcrumb","itemListElement":[{"@type":"ListItem","position":1,"name":"Home","item":"https:\/\/www.italyfamilyhotels.it\/fr"},{"@type":"ListItem","position":2,"name":"Family Hotels","item":"https:\/\/www.italyfamilyhotels.it\/fr\/hotels"},{"@type":"ListItem","position":3,"name":"Garden Toscana Resort"}]},{"@type":"WebSite","@id":"https:\/\/www.italyfamilyhotels.it\/#website","url":"https:\/\/www.italyfamilyhotels.it\/","name":"Italy Family Hotels","description":"","potentialAction":[{"@type":"SearchAction","target":{"@type":"EntryPoint","urlTemplate":"https:\/\/www.italyfamilyhotels.it\/?s={search_term_string}"},"query-input":{"@type":"PropertyValueSpecification","valueRequired":true,"valueName":"search_term_string"}}],"inLanguage":"fr-FR"}]}},"_links":{"self":[{"href":"https:\/\/www.italyfamilyhotels.it\/fr\/wp-json\/wp\/v2\/pages\/57089","targetHints":{"allow":["GET"]}}],"collection":[{"href":"https:\/\/www.italyfamilyhotels.it\/fr\/wp-json\/wp\/v2\/pages"}],"about":[{"href":"https:\/\/www.italyfamilyhotels.it\/fr\/wp-json\/wp\/v2\/types\/page"}],"author":[{"embeddable":true,"href":"https:\/\/www.italyfamilyhotels.it\/fr\/wp-json\/wp\/v2\/users\/1"}],"replies":[{"embeddable":true,"href":"https:\/\/www.italyfamilyhotels.it\/fr\/wp-json\/wp\/v2\/comments?post=57089"}],"version-history":[{"count":5,"href":"https:\/\/www.italyfamilyhotels.it\/fr\/wp-json\/wp\/v2\/pages\/57089\/revisions"}],"predecessor-version":[{"id":73647,"href":"https:\/\/www.italyfamilyhotels.it\/fr\/wp-json\/wp\/v2\/pages\/57089\/revisions\/73647"}],"up":[{"embeddable":true,"href":"https:\/\/www.italyfamilyhotels.it\/fr\/wp-json\/wp\/v2\/pages\/29729"}],"wp:attachment":[{"href":"https:\/\/www.italyfamilyhotels.it\/fr\/wp-json\/wp\/v2\/media?parent=57089"}],"curies":[{"name":"wp","href":"https:\/\/api.w.org\/{rel}","templated":true}]}}