{"id":56701,"date":"2024-02-15T08:56:38","date_gmt":"2024-02-15T07:56:38","guid":{"rendered":"https:\/\/www.italyfamilyhotels.it\/hotels\/family-hotel-bergschlossl"},"modified":"2024-04-23T09:25:52","modified_gmt":"2024-04-23T07:25:52","slug":"family-hotel-bergschlossl","status":"publish","type":"page","link":"https:\/\/www.italyfamilyhotels.it\/fr\/hotels\/family-hotel-bergschlossl","title":{"rendered":"Family Hotel Bergschl\u00f6ssl"},"content":{"rendered":"\n<p>Le <b>Family Hotel Bergschl\u00f6ssl<\/b> de <b>Luson, dans la Vall\u00e9e de l\u2019Isarco, <\/b>s\u2019inspire des l\u00e9gendes et des contes de f\u00e9es de montagne\u00a0! C&#039;est l&#039;h\u00f4tel le plus authentique de toute le Haut-Adige et nous nous trouvons sur une <b>position panoramique<\/b> unique\u00a0: c&#039;est justement dans ce cadre fabuleux que nous aimons accueillir les familles pour des <b>vacances avec les enfants<\/b>, riches de divertissement et d&#039;activit\u00e9s pour tous.<\/p>\n\n\n\n<p>Ici le fil conducteur est l&#039;<b>art sous toutes ses formes<\/b>\u00a0: l\u2019art de la <b>gastronomie<\/b>, celui avec lequel nous choyons votre famille\u00a0; l\u2019art con\u00e7u comme <b>peinture <\/b>et <b>musique<\/b>, que l\u2019on trouve dans chaque coin de l&#039;h\u00f4tel, avec un riche programme musical et artistique\u00a0; l\u2019art du <b>divertissement<\/b>&#8230; car au <b>Family Hotel Bergschl\u00f6ssl<\/b> les <b>r\u00eaves f\u00e9\u00e9riques des enfants se r\u00e9alisent<\/b>\u00a0! Chaque jour ils peuvent vivre des <b>aventures chevaleresques<\/b> en compagnie de notre <b>\u00e9quipe d\u2019animateurs<\/b>, tout comme des princes et des princesses du ch\u00e2teau, dans l&#039;espace de jeux naturel, dans la cour, dans le salon des chevaliers, dans le donjon et le foss\u00e9 du ch\u00e2teau, dans le zoo avec de petits animaux \u00e0 choyer.<\/p>\n\n\n\n<p>Naturellement, il y a \u00e9galement l&#039;<b>art du bien-\u00eatre<\/b>, avec lequel nous prenons soin des mamans et des papas\u00a0: <b>massages<\/b>, <b>traitements<\/b>, <b>enveloppements<\/b>, pour lesquels nous utilisons des produits naturels avec des mati\u00e8res premi\u00e8res originaires des montagnes du Haut-Adige\u00a0; les<b> parcours de bien-\u00eatre<\/b> dans un sauna chaud, Bio Sauna au sel, sauna au pin de montagne, Bio Thermarium sur la terrasse, bain de vapeur, sauna del ruscello (du ruisseau), sauna infrarouge. Et le <b>Jacuzzi panoramique sur la terrasse<\/b>, avec de l\u2019eau chauff\u00e9e \u00e0 32\u00b0\/38\u00b0, qui donne sur le massif du Sass Putia.<\/p>\n\n\n\n<p>Puis il y a le <b>monde aquatique pour toute la famille<\/b>\u00a0! La <b>piscine couverte<\/b> chauff\u00e9e \u00e0 29\u00b0\/32\u00b0, avec cascade et bulles d\u2019air, et la <b>pool panoramique <\/b>en pierres naturelles, dans le jardin du bien-\u00eatre, chauff\u00e9e \u00e0 23\u00b0\/28\u00b0.<\/p>\n\n\n\n<p>Dans la Vall\u00e9e de l\u2019Isarco il y a toujours quelque chose \u00e0 faire durant toute l\u2019ann\u00e9e, par exemple, les promenades \u00e0 pied et les sorties \u00e0 v\u00e9lo, indiqu\u00e9es m\u00eame pour les enfants, les activit\u00e9s enthousiasmantes sur la neige juste devant l&#039;h\u00f4tel, les visites \u00e0 notre ferme p\u00e9dagogique\u00a0: voici pourquoi <b>nous organisons des sorties guid\u00e9es pour toute la famille<\/b>, aussi bien en \u00e9t\u00e9 qu\u2019en hiver, pour vivre ensemble la magie du Haut-Adige\u00a0!<\/p>\n","protected":false},"excerpt":{"rendered":"<p>Le Family Hotel Bergschl\u00f6ssl de Luson, dans la Vall\u00e9e de l\u2019Isarco, s\u2019inspire des l\u00e9gendes et des contes de f\u00e9es de montagne\u00a0! C&#039;est l&#039;h\u00f4tel le plus authentique de toute le Haut-Adige et nous nous trouvons sur une position panoramique unique\u00a0: c&#039;est justement dans ce cadre fabuleux que nous aimons accueillir les familles pour des vacances avec &hellip;<\/p>\n","protected":false},"author":1,"featured_media":0,"parent":29729,"menu_order":0,"comment_status":"closed","ping_status":"closed","template":"page-templates\/scheda_hotel.php","meta":{"_acf_changed":false,"inline_featured_image":false,"footnotes":""},"class_list":["post-56701","page","type-page","status-publish","hentry"],"acf":[],"yoast_head":"<!-- This site is optimized with the Yoast SEO plugin v27.1 - https:\/\/yoast.com\/product\/yoast-seo-wordpress\/ -->\n<title>Family Hotel Bergschl\u00f6ssl 4 \u00e9toiles, Luson<\/title>\n<meta name=\"description\" content=\"Envie de vacances en famille\u00a0? D\u00e9couvrez les offres pour familles du Family Hotel Bergschl\u00f6ssl de Luson\u00a0!\" \/>\n<meta name=\"robots\" content=\"index, follow, max-snippet:-1, max-image-preview:large, max-video-preview:-1\" \/>\n<link rel=\"canonical\" href=\"https:\/\/www.italyfamilyhotels.it\/fr\/hotels\/family-hotel-bergschlossl\" \/>\n<meta property=\"og:locale\" content=\"fr_FR\" \/>\n<meta property=\"og:type\" content=\"article\" \/>\n<meta property=\"og:title\" content=\"Family Hotel Bergschl\u00f6ssl 4 \u00e9toiles, Luson\" \/>\n<meta property=\"og:description\" content=\"Envie de vacances en famille\u00a0? D\u00e9couvrez les offres pour familles du Family Hotel Bergschl\u00f6ssl de Luson\u00a0!\" \/>\n<meta property=\"og:url\" content=\"https:\/\/www.italyfamilyhotels.it\/fr\/hotels\/family-hotel-bergschlossl\" \/>\n<meta property=\"og:site_name\" content=\"Italy Family Hotels\" \/>\n<meta property=\"article:publisher\" content=\"https:\/\/www.facebook.com\/ItalyFamilyHotels\/\" \/>\n<meta property=\"article:modified_time\" content=\"2024-04-23T07:25:52+00:00\" \/>\n<meta name=\"twitter:card\" content=\"summary_large_image\" \/>\n<meta name=\"twitter:label1\" content=\"Dur\u00e9e de lecture estim\u00e9e\" \/>\n\t<meta name=\"twitter:data1\" content=\"2 minutes\" \/>\n<script type=\"application\/ld+json\" class=\"yoast-schema-graph\">{\"@context\":\"https:\/\/schema.org\",\"@graph\":[{\"@type\":\"WebPage\",\"@id\":\"https:\/\/www.italyfamilyhotels.it\/fr\/hotels\/family-hotel-bergschlossl\",\"url\":\"https:\/\/www.italyfamilyhotels.it\/fr\/hotels\/family-hotel-bergschlossl\",\"name\":\"Family Hotel Bergschl\u00f6ssl 4 \u00e9toiles, Luson\",\"isPartOf\":{\"@id\":\"https:\/\/www.italyfamilyhotels.it\/#website\"},\"datePublished\":\"2024-02-15T07:56:38+00:00\",\"dateModified\":\"2024-04-23T07:25:52+00:00\",\"description\":\"Envie de vacances en famille\u00a0? D\u00e9couvrez les offres pour familles du Family Hotel Bergschl\u00f6ssl de Luson\u00a0!\",\"breadcrumb\":{\"@id\":\"https:\/\/www.italyfamilyhotels.it\/fr\/hotels\/family-hotel-bergschlossl#breadcrumb\"},\"inLanguage\":\"fr-FR\",\"potentialAction\":[{\"@type\":\"ReadAction\",\"target\":[\"https:\/\/www.italyfamilyhotels.it\/fr\/hotels\/family-hotel-bergschlossl\"]}]},{\"@type\":\"BreadcrumbList\",\"@id\":\"https:\/\/www.italyfamilyhotels.it\/fr\/hotels\/family-hotel-bergschlossl#breadcrumb\",\"itemListElement\":[{\"@type\":\"ListItem\",\"position\":1,\"name\":\"Home\",\"item\":\"https:\/\/www.italyfamilyhotels.it\/fr\"},{\"@type\":\"ListItem\",\"position\":2,\"name\":\"Family Hotels\",\"item\":\"https:\/\/www.italyfamilyhotels.it\/fr\/hotels\"},{\"@type\":\"ListItem\",\"position\":3,\"name\":\"Family Hotel Bergschl\u00f6ssl\"}]},{\"@type\":\"WebSite\",\"@id\":\"https:\/\/www.italyfamilyhotels.it\/#website\",\"url\":\"https:\/\/www.italyfamilyhotels.it\/\",\"name\":\"Italy Family Hotels\",\"description\":\"\",\"potentialAction\":[{\"@type\":\"SearchAction\",\"target\":{\"@type\":\"EntryPoint\",\"urlTemplate\":\"https:\/\/www.italyfamilyhotels.it\/?s={search_term_string}\"},\"query-input\":{\"@type\":\"PropertyValueSpecification\",\"valueRequired\":true,\"valueName\":\"search_term_string\"}}],\"inLanguage\":\"fr-FR\"}]}<\/script>\n<!-- \/ Yoast SEO plugin. -->","yoast_head_json":{"title":"Family Hotel Bergschl\u00f6ssl 4 \u00e9toiles, Luson","description":"Envie de vacances en famille\u00a0? D\u00e9couvrez les offres pour familles du Family Hotel Bergschl\u00f6ssl de Luson\u00a0!","robots":{"index":"index","follow":"follow","max-snippet":"max-snippet:-1","max-image-preview":"max-image-preview:large","max-video-preview":"max-video-preview:-1"},"canonical":"https:\/\/www.italyfamilyhotels.it\/fr\/hotels\/family-hotel-bergschlossl","og_locale":"fr_FR","og_type":"article","og_title":"Family Hotel Bergschl\u00f6ssl 4 \u00e9toiles, Luson","og_description":"Envie de vacances en famille\u00a0? D\u00e9couvrez les offres pour familles du Family Hotel Bergschl\u00f6ssl de Luson\u00a0!","og_url":"https:\/\/www.italyfamilyhotels.it\/fr\/hotels\/family-hotel-bergschlossl","og_site_name":"Italy Family Hotels","article_publisher":"https:\/\/www.facebook.com\/ItalyFamilyHotels\/","article_modified_time":"2024-04-23T07:25:52+00:00","twitter_card":"summary_large_image","twitter_misc":{"Dur\u00e9e de lecture estim\u00e9e":"2 minutes"},"schema":{"@context":"https:\/\/schema.org","@graph":[{"@type":"WebPage","@id":"https:\/\/www.italyfamilyhotels.it\/fr\/hotels\/family-hotel-bergschlossl","url":"https:\/\/www.italyfamilyhotels.it\/fr\/hotels\/family-hotel-bergschlossl","name":"Family Hotel Bergschl\u00f6ssl 4 \u00e9toiles, Luson","isPartOf":{"@id":"https:\/\/www.italyfamilyhotels.it\/#website"},"datePublished":"2024-02-15T07:56:38+00:00","dateModified":"2024-04-23T07:25:52+00:00","description":"Envie de vacances en famille\u00a0? D\u00e9couvrez les offres pour familles du Family Hotel Bergschl\u00f6ssl de Luson\u00a0!","breadcrumb":{"@id":"https:\/\/www.italyfamilyhotels.it\/fr\/hotels\/family-hotel-bergschlossl#breadcrumb"},"inLanguage":"fr-FR","potentialAction":[{"@type":"ReadAction","target":["https:\/\/www.italyfamilyhotels.it\/fr\/hotels\/family-hotel-bergschlossl"]}]},{"@type":"BreadcrumbList","@id":"https:\/\/www.italyfamilyhotels.it\/fr\/hotels\/family-hotel-bergschlossl#breadcrumb","itemListElement":[{"@type":"ListItem","position":1,"name":"Home","item":"https:\/\/www.italyfamilyhotels.it\/fr"},{"@type":"ListItem","position":2,"name":"Family Hotels","item":"https:\/\/www.italyfamilyhotels.it\/fr\/hotels"},{"@type":"ListItem","position":3,"name":"Family Hotel Bergschl\u00f6ssl"}]},{"@type":"WebSite","@id":"https:\/\/www.italyfamilyhotels.it\/#website","url":"https:\/\/www.italyfamilyhotels.it\/","name":"Italy Family Hotels","description":"","potentialAction":[{"@type":"SearchAction","target":{"@type":"EntryPoint","urlTemplate":"https:\/\/www.italyfamilyhotels.it\/?s={search_term_string}"},"query-input":{"@type":"PropertyValueSpecification","valueRequired":true,"valueName":"search_term_string"}}],"inLanguage":"fr-FR"}]}},"_links":{"self":[{"href":"https:\/\/www.italyfamilyhotels.it\/fr\/wp-json\/wp\/v2\/pages\/56701","targetHints":{"allow":["GET"]}}],"collection":[{"href":"https:\/\/www.italyfamilyhotels.it\/fr\/wp-json\/wp\/v2\/pages"}],"about":[{"href":"https:\/\/www.italyfamilyhotels.it\/fr\/wp-json\/wp\/v2\/types\/page"}],"author":[{"embeddable":true,"href":"https:\/\/www.italyfamilyhotels.it\/fr\/wp-json\/wp\/v2\/users\/1"}],"replies":[{"embeddable":true,"href":"https:\/\/www.italyfamilyhotels.it\/fr\/wp-json\/wp\/v2\/comments?post=56701"}],"version-history":[{"count":2,"href":"https:\/\/www.italyfamilyhotels.it\/fr\/wp-json\/wp\/v2\/pages\/56701\/revisions"}],"predecessor-version":[{"id":59408,"href":"https:\/\/www.italyfamilyhotels.it\/fr\/wp-json\/wp\/v2\/pages\/56701\/revisions\/59408"}],"up":[{"embeddable":true,"href":"https:\/\/www.italyfamilyhotels.it\/fr\/wp-json\/wp\/v2\/pages\/29729"}],"wp:attachment":[{"href":"https:\/\/www.italyfamilyhotels.it\/fr\/wp-json\/wp\/v2\/media?parent=56701"}],"curies":[{"name":"wp","href":"https:\/\/api.w.org\/{rel}","templated":true}]}}