{"id":56092,"date":"2024-02-07T16:48:20","date_gmt":"2024-02-07T15:48:20","guid":{"rendered":"https:\/\/www.italyfamilyhotels.it\/hotels\/residence-trivento"},"modified":"2024-04-23T09:25:49","modified_gmt":"2024-04-23T07:25:49","slug":"residence-trivento","status":"publish","type":"page","link":"https:\/\/www.italyfamilyhotels.it\/fr\/hotels\/residence-trivento","title":{"rendered":"R\u00e9sidence Trivento"},"content":{"rendered":"\n<p>Une colline entour\u00e9e de v\u00e9g\u00e9tation, les plus belles plages de la C\u00f4te du Cilento tout pr\u00e8s les unes des autres et le village caract\u00e9ristique de <b>Palinuro <\/b>\u00e0 3,5 km seulement, encadrent la <b>R\u00e9sidence Trivento<\/b>, o\u00f9 nous avons h\u00e2te de vous accueillir pour vos vacances avec vos enfants\u00a0!<\/p>\n\n\n\n<p>Savez-vous que la plage du Mingardo avec notre <b>lido conventionn\u00e9<\/b> est \u00e9galement proche et que vous pouvez vous y rendre avec le <b>service navette<\/b>, sans d\u00e9placer votre v\u00e9hicule. Ou bien choisir de vous arr\u00eater ici, o\u00f9 il y a tant de choses \u00e0 faire chaque jour\u00a0: voulez-vous quelques id\u00e9es\u00a0? Bien, vous pouvez vous d\u00e9tendre avec toute la famille dans les <b>deux piscines \u00e0 d\u00e9bordement<\/b>, une pour les <b>adultes <\/b>et une <b>d\u00e9di\u00e9e aux enfants<\/b>, entour\u00e9es d\u2019un <b>solarium <\/b>\u00e9quip\u00e9 de transats et de parasols. Profiter du <b>court de tennis<\/b>, du terrain de<b> football \u00e0 5<\/b>, de <b>boules<\/b>, ou bien des emplacements de <b>tir \u00e0 l\u2019arc<\/b>, dans le grand <b>jardin<\/b>.<\/p>\n\n\n\n<p>Probablement maintenant vous vous demandez\u00a0: et mes enfants\u00a0? Eh bien, \u00e0 la R\u00e9sidence Trivento tout est organis\u00e9 pour que les vacances des plus petits deviennent une exp\u00e9rience extraordinaire\u00a0! Le <b>Mini Club est ouvert aussi bien le matin que l\u2019apr\u00e8s-midi<\/b> et les activit\u00e9s sont si nombreuses que vous aurez l\u2019embarras du choix. Naturellement elles se poursuivent m\u00eame le soir, avec les <b>spectacles<\/b>, la <b>Baby Dance<\/b>, le <b>cabaret<\/b>, le <b>musical <\/b>et bien plus encore.<\/p>\n\n\n\n<p>Et puis, parmi les <b>espaces de jeux<\/b> \u00e9quip\u00e9s, les meilleurs <b>services pour les enfants<\/b> dans l\u2019appartement et dans la salle \u00e0 manger &#8211; car nous voulons vous donner la possibilit\u00e9 de partir tranquilles et de trouver tout \u00e0 votre arriv\u00e9e &#8211; les <b>menus pour les petits enfants<\/b>, une exp\u00e9rience culinaire avec des produits s\u00e9lectionn\u00e9s tr\u00e8s frais et <b>km0<\/b>, nous sommes certains de pouvoir rendre m\u00e9morables vos <b>vacances Family \u00e0 Palinuro<\/b>\u00a0!<\/p>\n","protected":false},"excerpt":{"rendered":"<p>Une colline entour\u00e9e de v\u00e9g\u00e9tation, les plus belles plages de la C\u00f4te du Cilento tout pr\u00e8s les unes des autres et le village caract\u00e9ristique de Palinuro \u00e0 3,5 km seulement, encadrent la R\u00e9sidence Trivento, o\u00f9 nous avons h\u00e2te de vous accueillir pour vos vacances avec vos enfants\u00a0! Savez-vous que la plage du Mingardo avec notre &hellip;<\/p>\n","protected":false},"author":1,"featured_media":0,"parent":29729,"menu_order":0,"comment_status":"closed","ping_status":"closed","template":"page-templates\/scheda_hotel.php","meta":{"_acf_changed":false,"inline_featured_image":false,"footnotes":""},"class_list":["post-56092","page","type-page","status-publish","hentry"],"acf":[],"yoast_head":"<!-- This site is optimized with the Yoast SEO plugin v27.1 - https:\/\/yoast.com\/product\/yoast-seo-wordpress\/ -->\n<title>R\u00e9sidence Trivento \u00e0 Palinuro<\/title>\n<meta name=\"description\" content=\"Envie de vacances en famille\u00a0? D\u00e9couvrez les offres pour familles de la R\u00e9sidence Trivento \u00e0 Palinuro\u00a0!\" \/>\n<meta name=\"robots\" content=\"index, follow, max-snippet:-1, max-image-preview:large, max-video-preview:-1\" \/>\n<link rel=\"canonical\" href=\"https:\/\/www.italyfamilyhotels.it\/fr\/hotels\/residence-trivento\" \/>\n<meta property=\"og:locale\" content=\"fr_FR\" \/>\n<meta property=\"og:type\" content=\"article\" \/>\n<meta property=\"og:title\" content=\"R\u00e9sidence Trivento \u00e0 Palinuro\" \/>\n<meta property=\"og:description\" content=\"Envie de vacances en famille\u00a0? D\u00e9couvrez les offres pour familles de la R\u00e9sidence Trivento \u00e0 Palinuro\u00a0!\" \/>\n<meta property=\"og:url\" content=\"https:\/\/www.italyfamilyhotels.it\/fr\/hotels\/residence-trivento\" \/>\n<meta property=\"og:site_name\" content=\"Italy Family Hotels\" \/>\n<meta property=\"article:publisher\" content=\"https:\/\/www.facebook.com\/ItalyFamilyHotels\/\" \/>\n<meta property=\"article:modified_time\" content=\"2024-04-23T07:25:49+00:00\" \/>\n<meta name=\"twitter:card\" content=\"summary_large_image\" \/>\n<meta name=\"twitter:label1\" content=\"Dur\u00e9e de lecture estim\u00e9e\" \/>\n\t<meta name=\"twitter:data1\" content=\"2 minutes\" \/>\n<script type=\"application\/ld+json\" class=\"yoast-schema-graph\">{\"@context\":\"https:\/\/schema.org\",\"@graph\":[{\"@type\":\"WebPage\",\"@id\":\"https:\/\/www.italyfamilyhotels.it\/fr\/hotels\/residence-trivento\",\"url\":\"https:\/\/www.italyfamilyhotels.it\/fr\/hotels\/residence-trivento\",\"name\":\"R\u00e9sidence Trivento \u00e0 Palinuro\",\"isPartOf\":{\"@id\":\"https:\/\/www.italyfamilyhotels.it\/#website\"},\"datePublished\":\"2024-02-07T15:48:20+00:00\",\"dateModified\":\"2024-04-23T07:25:49+00:00\",\"description\":\"Envie de vacances en famille\u00a0? D\u00e9couvrez les offres pour familles de la R\u00e9sidence Trivento \u00e0 Palinuro\u00a0!\",\"breadcrumb\":{\"@id\":\"https:\/\/www.italyfamilyhotels.it\/fr\/hotels\/residence-trivento#breadcrumb\"},\"inLanguage\":\"fr-FR\",\"potentialAction\":[{\"@type\":\"ReadAction\",\"target\":[\"https:\/\/www.italyfamilyhotels.it\/fr\/hotels\/residence-trivento\"]}]},{\"@type\":\"BreadcrumbList\",\"@id\":\"https:\/\/www.italyfamilyhotels.it\/fr\/hotels\/residence-trivento#breadcrumb\",\"itemListElement\":[{\"@type\":\"ListItem\",\"position\":1,\"name\":\"Home\",\"item\":\"https:\/\/www.italyfamilyhotels.it\/fr\"},{\"@type\":\"ListItem\",\"position\":2,\"name\":\"Family Hotels\",\"item\":\"https:\/\/www.italyfamilyhotels.it\/fr\/hotels\"},{\"@type\":\"ListItem\",\"position\":3,\"name\":\"R\u00e9sidence Trivento\"}]},{\"@type\":\"WebSite\",\"@id\":\"https:\/\/www.italyfamilyhotels.it\/#website\",\"url\":\"https:\/\/www.italyfamilyhotels.it\/\",\"name\":\"Italy Family Hotels\",\"description\":\"\",\"potentialAction\":[{\"@type\":\"SearchAction\",\"target\":{\"@type\":\"EntryPoint\",\"urlTemplate\":\"https:\/\/www.italyfamilyhotels.it\/?s={search_term_string}\"},\"query-input\":{\"@type\":\"PropertyValueSpecification\",\"valueRequired\":true,\"valueName\":\"search_term_string\"}}],\"inLanguage\":\"fr-FR\"}]}<\/script>\n<!-- \/ Yoast SEO plugin. -->","yoast_head_json":{"title":"R\u00e9sidence Trivento \u00e0 Palinuro","description":"Envie de vacances en famille\u00a0? D\u00e9couvrez les offres pour familles de la R\u00e9sidence Trivento \u00e0 Palinuro\u00a0!","robots":{"index":"index","follow":"follow","max-snippet":"max-snippet:-1","max-image-preview":"max-image-preview:large","max-video-preview":"max-video-preview:-1"},"canonical":"https:\/\/www.italyfamilyhotels.it\/fr\/hotels\/residence-trivento","og_locale":"fr_FR","og_type":"article","og_title":"R\u00e9sidence Trivento \u00e0 Palinuro","og_description":"Envie de vacances en famille\u00a0? D\u00e9couvrez les offres pour familles de la R\u00e9sidence Trivento \u00e0 Palinuro\u00a0!","og_url":"https:\/\/www.italyfamilyhotels.it\/fr\/hotels\/residence-trivento","og_site_name":"Italy Family Hotels","article_publisher":"https:\/\/www.facebook.com\/ItalyFamilyHotels\/","article_modified_time":"2024-04-23T07:25:49+00:00","twitter_card":"summary_large_image","twitter_misc":{"Dur\u00e9e de lecture estim\u00e9e":"2 minutes"},"schema":{"@context":"https:\/\/schema.org","@graph":[{"@type":"WebPage","@id":"https:\/\/www.italyfamilyhotels.it\/fr\/hotels\/residence-trivento","url":"https:\/\/www.italyfamilyhotels.it\/fr\/hotels\/residence-trivento","name":"R\u00e9sidence Trivento \u00e0 Palinuro","isPartOf":{"@id":"https:\/\/www.italyfamilyhotels.it\/#website"},"datePublished":"2024-02-07T15:48:20+00:00","dateModified":"2024-04-23T07:25:49+00:00","description":"Envie de vacances en famille\u00a0? D\u00e9couvrez les offres pour familles de la R\u00e9sidence Trivento \u00e0 Palinuro\u00a0!","breadcrumb":{"@id":"https:\/\/www.italyfamilyhotels.it\/fr\/hotels\/residence-trivento#breadcrumb"},"inLanguage":"fr-FR","potentialAction":[{"@type":"ReadAction","target":["https:\/\/www.italyfamilyhotels.it\/fr\/hotels\/residence-trivento"]}]},{"@type":"BreadcrumbList","@id":"https:\/\/www.italyfamilyhotels.it\/fr\/hotels\/residence-trivento#breadcrumb","itemListElement":[{"@type":"ListItem","position":1,"name":"Home","item":"https:\/\/www.italyfamilyhotels.it\/fr"},{"@type":"ListItem","position":2,"name":"Family Hotels","item":"https:\/\/www.italyfamilyhotels.it\/fr\/hotels"},{"@type":"ListItem","position":3,"name":"R\u00e9sidence Trivento"}]},{"@type":"WebSite","@id":"https:\/\/www.italyfamilyhotels.it\/#website","url":"https:\/\/www.italyfamilyhotels.it\/","name":"Italy Family Hotels","description":"","potentialAction":[{"@type":"SearchAction","target":{"@type":"EntryPoint","urlTemplate":"https:\/\/www.italyfamilyhotels.it\/?s={search_term_string}"},"query-input":{"@type":"PropertyValueSpecification","valueRequired":true,"valueName":"search_term_string"}}],"inLanguage":"fr-FR"}]}},"_links":{"self":[{"href":"https:\/\/www.italyfamilyhotels.it\/fr\/wp-json\/wp\/v2\/pages\/56092","targetHints":{"allow":["GET"]}}],"collection":[{"href":"https:\/\/www.italyfamilyhotels.it\/fr\/wp-json\/wp\/v2\/pages"}],"about":[{"href":"https:\/\/www.italyfamilyhotels.it\/fr\/wp-json\/wp\/v2\/types\/page"}],"author":[{"embeddable":true,"href":"https:\/\/www.italyfamilyhotels.it\/fr\/wp-json\/wp\/v2\/users\/1"}],"replies":[{"embeddable":true,"href":"https:\/\/www.italyfamilyhotels.it\/fr\/wp-json\/wp\/v2\/comments?post=56092"}],"version-history":[{"count":3,"href":"https:\/\/www.italyfamilyhotels.it\/fr\/wp-json\/wp\/v2\/pages\/56092\/revisions"}],"predecessor-version":[{"id":59406,"href":"https:\/\/www.italyfamilyhotels.it\/fr\/wp-json\/wp\/v2\/pages\/56092\/revisions\/59406"}],"up":[{"embeddable":true,"href":"https:\/\/www.italyfamilyhotels.it\/fr\/wp-json\/wp\/v2\/pages\/29729"}],"wp:attachment":[{"href":"https:\/\/www.italyfamilyhotels.it\/fr\/wp-json\/wp\/v2\/media?parent=56092"}],"curies":[{"name":"wp","href":"https:\/\/api.w.org\/{rel}","templated":true}]}}