{"id":56074,"date":"2024-02-06T15:09:39","date_gmt":"2024-02-06T14:09:39","guid":{"rendered":"https:\/\/www.italyfamilyhotels.it\/destinations\/les-family-hotel-du-latium\/family-hotel-a-terracina"},"modified":"2024-02-06T15:09:43","modified_gmt":"2024-02-06T14:09:43","slug":"family-hotel-a-terracina","status":"publish","type":"page","link":"https:\/\/www.italyfamilyhotels.it\/fr\/destinations\/les-family-hotel-du-latium\/family-hotel-a-terracina","title":{"rendered":"Family Hotel \u00e0 Terracina"},"content":{"rendered":"\n<p>Les <b>vacances avec vos enfants \u00e0 Terracina<\/b> sont synonymes de plages avec une mer magnifique et cristalline, de nature sous toutes ses facettes, de curiosit\u00e9s historiques et de beaucoup d&#039;amusement avec des animations dans les villages et les <b>Family Hotel de Terracina<\/b>. La <b>promenade de 4\u00a0km<\/b> de long est un joyau o\u00f9 se succ\u00e8dent des \u00e9tablissements bien \u00e9quip\u00e9s et familiaux, dont la mer est r\u00e9compens\u00e9e par le <b>Pavillon bleu<\/b> depuis des ann\u00e9es. Un exemple est la <b>plage de Riva del Sisto<\/b>, sur la <b>Riviera di Ulisse<\/b> et en face des <b>\u00eeles Pontines<\/b>, caract\u00e9ris\u00e9e par des eaux peu profondes o\u00f9 les enfants peuvent se baigner en toute s\u00e9curit\u00e9.<\/p>\n\n\n\n<p>Une <b>journ\u00e9e sur les plages de Terracina<\/b> vous permet d&#039;alterner la d\u00e9tente avec une plong\u00e9e r\u00e9g\u00e9n\u00e9rante, des activit\u00e9s sportives comme le cano\u00eb et le stand up paddle avec d&#039;agr\u00e9ables promenades, peut-\u00eatre pendant que les plus petits s&#039;amusent avec le personnel d&#039;animation.<\/p>\n\n\n\n<p>Ne manquez pas une promenade avec les enfants entre le <b>port<\/b> et la <b>cit\u00e9 caract\u00e9ristique de Terracina<\/b>, dont la vieille ville poss\u00e8de de jolies ruelles et un merveilleux Foro Emiliano, ainsi que le ch\u00e2teau Frangipane et la cocath\u00e9drale de San Cesareo. Dans les environs imm\u00e9diats de Terracina, sur le Monte Sant&#039;Angelo, vous pourrez visiter le l\u00e9gendaire <b>temple de Jupiter Anxur<\/b>\u00a0: en plus d&#039;un splendide panorama sur les \u00eeles Pontines, vous ferez d\u00e9couvrir \u00e0 vos enfants le monde magique de l&#039;arch\u00e9ologie.<\/p>\n\n\n\n<p>Votre famille est passionn\u00e9e par la nature et les activit\u00e9s de plein air\u00a0? En quittant <b>Terracina avec les enfants<\/b>, il faut environ un quart d&#039;heure pour rejoindre le <b>parc r\u00e9gional de Campo Soriano<\/b>, une zone naturelle prot\u00e9g\u00e9e avec des monuments naturels rocheux rappelant les figures les plus vari\u00e9es, des \u00e9tendues d&#039;oliviers, de vignobles et de v\u00e9g\u00e9tation, o\u00f9 l&#039;on peut faire de belles randonn\u00e9es.<\/p>\n","protected":false},"excerpt":{"rendered":"<p>Les vacances avec vos enfants \u00e0 Terracina sont synonymes de plages avec une mer magnifique et cristalline, de nature sous toutes ses facettes, de curiosit\u00e9s historiques et de beaucoup d&#039;amusement avec des animations dans les villages et les Family Hotel de Terracina. La promenade de 4\u00a0km de long est un joyau o\u00f9 se succ\u00e8dent des &hellip;<\/p>\n","protected":false},"author":167,"featured_media":0,"parent":56071,"menu_order":0,"comment_status":"closed","ping_status":"closed","template":"page-templates\/scheda_localita.php","meta":{"_acf_changed":false,"inline_featured_image":false,"footnotes":""},"class_list":["post-56074","page","type-page","status-publish","hentry"],"acf":[],"yoast_head":"<!-- This site is optimized with the Yoast SEO plugin v27.1 - https:\/\/yoast.com\/product\/yoast-seo-wordpress\/ -->\n<title>H\u00f4tels pour familles \u00e0 Terracina\u00a0: les meilleurs Family Hotel \u00e0 Terracina<\/title>\n<meta name=\"description\" content=\"Envie de vacances avec des enfants en Latium\u00a0? Nous avons s\u00e9lectionn\u00e9 les meilleurs Family Hotel de Terracina\u00a0!\" \/>\n<meta name=\"robots\" content=\"index, follow, max-snippet:-1, max-image-preview:large, max-video-preview:-1\" \/>\n<link rel=\"canonical\" href=\"https:\/\/www.italyfamilyhotels.it\/fr\/destinations\/les-family-hotel-du-latium\/family-hotel-a-terracina\" \/>\n<meta property=\"og:locale\" content=\"fr_FR\" \/>\n<meta property=\"og:type\" content=\"article\" \/>\n<meta property=\"og:title\" content=\"H\u00f4tels pour familles \u00e0 Terracina\u00a0: les meilleurs Family Hotel \u00e0 Terracina\" \/>\n<meta property=\"og:description\" content=\"Envie de vacances avec des enfants en Latium\u00a0? Nous avons s\u00e9lectionn\u00e9 les meilleurs Family Hotel de Terracina\u00a0!\" \/>\n<meta property=\"og:url\" content=\"https:\/\/www.italyfamilyhotels.it\/fr\/destinations\/les-family-hotel-du-latium\/family-hotel-a-terracina\" \/>\n<meta property=\"og:site_name\" content=\"Italy Family Hotels\" \/>\n<meta property=\"article:publisher\" content=\"https:\/\/www.facebook.com\/ItalyFamilyHotels\/\" \/>\n<meta property=\"article:modified_time\" content=\"2024-02-06T14:09:43+00:00\" \/>\n<meta name=\"twitter:card\" content=\"summary_large_image\" \/>\n<meta name=\"twitter:label1\" content=\"Dur\u00e9e de lecture estim\u00e9e\" \/>\n\t<meta name=\"twitter:data1\" content=\"2 minutes\" \/>\n<script type=\"application\/ld+json\" class=\"yoast-schema-graph\">{\"@context\":\"https:\/\/schema.org\",\"@graph\":[{\"@type\":\"WebPage\",\"@id\":\"https:\/\/www.italyfamilyhotels.it\/fr\/destinations\/les-family-hotel-du-latium\/family-hotel-a-terracina\",\"url\":\"https:\/\/www.italyfamilyhotels.it\/fr\/destinations\/les-family-hotel-du-latium\/family-hotel-a-terracina\",\"name\":\"H\u00f4tels pour familles \u00e0 Terracina\u00a0: les meilleurs Family Hotel \u00e0 Terracina\",\"isPartOf\":{\"@id\":\"https:\/\/www.italyfamilyhotels.it\/#website\"},\"datePublished\":\"2024-02-06T14:09:39+00:00\",\"dateModified\":\"2024-02-06T14:09:43+00:00\",\"description\":\"Envie de vacances avec des enfants en Latium\u00a0? Nous avons s\u00e9lectionn\u00e9 les meilleurs Family Hotel de Terracina\u00a0!\",\"breadcrumb\":{\"@id\":\"https:\/\/www.italyfamilyhotels.it\/fr\/destinations\/les-family-hotel-du-latium\/family-hotel-a-terracina#breadcrumb\"},\"inLanguage\":\"fr-FR\",\"potentialAction\":[{\"@type\":\"ReadAction\",\"target\":[\"https:\/\/www.italyfamilyhotels.it\/fr\/destinations\/les-family-hotel-du-latium\/family-hotel-a-terracina\"]}]},{\"@type\":\"BreadcrumbList\",\"@id\":\"https:\/\/www.italyfamilyhotels.it\/fr\/destinations\/les-family-hotel-du-latium\/family-hotel-a-terracina#breadcrumb\",\"itemListElement\":[{\"@type\":\"ListItem\",\"position\":1,\"name\":\"Home\",\"item\":\"https:\/\/www.italyfamilyhotels.it\/fr\"},{\"@type\":\"ListItem\",\"position\":2,\"name\":\"Destinations\",\"item\":\"https:\/\/www.italyfamilyhotels.it\/fr\/destinations\"},{\"@type\":\"ListItem\",\"position\":3,\"name\":\"Les Family Hotel du Latium\",\"item\":\"https:\/\/www.italyfamilyhotels.it\/fr\/destinations\/les-family-hotel-du-latium\"},{\"@type\":\"ListItem\",\"position\":4,\"name\":\"Family Hotel \u00e0 Terracina\"}]},{\"@type\":\"WebSite\",\"@id\":\"https:\/\/www.italyfamilyhotels.it\/#website\",\"url\":\"https:\/\/www.italyfamilyhotels.it\/\",\"name\":\"Italy Family Hotels\",\"description\":\"\",\"potentialAction\":[{\"@type\":\"SearchAction\",\"target\":{\"@type\":\"EntryPoint\",\"urlTemplate\":\"https:\/\/www.italyfamilyhotels.it\/?s={search_term_string}\"},\"query-input\":{\"@type\":\"PropertyValueSpecification\",\"valueRequired\":true,\"valueName\":\"search_term_string\"}}],\"inLanguage\":\"fr-FR\"}]}<\/script>\n<!-- \/ Yoast SEO plugin. -->","yoast_head_json":{"title":"H\u00f4tels pour familles \u00e0 Terracina\u00a0: les meilleurs Family Hotel \u00e0 Terracina","description":"Envie de vacances avec des enfants en Latium\u00a0? Nous avons s\u00e9lectionn\u00e9 les meilleurs Family Hotel de Terracina\u00a0!","robots":{"index":"index","follow":"follow","max-snippet":"max-snippet:-1","max-image-preview":"max-image-preview:large","max-video-preview":"max-video-preview:-1"},"canonical":"https:\/\/www.italyfamilyhotels.it\/fr\/destinations\/les-family-hotel-du-latium\/family-hotel-a-terracina","og_locale":"fr_FR","og_type":"article","og_title":"H\u00f4tels pour familles \u00e0 Terracina\u00a0: les meilleurs Family Hotel \u00e0 Terracina","og_description":"Envie de vacances avec des enfants en Latium\u00a0? Nous avons s\u00e9lectionn\u00e9 les meilleurs Family Hotel de Terracina\u00a0!","og_url":"https:\/\/www.italyfamilyhotels.it\/fr\/destinations\/les-family-hotel-du-latium\/family-hotel-a-terracina","og_site_name":"Italy Family Hotels","article_publisher":"https:\/\/www.facebook.com\/ItalyFamilyHotels\/","article_modified_time":"2024-02-06T14:09:43+00:00","twitter_card":"summary_large_image","twitter_misc":{"Dur\u00e9e de lecture estim\u00e9e":"2 minutes"},"schema":{"@context":"https:\/\/schema.org","@graph":[{"@type":"WebPage","@id":"https:\/\/www.italyfamilyhotels.it\/fr\/destinations\/les-family-hotel-du-latium\/family-hotel-a-terracina","url":"https:\/\/www.italyfamilyhotels.it\/fr\/destinations\/les-family-hotel-du-latium\/family-hotel-a-terracina","name":"H\u00f4tels pour familles \u00e0 Terracina\u00a0: les meilleurs Family Hotel \u00e0 Terracina","isPartOf":{"@id":"https:\/\/www.italyfamilyhotels.it\/#website"},"datePublished":"2024-02-06T14:09:39+00:00","dateModified":"2024-02-06T14:09:43+00:00","description":"Envie de vacances avec des enfants en Latium\u00a0? Nous avons s\u00e9lectionn\u00e9 les meilleurs Family Hotel de Terracina\u00a0!","breadcrumb":{"@id":"https:\/\/www.italyfamilyhotels.it\/fr\/destinations\/les-family-hotel-du-latium\/family-hotel-a-terracina#breadcrumb"},"inLanguage":"fr-FR","potentialAction":[{"@type":"ReadAction","target":["https:\/\/www.italyfamilyhotels.it\/fr\/destinations\/les-family-hotel-du-latium\/family-hotel-a-terracina"]}]},{"@type":"BreadcrumbList","@id":"https:\/\/www.italyfamilyhotels.it\/fr\/destinations\/les-family-hotel-du-latium\/family-hotel-a-terracina#breadcrumb","itemListElement":[{"@type":"ListItem","position":1,"name":"Home","item":"https:\/\/www.italyfamilyhotels.it\/fr"},{"@type":"ListItem","position":2,"name":"Destinations","item":"https:\/\/www.italyfamilyhotels.it\/fr\/destinations"},{"@type":"ListItem","position":3,"name":"Les Family Hotel du Latium","item":"https:\/\/www.italyfamilyhotels.it\/fr\/destinations\/les-family-hotel-du-latium"},{"@type":"ListItem","position":4,"name":"Family Hotel \u00e0 Terracina"}]},{"@type":"WebSite","@id":"https:\/\/www.italyfamilyhotels.it\/#website","url":"https:\/\/www.italyfamilyhotels.it\/","name":"Italy Family Hotels","description":"","potentialAction":[{"@type":"SearchAction","target":{"@type":"EntryPoint","urlTemplate":"https:\/\/www.italyfamilyhotels.it\/?s={search_term_string}"},"query-input":{"@type":"PropertyValueSpecification","valueRequired":true,"valueName":"search_term_string"}}],"inLanguage":"fr-FR"}]}},"_links":{"self":[{"href":"https:\/\/www.italyfamilyhotels.it\/fr\/wp-json\/wp\/v2\/pages\/56074","targetHints":{"allow":["GET"]}}],"collection":[{"href":"https:\/\/www.italyfamilyhotels.it\/fr\/wp-json\/wp\/v2\/pages"}],"about":[{"href":"https:\/\/www.italyfamilyhotels.it\/fr\/wp-json\/wp\/v2\/types\/page"}],"author":[{"embeddable":true,"href":"https:\/\/www.italyfamilyhotels.it\/fr\/wp-json\/wp\/v2\/users\/167"}],"replies":[{"embeddable":true,"href":"https:\/\/www.italyfamilyhotels.it\/fr\/wp-json\/wp\/v2\/comments?post=56074"}],"version-history":[{"count":1,"href":"https:\/\/www.italyfamilyhotels.it\/fr\/wp-json\/wp\/v2\/pages\/56074\/revisions"}],"predecessor-version":[{"id":56075,"href":"https:\/\/www.italyfamilyhotels.it\/fr\/wp-json\/wp\/v2\/pages\/56074\/revisions\/56075"}],"up":[{"embeddable":true,"href":"https:\/\/www.italyfamilyhotels.it\/fr\/wp-json\/wp\/v2\/pages\/56071"}],"wp:attachment":[{"href":"https:\/\/www.italyfamilyhotels.it\/fr\/wp-json\/wp\/v2\/media?parent=56074"}],"curies":[{"name":"wp","href":"https:\/\/api.w.org\/{rel}","templated":true}]}}