{"id":56071,"date":"2024-02-06T15:09:36","date_gmt":"2024-02-06T14:09:36","guid":{"rendered":"https:\/\/www.italyfamilyhotels.it\/destinations\/les-family-hotel-du-latium"},"modified":"2024-02-06T15:09:41","modified_gmt":"2024-02-06T14:09:41","slug":"les-family-hotel-du-latium","status":"publish","type":"page","link":"https:\/\/www.italyfamilyhotels.it\/fr\/destinations\/les-family-hotel-du-latium","title":{"rendered":"Les Family Hotel du Latium"},"content":{"rendered":"\n<p>S&#039;il est vrai que d\u00e8s que l&#039;on parle du Latium, on pense imm\u00e9diatement \u00e0 la \u00ab\u00a0Ville \u00e9ternelle\u00a0\u00bb, <b>Rome<\/b>, il est tout aussi vrai que des <b>vacances avec des enfants dans le Latium<\/b> se caract\u00e9risent par de nombreuses facettes\u00a0! En choisissant les services d\u00e9di\u00e9s aux familles des <b>Family Hotel du Latium<\/b>, vous vous assurez la tranquillit\u00e9 d&#039;esprit d&#039;un s\u00e9jour relaxant pour vous et amusant pour les enfants, compl\u00e9t\u00e9 par des journ\u00e9es de d\u00e9couverte, de nature et d&#039;insouciance. En commen\u00e7ant par les <b>parcs \u00e0 th\u00e8me et les parcs d&#039;attractions les plus c\u00e9l\u00e8bres du Latium<\/b>\u00a0: Rainbow MagicLand \u00e0 Valmontone, avec des attractions pour tous les \u00e2ges\u00a0; Cinecitt\u00e0 World \u00e0 Torvaianica, un v\u00e9ritable parc d\u00e9di\u00e9 au cin\u00e9ma avec des attractions et des spectacles\u00a0; Zoomarine, \u00e9galement \u00e0 Torvaianica, avec un zoo et des attractions aquatiques.<\/p>\n\n\n\n<p>Il existe \u00e9galement de nombreuses possibilit\u00e9s d&#039;<b>activit\u00e9s familiales de plein air<\/b>. Le fascinant <b>parc national du Circ\u00e9<\/b>, le long de la c\u00f4te tyrrh\u00e9nienne, avec des sentiers de diff\u00e9rents types et des aires de pique-nique, se pr\u00eate \u00e0 la <b>randonn\u00e9e avec des enfants<\/b> et au cyclisme. Le Latium est la r\u00e9gion id\u00e9ale pour offrir \u00e0 vos enfants des <b>excursions en bateau<\/b> passionnantes, peut-\u00eatre pour explorer les \u00eeles Pontines -Ponza, Palmarola, Zannone, Gavi, l&#039;\u00eele de Ventotene et Santo Stefano- au d\u00e9part des ports de Terracina, Anzio, San Felice Circeo, Formia.<\/p>\n\n\n\n<p>Et puis, comment ne pas mentionner les belles <b>plages du Latium<\/b>\u00a0? Parmi les plus connues, on trouve la plage de Torre Astura \u00e0 Nettuno et la Spiaggia dei Sassolini \u00e0 Minturno mais, en g\u00e9n\u00e9ral, le Latium est r\u00e9put\u00e9 pour son large choix de plages \u00e9quip\u00e9es, libres, sauvages et <b>familiales<\/b>, comme la plage de Riva del Sisto \u00e0 Terracina.<\/p>\n","protected":false},"excerpt":{"rendered":"<p>S&#039;il est vrai que d\u00e8s que l&#039;on parle du Latium, on pense imm\u00e9diatement \u00e0 la \u00ab\u00a0Ville \u00e9ternelle\u00a0\u00bb, Rome, il est tout aussi vrai que des vacances avec des enfants dans le Latium se caract\u00e9risent par de nombreuses facettes\u00a0! En choisissant les services d\u00e9di\u00e9s aux familles des Family Hotel du Latium, vous vous assurez la tranquillit\u00e9 &hellip;<\/p>\n","protected":false},"author":167,"featured_media":0,"parent":43316,"menu_order":0,"comment_status":"closed","ping_status":"closed","template":"page-templates\/scheda_destinazione.php","meta":{"_acf_changed":false,"inline_featured_image":false,"footnotes":""},"class_list":["post-56071","page","type-page","status-publish","hentry"],"acf":[],"yoast_head":"<!-- This site is optimized with the Yoast SEO plugin v27.1 - https:\/\/yoast.com\/product\/yoast-seo-wordpress\/ -->\n<title>H\u00f4tels pour familles dans le Latium\u00a0: les meilleurs Family Hotel d\u2019Italie<\/title>\n<meta name=\"description\" content=\"Un devis super-rapide par e-mail\u00a0! Choisissez votre Family Hotel dans le Latium et obtenez un devis rapide\u00a0!\" \/>\n<meta name=\"robots\" content=\"index, follow, max-snippet:-1, max-image-preview:large, max-video-preview:-1\" \/>\n<link rel=\"canonical\" href=\"https:\/\/www.italyfamilyhotels.it\/fr\/destinations\/les-family-hotel-du-latium\" \/>\n<meta property=\"og:locale\" content=\"fr_FR\" \/>\n<meta property=\"og:type\" content=\"article\" \/>\n<meta property=\"og:title\" content=\"H\u00f4tels pour familles dans le Latium\u00a0: les meilleurs Family Hotel d\u2019Italie\" \/>\n<meta property=\"og:description\" content=\"Un devis super-rapide par e-mail\u00a0! Choisissez votre Family Hotel dans le Latium et obtenez un devis rapide\u00a0!\" \/>\n<meta property=\"og:url\" content=\"https:\/\/www.italyfamilyhotels.it\/fr\/destinations\/les-family-hotel-du-latium\" \/>\n<meta property=\"og:site_name\" content=\"Italy Family Hotels\" \/>\n<meta property=\"article:publisher\" content=\"https:\/\/www.facebook.com\/ItalyFamilyHotels\/\" \/>\n<meta property=\"article:modified_time\" content=\"2024-02-06T14:09:41+00:00\" \/>\n<meta name=\"twitter:card\" content=\"summary_large_image\" \/>\n<meta name=\"twitter:label1\" content=\"Dur\u00e9e de lecture estim\u00e9e\" \/>\n\t<meta name=\"twitter:data1\" content=\"2 minutes\" \/>\n<script type=\"application\/ld+json\" class=\"yoast-schema-graph\">{\"@context\":\"https:\/\/schema.org\",\"@graph\":[{\"@type\":\"WebPage\",\"@id\":\"https:\/\/www.italyfamilyhotels.it\/fr\/destinations\/les-family-hotel-du-latium\",\"url\":\"https:\/\/www.italyfamilyhotels.it\/fr\/destinations\/les-family-hotel-du-latium\",\"name\":\"H\u00f4tels pour familles dans le Latium\u00a0: les meilleurs Family Hotel d\u2019Italie\",\"isPartOf\":{\"@id\":\"https:\/\/www.italyfamilyhotels.it\/#website\"},\"datePublished\":\"2024-02-06T14:09:36+00:00\",\"dateModified\":\"2024-02-06T14:09:41+00:00\",\"description\":\"Un devis super-rapide par e-mail\u00a0! Choisissez votre Family Hotel dans le Latium et obtenez un devis rapide\u00a0!\",\"breadcrumb\":{\"@id\":\"https:\/\/www.italyfamilyhotels.it\/fr\/destinations\/les-family-hotel-du-latium#breadcrumb\"},\"inLanguage\":\"fr-FR\",\"potentialAction\":[{\"@type\":\"ReadAction\",\"target\":[\"https:\/\/www.italyfamilyhotels.it\/fr\/destinations\/les-family-hotel-du-latium\"]}]},{\"@type\":\"BreadcrumbList\",\"@id\":\"https:\/\/www.italyfamilyhotels.it\/fr\/destinations\/les-family-hotel-du-latium#breadcrumb\",\"itemListElement\":[{\"@type\":\"ListItem\",\"position\":1,\"name\":\"Home\",\"item\":\"https:\/\/www.italyfamilyhotels.it\/fr\"},{\"@type\":\"ListItem\",\"position\":2,\"name\":\"Destinations\",\"item\":\"https:\/\/www.italyfamilyhotels.it\/fr\/destinations\"},{\"@type\":\"ListItem\",\"position\":3,\"name\":\"Les Family Hotel du Latium\"}]},{\"@type\":\"WebSite\",\"@id\":\"https:\/\/www.italyfamilyhotels.it\/#website\",\"url\":\"https:\/\/www.italyfamilyhotels.it\/\",\"name\":\"Italy Family Hotels\",\"description\":\"\",\"potentialAction\":[{\"@type\":\"SearchAction\",\"target\":{\"@type\":\"EntryPoint\",\"urlTemplate\":\"https:\/\/www.italyfamilyhotels.it\/?s={search_term_string}\"},\"query-input\":{\"@type\":\"PropertyValueSpecification\",\"valueRequired\":true,\"valueName\":\"search_term_string\"}}],\"inLanguage\":\"fr-FR\"}]}<\/script>\n<!-- \/ Yoast SEO plugin. -->","yoast_head_json":{"title":"H\u00f4tels pour familles dans le Latium\u00a0: les meilleurs Family Hotel d\u2019Italie","description":"Un devis super-rapide par e-mail\u00a0! Choisissez votre Family Hotel dans le Latium et obtenez un devis rapide\u00a0!","robots":{"index":"index","follow":"follow","max-snippet":"max-snippet:-1","max-image-preview":"max-image-preview:large","max-video-preview":"max-video-preview:-1"},"canonical":"https:\/\/www.italyfamilyhotels.it\/fr\/destinations\/les-family-hotel-du-latium","og_locale":"fr_FR","og_type":"article","og_title":"H\u00f4tels pour familles dans le Latium\u00a0: les meilleurs Family Hotel d\u2019Italie","og_description":"Un devis super-rapide par e-mail\u00a0! Choisissez votre Family Hotel dans le Latium et obtenez un devis rapide\u00a0!","og_url":"https:\/\/www.italyfamilyhotels.it\/fr\/destinations\/les-family-hotel-du-latium","og_site_name":"Italy Family Hotels","article_publisher":"https:\/\/www.facebook.com\/ItalyFamilyHotels\/","article_modified_time":"2024-02-06T14:09:41+00:00","twitter_card":"summary_large_image","twitter_misc":{"Dur\u00e9e de lecture estim\u00e9e":"2 minutes"},"schema":{"@context":"https:\/\/schema.org","@graph":[{"@type":"WebPage","@id":"https:\/\/www.italyfamilyhotels.it\/fr\/destinations\/les-family-hotel-du-latium","url":"https:\/\/www.italyfamilyhotels.it\/fr\/destinations\/les-family-hotel-du-latium","name":"H\u00f4tels pour familles dans le Latium\u00a0: les meilleurs Family Hotel d\u2019Italie","isPartOf":{"@id":"https:\/\/www.italyfamilyhotels.it\/#website"},"datePublished":"2024-02-06T14:09:36+00:00","dateModified":"2024-02-06T14:09:41+00:00","description":"Un devis super-rapide par e-mail\u00a0! Choisissez votre Family Hotel dans le Latium et obtenez un devis rapide\u00a0!","breadcrumb":{"@id":"https:\/\/www.italyfamilyhotels.it\/fr\/destinations\/les-family-hotel-du-latium#breadcrumb"},"inLanguage":"fr-FR","potentialAction":[{"@type":"ReadAction","target":["https:\/\/www.italyfamilyhotels.it\/fr\/destinations\/les-family-hotel-du-latium"]}]},{"@type":"BreadcrumbList","@id":"https:\/\/www.italyfamilyhotels.it\/fr\/destinations\/les-family-hotel-du-latium#breadcrumb","itemListElement":[{"@type":"ListItem","position":1,"name":"Home","item":"https:\/\/www.italyfamilyhotels.it\/fr"},{"@type":"ListItem","position":2,"name":"Destinations","item":"https:\/\/www.italyfamilyhotels.it\/fr\/destinations"},{"@type":"ListItem","position":3,"name":"Les Family Hotel du Latium"}]},{"@type":"WebSite","@id":"https:\/\/www.italyfamilyhotels.it\/#website","url":"https:\/\/www.italyfamilyhotels.it\/","name":"Italy Family Hotels","description":"","potentialAction":[{"@type":"SearchAction","target":{"@type":"EntryPoint","urlTemplate":"https:\/\/www.italyfamilyhotels.it\/?s={search_term_string}"},"query-input":{"@type":"PropertyValueSpecification","valueRequired":true,"valueName":"search_term_string"}}],"inLanguage":"fr-FR"}]}},"_links":{"self":[{"href":"https:\/\/www.italyfamilyhotels.it\/fr\/wp-json\/wp\/v2\/pages\/56071","targetHints":{"allow":["GET"]}}],"collection":[{"href":"https:\/\/www.italyfamilyhotels.it\/fr\/wp-json\/wp\/v2\/pages"}],"about":[{"href":"https:\/\/www.italyfamilyhotels.it\/fr\/wp-json\/wp\/v2\/types\/page"}],"author":[{"embeddable":true,"href":"https:\/\/www.italyfamilyhotels.it\/fr\/wp-json\/wp\/v2\/users\/167"}],"replies":[{"embeddable":true,"href":"https:\/\/www.italyfamilyhotels.it\/fr\/wp-json\/wp\/v2\/comments?post=56071"}],"version-history":[{"count":1,"href":"https:\/\/www.italyfamilyhotels.it\/fr\/wp-json\/wp\/v2\/pages\/56071\/revisions"}],"predecessor-version":[{"id":56072,"href":"https:\/\/www.italyfamilyhotels.it\/fr\/wp-json\/wp\/v2\/pages\/56071\/revisions\/56072"}],"up":[{"embeddable":true,"href":"https:\/\/www.italyfamilyhotels.it\/fr\/wp-json\/wp\/v2\/pages\/43316"}],"wp:attachment":[{"href":"https:\/\/www.italyfamilyhotels.it\/fr\/wp-json\/wp\/v2\/media?parent=56071"}],"curies":[{"name":"wp","href":"https:\/\/api.w.org\/{rel}","templated":true}]}}