{"id":55412,"date":"2023-12-19T13:07:22","date_gmt":"2023-12-19T12:07:22","guid":{"rendered":"https:\/\/www.italyfamilyhotels.it\/hotels\/palace-magnolia-family-hotel-spa"},"modified":"2024-02-20T12:22:56","modified_gmt":"2024-02-20T11:22:56","slug":"palace-magnolia-family-hotel-spa","status":"publish","type":"page","link":"https:\/\/www.italyfamilyhotels.it\/fr\/hotels\/palace-magnolia-family-hotel-spa","title":{"rendered":"Palace Magnolia Family Hotel &#038; Spa"},"content":{"rendered":"\n<p>Accueillir des familles avec leurs enfants en vacances dans les Abruzzes est une v\u00e9ritable joie pour nous\u00a0: nous vous souhaitons la bienvenue au <b>Palace Magnolia Family Hotel &amp; Spa di Tortoreto<\/b>, o\u00f9 vous attendent des moments de bonheur et d&#039;insouciance. Pr\u00e9parez-vous \u00e0 vivre des journ\u00e9es de d\u00e9tente sur notre grande <b>plage priv\u00e9e<\/b>, situ\u00e9e \u00e0 seulement 100\u00a0m\u00e8tres, o\u00f9 le personnel d&#039;<b>animation<\/b> s&#039;occupe des enfants tandis que vous pouvez choisir entre prendre un bain de soleil, pratiquer des sports tels que le yoga, le stand up paddle, le cano\u00eb, l&#039;aquagym ou de participer \u00e0 des chor\u00e9graphies. Un <b>espace de jeu am\u00e9nag\u00e9 et ombrag\u00e9<\/b> est \u00e9galement pr\u00e9vu pour les ateliers de l&#039;apr\u00e8s-midi du <b>Mini Club<\/b>.<\/p>\n\n\n\n<p>Vous pr\u00e9f\u00e9rez la piscine\u00a0? Une piscine <b>semi-olympique<\/b> se trouve dans notre jardin, entour\u00e9e d&#039;un <b>solarium<\/b> \u00e9quip\u00e9 de chaises longues et de canap\u00e9s, et d&#039;une <b>pataugeoire chauff\u00e9e<\/b> de 60\u00a0cm de profondeur pour les enfants. Les espaces spacieux et bien organis\u00e9s, y compris une <b>aire de jeux<\/b>, vous permettent de vous d\u00e9tendre et aux enfants de s&#039;amuser en compagnie des autres jeunes h\u00f4tes et des animateurs. De cette fa\u00e7on, vous aurez \u00e9galement le temps de profiter du <b>Magnolia Spa<\/b>, avec ses programmes de bien-\u00eatre, ses traitements et ses massages, pour retrouver \u00e9nergie et \u00e9quilibre.<\/p>\n\n\n\n<p>Au <b>Palace Magnolia Family Hotel &amp; Spa<\/b>, vous pouvez choisir entre la formule <b>demi-pension tout compris<\/b> et la formule <b>pension compl\u00e8te tout compris<\/b>, afin de construire des vacances \u00e0 la plage vraiment sur-mesure avec les enfants\u00a0! Une chose est s\u00fbre, les meilleurs <b>services d\u00e9di\u00e9s aux familles sont toujours inclus<\/b>. Par exemple, tout pour les petits dans la chambre et la salle \u00e0 manger, la <b>cr\u00e8che<\/b> au bord de la piscine, des <b>animations en journ\u00e9e et en soir\u00e9e<\/b> pour petits et grands, des <b>v\u00e9los<\/b> pour circuler en toute s\u00e9curit\u00e9 le long de la piste cyclable panoramique, des <b>menus pour enfants<\/b> et une <b>assistance p\u00e9diatrique<\/b>. L&#039;hospitalit\u00e9 est un \u00e9tat d&#039;esprit, celui avec lequel nous voulons vous offrir un s\u00e9jour familial m\u00e9morable\u00a0!<\/p>\n","protected":false},"excerpt":{"rendered":"<p>Accueillir des familles avec leurs enfants en vacances dans les Abruzzes est une v\u00e9ritable joie pour nous\u00a0: nous vous souhaitons la bienvenue au Palace Magnolia Family Hotel &amp; Spa di Tortoreto, o\u00f9 vous attendent des moments de bonheur et d&#039;insouciance. Pr\u00e9parez-vous \u00e0 vivre des journ\u00e9es de d\u00e9tente sur notre grande plage priv\u00e9e, situ\u00e9e \u00e0 seulement &hellip;<\/p>\n","protected":false},"author":1,"featured_media":0,"parent":29729,"menu_order":0,"comment_status":"closed","ping_status":"closed","template":"page-templates\/scheda_hotel.php","meta":{"_acf_changed":false,"inline_featured_image":false,"footnotes":""},"class_list":["post-55412","page","type-page","status-publish","hentry"],"acf":[],"yoast_head":"<!-- This site is optimized with the Yoast SEO plugin v27.1 - https:\/\/yoast.com\/product\/yoast-seo-wordpress\/ -->\n<title>Palace Magnolia Family Hotel &amp; Spa, 3\u00a0\u00e9toiles stand up paddle \u00e0 Tortoreto<\/title>\n<meta name=\"description\" content=\"Envie de vacances en famille\u00a0? D\u00e9couvrez les offres d\u00e9di\u00e9es aux familles du Palace Magnolia Family Hotel &amp; Spa \u00e0 Tortoreto\" \/>\n<meta name=\"robots\" content=\"index, follow, max-snippet:-1, max-image-preview:large, max-video-preview:-1\" \/>\n<link rel=\"canonical\" href=\"https:\/\/www.italyfamilyhotels.it\/fr\/hotels\/palace-magnolia-family-hotel-spa\" \/>\n<meta property=\"og:locale\" content=\"fr_FR\" \/>\n<meta property=\"og:type\" content=\"article\" \/>\n<meta property=\"og:title\" content=\"Palace Magnolia Family Hotel &amp; Spa, 3\u00a0\u00e9toiles stand up paddle \u00e0 Tortoreto\" \/>\n<meta property=\"og:description\" content=\"Envie de vacances en famille\u00a0? D\u00e9couvrez les offres d\u00e9di\u00e9es aux familles du Palace Magnolia Family Hotel &amp; Spa \u00e0 Tortoreto\" \/>\n<meta property=\"og:url\" content=\"https:\/\/www.italyfamilyhotels.it\/fr\/hotels\/palace-magnolia-family-hotel-spa\" \/>\n<meta property=\"og:site_name\" content=\"Italy Family Hotels\" \/>\n<meta property=\"article:publisher\" content=\"https:\/\/www.facebook.com\/ItalyFamilyHotels\/\" \/>\n<meta property=\"article:modified_time\" content=\"2024-02-20T11:22:56+00:00\" \/>\n<meta name=\"twitter:card\" content=\"summary_large_image\" \/>\n<meta name=\"twitter:label1\" content=\"Dur\u00e9e de lecture estim\u00e9e\" \/>\n\t<meta name=\"twitter:data1\" content=\"2 minutes\" \/>\n<script type=\"application\/ld+json\" class=\"yoast-schema-graph\">{\"@context\":\"https:\/\/schema.org\",\"@graph\":[{\"@type\":\"WebPage\",\"@id\":\"https:\/\/www.italyfamilyhotels.it\/fr\/hotels\/palace-magnolia-family-hotel-spa\",\"url\":\"https:\/\/www.italyfamilyhotels.it\/fr\/hotels\/palace-magnolia-family-hotel-spa\",\"name\":\"Palace Magnolia Family Hotel & Spa, 3\u00a0\u00e9toiles stand up paddle \u00e0 Tortoreto\",\"isPartOf\":{\"@id\":\"https:\/\/www.italyfamilyhotels.it\/#website\"},\"datePublished\":\"2023-12-19T12:07:22+00:00\",\"dateModified\":\"2024-02-20T11:22:56+00:00\",\"description\":\"Envie de vacances en famille\u00a0? D\u00e9couvrez les offres d\u00e9di\u00e9es aux familles du Palace Magnolia Family Hotel & Spa \u00e0 Tortoreto\",\"breadcrumb\":{\"@id\":\"https:\/\/www.italyfamilyhotels.it\/fr\/hotels\/palace-magnolia-family-hotel-spa#breadcrumb\"},\"inLanguage\":\"fr-FR\",\"potentialAction\":[{\"@type\":\"ReadAction\",\"target\":[\"https:\/\/www.italyfamilyhotels.it\/fr\/hotels\/palace-magnolia-family-hotel-spa\"]}]},{\"@type\":\"BreadcrumbList\",\"@id\":\"https:\/\/www.italyfamilyhotels.it\/fr\/hotels\/palace-magnolia-family-hotel-spa#breadcrumb\",\"itemListElement\":[{\"@type\":\"ListItem\",\"position\":1,\"name\":\"Home\",\"item\":\"https:\/\/www.italyfamilyhotels.it\/fr\"},{\"@type\":\"ListItem\",\"position\":2,\"name\":\"Family Hotels\",\"item\":\"https:\/\/www.italyfamilyhotels.it\/fr\/hotels\"},{\"@type\":\"ListItem\",\"position\":3,\"name\":\"Palace Magnolia Family Hotel &#038; Spa\"}]},{\"@type\":\"WebSite\",\"@id\":\"https:\/\/www.italyfamilyhotels.it\/#website\",\"url\":\"https:\/\/www.italyfamilyhotels.it\/\",\"name\":\"Italy Family Hotels\",\"description\":\"\",\"potentialAction\":[{\"@type\":\"SearchAction\",\"target\":{\"@type\":\"EntryPoint\",\"urlTemplate\":\"https:\/\/www.italyfamilyhotels.it\/?s={search_term_string}\"},\"query-input\":{\"@type\":\"PropertyValueSpecification\",\"valueRequired\":true,\"valueName\":\"search_term_string\"}}],\"inLanguage\":\"fr-FR\"}]}<\/script>\n<!-- \/ Yoast SEO plugin. -->","yoast_head_json":{"title":"Palace Magnolia Family Hotel & Spa, 3\u00a0\u00e9toiles stand up paddle \u00e0 Tortoreto","description":"Envie de vacances en famille\u00a0? D\u00e9couvrez les offres d\u00e9di\u00e9es aux familles du Palace Magnolia Family Hotel & Spa \u00e0 Tortoreto","robots":{"index":"index","follow":"follow","max-snippet":"max-snippet:-1","max-image-preview":"max-image-preview:large","max-video-preview":"max-video-preview:-1"},"canonical":"https:\/\/www.italyfamilyhotels.it\/fr\/hotels\/palace-magnolia-family-hotel-spa","og_locale":"fr_FR","og_type":"article","og_title":"Palace Magnolia Family Hotel & Spa, 3\u00a0\u00e9toiles stand up paddle \u00e0 Tortoreto","og_description":"Envie de vacances en famille\u00a0? D\u00e9couvrez les offres d\u00e9di\u00e9es aux familles du Palace Magnolia Family Hotel & Spa \u00e0 Tortoreto","og_url":"https:\/\/www.italyfamilyhotels.it\/fr\/hotels\/palace-magnolia-family-hotel-spa","og_site_name":"Italy Family Hotels","article_publisher":"https:\/\/www.facebook.com\/ItalyFamilyHotels\/","article_modified_time":"2024-02-20T11:22:56+00:00","twitter_card":"summary_large_image","twitter_misc":{"Dur\u00e9e de lecture estim\u00e9e":"2 minutes"},"schema":{"@context":"https:\/\/schema.org","@graph":[{"@type":"WebPage","@id":"https:\/\/www.italyfamilyhotels.it\/fr\/hotels\/palace-magnolia-family-hotel-spa","url":"https:\/\/www.italyfamilyhotels.it\/fr\/hotels\/palace-magnolia-family-hotel-spa","name":"Palace Magnolia Family Hotel & Spa, 3\u00a0\u00e9toiles stand up paddle \u00e0 Tortoreto","isPartOf":{"@id":"https:\/\/www.italyfamilyhotels.it\/#website"},"datePublished":"2023-12-19T12:07:22+00:00","dateModified":"2024-02-20T11:22:56+00:00","description":"Envie de vacances en famille\u00a0? D\u00e9couvrez les offres d\u00e9di\u00e9es aux familles du Palace Magnolia Family Hotel & Spa \u00e0 Tortoreto","breadcrumb":{"@id":"https:\/\/www.italyfamilyhotels.it\/fr\/hotels\/palace-magnolia-family-hotel-spa#breadcrumb"},"inLanguage":"fr-FR","potentialAction":[{"@type":"ReadAction","target":["https:\/\/www.italyfamilyhotels.it\/fr\/hotels\/palace-magnolia-family-hotel-spa"]}]},{"@type":"BreadcrumbList","@id":"https:\/\/www.italyfamilyhotels.it\/fr\/hotels\/palace-magnolia-family-hotel-spa#breadcrumb","itemListElement":[{"@type":"ListItem","position":1,"name":"Home","item":"https:\/\/www.italyfamilyhotels.it\/fr"},{"@type":"ListItem","position":2,"name":"Family Hotels","item":"https:\/\/www.italyfamilyhotels.it\/fr\/hotels"},{"@type":"ListItem","position":3,"name":"Palace Magnolia Family Hotel &#038; Spa"}]},{"@type":"WebSite","@id":"https:\/\/www.italyfamilyhotels.it\/#website","url":"https:\/\/www.italyfamilyhotels.it\/","name":"Italy Family Hotels","description":"","potentialAction":[{"@type":"SearchAction","target":{"@type":"EntryPoint","urlTemplate":"https:\/\/www.italyfamilyhotels.it\/?s={search_term_string}"},"query-input":{"@type":"PropertyValueSpecification","valueRequired":true,"valueName":"search_term_string"}}],"inLanguage":"fr-FR"}]}},"_links":{"self":[{"href":"https:\/\/www.italyfamilyhotels.it\/fr\/wp-json\/wp\/v2\/pages\/55412","targetHints":{"allow":["GET"]}}],"collection":[{"href":"https:\/\/www.italyfamilyhotels.it\/fr\/wp-json\/wp\/v2\/pages"}],"about":[{"href":"https:\/\/www.italyfamilyhotels.it\/fr\/wp-json\/wp\/v2\/types\/page"}],"author":[{"embeddable":true,"href":"https:\/\/www.italyfamilyhotels.it\/fr\/wp-json\/wp\/v2\/users\/1"}],"replies":[{"embeddable":true,"href":"https:\/\/www.italyfamilyhotels.it\/fr\/wp-json\/wp\/v2\/comments?post=55412"}],"version-history":[{"count":3,"href":"https:\/\/www.italyfamilyhotels.it\/fr\/wp-json\/wp\/v2\/pages\/55412\/revisions"}],"predecessor-version":[{"id":57082,"href":"https:\/\/www.italyfamilyhotels.it\/fr\/wp-json\/wp\/v2\/pages\/55412\/revisions\/57082"}],"up":[{"embeddable":true,"href":"https:\/\/www.italyfamilyhotels.it\/fr\/wp-json\/wp\/v2\/pages\/29729"}],"wp:attachment":[{"href":"https:\/\/www.italyfamilyhotels.it\/fr\/wp-json\/wp\/v2\/media?parent=55412"}],"curies":[{"name":"wp","href":"https:\/\/api.w.org\/{rel}","templated":true}]}}