{"id":55269,"date":"2023-12-18T14:40:49","date_gmt":"2023-12-18T13:40:49","guid":{"rendered":"https:\/\/www.italyfamilyhotels.it\/hotels\/le-palme-family-beach-village"},"modified":"2024-02-06T15:08:15","modified_gmt":"2024-02-06T14:08:15","slug":"le-palme-family-beach-village","status":"publish","type":"page","link":"https:\/\/www.italyfamilyhotels.it\/fr\/hotels\/le-palme-family-beach-village","title":{"rendered":"Camping Palme Family Beach Village"},"content":{"rendered":"\n<p>Au camping <b>Le Palme Family Beach Village de Terracina<\/b>, vous fa\u00e7onnez le moment tant attendu de vos vacances avec la certitude d&#039;\u00eatre dans un <b>camping familial<\/b> \u00e0 <b>\u00ab\u00a0z\u00e9ro m\u00e8tre\u00a0\u00bb de la mer<\/b>. Un petit mais un grand luxe pour toutes les familles avec enfants qui souhaitent profiter de la <b>plage<\/b> et du soleil tous les jours, en toute tranquillit\u00e9 et <b>sans traverser de routes<\/b>.<\/p>\n\n\n\n<p>Notre <b>\u00e9tablissement de bains priv\u00e9<\/b> se trouve juste devant la porte, avec <b>seulement deux rang\u00e9es de parasols<\/b> d&#039;o\u00f9 vous pouvez toujours voir les enfants jouer avec les <b>animateurs<\/b>, ou nager dans les eaux cristallines sous l&#039;\u0153il vigilant des <b>ma\u00eetres-nageurs<\/b>. D&#039;ailleurs, si vous aimez tellement la mer que vous ne voulez jamais la perdre de vue, vous pouvez choisir une <b>suite<\/b> ou un <b>Family Bungalow<\/b>, avec acc\u00e8s direct \u00e0 la plage\u00a0!<\/p>\n\n\n\n<p>Savez-vous ce qu&#039;appr\u00e9cient les familles qui nous choisissent pour leurs <b>vacances \u00e0 la mer dans le Latium<\/b>\u00a0? Le fait que notre <b>Family Village<\/b> soit enti\u00e8rement <b>pi\u00e9tonnier<\/b>, <b>bien organis\u00e9 et s\u00fbr pour les enfants<\/b>. Une courte promenade vous m\u00e8nera au <b>Bazar<\/b> et \u00e0 <b>Zero Bottega<\/b>, aux boutiques bien achaland\u00e9es, au <b>restaurant Zero Food&amp;Beach<\/b>, au <b>logement<\/b> et aux <b>aires de jeux<\/b>. Et la plage, bien entendu. Bref, tout est \u00e0 la port\u00e9e des petits pieds curieux\u00a0!<\/p>\n\n\n\n<p>Et puis il y a des services comme l&#039;<b>animation professionnelle<\/b>, l&#039;amusante <b>mascotte Palmito<\/b> et le <b>Family Pack<\/b> \u00e0 l&#039;arriv\u00e9e (avec berceau, veilleuse, table \u00e0 langer, baignoire pour b\u00e9b\u00e9, chauffe-biberon, st\u00e9rilisateur, mange-couches, barre de s\u00e9curit\u00e9, rehausseur, r\u00e9ducteur de toilettes et poussette) qui vous donnent la certitude d&#039;avoir choisi une exp\u00e9rience totalement adapt\u00e9e aux familles, dans laquelle rien ne manque vraiment.<\/p>\n","protected":false},"excerpt":{"rendered":"<p>Au camping Le Palme Family Beach Village de Terracina, vous fa\u00e7onnez le moment tant attendu de vos vacances avec la certitude d&#039;\u00eatre dans un camping familial \u00e0 \u00ab\u00a0z\u00e9ro m\u00e8tre\u00a0\u00bb de la mer. Un petit mais un grand luxe pour toutes les familles avec enfants qui souhaitent profiter de la plage et du soleil tous les &hellip;<\/p>\n","protected":false},"author":1,"featured_media":0,"parent":29729,"menu_order":0,"comment_status":"closed","ping_status":"closed","template":"page-templates\/scheda_hotel.php","meta":{"_acf_changed":false,"inline_featured_image":false,"footnotes":""},"class_list":["post-55269","page","type-page","status-publish","hentry"],"acf":[],"yoast_head":"<!-- This site is optimized with the Yoast SEO plugin v27.1 - https:\/\/yoast.com\/product\/yoast-seo-wordpress\/ -->\n<title>Camping Palme Family Beach Village - Italy Family Hotels<\/title>\n<meta name=\"robots\" content=\"index, follow, max-snippet:-1, max-image-preview:large, max-video-preview:-1\" \/>\n<link rel=\"canonical\" href=\"https:\/\/www.italyfamilyhotels.it\/fr\/hotels\/le-palme-family-beach-village\" \/>\n<meta property=\"og:locale\" content=\"fr_FR\" \/>\n<meta property=\"og:type\" content=\"article\" \/>\n<meta property=\"og:title\" content=\"Camping Palme Family Beach Village - Italy Family Hotels\" \/>\n<meta property=\"og:description\" content=\"Au camping Le Palme Family Beach Village de Terracina, vous fa\u00e7onnez le moment tant attendu de vos vacances avec la certitude d&#039;\u00eatre dans un camping familial \u00e0 \u00ab\u00a0z\u00e9ro m\u00e8tre\u00a0\u00bb de la mer. Un petit mais un grand luxe pour toutes les familles avec enfants qui souhaitent profiter de la plage et du soleil tous les &hellip;\" \/>\n<meta property=\"og:url\" content=\"https:\/\/www.italyfamilyhotels.it\/fr\/hotels\/le-palme-family-beach-village\" \/>\n<meta property=\"og:site_name\" content=\"Italy Family Hotels\" \/>\n<meta property=\"article:publisher\" content=\"https:\/\/www.facebook.com\/ItalyFamilyHotels\/\" \/>\n<meta property=\"article:modified_time\" content=\"2024-02-06T14:08:15+00:00\" \/>\n<meta name=\"twitter:card\" content=\"summary_large_image\" \/>\n<meta name=\"twitter:label1\" content=\"Dur\u00e9e de lecture estim\u00e9e\" \/>\n\t<meta name=\"twitter:data1\" content=\"1 minute\" \/>\n<script type=\"application\/ld+json\" class=\"yoast-schema-graph\">{\"@context\":\"https:\/\/schema.org\",\"@graph\":[{\"@type\":\"WebPage\",\"@id\":\"https:\/\/www.italyfamilyhotels.it\/fr\/hotels\/le-palme-family-beach-village\",\"url\":\"https:\/\/www.italyfamilyhotels.it\/fr\/hotels\/le-palme-family-beach-village\",\"name\":\"Camping Palme Family Beach Village - Italy Family Hotels\",\"isPartOf\":{\"@id\":\"https:\/\/www.italyfamilyhotels.it\/#website\"},\"datePublished\":\"2023-12-18T13:40:49+00:00\",\"dateModified\":\"2024-02-06T14:08:15+00:00\",\"breadcrumb\":{\"@id\":\"https:\/\/www.italyfamilyhotels.it\/fr\/hotels\/le-palme-family-beach-village#breadcrumb\"},\"inLanguage\":\"fr-FR\",\"potentialAction\":[{\"@type\":\"ReadAction\",\"target\":[\"https:\/\/www.italyfamilyhotels.it\/fr\/hotels\/le-palme-family-beach-village\"]}]},{\"@type\":\"BreadcrumbList\",\"@id\":\"https:\/\/www.italyfamilyhotels.it\/fr\/hotels\/le-palme-family-beach-village#breadcrumb\",\"itemListElement\":[{\"@type\":\"ListItem\",\"position\":1,\"name\":\"Home\",\"item\":\"https:\/\/www.italyfamilyhotels.it\/fr\"},{\"@type\":\"ListItem\",\"position\":2,\"name\":\"Family Hotels\",\"item\":\"https:\/\/www.italyfamilyhotels.it\/fr\/hotels\"},{\"@type\":\"ListItem\",\"position\":3,\"name\":\"Camping Palme Family Beach Village\"}]},{\"@type\":\"WebSite\",\"@id\":\"https:\/\/www.italyfamilyhotels.it\/#website\",\"url\":\"https:\/\/www.italyfamilyhotels.it\/\",\"name\":\"Italy Family Hotels\",\"description\":\"\",\"potentialAction\":[{\"@type\":\"SearchAction\",\"target\":{\"@type\":\"EntryPoint\",\"urlTemplate\":\"https:\/\/www.italyfamilyhotels.it\/?s={search_term_string}\"},\"query-input\":{\"@type\":\"PropertyValueSpecification\",\"valueRequired\":true,\"valueName\":\"search_term_string\"}}],\"inLanguage\":\"fr-FR\"}]}<\/script>\n<!-- \/ Yoast SEO plugin. -->","yoast_head_json":{"title":"Camping Palme Family Beach Village - Italy Family Hotels","robots":{"index":"index","follow":"follow","max-snippet":"max-snippet:-1","max-image-preview":"max-image-preview:large","max-video-preview":"max-video-preview:-1"},"canonical":"https:\/\/www.italyfamilyhotels.it\/fr\/hotels\/le-palme-family-beach-village","og_locale":"fr_FR","og_type":"article","og_title":"Camping Palme Family Beach Village - Italy Family Hotels","og_description":"Au camping Le Palme Family Beach Village de Terracina, vous fa\u00e7onnez le moment tant attendu de vos vacances avec la certitude d&#039;\u00eatre dans un camping familial \u00e0 \u00ab\u00a0z\u00e9ro m\u00e8tre\u00a0\u00bb de la mer. Un petit mais un grand luxe pour toutes les familles avec enfants qui souhaitent profiter de la plage et du soleil tous les &hellip;","og_url":"https:\/\/www.italyfamilyhotels.it\/fr\/hotels\/le-palme-family-beach-village","og_site_name":"Italy Family Hotels","article_publisher":"https:\/\/www.facebook.com\/ItalyFamilyHotels\/","article_modified_time":"2024-02-06T14:08:15+00:00","twitter_card":"summary_large_image","twitter_misc":{"Dur\u00e9e de lecture estim\u00e9e":"1 minute"},"schema":{"@context":"https:\/\/schema.org","@graph":[{"@type":"WebPage","@id":"https:\/\/www.italyfamilyhotels.it\/fr\/hotels\/le-palme-family-beach-village","url":"https:\/\/www.italyfamilyhotels.it\/fr\/hotels\/le-palme-family-beach-village","name":"Camping Palme Family Beach Village - Italy Family Hotels","isPartOf":{"@id":"https:\/\/www.italyfamilyhotels.it\/#website"},"datePublished":"2023-12-18T13:40:49+00:00","dateModified":"2024-02-06T14:08:15+00:00","breadcrumb":{"@id":"https:\/\/www.italyfamilyhotels.it\/fr\/hotels\/le-palme-family-beach-village#breadcrumb"},"inLanguage":"fr-FR","potentialAction":[{"@type":"ReadAction","target":["https:\/\/www.italyfamilyhotels.it\/fr\/hotels\/le-palme-family-beach-village"]}]},{"@type":"BreadcrumbList","@id":"https:\/\/www.italyfamilyhotels.it\/fr\/hotels\/le-palme-family-beach-village#breadcrumb","itemListElement":[{"@type":"ListItem","position":1,"name":"Home","item":"https:\/\/www.italyfamilyhotels.it\/fr"},{"@type":"ListItem","position":2,"name":"Family Hotels","item":"https:\/\/www.italyfamilyhotels.it\/fr\/hotels"},{"@type":"ListItem","position":3,"name":"Camping Palme Family Beach Village"}]},{"@type":"WebSite","@id":"https:\/\/www.italyfamilyhotels.it\/#website","url":"https:\/\/www.italyfamilyhotels.it\/","name":"Italy Family Hotels","description":"","potentialAction":[{"@type":"SearchAction","target":{"@type":"EntryPoint","urlTemplate":"https:\/\/www.italyfamilyhotels.it\/?s={search_term_string}"},"query-input":{"@type":"PropertyValueSpecification","valueRequired":true,"valueName":"search_term_string"}}],"inLanguage":"fr-FR"}]}},"_links":{"self":[{"href":"https:\/\/www.italyfamilyhotels.it\/fr\/wp-json\/wp\/v2\/pages\/55269","targetHints":{"allow":["GET"]}}],"collection":[{"href":"https:\/\/www.italyfamilyhotels.it\/fr\/wp-json\/wp\/v2\/pages"}],"about":[{"href":"https:\/\/www.italyfamilyhotels.it\/fr\/wp-json\/wp\/v2\/types\/page"}],"author":[{"embeddable":true,"href":"https:\/\/www.italyfamilyhotels.it\/fr\/wp-json\/wp\/v2\/users\/1"}],"replies":[{"embeddable":true,"href":"https:\/\/www.italyfamilyhotels.it\/fr\/wp-json\/wp\/v2\/comments?post=55269"}],"version-history":[{"count":3,"href":"https:\/\/www.italyfamilyhotels.it\/fr\/wp-json\/wp\/v2\/pages\/55269\/revisions"}],"predecessor-version":[{"id":56058,"href":"https:\/\/www.italyfamilyhotels.it\/fr\/wp-json\/wp\/v2\/pages\/55269\/revisions\/56058"}],"up":[{"embeddable":true,"href":"https:\/\/www.italyfamilyhotels.it\/fr\/wp-json\/wp\/v2\/pages\/29729"}],"wp:attachment":[{"href":"https:\/\/www.italyfamilyhotels.it\/fr\/wp-json\/wp\/v2\/media?parent=55269"}],"curies":[{"name":"wp","href":"https:\/\/api.w.org\/{rel}","templated":true}]}}