{"id":53588,"date":"2023-09-04T09:11:52","date_gmt":"2023-09-04T07:11:52","guid":{"rendered":"https:\/\/www.italyfamilyhotels.it\/?page_id=53588"},"modified":"2023-09-04T09:11:52","modified_gmt":"2023-09-04T07:11:52","slug":"les-collines-toscanes","status":"publish","type":"page","link":"https:\/\/www.italyfamilyhotels.it\/fr\/destinations\/les-collines-toscanes","title":{"rendered":"Les collines toscanes"},"content":{"rendered":"\n<p>Des \u00e9tendues de verdure et des rang\u00e9es de cypr\u00e8s ; de vieilles fermes romantiques en pierre \u00e0 perte de vue qui se parent de diff\u00e9rentes couleurs au cours des saisons&#8230; les <strong>collines toscanes<\/strong> ont une beaut\u00e9 authentique et id\u00e9ale, comme si elles \u00e9taient sorties en douce d\u2019une galerie d\u2019art, pour se poser au c\u0153ur de la r\u00e9gion !<\/p>\n\n\n\n<p>Des <strong>vacances avec les enfants en Toscane<\/strong>, parmi les douces collines et les villages enchant\u00e9s, catapultent toute la famille dans des lieux qui semblent dessin\u00e9s par la plume d\u2019un narrateur : Val d\u2019Orcia et Val di Chiana, Chianti et Crete Senesi, Valle dell\u2019Ombrone et Colline dell\u2019Albegna ou della Val di Merse, sont seulement quelques-unes des zones \u00e0 visiter \u00e0 tout prix.<\/p>\n\n\n\n<p>La <strong>Toscane pour les enfants <\/strong>est une destination curieuse, cr\u00e9ative, ludique et p\u00e9dagogique, car toute la zone collinaire h\u00e9berge des lieux uniques et un peu f\u00e9\u00e9riques. Un exemple&nbsp;? Eh bien, certainement l\u2019<strong>\u00e9p\u00e9e dans le rocher <\/strong>\u00e0 l\u2019Ermitage de Montesiepi, avec la tr\u00e8s proche Abbaye de San Galgano, le magique <strong>Parc de Pinocchio<\/strong> \u00e0 Collodi, l\u2019onirique <strong>Jardin des Tarots <\/strong>de Garavicchio, le<strong> Jardin Volant<\/strong> de Pistoia et le <strong>Mus\u00e9e de la Pr\u00e9histoire<\/strong> \u00e0 Cetona.<\/p>\n\n\n\n<p>Les <strong>collines toscanes<\/strong> se distinguent \u00e9galement par la pr\u00e9sence de quelques-uns des plus beaux <strong>villages et des villes de toute l\u2019Italie<\/strong>, des exemples uniques \u00e0 explorer durant des <strong>vacances en famille<\/strong>, comme San Gimignano, d\u00e9finie comme la \u00ab&nbsp;Manhattan du Moyen-\u00e2ge&nbsp;\u00bb, Anchiano et Vinci qui abritent respectivement la maison natale de L\u00e9onard de Vinci et le Mus\u00e9e L\u00e9onardien, Bagno Vignoni avec son magnifique bassin, Pienza, Montepulciano, la monumentale Volterra et la surprenante Lucques.<\/p>\n","protected":false},"excerpt":{"rendered":"<p>Des \u00e9tendues de verdure et des rang\u00e9es de cypr\u00e8s ; de vieilles fermes romantiques en pierre \u00e0 perte de vue qui se parent de diff\u00e9rentes couleurs au cours des saisons&#8230; les collines toscanes ont une beaut\u00e9 authentique et id\u00e9ale, comme si elles \u00e9taient sorties en douce d\u2019une galerie d\u2019art, pour se poser au c\u0153ur de &hellip;<\/p>\n","protected":false},"author":167,"featured_media":0,"parent":43316,"menu_order":0,"comment_status":"closed","ping_status":"closed","template":"page-templates\/scheda_destinazione.php","meta":{"_acf_changed":false,"inline_featured_image":false,"footnotes":""},"class_list":["post-53588","page","type-page","status-publish","hentry"],"acf":[],"yoast_head":"<!-- This site is optimized with the Yoast SEO plugin v27.1 - https:\/\/yoast.com\/product\/yoast-seo-wordpress\/ -->\n<title>Des H\u00f4tels pour les Familles sur les collines toscanes : les meilleurs Italy Family Hotels<\/title>\n<meta name=\"description\" content=\"Un devis super-rapide par e-mail ! Choisissez votre family hotel sur les collines toscanes pour vos vacances avec les enfants.\" \/>\n<meta name=\"robots\" content=\"index, follow, max-snippet:-1, max-image-preview:large, max-video-preview:-1\" \/>\n<link rel=\"canonical\" href=\"https:\/\/www.italyfamilyhotels.it\/fr\/destinations\/les-collines-toscanes\" \/>\n<meta property=\"og:locale\" content=\"fr_FR\" \/>\n<meta property=\"og:type\" content=\"article\" \/>\n<meta property=\"og:title\" content=\"Des H\u00f4tels pour les Familles sur les collines toscanes : les meilleurs Italy Family Hotels\" \/>\n<meta property=\"og:description\" content=\"Un devis super-rapide par e-mail ! Choisissez votre family hotel sur les collines toscanes pour vos vacances avec les enfants.\" \/>\n<meta property=\"og:url\" content=\"https:\/\/www.italyfamilyhotels.it\/fr\/destinations\/les-collines-toscanes\" \/>\n<meta property=\"og:site_name\" content=\"Italy Family Hotels\" \/>\n<meta property=\"article:publisher\" content=\"https:\/\/www.facebook.com\/ItalyFamilyHotels\/\" \/>\n<meta name=\"twitter:card\" content=\"summary_large_image\" \/>\n<meta name=\"twitter:label1\" content=\"Dur\u00e9e de lecture estim\u00e9e\" \/>\n\t<meta name=\"twitter:data1\" content=\"1 minute\" \/>\n<script type=\"application\/ld+json\" class=\"yoast-schema-graph\">{\"@context\":\"https:\/\/schema.org\",\"@graph\":[{\"@type\":\"WebPage\",\"@id\":\"https:\/\/www.italyfamilyhotels.it\/fr\/destinations\/les-collines-toscanes\",\"url\":\"https:\/\/www.italyfamilyhotels.it\/fr\/destinations\/les-collines-toscanes\",\"name\":\"Des H\u00f4tels pour les Familles sur les collines toscanes : les meilleurs Italy Family Hotels\",\"isPartOf\":{\"@id\":\"https:\/\/www.italyfamilyhotels.it\/#website\"},\"datePublished\":\"2023-09-04T07:11:52+00:00\",\"description\":\"Un devis super-rapide par e-mail ! Choisissez votre family hotel sur les collines toscanes pour vos vacances avec les enfants.\",\"breadcrumb\":{\"@id\":\"https:\/\/www.italyfamilyhotels.it\/fr\/destinations\/les-collines-toscanes#breadcrumb\"},\"inLanguage\":\"fr-FR\",\"potentialAction\":[{\"@type\":\"ReadAction\",\"target\":[\"https:\/\/www.italyfamilyhotels.it\/fr\/destinations\/les-collines-toscanes\"]}]},{\"@type\":\"BreadcrumbList\",\"@id\":\"https:\/\/www.italyfamilyhotels.it\/fr\/destinations\/les-collines-toscanes#breadcrumb\",\"itemListElement\":[{\"@type\":\"ListItem\",\"position\":1,\"name\":\"Home\",\"item\":\"https:\/\/www.italyfamilyhotels.it\/fr\"},{\"@type\":\"ListItem\",\"position\":2,\"name\":\"Destinations\",\"item\":\"https:\/\/www.italyfamilyhotels.it\/fr\/destinations\"},{\"@type\":\"ListItem\",\"position\":3,\"name\":\"Les collines toscanes\"}]},{\"@type\":\"WebSite\",\"@id\":\"https:\/\/www.italyfamilyhotels.it\/#website\",\"url\":\"https:\/\/www.italyfamilyhotels.it\/\",\"name\":\"Italy Family Hotels\",\"description\":\"\",\"potentialAction\":[{\"@type\":\"SearchAction\",\"target\":{\"@type\":\"EntryPoint\",\"urlTemplate\":\"https:\/\/www.italyfamilyhotels.it\/?s={search_term_string}\"},\"query-input\":{\"@type\":\"PropertyValueSpecification\",\"valueRequired\":true,\"valueName\":\"search_term_string\"}}],\"inLanguage\":\"fr-FR\"}]}<\/script>\n<!-- \/ Yoast SEO plugin. -->","yoast_head_json":{"title":"Des H\u00f4tels pour les Familles sur les collines toscanes : les meilleurs Italy Family Hotels","description":"Un devis super-rapide par e-mail ! Choisissez votre family hotel sur les collines toscanes pour vos vacances avec les enfants.","robots":{"index":"index","follow":"follow","max-snippet":"max-snippet:-1","max-image-preview":"max-image-preview:large","max-video-preview":"max-video-preview:-1"},"canonical":"https:\/\/www.italyfamilyhotels.it\/fr\/destinations\/les-collines-toscanes","og_locale":"fr_FR","og_type":"article","og_title":"Des H\u00f4tels pour les Familles sur les collines toscanes : les meilleurs Italy Family Hotels","og_description":"Un devis super-rapide par e-mail ! Choisissez votre family hotel sur les collines toscanes pour vos vacances avec les enfants.","og_url":"https:\/\/www.italyfamilyhotels.it\/fr\/destinations\/les-collines-toscanes","og_site_name":"Italy Family Hotels","article_publisher":"https:\/\/www.facebook.com\/ItalyFamilyHotels\/","twitter_card":"summary_large_image","twitter_misc":{"Dur\u00e9e de lecture estim\u00e9e":"1 minute"},"schema":{"@context":"https:\/\/schema.org","@graph":[{"@type":"WebPage","@id":"https:\/\/www.italyfamilyhotels.it\/fr\/destinations\/les-collines-toscanes","url":"https:\/\/www.italyfamilyhotels.it\/fr\/destinations\/les-collines-toscanes","name":"Des H\u00f4tels pour les Familles sur les collines toscanes : les meilleurs Italy Family Hotels","isPartOf":{"@id":"https:\/\/www.italyfamilyhotels.it\/#website"},"datePublished":"2023-09-04T07:11:52+00:00","description":"Un devis super-rapide par e-mail ! Choisissez votre family hotel sur les collines toscanes pour vos vacances avec les enfants.","breadcrumb":{"@id":"https:\/\/www.italyfamilyhotels.it\/fr\/destinations\/les-collines-toscanes#breadcrumb"},"inLanguage":"fr-FR","potentialAction":[{"@type":"ReadAction","target":["https:\/\/www.italyfamilyhotels.it\/fr\/destinations\/les-collines-toscanes"]}]},{"@type":"BreadcrumbList","@id":"https:\/\/www.italyfamilyhotels.it\/fr\/destinations\/les-collines-toscanes#breadcrumb","itemListElement":[{"@type":"ListItem","position":1,"name":"Home","item":"https:\/\/www.italyfamilyhotels.it\/fr"},{"@type":"ListItem","position":2,"name":"Destinations","item":"https:\/\/www.italyfamilyhotels.it\/fr\/destinations"},{"@type":"ListItem","position":3,"name":"Les collines toscanes"}]},{"@type":"WebSite","@id":"https:\/\/www.italyfamilyhotels.it\/#website","url":"https:\/\/www.italyfamilyhotels.it\/","name":"Italy Family Hotels","description":"","potentialAction":[{"@type":"SearchAction","target":{"@type":"EntryPoint","urlTemplate":"https:\/\/www.italyfamilyhotels.it\/?s={search_term_string}"},"query-input":{"@type":"PropertyValueSpecification","valueRequired":true,"valueName":"search_term_string"}}],"inLanguage":"fr-FR"}]}},"_links":{"self":[{"href":"https:\/\/www.italyfamilyhotels.it\/fr\/wp-json\/wp\/v2\/pages\/53588","targetHints":{"allow":["GET"]}}],"collection":[{"href":"https:\/\/www.italyfamilyhotels.it\/fr\/wp-json\/wp\/v2\/pages"}],"about":[{"href":"https:\/\/www.italyfamilyhotels.it\/fr\/wp-json\/wp\/v2\/types\/page"}],"author":[{"embeddable":true,"href":"https:\/\/www.italyfamilyhotels.it\/fr\/wp-json\/wp\/v2\/users\/167"}],"replies":[{"embeddable":true,"href":"https:\/\/www.italyfamilyhotels.it\/fr\/wp-json\/wp\/v2\/comments?post=53588"}],"version-history":[{"count":2,"href":"https:\/\/www.italyfamilyhotels.it\/fr\/wp-json\/wp\/v2\/pages\/53588\/revisions"}],"predecessor-version":[{"id":53593,"href":"https:\/\/www.italyfamilyhotels.it\/fr\/wp-json\/wp\/v2\/pages\/53588\/revisions\/53593"}],"up":[{"embeddable":true,"href":"https:\/\/www.italyfamilyhotels.it\/fr\/wp-json\/wp\/v2\/pages\/43316"}],"wp:attachment":[{"href":"https:\/\/www.italyfamilyhotels.it\/fr\/wp-json\/wp\/v2\/media?parent=53588"}],"curies":[{"name":"wp","href":"https:\/\/api.w.org\/{rel}","templated":true}]}}