{"id":50756,"date":"2023-08-09T10:40:15","date_gmt":"2023-08-09T08:40:15","guid":{"rendered":"https:\/\/www.italyfamilyhotels.it\/hotels\/hotel-fameli"},"modified":"2023-09-06T12:51:24","modified_gmt":"2023-09-06T10:51:24","slug":"hotel-fameli","status":"publish","type":"page","link":"https:\/\/www.italyfamilyhotels.it\/fr\/hotels\/hotel-fameli","title":{"rendered":"Hotel Fameli"},"content":{"rendered":"\n<p>Au <b>Family Hotel Fameli de Valdaora<\/b> \u00e0 Plan de Corones, nous souhaitons que les vacances soient une \u00ab\u00a0joie qui fait briller les yeux\u00a0\u00bb, \u00e0 travers la beaut\u00e9 des paysages des <b>Dolomites <\/b>dont notre h\u00f4tel est entour\u00e9, l\u2019atmosph\u00e8re d\u00e9tendue, les c\u00e2lins et les attentions que nous r\u00e9servons \u00e0 toutes les familles.<\/p>\n\n\n\n<p>Les vacances sont avant tout un moment pour faire une pause et se retrouver, en collectionnant des instants merveilleux \u00e0 ramener chez soi comme un doux souvenir\u00a0! Le territoire magique qui nous entoure permet aux familles de vivre des <b>exp\u00e9riences fantastiques dans la nature<\/b> tant en <b>\u00e9t\u00e9 <\/b>qu\u2019en <b>hiver<\/b>, \u00e0 vivre en toute tranquillit\u00e9 car c\u2019est nous qui nous chargeons d\u2019<b>organiser des activit\u00e9s<\/b> et des aventures \u00e0 la port\u00e9e de tous, m\u00eame pour ceux qui ont de tr\u00e8s jeunes enfants, vu que nous choisissons des sentiers simples \u00e0 parcourir avec la poussette.<\/p>\n\n\n\n<p>Ici, \u00e0 l\u2019h\u00f4tel, chaque espace a \u00e9t\u00e9 con\u00e7u pour offrir aux enfants et aux parents le type de vacances qui ressemble beaucoup \u00e0 un conte de f\u00e9es\u00a0: <b>75 heures par semaine d\u2019animation<\/b> \u00e0 partir de 2 ans, un <b>sauna family<\/b> et <b>3 magnifiques piscines chauff\u00e9es<\/b>\u00a0: la Sky Pool externe, o\u00f9 vous pourrez nager parmi les reflets des montagnes et de la v\u00e9g\u00e9tation \u00e0 perte de vue\u00a0; la Family Relax Pool et la Family Fun Pool pour vous \u00e9battre entre les plongeons et les jeux aquatiques\u00a0!<\/p>\n\n\n\n<p>Si vous souhaitez vous accorder un apr\u00e8s-midi de<b> d\u00e9tente exclusif pour votre couple<\/b>, confiez vos enfants \u00e0 l\u2019\u00e9quipe du Mini Club, et ressourcez-vous avec <b>Spa Moments<\/b> entre le sauna finlandais, le Biosauna, le bain turc et les soins bien-\u00eatre. En outre, nous avons de grandes <b>Suites Family avec Spa<\/b>, o\u00f9 vous pourrez passer des instants de d\u00e9tente en toute intimit\u00e9.<\/p>\n\n\n\n<p>Nous aimons penser au plus petit d\u00e9tail pour que votre famille se sente toujours g\u00e2t\u00e9e et au centre de l\u2019attention, m\u00eame \u00e0 travers une <b>exp\u00e9rience \u0153nogastronomique cr\u00e9ative<\/b>, durable et locale, ou bien en vous garantissant tous les meilleurs <b>services pour les enfants <\/b>toujours \u00e0 disposition, du baby kit dans la chambre et dans la salle \u00e0 manger, jusqu\u2019\u00e0 la possibilit\u00e9 pour vos enfants de <b>d\u00e9jeuner et d\u00eener avec les animateurs<\/b> dans la <b>Kids Area <\/b>avec des plats sains et frais, en vous laissant la tranquillit\u00e9 de d\u00e9guster nos sp\u00e9cialit\u00e9s et un bon verre de vin tandis, qu\u2019ils socialisent avec d&#039;autres h\u00f4tes\u00a0!<\/p>\n","protected":false},"excerpt":{"rendered":"<p>Au Family Hotel Fameli de Valdaora \u00e0 Plan de Corones, nous souhaitons que les vacances soient une \u00ab\u00a0joie qui fait briller les yeux\u00a0\u00bb, \u00e0 travers la beaut\u00e9 des paysages des Dolomites dont notre h\u00f4tel est entour\u00e9, l\u2019atmosph\u00e8re d\u00e9tendue, les c\u00e2lins et les attentions que nous r\u00e9servons \u00e0 toutes les familles. Les vacances sont avant tout &hellip;<\/p>\n","protected":false},"author":1,"featured_media":0,"parent":29729,"menu_order":0,"comment_status":"closed","ping_status":"closed","template":"page-templates\/scheda_hotel.php","meta":{"_acf_changed":false,"inline_featured_image":false,"footnotes":""},"class_list":["post-50756","page","type-page","status-publish","hentry"],"acf":[],"yoast_head":"<!-- This site is optimized with the Yoast SEO plugin v27.1 - https:\/\/yoast.com\/product\/yoast-seo-wordpress\/ -->\n<title>H\u00f4tel Fameli 4 \u00e9toiles Superior, Valdaora<\/title>\n<meta name=\"description\" content=\"Envie de vacances en famille\u00a0? D\u00e9couvrez les offres pour les familles de l&#039;Hotel Fameli \u00e0 Valdaora \u00e0 Plan de Corones\" \/>\n<meta name=\"robots\" content=\"index, follow, max-snippet:-1, max-image-preview:large, max-video-preview:-1\" \/>\n<link rel=\"canonical\" href=\"https:\/\/www.italyfamilyhotels.it\/fr\/hotels\/hotel-fameli\" \/>\n<meta property=\"og:locale\" content=\"fr_FR\" \/>\n<meta property=\"og:type\" content=\"article\" \/>\n<meta property=\"og:title\" content=\"H\u00f4tel Fameli 4 \u00e9toiles Superior, Valdaora\" \/>\n<meta property=\"og:description\" content=\"Envie de vacances en famille\u00a0? D\u00e9couvrez les offres pour les familles de l&#039;Hotel Fameli \u00e0 Valdaora \u00e0 Plan de Corones\" \/>\n<meta property=\"og:url\" content=\"https:\/\/www.italyfamilyhotels.it\/fr\/hotels\/hotel-fameli\" \/>\n<meta property=\"og:site_name\" content=\"Italy Family Hotels\" \/>\n<meta property=\"article:publisher\" content=\"https:\/\/www.facebook.com\/ItalyFamilyHotels\/\" \/>\n<meta property=\"article:modified_time\" content=\"2023-09-06T10:51:24+00:00\" \/>\n<meta name=\"twitter:card\" content=\"summary_large_image\" \/>\n<meta name=\"twitter:label1\" content=\"Dur\u00e9e de lecture estim\u00e9e\" \/>\n\t<meta name=\"twitter:data1\" content=\"2 minutes\" \/>\n<script type=\"application\/ld+json\" class=\"yoast-schema-graph\">{\"@context\":\"https:\/\/schema.org\",\"@graph\":[{\"@type\":\"WebPage\",\"@id\":\"https:\/\/www.italyfamilyhotels.it\/fr\/hotels\/hotel-fameli\",\"url\":\"https:\/\/www.italyfamilyhotels.it\/fr\/hotels\/hotel-fameli\",\"name\":\"H\u00f4tel Fameli 4 \u00e9toiles Superior, Valdaora\",\"isPartOf\":{\"@id\":\"https:\/\/www.italyfamilyhotels.it\/#website\"},\"datePublished\":\"2023-08-09T08:40:15+00:00\",\"dateModified\":\"2023-09-06T10:51:24+00:00\",\"description\":\"Envie de vacances en famille\u00a0? D\u00e9couvrez les offres pour les familles de l'Hotel Fameli \u00e0 Valdaora \u00e0 Plan de Corones\",\"breadcrumb\":{\"@id\":\"https:\/\/www.italyfamilyhotels.it\/fr\/hotels\/hotel-fameli#breadcrumb\"},\"inLanguage\":\"fr-FR\",\"potentialAction\":[{\"@type\":\"ReadAction\",\"target\":[\"https:\/\/www.italyfamilyhotels.it\/fr\/hotels\/hotel-fameli\"]}]},{\"@type\":\"BreadcrumbList\",\"@id\":\"https:\/\/www.italyfamilyhotels.it\/fr\/hotels\/hotel-fameli#breadcrumb\",\"itemListElement\":[{\"@type\":\"ListItem\",\"position\":1,\"name\":\"Home\",\"item\":\"https:\/\/www.italyfamilyhotels.it\/fr\"},{\"@type\":\"ListItem\",\"position\":2,\"name\":\"Family Hotels\",\"item\":\"https:\/\/www.italyfamilyhotels.it\/fr\/hotels\"},{\"@type\":\"ListItem\",\"position\":3,\"name\":\"Hotel Fameli\"}]},{\"@type\":\"WebSite\",\"@id\":\"https:\/\/www.italyfamilyhotels.it\/#website\",\"url\":\"https:\/\/www.italyfamilyhotels.it\/\",\"name\":\"Italy Family Hotels\",\"description\":\"\",\"potentialAction\":[{\"@type\":\"SearchAction\",\"target\":{\"@type\":\"EntryPoint\",\"urlTemplate\":\"https:\/\/www.italyfamilyhotels.it\/?s={search_term_string}\"},\"query-input\":{\"@type\":\"PropertyValueSpecification\",\"valueRequired\":true,\"valueName\":\"search_term_string\"}}],\"inLanguage\":\"fr-FR\"}]}<\/script>\n<!-- \/ Yoast SEO plugin. -->","yoast_head_json":{"title":"H\u00f4tel Fameli 4 \u00e9toiles Superior, Valdaora","description":"Envie de vacances en famille\u00a0? D\u00e9couvrez les offres pour les familles de l'Hotel Fameli \u00e0 Valdaora \u00e0 Plan de Corones","robots":{"index":"index","follow":"follow","max-snippet":"max-snippet:-1","max-image-preview":"max-image-preview:large","max-video-preview":"max-video-preview:-1"},"canonical":"https:\/\/www.italyfamilyhotels.it\/fr\/hotels\/hotel-fameli","og_locale":"fr_FR","og_type":"article","og_title":"H\u00f4tel Fameli 4 \u00e9toiles Superior, Valdaora","og_description":"Envie de vacances en famille\u00a0? D\u00e9couvrez les offres pour les familles de l'Hotel Fameli \u00e0 Valdaora \u00e0 Plan de Corones","og_url":"https:\/\/www.italyfamilyhotels.it\/fr\/hotels\/hotel-fameli","og_site_name":"Italy Family Hotels","article_publisher":"https:\/\/www.facebook.com\/ItalyFamilyHotels\/","article_modified_time":"2023-09-06T10:51:24+00:00","twitter_card":"summary_large_image","twitter_misc":{"Dur\u00e9e de lecture estim\u00e9e":"2 minutes"},"schema":{"@context":"https:\/\/schema.org","@graph":[{"@type":"WebPage","@id":"https:\/\/www.italyfamilyhotels.it\/fr\/hotels\/hotel-fameli","url":"https:\/\/www.italyfamilyhotels.it\/fr\/hotels\/hotel-fameli","name":"H\u00f4tel Fameli 4 \u00e9toiles Superior, Valdaora","isPartOf":{"@id":"https:\/\/www.italyfamilyhotels.it\/#website"},"datePublished":"2023-08-09T08:40:15+00:00","dateModified":"2023-09-06T10:51:24+00:00","description":"Envie de vacances en famille\u00a0? D\u00e9couvrez les offres pour les familles de l'Hotel Fameli \u00e0 Valdaora \u00e0 Plan de Corones","breadcrumb":{"@id":"https:\/\/www.italyfamilyhotels.it\/fr\/hotels\/hotel-fameli#breadcrumb"},"inLanguage":"fr-FR","potentialAction":[{"@type":"ReadAction","target":["https:\/\/www.italyfamilyhotels.it\/fr\/hotels\/hotel-fameli"]}]},{"@type":"BreadcrumbList","@id":"https:\/\/www.italyfamilyhotels.it\/fr\/hotels\/hotel-fameli#breadcrumb","itemListElement":[{"@type":"ListItem","position":1,"name":"Home","item":"https:\/\/www.italyfamilyhotels.it\/fr"},{"@type":"ListItem","position":2,"name":"Family Hotels","item":"https:\/\/www.italyfamilyhotels.it\/fr\/hotels"},{"@type":"ListItem","position":3,"name":"Hotel Fameli"}]},{"@type":"WebSite","@id":"https:\/\/www.italyfamilyhotels.it\/#website","url":"https:\/\/www.italyfamilyhotels.it\/","name":"Italy Family Hotels","description":"","potentialAction":[{"@type":"SearchAction","target":{"@type":"EntryPoint","urlTemplate":"https:\/\/www.italyfamilyhotels.it\/?s={search_term_string}"},"query-input":{"@type":"PropertyValueSpecification","valueRequired":true,"valueName":"search_term_string"}}],"inLanguage":"fr-FR"}]}},"_links":{"self":[{"href":"https:\/\/www.italyfamilyhotels.it\/fr\/wp-json\/wp\/v2\/pages\/50756","targetHints":{"allow":["GET"]}}],"collection":[{"href":"https:\/\/www.italyfamilyhotels.it\/fr\/wp-json\/wp\/v2\/pages"}],"about":[{"href":"https:\/\/www.italyfamilyhotels.it\/fr\/wp-json\/wp\/v2\/types\/page"}],"author":[{"embeddable":true,"href":"https:\/\/www.italyfamilyhotels.it\/fr\/wp-json\/wp\/v2\/users\/1"}],"replies":[{"embeddable":true,"href":"https:\/\/www.italyfamilyhotels.it\/fr\/wp-json\/wp\/v2\/comments?post=50756"}],"version-history":[{"count":4,"href":"https:\/\/www.italyfamilyhotels.it\/fr\/wp-json\/wp\/v2\/pages\/50756\/revisions"}],"predecessor-version":[{"id":53857,"href":"https:\/\/www.italyfamilyhotels.it\/fr\/wp-json\/wp\/v2\/pages\/50756\/revisions\/53857"}],"up":[{"embeddable":true,"href":"https:\/\/www.italyfamilyhotels.it\/fr\/wp-json\/wp\/v2\/pages\/29729"}],"wp:attachment":[{"href":"https:\/\/www.italyfamilyhotels.it\/fr\/wp-json\/wp\/v2\/media?parent=50756"}],"curies":[{"name":"wp","href":"https:\/\/api.w.org\/{rel}","templated":true}]}}