{"id":50710,"date":"2023-08-01T17:07:32","date_gmt":"2023-08-01T15:07:32","guid":{"rendered":"https:\/\/www.italyfamilyhotels.it\/destinations\/frioul-venetie-julienne\/lignano-sabbiadoro"},"modified":"2023-08-02T09:37:52","modified_gmt":"2023-08-02T07:37:52","slug":"lignano-sabbiadoro","status":"publish","type":"page","link":"https:\/\/www.italyfamilyhotels.it\/fr\/destinations\/frioul-venetie-julienne\/lignano-sabbiadoro","title":{"rendered":"Lignano Sabbiadoro"},"content":{"rendered":"\n<p><b>Lignano Sabbiadoro<\/b> est une localit\u00e9 <b>familiale dans le Frioul-V\u00e9n\u00e9tie-Julienne<\/b>, caract\u00e9ris\u00e9e par plusieurs kilom\u00e8tres de plages \u00e9quip\u00e9es, \u00e9galement r\u00e9compens\u00e9es par le titre de <b>Drapeau vert des p\u00e9diatres italiens<\/b>. Outre les sports nautiques classiques &#8211; natation, voile, cano\u00eb, surf et planche \u00e0 voile &#8211; vous pourrez \u00e9galement partager avec les enfants des activit\u00e9s nautiques ludiques telles que le <b>banana Boat <\/b>et le <b>tubing<\/b>. De plus, sur les plages, vous trouverez toujours des <b>animations aussi bien pour adultes que pour enfants&nbsp;<\/b>!<\/p>\n\n\n\n<p>Et si la plage ne vous suffit pas, optez pour le p\u00e9tillant <b>Aquasplash<\/b>,<b> le parc aquatique de Lignano Sabbiadoro<\/b>, qui saura mettre d\u2019accord les enfants et les adultes de tous \u00e2ges, avec des toboggans, des piscines, des zones de bain \u00e0 remous et des attractions pour enfants telles que le Dinoscivolo et les mini bateaux pirates. \u00c0 Lignano Sabbiadoro, vous pouvez faire vivre \u00e0 vos enfants une rencontre passionnante avec des girafes, des l\u00e9muriens, des tortues des Seychelles et de nombreuses autres esp\u00e8ces, au <b>Parc zoologique de Punta Verde<\/b>, et pourquoi pas des exp\u00e9riences sp\u00e9ciales comme des promenades au cr\u00e9puscule ou le go\u00fbter avec les animaux.<\/p>\n\n\n\n<p>Vous y trouverez \u00e9galement des parcs d&#8217;attractions tels que <b>I Gommosi<\/b> ou encore <b>Parco Junior<\/b> avec 25 000 m\u00e8tres carr\u00e9s de jeux et la fantastique <b>Pirates Island<\/b>, une innovante <b>aire de jeux inclusive sur le sable<\/b>, o\u00f9 tous les enfants pourront s&#8217;amuser en toute s\u00e9curit\u00e9.<\/p>\n","protected":false},"excerpt":{"rendered":"<p>Lignano Sabbiadoro est une localit\u00e9 familiale dans le Frioul-V\u00e9n\u00e9tie-Julienne, caract\u00e9ris\u00e9e par plusieurs kilom\u00e8tres de plages \u00e9quip\u00e9es, \u00e9galement r\u00e9compens\u00e9es par le titre de Drapeau vert des p\u00e9diatres italiens. Outre les sports nautiques classiques &#8211; natation, voile, cano\u00eb, surf et planche \u00e0 voile &#8211; vous pourrez \u00e9galement partager avec les enfants des activit\u00e9s nautiques ludiques telles que &hellip;<\/p>\n","protected":false},"author":167,"featured_media":0,"parent":45274,"menu_order":0,"comment_status":"closed","ping_status":"closed","template":"page-templates\/scheda_localita.php","meta":{"_acf_changed":false,"inline_featured_image":false,"footnotes":""},"class_list":["post-50710","page","type-page","status-publish","hentry"],"acf":[],"yoast_head":"<!-- This site is optimized with the Yoast SEO plugin v27.1 - https:\/\/yoast.com\/product\/yoast-seo-wordpress\/ -->\n<title>H\u00f4tels pour familles \u00e0 Lignano Sabbiadoro\u00a0: les meilleurs Family Hotel<\/title>\n<meta name=\"description\" content=\"Envie de vacances en famille\u00a0? Nous avons s\u00e9lectionn\u00e9 les meilleurs h\u00f4tels pour familles et Family Hotels \u00e0 Lignano Sabbiadoro\" \/>\n<meta name=\"robots\" content=\"index, follow, max-snippet:-1, max-image-preview:large, max-video-preview:-1\" \/>\n<link rel=\"canonical\" href=\"https:\/\/www.italyfamilyhotels.it\/fr\/destinations\/frioul-venetie-julienne\/lignano-sabbiadoro\" \/>\n<meta property=\"og:locale\" content=\"fr_FR\" \/>\n<meta property=\"og:type\" content=\"article\" \/>\n<meta property=\"og:title\" content=\"H\u00f4tels pour familles \u00e0 Lignano Sabbiadoro\u00a0: les meilleurs Family Hotel\" \/>\n<meta property=\"og:description\" content=\"Envie de vacances en famille\u00a0? Nous avons s\u00e9lectionn\u00e9 les meilleurs h\u00f4tels pour familles et Family Hotels \u00e0 Lignano Sabbiadoro\" \/>\n<meta property=\"og:url\" content=\"https:\/\/www.italyfamilyhotels.it\/fr\/destinations\/frioul-venetie-julienne\/lignano-sabbiadoro\" \/>\n<meta property=\"og:site_name\" content=\"Italy Family Hotels\" \/>\n<meta property=\"article:publisher\" content=\"https:\/\/www.facebook.com\/ItalyFamilyHotels\/\" \/>\n<meta property=\"article:modified_time\" content=\"2023-08-02T07:37:52+00:00\" \/>\n<meta name=\"twitter:card\" content=\"summary_large_image\" \/>\n<meta name=\"twitter:label1\" content=\"Dur\u00e9e de lecture estim\u00e9e\" \/>\n\t<meta name=\"twitter:data1\" content=\"1 minute\" \/>\n<script type=\"application\/ld+json\" class=\"yoast-schema-graph\">{\"@context\":\"https:\/\/schema.org\",\"@graph\":[{\"@type\":\"WebPage\",\"@id\":\"https:\/\/www.italyfamilyhotels.it\/fr\/destinations\/frioul-venetie-julienne\/lignano-sabbiadoro\",\"url\":\"https:\/\/www.italyfamilyhotels.it\/fr\/destinations\/frioul-venetie-julienne\/lignano-sabbiadoro\",\"name\":\"H\u00f4tels pour familles \u00e0 Lignano Sabbiadoro\u00a0: les meilleurs Family Hotel\",\"isPartOf\":{\"@id\":\"https:\/\/www.italyfamilyhotels.it\/#website\"},\"datePublished\":\"2023-08-01T15:07:32+00:00\",\"dateModified\":\"2023-08-02T07:37:52+00:00\",\"description\":\"Envie de vacances en famille\u00a0? Nous avons s\u00e9lectionn\u00e9 les meilleurs h\u00f4tels pour familles et Family Hotels \u00e0 Lignano Sabbiadoro\",\"breadcrumb\":{\"@id\":\"https:\/\/www.italyfamilyhotels.it\/fr\/destinations\/frioul-venetie-julienne\/lignano-sabbiadoro#breadcrumb\"},\"inLanguage\":\"fr-FR\",\"potentialAction\":[{\"@type\":\"ReadAction\",\"target\":[\"https:\/\/www.italyfamilyhotels.it\/fr\/destinations\/frioul-venetie-julienne\/lignano-sabbiadoro\"]}]},{\"@type\":\"BreadcrumbList\",\"@id\":\"https:\/\/www.italyfamilyhotels.it\/fr\/destinations\/frioul-venetie-julienne\/lignano-sabbiadoro#breadcrumb\",\"itemListElement\":[{\"@type\":\"ListItem\",\"position\":1,\"name\":\"Home\",\"item\":\"https:\/\/www.italyfamilyhotels.it\/fr\"},{\"@type\":\"ListItem\",\"position\":2,\"name\":\"Destinations\",\"item\":\"https:\/\/www.italyfamilyhotels.it\/fr\/destinations\"},{\"@type\":\"ListItem\",\"position\":3,\"name\":\"Frioul-V\u00e9n\u00e9tie-Julienne\",\"item\":\"https:\/\/www.italyfamilyhotels.it\/fr\/destinations\/frioul-venetie-julienne\"},{\"@type\":\"ListItem\",\"position\":4,\"name\":\"Lignano Sabbiadoro\"}]},{\"@type\":\"WebSite\",\"@id\":\"https:\/\/www.italyfamilyhotels.it\/#website\",\"url\":\"https:\/\/www.italyfamilyhotels.it\/\",\"name\":\"Italy Family Hotels\",\"description\":\"\",\"potentialAction\":[{\"@type\":\"SearchAction\",\"target\":{\"@type\":\"EntryPoint\",\"urlTemplate\":\"https:\/\/www.italyfamilyhotels.it\/?s={search_term_string}\"},\"query-input\":{\"@type\":\"PropertyValueSpecification\",\"valueRequired\":true,\"valueName\":\"search_term_string\"}}],\"inLanguage\":\"fr-FR\"}]}<\/script>\n<!-- \/ Yoast SEO plugin. -->","yoast_head_json":{"title":"H\u00f4tels pour familles \u00e0 Lignano Sabbiadoro\u00a0: les meilleurs Family Hotel","description":"Envie de vacances en famille\u00a0? Nous avons s\u00e9lectionn\u00e9 les meilleurs h\u00f4tels pour familles et Family Hotels \u00e0 Lignano Sabbiadoro","robots":{"index":"index","follow":"follow","max-snippet":"max-snippet:-1","max-image-preview":"max-image-preview:large","max-video-preview":"max-video-preview:-1"},"canonical":"https:\/\/www.italyfamilyhotels.it\/fr\/destinations\/frioul-venetie-julienne\/lignano-sabbiadoro","og_locale":"fr_FR","og_type":"article","og_title":"H\u00f4tels pour familles \u00e0 Lignano Sabbiadoro\u00a0: les meilleurs Family Hotel","og_description":"Envie de vacances en famille\u00a0? Nous avons s\u00e9lectionn\u00e9 les meilleurs h\u00f4tels pour familles et Family Hotels \u00e0 Lignano Sabbiadoro","og_url":"https:\/\/www.italyfamilyhotels.it\/fr\/destinations\/frioul-venetie-julienne\/lignano-sabbiadoro","og_site_name":"Italy Family Hotels","article_publisher":"https:\/\/www.facebook.com\/ItalyFamilyHotels\/","article_modified_time":"2023-08-02T07:37:52+00:00","twitter_card":"summary_large_image","twitter_misc":{"Dur\u00e9e de lecture estim\u00e9e":"1 minute"},"schema":{"@context":"https:\/\/schema.org","@graph":[{"@type":"WebPage","@id":"https:\/\/www.italyfamilyhotels.it\/fr\/destinations\/frioul-venetie-julienne\/lignano-sabbiadoro","url":"https:\/\/www.italyfamilyhotels.it\/fr\/destinations\/frioul-venetie-julienne\/lignano-sabbiadoro","name":"H\u00f4tels pour familles \u00e0 Lignano Sabbiadoro\u00a0: les meilleurs Family Hotel","isPartOf":{"@id":"https:\/\/www.italyfamilyhotels.it\/#website"},"datePublished":"2023-08-01T15:07:32+00:00","dateModified":"2023-08-02T07:37:52+00:00","description":"Envie de vacances en famille\u00a0? Nous avons s\u00e9lectionn\u00e9 les meilleurs h\u00f4tels pour familles et Family Hotels \u00e0 Lignano Sabbiadoro","breadcrumb":{"@id":"https:\/\/www.italyfamilyhotels.it\/fr\/destinations\/frioul-venetie-julienne\/lignano-sabbiadoro#breadcrumb"},"inLanguage":"fr-FR","potentialAction":[{"@type":"ReadAction","target":["https:\/\/www.italyfamilyhotels.it\/fr\/destinations\/frioul-venetie-julienne\/lignano-sabbiadoro"]}]},{"@type":"BreadcrumbList","@id":"https:\/\/www.italyfamilyhotels.it\/fr\/destinations\/frioul-venetie-julienne\/lignano-sabbiadoro#breadcrumb","itemListElement":[{"@type":"ListItem","position":1,"name":"Home","item":"https:\/\/www.italyfamilyhotels.it\/fr"},{"@type":"ListItem","position":2,"name":"Destinations","item":"https:\/\/www.italyfamilyhotels.it\/fr\/destinations"},{"@type":"ListItem","position":3,"name":"Frioul-V\u00e9n\u00e9tie-Julienne","item":"https:\/\/www.italyfamilyhotels.it\/fr\/destinations\/frioul-venetie-julienne"},{"@type":"ListItem","position":4,"name":"Lignano Sabbiadoro"}]},{"@type":"WebSite","@id":"https:\/\/www.italyfamilyhotels.it\/#website","url":"https:\/\/www.italyfamilyhotels.it\/","name":"Italy Family Hotels","description":"","potentialAction":[{"@type":"SearchAction","target":{"@type":"EntryPoint","urlTemplate":"https:\/\/www.italyfamilyhotels.it\/?s={search_term_string}"},"query-input":{"@type":"PropertyValueSpecification","valueRequired":true,"valueName":"search_term_string"}}],"inLanguage":"fr-FR"}]}},"_links":{"self":[{"href":"https:\/\/www.italyfamilyhotels.it\/fr\/wp-json\/wp\/v2\/pages\/50710","targetHints":{"allow":["GET"]}}],"collection":[{"href":"https:\/\/www.italyfamilyhotels.it\/fr\/wp-json\/wp\/v2\/pages"}],"about":[{"href":"https:\/\/www.italyfamilyhotels.it\/fr\/wp-json\/wp\/v2\/types\/page"}],"author":[{"embeddable":true,"href":"https:\/\/www.italyfamilyhotels.it\/fr\/wp-json\/wp\/v2\/users\/167"}],"replies":[{"embeddable":true,"href":"https:\/\/www.italyfamilyhotels.it\/fr\/wp-json\/wp\/v2\/comments?post=50710"}],"version-history":[{"count":2,"href":"https:\/\/www.italyfamilyhotels.it\/fr\/wp-json\/wp\/v2\/pages\/50710\/revisions"}],"predecessor-version":[{"id":50712,"href":"https:\/\/www.italyfamilyhotels.it\/fr\/wp-json\/wp\/v2\/pages\/50710\/revisions\/50712"}],"up":[{"embeddable":true,"href":"https:\/\/www.italyfamilyhotels.it\/fr\/wp-json\/wp\/v2\/pages\/45274"}],"wp:attachment":[{"href":"https:\/\/www.italyfamilyhotels.it\/fr\/wp-json\/wp\/v2\/media?parent=50710"}],"curies":[{"name":"wp","href":"https:\/\/api.w.org\/{rel}","templated":true}]}}