{"id":49810,"date":"2023-06-06T17:02:30","date_gmt":"2023-06-06T15:02:30","guid":{"rendered":"https:\/\/www.italyfamilyhotels.it\/?page_id=49810"},"modified":"2023-06-06T17:06:51","modified_gmt":"2023-06-06T15:06:51","slug":"les-marches","status":"publish","type":"page","link":"https:\/\/www.italyfamilyhotels.it\/fr\/destinations\/les-marches","title":{"rendered":"Les Marches"},"content":{"rendered":"\n<p>M\u00eame les \u00e9trangers, qui ont autrefois investi sur la c\u00f4te tyrrh\u00e9nienne, se rendent compte de ce que les <b>Marches<\/b> ont \u00e0 offrir en termes de vari\u00e9t\u00e9 paysag\u00e8re. Loin du bruit des principales stations baln\u00e9aires de la Romagne mais pas assez pour entraver le divertissement, les <b>champs cultiv\u00e9s<\/b> et les <b>collines sauvages<\/b> s\u2019\u00e9tirent en direction d\u2019une <b>mer tr\u00e8s propre<\/b>, qui borde de petites villes et des <b>plages de sable ou de galets<\/b> ancr\u00e9es dans la tradition des vacances d&#8217;autrefois, quand transats \u00e9tait synonyme de d\u00e9tente. De Pesaro \u00e0 la province d&#8217;Ascoli, splendides <b>villages<\/b>, comme Osimo ou Loreto, veillent sur le lent passage des heures de vacances dans la r\u00e9gion des Marches.<\/p>\n","protected":false},"excerpt":{"rendered":"<p>M\u00eame les \u00e9trangers, qui ont autrefois investi sur la c\u00f4te tyrrh\u00e9nienne, se rendent compte de ce que les Marches ont \u00e0 offrir en termes de vari\u00e9t\u00e9 paysag\u00e8re. Loin du bruit des principales stations baln\u00e9aires de la Romagne mais pas assez pour entraver le divertissement, les champs cultiv\u00e9s et les collines sauvages s\u2019\u00e9tirent en direction d\u2019une &hellip;<\/p>\n","protected":false},"author":2,"featured_media":0,"parent":43316,"menu_order":0,"comment_status":"closed","ping_status":"closed","template":"page-templates\/scheda_destinazione_new.php","meta":{"_acf_changed":false,"inline_featured_image":false,"footnotes":""},"class_list":["post-49810","page","type-page","status-publish","hentry"],"acf":[],"yoast_head":"<!-- This site is optimized with the Yoast SEO plugin v27.1 - https:\/\/yoast.com\/product\/yoast-seo-wordpress\/ -->\n<title>Les meilleurs H\u00f4tels pour familles dans les Marches<\/title>\n<meta name=\"description\" content=\"Devis vacances rapide par e-mail. Choisissez l&#039;h\u00f4tel id\u00e9al pour vos enfants dans les Marches. Animation et prestations familiales garanties\" \/>\n<meta name=\"robots\" content=\"index, follow, max-snippet:-1, max-image-preview:large, max-video-preview:-1\" \/>\n<link rel=\"canonical\" href=\"https:\/\/www.italyfamilyhotels.it\/fr\/destinations\/les-marches\" \/>\n<meta property=\"og:locale\" content=\"fr_FR\" \/>\n<meta property=\"og:type\" content=\"article\" \/>\n<meta property=\"og:title\" content=\"Les meilleurs H\u00f4tels pour familles dans les Marches\" \/>\n<meta property=\"og:description\" content=\"Devis vacances rapide par e-mail. Choisissez l&#039;h\u00f4tel id\u00e9al pour vos enfants dans les Marches. Animation et prestations familiales garanties\" \/>\n<meta property=\"og:url\" content=\"https:\/\/www.italyfamilyhotels.it\/fr\/destinations\/les-marches\" \/>\n<meta property=\"og:site_name\" content=\"Italy Family Hotels\" \/>\n<meta property=\"article:publisher\" content=\"https:\/\/www.facebook.com\/ItalyFamilyHotels\/\" \/>\n<meta property=\"article:modified_time\" content=\"2023-06-06T15:06:51+00:00\" \/>\n<meta name=\"twitter:card\" content=\"summary_large_image\" \/>\n<meta name=\"twitter:label1\" content=\"Dur\u00e9e de lecture estim\u00e9e\" \/>\n\t<meta name=\"twitter:data1\" content=\"1 minute\" \/>\n<script type=\"application\/ld+json\" class=\"yoast-schema-graph\">{\"@context\":\"https:\/\/schema.org\",\"@graph\":[{\"@type\":\"WebPage\",\"@id\":\"https:\/\/www.italyfamilyhotels.it\/fr\/destinations\/les-marches\",\"url\":\"https:\/\/www.italyfamilyhotels.it\/fr\/destinations\/les-marches\",\"name\":\"Les meilleurs H\u00f4tels pour familles dans les Marches\",\"isPartOf\":{\"@id\":\"https:\/\/www.italyfamilyhotels.it\/#website\"},\"datePublished\":\"2023-06-06T15:02:30+00:00\",\"dateModified\":\"2023-06-06T15:06:51+00:00\",\"description\":\"Devis vacances rapide par e-mail. Choisissez l'h\u00f4tel id\u00e9al pour vos enfants dans les Marches. Animation et prestations familiales garanties\",\"breadcrumb\":{\"@id\":\"https:\/\/www.italyfamilyhotels.it\/fr\/destinations\/les-marches#breadcrumb\"},\"inLanguage\":\"fr-FR\",\"potentialAction\":[{\"@type\":\"ReadAction\",\"target\":[\"https:\/\/www.italyfamilyhotels.it\/fr\/destinations\/les-marches\"]}]},{\"@type\":\"BreadcrumbList\",\"@id\":\"https:\/\/www.italyfamilyhotels.it\/fr\/destinations\/les-marches#breadcrumb\",\"itemListElement\":[{\"@type\":\"ListItem\",\"position\":1,\"name\":\"Home\",\"item\":\"https:\/\/www.italyfamilyhotels.it\/fr\"},{\"@type\":\"ListItem\",\"position\":2,\"name\":\"Destinations\",\"item\":\"https:\/\/www.italyfamilyhotels.it\/fr\/destinations\"},{\"@type\":\"ListItem\",\"position\":3,\"name\":\"Les Marches\"}]},{\"@type\":\"WebSite\",\"@id\":\"https:\/\/www.italyfamilyhotels.it\/#website\",\"url\":\"https:\/\/www.italyfamilyhotels.it\/\",\"name\":\"Italy Family Hotels\",\"description\":\"\",\"potentialAction\":[{\"@type\":\"SearchAction\",\"target\":{\"@type\":\"EntryPoint\",\"urlTemplate\":\"https:\/\/www.italyfamilyhotels.it\/?s={search_term_string}\"},\"query-input\":{\"@type\":\"PropertyValueSpecification\",\"valueRequired\":true,\"valueName\":\"search_term_string\"}}],\"inLanguage\":\"fr-FR\"}]}<\/script>\n<!-- \/ Yoast SEO plugin. -->","yoast_head_json":{"title":"Les meilleurs H\u00f4tels pour familles dans les Marches","description":"Devis vacances rapide par e-mail. Choisissez l'h\u00f4tel id\u00e9al pour vos enfants dans les Marches. Animation et prestations familiales garanties","robots":{"index":"index","follow":"follow","max-snippet":"max-snippet:-1","max-image-preview":"max-image-preview:large","max-video-preview":"max-video-preview:-1"},"canonical":"https:\/\/www.italyfamilyhotels.it\/fr\/destinations\/les-marches","og_locale":"fr_FR","og_type":"article","og_title":"Les meilleurs H\u00f4tels pour familles dans les Marches","og_description":"Devis vacances rapide par e-mail. Choisissez l'h\u00f4tel id\u00e9al pour vos enfants dans les Marches. Animation et prestations familiales garanties","og_url":"https:\/\/www.italyfamilyhotels.it\/fr\/destinations\/les-marches","og_site_name":"Italy Family Hotels","article_publisher":"https:\/\/www.facebook.com\/ItalyFamilyHotels\/","article_modified_time":"2023-06-06T15:06:51+00:00","twitter_card":"summary_large_image","twitter_misc":{"Dur\u00e9e de lecture estim\u00e9e":"1 minute"},"schema":{"@context":"https:\/\/schema.org","@graph":[{"@type":"WebPage","@id":"https:\/\/www.italyfamilyhotels.it\/fr\/destinations\/les-marches","url":"https:\/\/www.italyfamilyhotels.it\/fr\/destinations\/les-marches","name":"Les meilleurs H\u00f4tels pour familles dans les Marches","isPartOf":{"@id":"https:\/\/www.italyfamilyhotels.it\/#website"},"datePublished":"2023-06-06T15:02:30+00:00","dateModified":"2023-06-06T15:06:51+00:00","description":"Devis vacances rapide par e-mail. Choisissez l'h\u00f4tel id\u00e9al pour vos enfants dans les Marches. Animation et prestations familiales garanties","breadcrumb":{"@id":"https:\/\/www.italyfamilyhotels.it\/fr\/destinations\/les-marches#breadcrumb"},"inLanguage":"fr-FR","potentialAction":[{"@type":"ReadAction","target":["https:\/\/www.italyfamilyhotels.it\/fr\/destinations\/les-marches"]}]},{"@type":"BreadcrumbList","@id":"https:\/\/www.italyfamilyhotels.it\/fr\/destinations\/les-marches#breadcrumb","itemListElement":[{"@type":"ListItem","position":1,"name":"Home","item":"https:\/\/www.italyfamilyhotels.it\/fr"},{"@type":"ListItem","position":2,"name":"Destinations","item":"https:\/\/www.italyfamilyhotels.it\/fr\/destinations"},{"@type":"ListItem","position":3,"name":"Les Marches"}]},{"@type":"WebSite","@id":"https:\/\/www.italyfamilyhotels.it\/#website","url":"https:\/\/www.italyfamilyhotels.it\/","name":"Italy Family Hotels","description":"","potentialAction":[{"@type":"SearchAction","target":{"@type":"EntryPoint","urlTemplate":"https:\/\/www.italyfamilyhotels.it\/?s={search_term_string}"},"query-input":{"@type":"PropertyValueSpecification","valueRequired":true,"valueName":"search_term_string"}}],"inLanguage":"fr-FR"}]}},"_links":{"self":[{"href":"https:\/\/www.italyfamilyhotels.it\/fr\/wp-json\/wp\/v2\/pages\/49810","targetHints":{"allow":["GET"]}}],"collection":[{"href":"https:\/\/www.italyfamilyhotels.it\/fr\/wp-json\/wp\/v2\/pages"}],"about":[{"href":"https:\/\/www.italyfamilyhotels.it\/fr\/wp-json\/wp\/v2\/types\/page"}],"author":[{"embeddable":true,"href":"https:\/\/www.italyfamilyhotels.it\/fr\/wp-json\/wp\/v2\/users\/2"}],"replies":[{"embeddable":true,"href":"https:\/\/www.italyfamilyhotels.it\/fr\/wp-json\/wp\/v2\/comments?post=49810"}],"version-history":[{"count":1,"href":"https:\/\/www.italyfamilyhotels.it\/fr\/wp-json\/wp\/v2\/pages\/49810\/revisions"}],"predecessor-version":[{"id":49819,"href":"https:\/\/www.italyfamilyhotels.it\/fr\/wp-json\/wp\/v2\/pages\/49810\/revisions\/49819"}],"up":[{"embeddable":true,"href":"https:\/\/www.italyfamilyhotels.it\/fr\/wp-json\/wp\/v2\/pages\/43316"}],"wp:attachment":[{"href":"https:\/\/www.italyfamilyhotels.it\/fr\/wp-json\/wp\/v2\/media?parent=49810"}],"curies":[{"name":"wp","href":"https:\/\/api.w.org\/{rel}","templated":true}]}}