{"id":49804,"date":"2023-06-06T17:06:43","date_gmt":"2023-06-06T15:06:43","guid":{"rendered":"https:\/\/www.italyfamilyhotels.it\/?page_id=49804"},"modified":"2023-06-06T17:07:05","modified_gmt":"2023-06-06T15:07:05","slug":"ligurie","status":"publish","type":"page","link":"https:\/\/www.italyfamilyhotels.it\/fr\/destinations\/ligurie","title":{"rendered":"Ligurie"},"content":{"rendered":"\n<p>Avec une c\u00f4te \u00e9tir\u00e9e qui semble dessiner le profil de l&#8217;Italie, la <b>Ligurie<\/b> est un m\u00e9lange de mers et de montagnes. Ou plut\u00f4t, des montagnes qui surplombent la mer, et attendent depuis des mill\u00e9naires le bon moment de pouvoir y plonger. La Ligurie a de nombreux visages, qui sourissent \u00e0 qui la choisit pour passer des vacances d\u00e9di\u00e9es au <b>sport<\/b> \u2013 avec une diversit\u00e9 d&#8217;itin\u00e9raires de r\u00eave pour tout cycliste qui se respecte \u2013 mais \u00e9galement pour qui souhaite simplement <b>se d\u00e9tendre<\/b>, s&#8217;allonger sur une plage, ou d\u00e9couvrir un univers de <b>villages<\/b> travers\u00e9s par de caract\u00e9ristiques <b>ruelles<\/b>, avant d&#8217;\u00e9merger dans le cort\u00e8ge de fleurs qui se refl\u00e8te dans les eaux cristallines.<\/p>\n","protected":false},"excerpt":{"rendered":"<p>Avec une c\u00f4te \u00e9tir\u00e9e qui semble dessiner le profil de l&#8217;Italie, la Ligurie est un m\u00e9lange de mers et de montagnes. Ou plut\u00f4t, des montagnes qui surplombent la mer, et attendent depuis des mill\u00e9naires le bon moment de pouvoir y plonger. La Ligurie a de nombreux visages, qui sourissent \u00e0 qui la choisit pour passer &hellip;<\/p>\n","protected":false},"author":2,"featured_media":0,"parent":43316,"menu_order":0,"comment_status":"closed","ping_status":"closed","template":"page-templates\/scheda_destinazione_new.php","meta":{"_acf_changed":false,"inline_featured_image":false,"footnotes":""},"class_list":["post-49804","page","type-page","status-publish","hentry"],"acf":[],"yoast_head":"<!-- This site is optimized with the Yoast SEO plugin v27.1 - https:\/\/yoast.com\/product\/yoast-seo-wordpress\/ -->\n<title>Les meilleurs H\u00f4tels pour familles en Ligurie<\/title>\n<meta name=\"description\" content=\"Envie de vacances en famille en Italie? Nous avons s\u00e9lectionn\u00e9 les meilleurs Family Hotel en Ligurie \u00e0 la mer\" \/>\n<meta name=\"robots\" content=\"index, follow, max-snippet:-1, max-image-preview:large, max-video-preview:-1\" \/>\n<link rel=\"canonical\" href=\"https:\/\/www.italyfamilyhotels.it\/fr\/destinations\/ligurie\" \/>\n<meta property=\"og:locale\" content=\"fr_FR\" \/>\n<meta property=\"og:type\" content=\"article\" \/>\n<meta property=\"og:title\" content=\"Les meilleurs H\u00f4tels pour familles en Ligurie\" \/>\n<meta property=\"og:description\" content=\"Envie de vacances en famille en Italie? Nous avons s\u00e9lectionn\u00e9 les meilleurs Family Hotel en Ligurie \u00e0 la mer\" \/>\n<meta property=\"og:url\" content=\"https:\/\/www.italyfamilyhotels.it\/fr\/destinations\/ligurie\" \/>\n<meta property=\"og:site_name\" content=\"Italy Family Hotels\" \/>\n<meta property=\"article:publisher\" content=\"https:\/\/www.facebook.com\/ItalyFamilyHotels\/\" \/>\n<meta property=\"article:modified_time\" content=\"2023-06-06T15:07:05+00:00\" \/>\n<meta name=\"twitter:card\" content=\"summary_large_image\" \/>\n<meta name=\"twitter:label1\" content=\"Dur\u00e9e de lecture estim\u00e9e\" \/>\n\t<meta name=\"twitter:data1\" content=\"1 minute\" \/>\n<script type=\"application\/ld+json\" class=\"yoast-schema-graph\">{\"@context\":\"https:\/\/schema.org\",\"@graph\":[{\"@type\":\"WebPage\",\"@id\":\"https:\/\/www.italyfamilyhotels.it\/fr\/destinations\/ligurie\",\"url\":\"https:\/\/www.italyfamilyhotels.it\/fr\/destinations\/ligurie\",\"name\":\"Les meilleurs H\u00f4tels pour familles en Ligurie\",\"isPartOf\":{\"@id\":\"https:\/\/www.italyfamilyhotels.it\/#website\"},\"datePublished\":\"2023-06-06T15:06:43+00:00\",\"dateModified\":\"2023-06-06T15:07:05+00:00\",\"description\":\"Envie de vacances en famille en Italie? Nous avons s\u00e9lectionn\u00e9 les meilleurs Family Hotel en Ligurie \u00e0 la mer\",\"breadcrumb\":{\"@id\":\"https:\/\/www.italyfamilyhotels.it\/fr\/destinations\/ligurie#breadcrumb\"},\"inLanguage\":\"fr-FR\",\"potentialAction\":[{\"@type\":\"ReadAction\",\"target\":[\"https:\/\/www.italyfamilyhotels.it\/fr\/destinations\/ligurie\"]}]},{\"@type\":\"BreadcrumbList\",\"@id\":\"https:\/\/www.italyfamilyhotels.it\/fr\/destinations\/ligurie#breadcrumb\",\"itemListElement\":[{\"@type\":\"ListItem\",\"position\":1,\"name\":\"Home\",\"item\":\"https:\/\/www.italyfamilyhotels.it\/fr\"},{\"@type\":\"ListItem\",\"position\":2,\"name\":\"Destinations\",\"item\":\"https:\/\/www.italyfamilyhotels.it\/fr\/destinations\"},{\"@type\":\"ListItem\",\"position\":3,\"name\":\"Ligurie\"}]},{\"@type\":\"WebSite\",\"@id\":\"https:\/\/www.italyfamilyhotels.it\/#website\",\"url\":\"https:\/\/www.italyfamilyhotels.it\/\",\"name\":\"Italy Family Hotels\",\"description\":\"\",\"potentialAction\":[{\"@type\":\"SearchAction\",\"target\":{\"@type\":\"EntryPoint\",\"urlTemplate\":\"https:\/\/www.italyfamilyhotels.it\/?s={search_term_string}\"},\"query-input\":{\"@type\":\"PropertyValueSpecification\",\"valueRequired\":true,\"valueName\":\"search_term_string\"}}],\"inLanguage\":\"fr-FR\"}]}<\/script>\n<!-- \/ Yoast SEO plugin. -->","yoast_head_json":{"title":"Les meilleurs H\u00f4tels pour familles en Ligurie","description":"Envie de vacances en famille en Italie? Nous avons s\u00e9lectionn\u00e9 les meilleurs Family Hotel en Ligurie \u00e0 la mer","robots":{"index":"index","follow":"follow","max-snippet":"max-snippet:-1","max-image-preview":"max-image-preview:large","max-video-preview":"max-video-preview:-1"},"canonical":"https:\/\/www.italyfamilyhotels.it\/fr\/destinations\/ligurie","og_locale":"fr_FR","og_type":"article","og_title":"Les meilleurs H\u00f4tels pour familles en Ligurie","og_description":"Envie de vacances en famille en Italie? Nous avons s\u00e9lectionn\u00e9 les meilleurs Family Hotel en Ligurie \u00e0 la mer","og_url":"https:\/\/www.italyfamilyhotels.it\/fr\/destinations\/ligurie","og_site_name":"Italy Family Hotels","article_publisher":"https:\/\/www.facebook.com\/ItalyFamilyHotels\/","article_modified_time":"2023-06-06T15:07:05+00:00","twitter_card":"summary_large_image","twitter_misc":{"Dur\u00e9e de lecture estim\u00e9e":"1 minute"},"schema":{"@context":"https:\/\/schema.org","@graph":[{"@type":"WebPage","@id":"https:\/\/www.italyfamilyhotels.it\/fr\/destinations\/ligurie","url":"https:\/\/www.italyfamilyhotels.it\/fr\/destinations\/ligurie","name":"Les meilleurs H\u00f4tels pour familles en Ligurie","isPartOf":{"@id":"https:\/\/www.italyfamilyhotels.it\/#website"},"datePublished":"2023-06-06T15:06:43+00:00","dateModified":"2023-06-06T15:07:05+00:00","description":"Envie de vacances en famille en Italie? Nous avons s\u00e9lectionn\u00e9 les meilleurs Family Hotel en Ligurie \u00e0 la mer","breadcrumb":{"@id":"https:\/\/www.italyfamilyhotels.it\/fr\/destinations\/ligurie#breadcrumb"},"inLanguage":"fr-FR","potentialAction":[{"@type":"ReadAction","target":["https:\/\/www.italyfamilyhotels.it\/fr\/destinations\/ligurie"]}]},{"@type":"BreadcrumbList","@id":"https:\/\/www.italyfamilyhotels.it\/fr\/destinations\/ligurie#breadcrumb","itemListElement":[{"@type":"ListItem","position":1,"name":"Home","item":"https:\/\/www.italyfamilyhotels.it\/fr"},{"@type":"ListItem","position":2,"name":"Destinations","item":"https:\/\/www.italyfamilyhotels.it\/fr\/destinations"},{"@type":"ListItem","position":3,"name":"Ligurie"}]},{"@type":"WebSite","@id":"https:\/\/www.italyfamilyhotels.it\/#website","url":"https:\/\/www.italyfamilyhotels.it\/","name":"Italy Family Hotels","description":"","potentialAction":[{"@type":"SearchAction","target":{"@type":"EntryPoint","urlTemplate":"https:\/\/www.italyfamilyhotels.it\/?s={search_term_string}"},"query-input":{"@type":"PropertyValueSpecification","valueRequired":true,"valueName":"search_term_string"}}],"inLanguage":"fr-FR"}]}},"_links":{"self":[{"href":"https:\/\/www.italyfamilyhotels.it\/fr\/wp-json\/wp\/v2\/pages\/49804","targetHints":{"allow":["GET"]}}],"collection":[{"href":"https:\/\/www.italyfamilyhotels.it\/fr\/wp-json\/wp\/v2\/pages"}],"about":[{"href":"https:\/\/www.italyfamilyhotels.it\/fr\/wp-json\/wp\/v2\/types\/page"}],"author":[{"embeddable":true,"href":"https:\/\/www.italyfamilyhotels.it\/fr\/wp-json\/wp\/v2\/users\/2"}],"replies":[{"embeddable":true,"href":"https:\/\/www.italyfamilyhotels.it\/fr\/wp-json\/wp\/v2\/comments?post=49804"}],"version-history":[{"count":1,"href":"https:\/\/www.italyfamilyhotels.it\/fr\/wp-json\/wp\/v2\/pages\/49804\/revisions"}],"predecessor-version":[{"id":49820,"href":"https:\/\/www.italyfamilyhotels.it\/fr\/wp-json\/wp\/v2\/pages\/49804\/revisions\/49820"}],"up":[{"embeddable":true,"href":"https:\/\/www.italyfamilyhotels.it\/fr\/wp-json\/wp\/v2\/pages\/43316"}],"wp:attachment":[{"href":"https:\/\/www.italyfamilyhotels.it\/fr\/wp-json\/wp\/v2\/media?parent=49804"}],"curies":[{"name":"wp","href":"https:\/\/api.w.org\/{rel}","templated":true}]}}