{"id":48868,"date":"2023-04-20T13:27:11","date_gmt":"2023-04-20T11:27:11","guid":{"rendered":"https:\/\/www.italyfamilyhotels.it\/hotels\/nautilus-family-hotel"},"modified":"2026-04-07T12:17:58","modified_gmt":"2026-04-07T10:17:58","slug":"nautilus-family-hotel","status":"publish","type":"page","link":"https:\/\/www.italyfamilyhotels.it\/fr\/hotels\/nautilus-family-hotel","title":{"rendered":"Nautilus Family Hotel"},"content":{"rendered":"\n<p>Au<b> Nautilus Family Hotel de Pesaro<\/b>, nous aimons surprendre les h\u00f4tes de tous \u00e2ges avec notre id\u00e9e de vacances\u00a0! Nous nous trouvons \u00e0 seulement <b>trois marches de la plage priv\u00e9e<\/b> (et oui, tout le monde compte les pas, mais nous nous trouvons vraiment en premi\u00e8re ligne de la mer, \u00e0 seulement quelques marches\u00a0!), o\u00f9 vous trouverez des parasols et des transats bien espac\u00e9s, des terrains de sport, des <b>animations <\/b>et une mer aux <b>eaux peu profondes <\/b>, id\u00e9ale pour vos enfants.<\/p>\n\n\n\n<p>Ici, <b>tout est proche et bien organis\u00e9<\/b>. Le jardin et les espaces ext\u00e9rieurs sont agr\u00e9ables, \u00e9l\u00e9gants et confortables, et vous pourrez vous y d\u00e9tendre tout en gardant un \u0153il sur vos enfants, ou nous les confier, sachant qu\u2019ils aiment jouer avec d\u2019autres enfants, en vous garantissant toujours une grande tranquillit\u00e9 d&#039;esprit. De cette fa\u00e7on, vous aurez la possibilit\u00e9 de profiter de notre belle <b>piscine \u00e0 deux profondeurs avec vue sur la mer<\/b>, la rendant adapt\u00e9e aux plus petits, et entour\u00e9e de parasols et de transats.<\/p>\n\n\n\n<p>Si vous avez de tr\u00e8s jeunes enfants, nous avons am\u00e9nag\u00e9 pour eux notre <b>Baby Room<\/b>, une salle chaleureuse et douillette o\u00f9 vous trouverez un peu d&#039;intimit\u00e9 pour allaiter et permettre \u00e0 b\u00e9b\u00e9 de marcher \u00e0 quatre pattes en toute s\u00e9curit\u00e9. Pour les plus grands, nous avons pens\u00e9 \u00e0 l\u2019<b>espace Mini Club<\/b> et \u00e0 la <b>salle Nemo d\u00e9di\u00e9e au Junior Club<\/b>. Ainsi, les enfants et les adolescents disposeront d&#039;un environnement sp\u00e9cifiquement con\u00e7u pour leur tranche d&#039;\u00e2ge, avec un <b>programme d&#039;activit\u00e9s sur mesure<\/b>.<\/p>\n\n\n\n<p>Dans l&#039;h\u00f4tel, vous trouverez tout ce dont vous avez besoin pour des vacances sans soucis, comme de grandes chambres \u00e9quip\u00e9es avec <b>berceau<\/b>, <b>table \u00e0 langer<\/b>, <b>barri\u00e8res <\/b>anti-chute, <b>baignoire <\/b>pour enfants, mais \u00e9galement un <b>menu enfant cr\u00e9\u00e9 par un chef d\u00e9di\u00e9<\/b>, des chaises hautes, des couverts pour enfants et des <b>poussettes<\/b>.<\/p>\n","protected":false},"excerpt":{"rendered":"<p>Au Nautilus Family Hotel de Pesaro, nous aimons surprendre les h\u00f4tes de tous \u00e2ges avec notre id\u00e9e de vacances\u00a0! Nous nous trouvons \u00e0 seulement trois marches de la plage priv\u00e9e (et oui, tout le monde compte les pas, mais nous nous trouvons vraiment en premi\u00e8re ligne de la mer, \u00e0 seulement quelques marches\u00a0!), o\u00f9 vous &hellip;<\/p>\n","protected":false},"author":1,"featured_media":0,"parent":29729,"menu_order":0,"comment_status":"closed","ping_status":"closed","template":"page-templates\/scheda_hotel.php","meta":{"_acf_changed":false,"inline_featured_image":false,"footnotes":""},"class_list":["post-48868","page","type-page","status-publish","hentry"],"acf":[],"yoast_head":"<!-- This site is optimized with the Yoast SEO plugin v27.1 - https:\/\/yoast.com\/product\/yoast-seo-wordpress\/ -->\n<title>Nautilus Family Hotel 4 \u00e9toiles, Pesaro<\/title>\n<meta name=\"description\" content=\"Envie de vacances en famille\u00a0? D\u00e9couvrez les offres pour familles du Nautilus Family Hotel \u00e0 Pesaro\" \/>\n<meta name=\"robots\" content=\"index, follow, max-snippet:-1, max-image-preview:large, max-video-preview:-1\" \/>\n<link rel=\"canonical\" href=\"https:\/\/www.italyfamilyhotels.it\/fr\/hotels\/nautilus-family-hotel\" \/>\n<meta property=\"og:locale\" content=\"fr_FR\" \/>\n<meta property=\"og:type\" content=\"article\" \/>\n<meta property=\"og:title\" content=\"Nautilus Family Hotel 4 \u00e9toiles, Pesaro\" \/>\n<meta property=\"og:description\" content=\"Envie de vacances en famille\u00a0? D\u00e9couvrez les offres pour familles du Nautilus Family Hotel \u00e0 Pesaro\" \/>\n<meta property=\"og:url\" content=\"https:\/\/www.italyfamilyhotels.it\/fr\/hotels\/nautilus-family-hotel\" \/>\n<meta property=\"og:site_name\" content=\"Italy Family Hotels\" \/>\n<meta property=\"article:publisher\" content=\"https:\/\/www.facebook.com\/ItalyFamilyHotels\/\" \/>\n<meta property=\"article:modified_time\" content=\"2026-04-07T10:17:58+00:00\" \/>\n<meta name=\"twitter:card\" content=\"summary_large_image\" \/>\n<meta name=\"twitter:label1\" content=\"Dur\u00e9e de lecture estim\u00e9e\" \/>\n\t<meta name=\"twitter:data1\" content=\"2 minutes\" \/>\n<script type=\"application\/ld+json\" class=\"yoast-schema-graph\">{\"@context\":\"https:\/\/schema.org\",\"@graph\":[{\"@type\":\"WebPage\",\"@id\":\"https:\/\/www.italyfamilyhotels.it\/fr\/hotels\/nautilus-family-hotel\",\"url\":\"https:\/\/www.italyfamilyhotels.it\/fr\/hotels\/nautilus-family-hotel\",\"name\":\"Nautilus Family Hotel 4 \u00e9toiles, Pesaro\",\"isPartOf\":{\"@id\":\"https:\/\/www.italyfamilyhotels.it\/#website\"},\"datePublished\":\"2023-04-20T11:27:11+00:00\",\"dateModified\":\"2026-04-07T10:17:58+00:00\",\"description\":\"Envie de vacances en famille\u00a0? D\u00e9couvrez les offres pour familles du Nautilus Family Hotel \u00e0 Pesaro\",\"breadcrumb\":{\"@id\":\"https:\/\/www.italyfamilyhotels.it\/fr\/hotels\/nautilus-family-hotel#breadcrumb\"},\"inLanguage\":\"fr-FR\",\"potentialAction\":[{\"@type\":\"ReadAction\",\"target\":[\"https:\/\/www.italyfamilyhotels.it\/fr\/hotels\/nautilus-family-hotel\"]}]},{\"@type\":\"BreadcrumbList\",\"@id\":\"https:\/\/www.italyfamilyhotels.it\/fr\/hotels\/nautilus-family-hotel#breadcrumb\",\"itemListElement\":[{\"@type\":\"ListItem\",\"position\":1,\"name\":\"Home\",\"item\":\"https:\/\/www.italyfamilyhotels.it\/fr\"},{\"@type\":\"ListItem\",\"position\":2,\"name\":\"Family Hotels\",\"item\":\"https:\/\/www.italyfamilyhotels.it\/fr\/hotels\"},{\"@type\":\"ListItem\",\"position\":3,\"name\":\"Nautilus Family Hotel\"}]},{\"@type\":\"WebSite\",\"@id\":\"https:\/\/www.italyfamilyhotels.it\/#website\",\"url\":\"https:\/\/www.italyfamilyhotels.it\/\",\"name\":\"Italy Family Hotels\",\"description\":\"\",\"potentialAction\":[{\"@type\":\"SearchAction\",\"target\":{\"@type\":\"EntryPoint\",\"urlTemplate\":\"https:\/\/www.italyfamilyhotels.it\/?s={search_term_string}\"},\"query-input\":{\"@type\":\"PropertyValueSpecification\",\"valueRequired\":true,\"valueName\":\"search_term_string\"}}],\"inLanguage\":\"fr-FR\"}]}<\/script>\n<!-- \/ Yoast SEO plugin. -->","yoast_head_json":{"title":"Nautilus Family Hotel 4 \u00e9toiles, Pesaro","description":"Envie de vacances en famille\u00a0? D\u00e9couvrez les offres pour familles du Nautilus Family Hotel \u00e0 Pesaro","robots":{"index":"index","follow":"follow","max-snippet":"max-snippet:-1","max-image-preview":"max-image-preview:large","max-video-preview":"max-video-preview:-1"},"canonical":"https:\/\/www.italyfamilyhotels.it\/fr\/hotels\/nautilus-family-hotel","og_locale":"fr_FR","og_type":"article","og_title":"Nautilus Family Hotel 4 \u00e9toiles, Pesaro","og_description":"Envie de vacances en famille\u00a0? D\u00e9couvrez les offres pour familles du Nautilus Family Hotel \u00e0 Pesaro","og_url":"https:\/\/www.italyfamilyhotels.it\/fr\/hotels\/nautilus-family-hotel","og_site_name":"Italy Family Hotels","article_publisher":"https:\/\/www.facebook.com\/ItalyFamilyHotels\/","article_modified_time":"2026-04-07T10:17:58+00:00","twitter_card":"summary_large_image","twitter_misc":{"Dur\u00e9e de lecture estim\u00e9e":"2 minutes"},"schema":{"@context":"https:\/\/schema.org","@graph":[{"@type":"WebPage","@id":"https:\/\/www.italyfamilyhotels.it\/fr\/hotels\/nautilus-family-hotel","url":"https:\/\/www.italyfamilyhotels.it\/fr\/hotels\/nautilus-family-hotel","name":"Nautilus Family Hotel 4 \u00e9toiles, Pesaro","isPartOf":{"@id":"https:\/\/www.italyfamilyhotels.it\/#website"},"datePublished":"2023-04-20T11:27:11+00:00","dateModified":"2026-04-07T10:17:58+00:00","description":"Envie de vacances en famille\u00a0? D\u00e9couvrez les offres pour familles du Nautilus Family Hotel \u00e0 Pesaro","breadcrumb":{"@id":"https:\/\/www.italyfamilyhotels.it\/fr\/hotels\/nautilus-family-hotel#breadcrumb"},"inLanguage":"fr-FR","potentialAction":[{"@type":"ReadAction","target":["https:\/\/www.italyfamilyhotels.it\/fr\/hotels\/nautilus-family-hotel"]}]},{"@type":"BreadcrumbList","@id":"https:\/\/www.italyfamilyhotels.it\/fr\/hotels\/nautilus-family-hotel#breadcrumb","itemListElement":[{"@type":"ListItem","position":1,"name":"Home","item":"https:\/\/www.italyfamilyhotels.it\/fr"},{"@type":"ListItem","position":2,"name":"Family Hotels","item":"https:\/\/www.italyfamilyhotels.it\/fr\/hotels"},{"@type":"ListItem","position":3,"name":"Nautilus Family Hotel"}]},{"@type":"WebSite","@id":"https:\/\/www.italyfamilyhotels.it\/#website","url":"https:\/\/www.italyfamilyhotels.it\/","name":"Italy Family Hotels","description":"","potentialAction":[{"@type":"SearchAction","target":{"@type":"EntryPoint","urlTemplate":"https:\/\/www.italyfamilyhotels.it\/?s={search_term_string}"},"query-input":{"@type":"PropertyValueSpecification","valueRequired":true,"valueName":"search_term_string"}}],"inLanguage":"fr-FR"}]}},"_links":{"self":[{"href":"https:\/\/www.italyfamilyhotels.it\/fr\/wp-json\/wp\/v2\/pages\/48868","targetHints":{"allow":["GET"]}}],"collection":[{"href":"https:\/\/www.italyfamilyhotels.it\/fr\/wp-json\/wp\/v2\/pages"}],"about":[{"href":"https:\/\/www.italyfamilyhotels.it\/fr\/wp-json\/wp\/v2\/types\/page"}],"author":[{"embeddable":true,"href":"https:\/\/www.italyfamilyhotels.it\/fr\/wp-json\/wp\/v2\/users\/1"}],"replies":[{"embeddable":true,"href":"https:\/\/www.italyfamilyhotels.it\/fr\/wp-json\/wp\/v2\/comments?post=48868"}],"version-history":[{"count":3,"href":"https:\/\/www.italyfamilyhotels.it\/fr\/wp-json\/wp\/v2\/pages\/48868\/revisions"}],"predecessor-version":[{"id":77211,"href":"https:\/\/www.italyfamilyhotels.it\/fr\/wp-json\/wp\/v2\/pages\/48868\/revisions\/77211"}],"up":[{"embeddable":true,"href":"https:\/\/www.italyfamilyhotels.it\/fr\/wp-json\/wp\/v2\/pages\/29729"}],"wp:attachment":[{"href":"https:\/\/www.italyfamilyhotels.it\/fr\/wp-json\/wp\/v2\/media?parent=48868"}],"curies":[{"name":"wp","href":"https:\/\/api.w.org\/{rel}","templated":true}]}}