{"id":48851,"date":"2023-04-20T11:02:20","date_gmt":"2023-04-20T09:02:20","guid":{"rendered":"https:\/\/www.italyfamilyhotels.it\/hotels\/club-family-hotel-village-milano-marittima"},"modified":"2023-06-16T09:09:44","modified_gmt":"2023-06-16T07:09:44","slug":"club-family-hotel-village-milano-marittima","status":"publish","type":"page","link":"https:\/\/www.italyfamilyhotels.it\/fr\/hotels\/club-family-hotel-village-milano-marittima","title":{"rendered":"Club Family Hotel Village Milano Marittima"},"content":{"rendered":"\n<p>Vous souhaitez offrir \u00e0 vos enfants un \u00ab\u00a0voyage supersonique dans le divertissement\u00a0\u00bb\u00a0? Alors nous vous attendons au <b>Club Family Hotel Village de Milano Marittima<\/b>, o\u00f9 les vacances en famille sont pure magie\u00a0! Nous nous trouvons pr\u00e9cis\u00e9ment <b>face \u00e0 la mer<\/b>, entour\u00e9 par la verdure de la pin\u00e8de. De plus, vous pourrez <b>rejoindre la plage sans traverser de routes<\/b> pour vous d\u00e9tendre imm\u00e9diatement sous le<b>parasol avec les 2 transats qui vous sont sp\u00e9cialement r\u00e9serv\u00e9s<\/b>, pendant que les enfants jouent avec l&#039;\u00e9quipe d&#039;animation.<\/p>\n\n\n\n<p>Gr\u00e2ce \u00e0 notre formule <b>Club Family All Inclusive\u00ae<\/b>, nous vous garantissons des vacances vraiment insouciantes avec tous les services inclus\u00a0: plage, animations professionnelles tous les jours, nounous pour les plus petits, Open Bar 24h\/24, savoureux snacks entre les repas car les vacances sont faites pour se faire plaisir.<\/p>\n\n\n\n<p>Notre h\u00f4tel se trouve au c\u0153ur d\u2019un <b>immense jardin<\/b>, <b>400 m\u00b2 d&#039;espaces verts <\/b>pour vivre en toute d\u00e9tente et plaisir\u00a0! La <b>piscine chauff\u00e9e<\/b>, surplombant la plage, dispose d&#039;un toboggan color\u00e9 et est entour\u00e9 de transats et de parasols. Et puis, nous disposons d\u2019une fantastique <b>aire de jeux ext\u00e9rieure<\/b>, de notre <b>Play Sport Arena<\/b> pour l\u2019organisation de tournois sportifs, et m\u00eame d\u2019une <b>piste pour voitures \u00e9lectriques<\/b>&#8230; Et oui, pr\u00e9parez-vous \u00e0 de super d\u00e9fis avec toute la famille\u00a0! Chez nous, vous trouverez m\u00eame une <b>m\u00e9ga salle de jeux int\u00e9rieure de 100 m\u00b2<\/b>, avec aire de jeux th\u00e9matique, jeux multim\u00e9dia, Play Station 5, casques pour une r\u00e9alit\u00e9 augment\u00e9e et une ar\u00e8ne de laser tag.<\/p>\n\n\n\n<p>Dans l&#039;h\u00f4tel, nous mettons \u00e0 votre disposition tout ce dont vous avez besoin pour vos vacances \u00e0 la plage avec des enfants, comme des <b>v\u00e9los avec si\u00e8ges enfants<\/b>, des <b>poussettes<\/b>, afin que vous puissiez rejoindre le centre de Milano Marittima en quelques minutes, un <b>kit bien achaland\u00e9 dans la chambre et dans la salle \u00e0 manger<\/b> avec table \u00e0 langer gonflable, veilleuse, r\u00e9ducteur de toilettes ou pot, baignoire b\u00e9b\u00e9, chaises hautes, couverts b\u00e9b\u00e9 &#8211; et m\u00eame un <b>service de p\u00e9diatrie<\/b> gratuit.<\/p>\n\n\n\n<p>Au fait, ici, au Club Family Hotel Village de Milano Marittima, m\u00eame la place de parking est un service simple \u00e0 utiliser. Nous vous donnons un <b>pass pour vous garer gratuitement<\/b> \u00e0 proximit\u00e9. En alternative, vous pouvez \u00e9galement<b> r\u00e9server le parking int\u00e9rieur payant<\/b>.<\/p>\n\n\n\n<p>Nous ne vous l&#039;avons peut-\u00eatre pas encore dit, mais nous sommes \u00e0 dix minutes en voiture de <b>Mirabilandia<\/b>, l&#039;un des parcs d&#039;attractions les plus c\u00e9l\u00e8bres de la Rivera Adriatica et, tout au long de l&#039;\u00e9t\u00e9, si<b> vous r\u00e9servez un s\u00e9jour d\u2019au moins 6 nuits, nous vous offrons les billets<\/b> d&#039;entr\u00e9e au parc\u00a0!<\/p>\n","protected":false},"excerpt":{"rendered":"<p>Vous souhaitez offrir \u00e0 vos enfants un \u00ab\u00a0voyage supersonique dans le divertissement\u00a0\u00bb\u00a0? Alors nous vous attendons au Club Family Hotel Village de Milano Marittima, o\u00f9 les vacances en famille sont pure magie\u00a0! Nous nous trouvons pr\u00e9cis\u00e9ment face \u00e0 la mer, entour\u00e9 par la verdure de la pin\u00e8de. De plus, vous pourrez rejoindre la plage sans &hellip;<\/p>\n","protected":false},"author":1,"featured_media":0,"parent":29729,"menu_order":0,"comment_status":"closed","ping_status":"closed","template":"page-templates\/scheda_hotel.php","meta":{"_acf_changed":false,"inline_featured_image":false,"footnotes":""},"class_list":["post-48851","page","type-page","status-publish","hentry"],"acf":[],"yoast_head":"<!-- This site is optimized with the Yoast SEO plugin v27.1 - https:\/\/yoast.com\/product\/yoast-seo-wordpress\/ -->\n<title>Club Family Hotel Village Milano Marittima - Italy Family Hotels<\/title>\n<meta name=\"robots\" content=\"index, follow, max-snippet:-1, max-image-preview:large, max-video-preview:-1\" \/>\n<link rel=\"canonical\" href=\"https:\/\/www.italyfamilyhotels.it\/fr\/hotels\/club-family-hotel-village-milano-marittima\" \/>\n<meta property=\"og:locale\" content=\"fr_FR\" \/>\n<meta property=\"og:type\" content=\"article\" \/>\n<meta property=\"og:title\" content=\"Club Family Hotel Village Milano Marittima - Italy Family Hotels\" \/>\n<meta property=\"og:description\" content=\"Vous souhaitez offrir \u00e0 vos enfants un \u00ab\u00a0voyage supersonique dans le divertissement\u00a0\u00bb\u00a0? Alors nous vous attendons au Club Family Hotel Village de Milano Marittima, o\u00f9 les vacances en famille sont pure magie\u00a0! Nous nous trouvons pr\u00e9cis\u00e9ment face \u00e0 la mer, entour\u00e9 par la verdure de la pin\u00e8de. De plus, vous pourrez rejoindre la plage sans &hellip;\" \/>\n<meta property=\"og:url\" content=\"https:\/\/www.italyfamilyhotels.it\/fr\/hotels\/club-family-hotel-village-milano-marittima\" \/>\n<meta property=\"og:site_name\" content=\"Italy Family Hotels\" \/>\n<meta property=\"article:publisher\" content=\"https:\/\/www.facebook.com\/ItalyFamilyHotels\/\" \/>\n<meta property=\"article:modified_time\" content=\"2023-06-16T07:09:44+00:00\" \/>\n<meta name=\"twitter:card\" content=\"summary_large_image\" \/>\n<meta name=\"twitter:label1\" content=\"Dur\u00e9e de lecture estim\u00e9e\" \/>\n\t<meta name=\"twitter:data1\" content=\"2 minutes\" \/>\n<script type=\"application\/ld+json\" class=\"yoast-schema-graph\">{\"@context\":\"https:\/\/schema.org\",\"@graph\":[{\"@type\":\"WebPage\",\"@id\":\"https:\/\/www.italyfamilyhotels.it\/fr\/hotels\/club-family-hotel-village-milano-marittima\",\"url\":\"https:\/\/www.italyfamilyhotels.it\/fr\/hotels\/club-family-hotel-village-milano-marittima\",\"name\":\"Club Family Hotel Village Milano Marittima - Italy Family Hotels\",\"isPartOf\":{\"@id\":\"https:\/\/www.italyfamilyhotels.it\/#website\"},\"datePublished\":\"2023-04-20T09:02:20+00:00\",\"dateModified\":\"2023-06-16T07:09:44+00:00\",\"breadcrumb\":{\"@id\":\"https:\/\/www.italyfamilyhotels.it\/fr\/hotels\/club-family-hotel-village-milano-marittima#breadcrumb\"},\"inLanguage\":\"fr-FR\",\"potentialAction\":[{\"@type\":\"ReadAction\",\"target\":[\"https:\/\/www.italyfamilyhotels.it\/fr\/hotels\/club-family-hotel-village-milano-marittima\"]}]},{\"@type\":\"BreadcrumbList\",\"@id\":\"https:\/\/www.italyfamilyhotels.it\/fr\/hotels\/club-family-hotel-village-milano-marittima#breadcrumb\",\"itemListElement\":[{\"@type\":\"ListItem\",\"position\":1,\"name\":\"Home\",\"item\":\"https:\/\/www.italyfamilyhotels.it\/fr\"},{\"@type\":\"ListItem\",\"position\":2,\"name\":\"Family Hotels\",\"item\":\"https:\/\/www.italyfamilyhotels.it\/fr\/hotels\"},{\"@type\":\"ListItem\",\"position\":3,\"name\":\"Club Family Hotel Village Milano Marittima\"}]},{\"@type\":\"WebSite\",\"@id\":\"https:\/\/www.italyfamilyhotels.it\/#website\",\"url\":\"https:\/\/www.italyfamilyhotels.it\/\",\"name\":\"Italy Family Hotels\",\"description\":\"\",\"potentialAction\":[{\"@type\":\"SearchAction\",\"target\":{\"@type\":\"EntryPoint\",\"urlTemplate\":\"https:\/\/www.italyfamilyhotels.it\/?s={search_term_string}\"},\"query-input\":{\"@type\":\"PropertyValueSpecification\",\"valueRequired\":true,\"valueName\":\"search_term_string\"}}],\"inLanguage\":\"fr-FR\"}]}<\/script>\n<!-- \/ Yoast SEO plugin. -->","yoast_head_json":{"title":"Club Family Hotel Village Milano Marittima - Italy Family Hotels","robots":{"index":"index","follow":"follow","max-snippet":"max-snippet:-1","max-image-preview":"max-image-preview:large","max-video-preview":"max-video-preview:-1"},"canonical":"https:\/\/www.italyfamilyhotels.it\/fr\/hotels\/club-family-hotel-village-milano-marittima","og_locale":"fr_FR","og_type":"article","og_title":"Club Family Hotel Village Milano Marittima - Italy Family Hotels","og_description":"Vous souhaitez offrir \u00e0 vos enfants un \u00ab\u00a0voyage supersonique dans le divertissement\u00a0\u00bb\u00a0? Alors nous vous attendons au Club Family Hotel Village de Milano Marittima, o\u00f9 les vacances en famille sont pure magie\u00a0! Nous nous trouvons pr\u00e9cis\u00e9ment face \u00e0 la mer, entour\u00e9 par la verdure de la pin\u00e8de. De plus, vous pourrez rejoindre la plage sans &hellip;","og_url":"https:\/\/www.italyfamilyhotels.it\/fr\/hotels\/club-family-hotel-village-milano-marittima","og_site_name":"Italy Family Hotels","article_publisher":"https:\/\/www.facebook.com\/ItalyFamilyHotels\/","article_modified_time":"2023-06-16T07:09:44+00:00","twitter_card":"summary_large_image","twitter_misc":{"Dur\u00e9e de lecture estim\u00e9e":"2 minutes"},"schema":{"@context":"https:\/\/schema.org","@graph":[{"@type":"WebPage","@id":"https:\/\/www.italyfamilyhotels.it\/fr\/hotels\/club-family-hotel-village-milano-marittima","url":"https:\/\/www.italyfamilyhotels.it\/fr\/hotels\/club-family-hotel-village-milano-marittima","name":"Club Family Hotel Village Milano Marittima - Italy Family Hotels","isPartOf":{"@id":"https:\/\/www.italyfamilyhotels.it\/#website"},"datePublished":"2023-04-20T09:02:20+00:00","dateModified":"2023-06-16T07:09:44+00:00","breadcrumb":{"@id":"https:\/\/www.italyfamilyhotels.it\/fr\/hotels\/club-family-hotel-village-milano-marittima#breadcrumb"},"inLanguage":"fr-FR","potentialAction":[{"@type":"ReadAction","target":["https:\/\/www.italyfamilyhotels.it\/fr\/hotels\/club-family-hotel-village-milano-marittima"]}]},{"@type":"BreadcrumbList","@id":"https:\/\/www.italyfamilyhotels.it\/fr\/hotels\/club-family-hotel-village-milano-marittima#breadcrumb","itemListElement":[{"@type":"ListItem","position":1,"name":"Home","item":"https:\/\/www.italyfamilyhotels.it\/fr"},{"@type":"ListItem","position":2,"name":"Family Hotels","item":"https:\/\/www.italyfamilyhotels.it\/fr\/hotels"},{"@type":"ListItem","position":3,"name":"Club Family Hotel Village Milano Marittima"}]},{"@type":"WebSite","@id":"https:\/\/www.italyfamilyhotels.it\/#website","url":"https:\/\/www.italyfamilyhotels.it\/","name":"Italy Family Hotels","description":"","potentialAction":[{"@type":"SearchAction","target":{"@type":"EntryPoint","urlTemplate":"https:\/\/www.italyfamilyhotels.it\/?s={search_term_string}"},"query-input":{"@type":"PropertyValueSpecification","valueRequired":true,"valueName":"search_term_string"}}],"inLanguage":"fr-FR"}]}},"_links":{"self":[{"href":"https:\/\/www.italyfamilyhotels.it\/fr\/wp-json\/wp\/v2\/pages\/48851","targetHints":{"allow":["GET"]}}],"collection":[{"href":"https:\/\/www.italyfamilyhotels.it\/fr\/wp-json\/wp\/v2\/pages"}],"about":[{"href":"https:\/\/www.italyfamilyhotels.it\/fr\/wp-json\/wp\/v2\/types\/page"}],"author":[{"embeddable":true,"href":"https:\/\/www.italyfamilyhotels.it\/fr\/wp-json\/wp\/v2\/users\/1"}],"replies":[{"embeddable":true,"href":"https:\/\/www.italyfamilyhotels.it\/fr\/wp-json\/wp\/v2\/comments?post=48851"}],"version-history":[{"count":2,"href":"https:\/\/www.italyfamilyhotels.it\/fr\/wp-json\/wp\/v2\/pages\/48851\/revisions"}],"predecessor-version":[{"id":50073,"href":"https:\/\/www.italyfamilyhotels.it\/fr\/wp-json\/wp\/v2\/pages\/48851\/revisions\/50073"}],"up":[{"embeddable":true,"href":"https:\/\/www.italyfamilyhotels.it\/fr\/wp-json\/wp\/v2\/pages\/29729"}],"wp:attachment":[{"href":"https:\/\/www.italyfamilyhotels.it\/fr\/wp-json\/wp\/v2\/media?parent=48851"}],"curies":[{"name":"wp","href":"https:\/\/api.w.org\/{rel}","templated":true}]}}