{"id":48809,"date":"2023-04-06T14:37:40","date_gmt":"2023-04-06T12:37:40","guid":{"rendered":"https:\/\/www.italyfamilyhotels.it\/destinations\/cote-du-cilento\/family-hotel-a-paestum"},"modified":"2023-04-06T14:37:42","modified_gmt":"2023-04-06T12:37:42","slug":"family-hotel-a-paestum","status":"publish","type":"page","link":"https:\/\/www.italyfamilyhotels.it\/fr\/destinations\/cote-du-cilento\/family-hotel-a-paestum","title":{"rendered":"Family Hotel \u00e0 Paestum"},"content":{"rendered":"\n<p>Des<b> vacances \u00e0 Paestum avec des enfants<\/b> c\u2019est un peu comme un chapeau de magicien. \u00c0 l&#8217;int\u00e9rieur, vous y trouverez de la magie\u00a0! Une merveilleuse mer avec des <b>plages \u00e9quip\u00e9es<\/b>, des villages authentiques pour des balades inoubliables et la nature intacte du <b>Cilento<\/b>.<\/p>\n\n\n\n<p>Parmi les sites \u00e0 ne pas manquer, le <b>Parc arch\u00e9ologique de Paestum<\/b>, site du patrimoine mondial de l&#8217;UNESCO, o\u00f9 vous pourrez partager une exp\u00e9rience fantastique et active avec vos enfants, gr\u00e2ce aux postes informatiques.<\/p>\n\n\n\n<p>Paestum est \u00e9galement c\u00e9l\u00e8bre pour la production de<b> Mozzarella di Bufala Campana DOP<\/b>. Dans les <b>laiteries<\/b> pr\u00e9sentes dans la r\u00e9gion, vous pourrez d\u00e9couvrir les secrets de la transformation avec les plus petits, mais \u00e9galement voir les buffles et d\u00e9guster ce d\u00e9licieux fromage. Si vous aimez les villages, dans les <b>environs de Paestum<\/b>, \u00e0 seulement une demi-heure en voiture, vous trouverez le village pittoresque de <b>Castellabate<\/b>, devenu c\u00e9l\u00e8bre gr\u00e2ce au film \u00ab\u00a0Benvenuti al Sud\u00a0\u00bb. Pour des activit\u00e9s en pleine nature, ne manquez pas les sentiers de randonn\u00e9e des <b>monts Alburni<\/b>.<\/p>\n","protected":false},"excerpt":{"rendered":"<p>Des vacances \u00e0 Paestum avec des enfants c\u2019est un peu comme un chapeau de magicien. \u00c0 l&#8217;int\u00e9rieur, vous y trouverez de la magie\u00a0! Une merveilleuse mer avec des plages \u00e9quip\u00e9es, des villages authentiques pour des balades inoubliables et la nature intacte du Cilento. Parmi les sites \u00e0 ne pas manquer, le Parc arch\u00e9ologique de Paestum, &hellip;<\/p>\n","protected":false},"author":167,"featured_media":0,"parent":43810,"menu_order":0,"comment_status":"closed","ping_status":"closed","template":"page-templates\/scheda_localita.php","meta":{"_acf_changed":false,"inline_featured_image":false,"footnotes":""},"class_list":["post-48809","page","type-page","status-publish","hentry"],"acf":[],"yoast_head":"<!-- This site is optimized with the Yoast SEO plugin v27.1 - https:\/\/yoast.com\/product\/yoast-seo-wordpress\/ -->\n<title>H\u00f4tels pour familles \u00e0 Paestum\u00a0: les meilleurs Family Hotel \u00e0 Paestum<\/title>\n<meta name=\"description\" content=\"Envie de vacances avec des enfants en Campanie\u00a0? Nous avons s\u00e9lectionn\u00e9 les meilleurs Family Hotels de Paestum\u00a0!\" \/>\n<meta name=\"robots\" content=\"index, follow, max-snippet:-1, max-image-preview:large, max-video-preview:-1\" \/>\n<link rel=\"canonical\" href=\"https:\/\/www.italyfamilyhotels.it\/fr\/destinations\/cote-du-cilento\/family-hotel-a-paestum\" \/>\n<meta property=\"og:locale\" content=\"fr_FR\" \/>\n<meta property=\"og:type\" content=\"article\" \/>\n<meta property=\"og:title\" content=\"H\u00f4tels pour familles \u00e0 Paestum\u00a0: les meilleurs Family Hotel \u00e0 Paestum\" \/>\n<meta property=\"og:description\" content=\"Envie de vacances avec des enfants en Campanie\u00a0? Nous avons s\u00e9lectionn\u00e9 les meilleurs Family Hotels de Paestum\u00a0!\" \/>\n<meta property=\"og:url\" content=\"https:\/\/www.italyfamilyhotels.it\/fr\/destinations\/cote-du-cilento\/family-hotel-a-paestum\" \/>\n<meta property=\"og:site_name\" content=\"Italy Family Hotels\" \/>\n<meta property=\"article:publisher\" content=\"https:\/\/www.facebook.com\/ItalyFamilyHotels\/\" \/>\n<meta property=\"article:modified_time\" content=\"2023-04-06T12:37:42+00:00\" \/>\n<meta name=\"twitter:card\" content=\"summary_large_image\" \/>\n<meta name=\"twitter:label1\" content=\"Dur\u00e9e de lecture estim\u00e9e\" \/>\n\t<meta name=\"twitter:data1\" content=\"1 minute\" \/>\n<script type=\"application\/ld+json\" class=\"yoast-schema-graph\">{\"@context\":\"https:\/\/schema.org\",\"@graph\":[{\"@type\":\"WebPage\",\"@id\":\"https:\/\/www.italyfamilyhotels.it\/fr\/destinations\/cote-du-cilento\/family-hotel-a-paestum\",\"url\":\"https:\/\/www.italyfamilyhotels.it\/fr\/destinations\/cote-du-cilento\/family-hotel-a-paestum\",\"name\":\"H\u00f4tels pour familles \u00e0 Paestum\u00a0: les meilleurs Family Hotel \u00e0 Paestum\",\"isPartOf\":{\"@id\":\"https:\/\/www.italyfamilyhotels.it\/#website\"},\"datePublished\":\"2023-04-06T12:37:40+00:00\",\"dateModified\":\"2023-04-06T12:37:42+00:00\",\"description\":\"Envie de vacances avec des enfants en Campanie\u00a0? Nous avons s\u00e9lectionn\u00e9 les meilleurs Family Hotels de Paestum\u00a0!\",\"breadcrumb\":{\"@id\":\"https:\/\/www.italyfamilyhotels.it\/fr\/destinations\/cote-du-cilento\/family-hotel-a-paestum#breadcrumb\"},\"inLanguage\":\"fr-FR\",\"potentialAction\":[{\"@type\":\"ReadAction\",\"target\":[\"https:\/\/www.italyfamilyhotels.it\/fr\/destinations\/cote-du-cilento\/family-hotel-a-paestum\"]}]},{\"@type\":\"BreadcrumbList\",\"@id\":\"https:\/\/www.italyfamilyhotels.it\/fr\/destinations\/cote-du-cilento\/family-hotel-a-paestum#breadcrumb\",\"itemListElement\":[{\"@type\":\"ListItem\",\"position\":1,\"name\":\"Home\",\"item\":\"https:\/\/www.italyfamilyhotels.it\/fr\"},{\"@type\":\"ListItem\",\"position\":2,\"name\":\"Destinations\",\"item\":\"https:\/\/www.italyfamilyhotels.it\/fr\/destinations\"},{\"@type\":\"ListItem\",\"position\":3,\"name\":\"C\u00f4te du Cilento\",\"item\":\"https:\/\/www.italyfamilyhotels.it\/fr\/destinations\/cote-du-cilento\"},{\"@type\":\"ListItem\",\"position\":4,\"name\":\"Family Hotel \u00e0 Paestum\"}]},{\"@type\":\"WebSite\",\"@id\":\"https:\/\/www.italyfamilyhotels.it\/#website\",\"url\":\"https:\/\/www.italyfamilyhotels.it\/\",\"name\":\"Italy Family Hotels\",\"description\":\"\",\"potentialAction\":[{\"@type\":\"SearchAction\",\"target\":{\"@type\":\"EntryPoint\",\"urlTemplate\":\"https:\/\/www.italyfamilyhotels.it\/?s={search_term_string}\"},\"query-input\":{\"@type\":\"PropertyValueSpecification\",\"valueRequired\":true,\"valueName\":\"search_term_string\"}}],\"inLanguage\":\"fr-FR\"}]}<\/script>\n<!-- \/ Yoast SEO plugin. -->","yoast_head_json":{"title":"H\u00f4tels pour familles \u00e0 Paestum\u00a0: les meilleurs Family Hotel \u00e0 Paestum","description":"Envie de vacances avec des enfants en Campanie\u00a0? Nous avons s\u00e9lectionn\u00e9 les meilleurs Family Hotels de Paestum\u00a0!","robots":{"index":"index","follow":"follow","max-snippet":"max-snippet:-1","max-image-preview":"max-image-preview:large","max-video-preview":"max-video-preview:-1"},"canonical":"https:\/\/www.italyfamilyhotels.it\/fr\/destinations\/cote-du-cilento\/family-hotel-a-paestum","og_locale":"fr_FR","og_type":"article","og_title":"H\u00f4tels pour familles \u00e0 Paestum\u00a0: les meilleurs Family Hotel \u00e0 Paestum","og_description":"Envie de vacances avec des enfants en Campanie\u00a0? Nous avons s\u00e9lectionn\u00e9 les meilleurs Family Hotels de Paestum\u00a0!","og_url":"https:\/\/www.italyfamilyhotels.it\/fr\/destinations\/cote-du-cilento\/family-hotel-a-paestum","og_site_name":"Italy Family Hotels","article_publisher":"https:\/\/www.facebook.com\/ItalyFamilyHotels\/","article_modified_time":"2023-04-06T12:37:42+00:00","twitter_card":"summary_large_image","twitter_misc":{"Dur\u00e9e de lecture estim\u00e9e":"1 minute"},"schema":{"@context":"https:\/\/schema.org","@graph":[{"@type":"WebPage","@id":"https:\/\/www.italyfamilyhotels.it\/fr\/destinations\/cote-du-cilento\/family-hotel-a-paestum","url":"https:\/\/www.italyfamilyhotels.it\/fr\/destinations\/cote-du-cilento\/family-hotel-a-paestum","name":"H\u00f4tels pour familles \u00e0 Paestum\u00a0: les meilleurs Family Hotel \u00e0 Paestum","isPartOf":{"@id":"https:\/\/www.italyfamilyhotels.it\/#website"},"datePublished":"2023-04-06T12:37:40+00:00","dateModified":"2023-04-06T12:37:42+00:00","description":"Envie de vacances avec des enfants en Campanie\u00a0? Nous avons s\u00e9lectionn\u00e9 les meilleurs Family Hotels de Paestum\u00a0!","breadcrumb":{"@id":"https:\/\/www.italyfamilyhotels.it\/fr\/destinations\/cote-du-cilento\/family-hotel-a-paestum#breadcrumb"},"inLanguage":"fr-FR","potentialAction":[{"@type":"ReadAction","target":["https:\/\/www.italyfamilyhotels.it\/fr\/destinations\/cote-du-cilento\/family-hotel-a-paestum"]}]},{"@type":"BreadcrumbList","@id":"https:\/\/www.italyfamilyhotels.it\/fr\/destinations\/cote-du-cilento\/family-hotel-a-paestum#breadcrumb","itemListElement":[{"@type":"ListItem","position":1,"name":"Home","item":"https:\/\/www.italyfamilyhotels.it\/fr"},{"@type":"ListItem","position":2,"name":"Destinations","item":"https:\/\/www.italyfamilyhotels.it\/fr\/destinations"},{"@type":"ListItem","position":3,"name":"C\u00f4te du Cilento","item":"https:\/\/www.italyfamilyhotels.it\/fr\/destinations\/cote-du-cilento"},{"@type":"ListItem","position":4,"name":"Family Hotel \u00e0 Paestum"}]},{"@type":"WebSite","@id":"https:\/\/www.italyfamilyhotels.it\/#website","url":"https:\/\/www.italyfamilyhotels.it\/","name":"Italy Family Hotels","description":"","potentialAction":[{"@type":"SearchAction","target":{"@type":"EntryPoint","urlTemplate":"https:\/\/www.italyfamilyhotels.it\/?s={search_term_string}"},"query-input":{"@type":"PropertyValueSpecification","valueRequired":true,"valueName":"search_term_string"}}],"inLanguage":"fr-FR"}]}},"_links":{"self":[{"href":"https:\/\/www.italyfamilyhotels.it\/fr\/wp-json\/wp\/v2\/pages\/48809","targetHints":{"allow":["GET"]}}],"collection":[{"href":"https:\/\/www.italyfamilyhotels.it\/fr\/wp-json\/wp\/v2\/pages"}],"about":[{"href":"https:\/\/www.italyfamilyhotels.it\/fr\/wp-json\/wp\/v2\/types\/page"}],"author":[{"embeddable":true,"href":"https:\/\/www.italyfamilyhotels.it\/fr\/wp-json\/wp\/v2\/users\/167"}],"replies":[{"embeddable":true,"href":"https:\/\/www.italyfamilyhotels.it\/fr\/wp-json\/wp\/v2\/comments?post=48809"}],"version-history":[{"count":1,"href":"https:\/\/www.italyfamilyhotels.it\/fr\/wp-json\/wp\/v2\/pages\/48809\/revisions"}],"predecessor-version":[{"id":48810,"href":"https:\/\/www.italyfamilyhotels.it\/fr\/wp-json\/wp\/v2\/pages\/48809\/revisions\/48810"}],"up":[{"embeddable":true,"href":"https:\/\/www.italyfamilyhotels.it\/fr\/wp-json\/wp\/v2\/pages\/43810"}],"wp:attachment":[{"href":"https:\/\/www.italyfamilyhotels.it\/fr\/wp-json\/wp\/v2\/media?parent=48809"}],"curies":[{"name":"wp","href":"https:\/\/api.w.org\/{rel}","templated":true}]}}