{"id":48784,"date":"2023-04-06T14:21:26","date_gmt":"2023-04-06T12:21:26","guid":{"rendered":"https:\/\/www.italyfamilyhotels.it\/destinations\/lac-de-garde\/family-hotel-a-torbole-sul-garda"},"modified":"2023-04-06T14:21:27","modified_gmt":"2023-04-06T12:21:27","slug":"family-hotel-a-torbole-sul-garda","status":"publish","type":"page","link":"https:\/\/www.italyfamilyhotels.it\/fr\/destinations\/lac-de-garde\/family-hotel-a-torbole-sul-garda","title":{"rendered":"Family Hotel \u00e0 Torbole sul Garda"},"content":{"rendered":"\n<p><b>Torbole sul Garda<\/b> est un village color\u00e9 et caract\u00e9ristique surplombant le <b>Lac de Garde<\/b>, tr\u00e8s appr\u00e9ci\u00e9 des familles qui y trouveront une petite vieille-ville charmeuse, mais \u00e9galement anim\u00e9e et divertissante. Des <b>vacances avec des enfants \u00e0 Torbole sul Garda<\/b> combinent le meilleur de la tradition de l&#8217;ancien village de p\u00eacheurs avec l&#8217;innovation de services modernes, con\u00e7us pour qui aime les vacances actives, sans renoncer \u00e0 la d\u00e9tente et \u00e0 l&#8217;histoire.<\/p>\n\n\n\n<p>Ici, vous pouvez pratiquer diff\u00e9rents <b>sports nautiques<\/b> et vous initier \u00e0 la <b>voile <\/b>et \u00e0 la <b>planche \u00e0 voile<\/b> gr\u00e2ce aux \u00e9coles proposant des cours pour enfants et adultes, ou partir du charmant petit port pour des <b>excursions en bateau <\/b>vraiment excitantes, en plein c\u0153ur du sublime paysage de Garda Trentino. Bien entendu, les occasions de pratiquer la <b>randonn\u00e9e <\/b>ou le <b>cyclotourisme<\/b> ne manquent pas gr\u00e2ce aux nombreux sentiers pr\u00e9sents dans la r\u00e9gion. Ne manquez pas de faire un tour sur la <b>piste cyclable qui relie Torbole \u00e0 Riva del Garda<\/b>, laquelle est adapt\u00e9e aux familles, \u00e9galement avec des poussettes.<\/p>\n\n\n\n<p>Parmi les choses \u00e0 <b>faire et voir avec les enfants dans les environs de Torbole sul Garda<\/b>, vous trouverez les ruines de Castel Penede, une excursion pour admirer le magnifique panorama sur la vall\u00e9e et les vignobles, la spectaculaire cascade de Varone et le lac voisin de Tenno, pour conclure par une visite dans le beau village m\u00e9di\u00e9val homonyme, o\u00f9 vous trouverez des march\u00e9s de No\u00ebl pleins de charme. Si votre famille nourrit une passion pour les ch\u00e2teaux, ne manquez pas la Rocca di Riva del Garda, avec le mus\u00e9e MAG-Museo dell&#8217;Alto Garda et le ch\u00e2teau Castello di Arco.<\/p>\n","protected":false},"excerpt":{"rendered":"<p>Torbole sul Garda est un village color\u00e9 et caract\u00e9ristique surplombant le Lac de Garde, tr\u00e8s appr\u00e9ci\u00e9 des familles qui y trouveront une petite vieille-ville charmeuse, mais \u00e9galement anim\u00e9e et divertissante. Des vacances avec des enfants \u00e0 Torbole sul Garda combinent le meilleur de la tradition de l&#8217;ancien village de p\u00eacheurs avec l&#8217;innovation de services modernes, &hellip;<\/p>\n","protected":false},"author":167,"featured_media":0,"parent":43587,"menu_order":0,"comment_status":"closed","ping_status":"closed","template":"page-templates\/scheda_localita.php","meta":{"_acf_changed":false,"inline_featured_image":false,"footnotes":""},"class_list":["post-48784","page","type-page","status-publish","hentry"],"acf":[],"yoast_head":"<!-- This site is optimized with the Yoast SEO plugin v27.1 - https:\/\/yoast.com\/product\/yoast-seo-wordpress\/ -->\n<title>H\u00f4tels pour familles \u00e0 Torbole sul Garda\u00a0: les meilleurs Family Hotel<\/title>\n<meta name=\"description\" content=\"Envie de vacances avec des enfants dans le Trentin\u00a0? Nous avons s\u00e9lectionn\u00e9 les meilleurs Family Hotels de Torbole sul Garda\u00a0!\" \/>\n<meta name=\"robots\" content=\"index, follow, max-snippet:-1, max-image-preview:large, max-video-preview:-1\" \/>\n<link rel=\"canonical\" href=\"https:\/\/www.italyfamilyhotels.it\/fr\/destinations\/lac-de-garde\/family-hotel-a-torbole-sul-garda\" \/>\n<meta property=\"og:locale\" content=\"fr_FR\" \/>\n<meta property=\"og:type\" content=\"article\" \/>\n<meta property=\"og:title\" content=\"H\u00f4tels pour familles \u00e0 Torbole sul Garda\u00a0: les meilleurs Family Hotel\" \/>\n<meta property=\"og:description\" content=\"Envie de vacances avec des enfants dans le Trentin\u00a0? Nous avons s\u00e9lectionn\u00e9 les meilleurs Family Hotels de Torbole sul Garda\u00a0!\" \/>\n<meta property=\"og:url\" content=\"https:\/\/www.italyfamilyhotels.it\/fr\/destinations\/lac-de-garde\/family-hotel-a-torbole-sul-garda\" \/>\n<meta property=\"og:site_name\" content=\"Italy Family Hotels\" \/>\n<meta property=\"article:publisher\" content=\"https:\/\/www.facebook.com\/ItalyFamilyHotels\/\" \/>\n<meta property=\"article:modified_time\" content=\"2023-04-06T12:21:27+00:00\" \/>\n<meta name=\"twitter:card\" content=\"summary_large_image\" \/>\n<meta name=\"twitter:label1\" content=\"Dur\u00e9e de lecture estim\u00e9e\" \/>\n\t<meta name=\"twitter:data1\" content=\"1 minute\" \/>\n<script type=\"application\/ld+json\" class=\"yoast-schema-graph\">{\"@context\":\"https:\/\/schema.org\",\"@graph\":[{\"@type\":\"WebPage\",\"@id\":\"https:\/\/www.italyfamilyhotels.it\/fr\/destinations\/lac-de-garde\/family-hotel-a-torbole-sul-garda\",\"url\":\"https:\/\/www.italyfamilyhotels.it\/fr\/destinations\/lac-de-garde\/family-hotel-a-torbole-sul-garda\",\"name\":\"H\u00f4tels pour familles \u00e0 Torbole sul Garda\u00a0: les meilleurs Family Hotel\",\"isPartOf\":{\"@id\":\"https:\/\/www.italyfamilyhotels.it\/#website\"},\"datePublished\":\"2023-04-06T12:21:26+00:00\",\"dateModified\":\"2023-04-06T12:21:27+00:00\",\"description\":\"Envie de vacances avec des enfants dans le Trentin\u00a0? Nous avons s\u00e9lectionn\u00e9 les meilleurs Family Hotels de Torbole sul Garda\u00a0!\",\"breadcrumb\":{\"@id\":\"https:\/\/www.italyfamilyhotels.it\/fr\/destinations\/lac-de-garde\/family-hotel-a-torbole-sul-garda#breadcrumb\"},\"inLanguage\":\"fr-FR\",\"potentialAction\":[{\"@type\":\"ReadAction\",\"target\":[\"https:\/\/www.italyfamilyhotels.it\/fr\/destinations\/lac-de-garde\/family-hotel-a-torbole-sul-garda\"]}]},{\"@type\":\"BreadcrumbList\",\"@id\":\"https:\/\/www.italyfamilyhotels.it\/fr\/destinations\/lac-de-garde\/family-hotel-a-torbole-sul-garda#breadcrumb\",\"itemListElement\":[{\"@type\":\"ListItem\",\"position\":1,\"name\":\"Home\",\"item\":\"https:\/\/www.italyfamilyhotels.it\/fr\"},{\"@type\":\"ListItem\",\"position\":2,\"name\":\"Destinations\",\"item\":\"https:\/\/www.italyfamilyhotels.it\/fr\/destinations\"},{\"@type\":\"ListItem\",\"position\":3,\"name\":\"Lac de Garde\",\"item\":\"https:\/\/www.italyfamilyhotels.it\/fr\/destinations\/lac-de-garde\"},{\"@type\":\"ListItem\",\"position\":4,\"name\":\"Family Hotel \u00e0 Torbole sul Garda\"}]},{\"@type\":\"WebSite\",\"@id\":\"https:\/\/www.italyfamilyhotels.it\/#website\",\"url\":\"https:\/\/www.italyfamilyhotels.it\/\",\"name\":\"Italy Family Hotels\",\"description\":\"\",\"potentialAction\":[{\"@type\":\"SearchAction\",\"target\":{\"@type\":\"EntryPoint\",\"urlTemplate\":\"https:\/\/www.italyfamilyhotels.it\/?s={search_term_string}\"},\"query-input\":{\"@type\":\"PropertyValueSpecification\",\"valueRequired\":true,\"valueName\":\"search_term_string\"}}],\"inLanguage\":\"fr-FR\"}]}<\/script>\n<!-- \/ Yoast SEO plugin. -->","yoast_head_json":{"title":"H\u00f4tels pour familles \u00e0 Torbole sul Garda\u00a0: les meilleurs Family Hotel","description":"Envie de vacances avec des enfants dans le Trentin\u00a0? Nous avons s\u00e9lectionn\u00e9 les meilleurs Family Hotels de Torbole sul Garda\u00a0!","robots":{"index":"index","follow":"follow","max-snippet":"max-snippet:-1","max-image-preview":"max-image-preview:large","max-video-preview":"max-video-preview:-1"},"canonical":"https:\/\/www.italyfamilyhotels.it\/fr\/destinations\/lac-de-garde\/family-hotel-a-torbole-sul-garda","og_locale":"fr_FR","og_type":"article","og_title":"H\u00f4tels pour familles \u00e0 Torbole sul Garda\u00a0: les meilleurs Family Hotel","og_description":"Envie de vacances avec des enfants dans le Trentin\u00a0? Nous avons s\u00e9lectionn\u00e9 les meilleurs Family Hotels de Torbole sul Garda\u00a0!","og_url":"https:\/\/www.italyfamilyhotels.it\/fr\/destinations\/lac-de-garde\/family-hotel-a-torbole-sul-garda","og_site_name":"Italy Family Hotels","article_publisher":"https:\/\/www.facebook.com\/ItalyFamilyHotels\/","article_modified_time":"2023-04-06T12:21:27+00:00","twitter_card":"summary_large_image","twitter_misc":{"Dur\u00e9e de lecture estim\u00e9e":"1 minute"},"schema":{"@context":"https:\/\/schema.org","@graph":[{"@type":"WebPage","@id":"https:\/\/www.italyfamilyhotels.it\/fr\/destinations\/lac-de-garde\/family-hotel-a-torbole-sul-garda","url":"https:\/\/www.italyfamilyhotels.it\/fr\/destinations\/lac-de-garde\/family-hotel-a-torbole-sul-garda","name":"H\u00f4tels pour familles \u00e0 Torbole sul Garda\u00a0: les meilleurs Family Hotel","isPartOf":{"@id":"https:\/\/www.italyfamilyhotels.it\/#website"},"datePublished":"2023-04-06T12:21:26+00:00","dateModified":"2023-04-06T12:21:27+00:00","description":"Envie de vacances avec des enfants dans le Trentin\u00a0? Nous avons s\u00e9lectionn\u00e9 les meilleurs Family Hotels de Torbole sul Garda\u00a0!","breadcrumb":{"@id":"https:\/\/www.italyfamilyhotels.it\/fr\/destinations\/lac-de-garde\/family-hotel-a-torbole-sul-garda#breadcrumb"},"inLanguage":"fr-FR","potentialAction":[{"@type":"ReadAction","target":["https:\/\/www.italyfamilyhotels.it\/fr\/destinations\/lac-de-garde\/family-hotel-a-torbole-sul-garda"]}]},{"@type":"BreadcrumbList","@id":"https:\/\/www.italyfamilyhotels.it\/fr\/destinations\/lac-de-garde\/family-hotel-a-torbole-sul-garda#breadcrumb","itemListElement":[{"@type":"ListItem","position":1,"name":"Home","item":"https:\/\/www.italyfamilyhotels.it\/fr"},{"@type":"ListItem","position":2,"name":"Destinations","item":"https:\/\/www.italyfamilyhotels.it\/fr\/destinations"},{"@type":"ListItem","position":3,"name":"Lac de Garde","item":"https:\/\/www.italyfamilyhotels.it\/fr\/destinations\/lac-de-garde"},{"@type":"ListItem","position":4,"name":"Family Hotel \u00e0 Torbole sul Garda"}]},{"@type":"WebSite","@id":"https:\/\/www.italyfamilyhotels.it\/#website","url":"https:\/\/www.italyfamilyhotels.it\/","name":"Italy Family Hotels","description":"","potentialAction":[{"@type":"SearchAction","target":{"@type":"EntryPoint","urlTemplate":"https:\/\/www.italyfamilyhotels.it\/?s={search_term_string}"},"query-input":{"@type":"PropertyValueSpecification","valueRequired":true,"valueName":"search_term_string"}}],"inLanguage":"fr-FR"}]}},"_links":{"self":[{"href":"https:\/\/www.italyfamilyhotels.it\/fr\/wp-json\/wp\/v2\/pages\/48784","targetHints":{"allow":["GET"]}}],"collection":[{"href":"https:\/\/www.italyfamilyhotels.it\/fr\/wp-json\/wp\/v2\/pages"}],"about":[{"href":"https:\/\/www.italyfamilyhotels.it\/fr\/wp-json\/wp\/v2\/types\/page"}],"author":[{"embeddable":true,"href":"https:\/\/www.italyfamilyhotels.it\/fr\/wp-json\/wp\/v2\/users\/167"}],"replies":[{"embeddable":true,"href":"https:\/\/www.italyfamilyhotels.it\/fr\/wp-json\/wp\/v2\/comments?post=48784"}],"version-history":[{"count":1,"href":"https:\/\/www.italyfamilyhotels.it\/fr\/wp-json\/wp\/v2\/pages\/48784\/revisions"}],"predecessor-version":[{"id":48785,"href":"https:\/\/www.italyfamilyhotels.it\/fr\/wp-json\/wp\/v2\/pages\/48784\/revisions\/48785"}],"up":[{"embeddable":true,"href":"https:\/\/www.italyfamilyhotels.it\/fr\/wp-json\/wp\/v2\/pages\/43587"}],"wp:attachment":[{"href":"https:\/\/www.italyfamilyhotels.it\/fr\/wp-json\/wp\/v2\/media?parent=48784"}],"curies":[{"name":"wp","href":"https:\/\/api.w.org\/{rel}","templated":true}]}}