{"id":47767,"date":"2023-03-03T17:25:00","date_gmt":"2023-03-03T16:25:00","guid":{"rendered":"https:\/\/www.italyfamilyhotels.it\/?page_id=47767"},"modified":"2025-08-25T09:10:28","modified_gmt":"2025-08-25T07:10:28","slug":"gardea-soulfamily-resort","status":"publish","type":"page","link":"https:\/\/www.italyfamilyhotels.it\/fr\/hotels\/gardea-soulfamily-resort","title":{"rendered":"Gardea SoulFamily Resort"},"content":{"rendered":"\n<p>L&#8217;air doux du <b>lac de Garde<\/b>, un panorama \u00e0 perte de vue sur les montagnes et le bruissement des oliviers du jardin, ouvrent le rideau sur des vacances au <b>Gardea SoulFamily Resort \u00e0 Torbole sul Garda<\/b>, \u00ab&nbsp;o\u00f9 les contes de f\u00e9es deviennent r\u00e9alit\u00e9&nbsp;\u00bb. Dans notre \u00e9tablissement entour\u00e9 d&#8217;un parc de style m\u00e9diterran\u00e9en avec arbres fruitiers, vous respirerez une \u00e2me familiale, gr\u00e2ce \u00e0 des <b>exp\u00e9riences<\/b> et \u00e0 de beaux espaces \u00e0 partager dans la plus grande d\u00e9tente.<\/p>\n\n\n\n<p>Au Gardea, nous aimons que vos enfants passent des journ\u00e9es pleines de jeu, avec un <b>programme d&#8217;animation de style Montessori<\/b>, avec assistance aux <b>b\u00e9b\u00e9s de 6 \u00e0 35 mois<\/b> et notre Small Bubble pour les petits de 3 \u00e0 12 ans.<\/p>\n\n\n\n<p>Chez nous, vous trouverez \u00e9galement <b>du bien-\u00eatre pour toute la famille<\/b>, parce qu\u2019il n\u2019y a rien de plus beau que de se r\u00e9g\u00e9n\u00e9rer ensemble dans le <b>sauna panoramique<\/b> avec vue sur le lac, de se baigner dans la <b>piscine \u00e0 d\u00e9bordement chauff\u00e9e<\/b>, ou de choisissez l&#8217;un des <b>soins pour adultes et enfants<\/b>, avec lequel nous aimons choyer les h\u00f4tes de tous \u00e2ges. Pour les tout-petits <b>de 0 \u00e0 3 ans<\/b>, vous trouverez en revanche une <b>piscine int\u00e9rieure chauff\u00e9e<\/b>.<\/p>\n\n\n\n<p>Loin de la fr\u00e9n\u00e9sie du quotidien, plong\u00e9s dans un panorama atmosph\u00e9rique qui embrasse le lac et les montagnes, laissez-vous conqu\u00e9rir par des <b>vacances glamour en famille<\/b> pour savourer le vrai bonheur&nbsp;!<\/p>\n","protected":false},"excerpt":{"rendered":"<p>L&#8217;air doux du lac de Garde, un panorama \u00e0 perte de vue sur les montagnes et le bruissement des oliviers du jardin, ouvrent le rideau sur des vacances au Gardea SoulFamily Resort \u00e0 Torbole sul Garda, \u00ab&nbsp;o\u00f9 les contes de f\u00e9es deviennent r\u00e9alit\u00e9&nbsp;\u00bb. Dans notre \u00e9tablissement entour\u00e9 d&#8217;un parc de style m\u00e9diterran\u00e9en avec arbres fruitiers, &hellip;<\/p>\n","protected":false},"author":1,"featured_media":0,"parent":29729,"menu_order":0,"comment_status":"closed","ping_status":"closed","template":"page-templates\/scheda_hotel.php","meta":{"_acf_changed":false,"inline_featured_image":false,"footnotes":""},"class_list":["post-47767","page","type-page","status-publish","hentry"],"acf":[],"yoast_head":"<!-- This site is optimized with the Yoast SEO plugin v27.1 - https:\/\/yoast.com\/product\/yoast-seo-wordpress\/ -->\n<title>Gardea SoulFamily Resort 5 \u00e9toiles, Torbole sul Garda<\/title>\n<meta name=\"description\" content=\"Envie de vacances en famille\u00a0? D\u00e9couvrez les offres pour les familles du Gardea SoulFamily Resort \u00e0 Torbole sul Garda\" \/>\n<meta name=\"robots\" content=\"index, follow, max-snippet:-1, max-image-preview:large, max-video-preview:-1\" \/>\n<link rel=\"canonical\" href=\"https:\/\/www.italyfamilyhotels.it\/fr\/hotels\/gardea-soulfamily-resort\" \/>\n<meta property=\"og:locale\" content=\"fr_FR\" \/>\n<meta property=\"og:type\" content=\"article\" \/>\n<meta property=\"og:title\" content=\"Gardea SoulFamily Resort 5 \u00e9toiles, Torbole sul Garda\" \/>\n<meta property=\"og:description\" content=\"Envie de vacances en famille\u00a0? D\u00e9couvrez les offres pour les familles du Gardea SoulFamily Resort \u00e0 Torbole sul Garda\" \/>\n<meta property=\"og:url\" content=\"https:\/\/www.italyfamilyhotels.it\/fr\/hotels\/gardea-soulfamily-resort\" \/>\n<meta property=\"og:site_name\" content=\"Italy Family Hotels\" \/>\n<meta property=\"article:publisher\" content=\"https:\/\/www.facebook.com\/ItalyFamilyHotels\/\" \/>\n<meta property=\"article:modified_time\" content=\"2025-08-25T07:10:28+00:00\" \/>\n<meta name=\"twitter:card\" content=\"summary_large_image\" \/>\n<meta name=\"twitter:label1\" content=\"Dur\u00e9e de lecture estim\u00e9e\" \/>\n\t<meta name=\"twitter:data1\" content=\"1 minute\" \/>\n<script type=\"application\/ld+json\" class=\"yoast-schema-graph\">{\"@context\":\"https:\/\/schema.org\",\"@graph\":[{\"@type\":\"WebPage\",\"@id\":\"https:\/\/www.italyfamilyhotels.it\/fr\/hotels\/gardea-soulfamily-resort\",\"url\":\"https:\/\/www.italyfamilyhotels.it\/fr\/hotels\/gardea-soulfamily-resort\",\"name\":\"Gardea SoulFamily Resort 5 \u00e9toiles, Torbole sul Garda\",\"isPartOf\":{\"@id\":\"https:\/\/www.italyfamilyhotels.it\/#website\"},\"datePublished\":\"2023-03-03T16:25:00+00:00\",\"dateModified\":\"2025-08-25T07:10:28+00:00\",\"description\":\"Envie de vacances en famille\u00a0? D\u00e9couvrez les offres pour les familles du Gardea SoulFamily Resort \u00e0 Torbole sul Garda\",\"breadcrumb\":{\"@id\":\"https:\/\/www.italyfamilyhotels.it\/fr\/hotels\/gardea-soulfamily-resort#breadcrumb\"},\"inLanguage\":\"fr-FR\",\"potentialAction\":[{\"@type\":\"ReadAction\",\"target\":[\"https:\/\/www.italyfamilyhotels.it\/fr\/hotels\/gardea-soulfamily-resort\"]}]},{\"@type\":\"BreadcrumbList\",\"@id\":\"https:\/\/www.italyfamilyhotels.it\/fr\/hotels\/gardea-soulfamily-resort#breadcrumb\",\"itemListElement\":[{\"@type\":\"ListItem\",\"position\":1,\"name\":\"Home\",\"item\":\"https:\/\/www.italyfamilyhotels.it\/fr\"},{\"@type\":\"ListItem\",\"position\":2,\"name\":\"Family Hotels\",\"item\":\"https:\/\/www.italyfamilyhotels.it\/fr\/hotels\"},{\"@type\":\"ListItem\",\"position\":3,\"name\":\"Gardea SoulFamily Resort\"}]},{\"@type\":\"WebSite\",\"@id\":\"https:\/\/www.italyfamilyhotels.it\/#website\",\"url\":\"https:\/\/www.italyfamilyhotels.it\/\",\"name\":\"Italy Family Hotels\",\"description\":\"\",\"potentialAction\":[{\"@type\":\"SearchAction\",\"target\":{\"@type\":\"EntryPoint\",\"urlTemplate\":\"https:\/\/www.italyfamilyhotels.it\/?s={search_term_string}\"},\"query-input\":{\"@type\":\"PropertyValueSpecification\",\"valueRequired\":true,\"valueName\":\"search_term_string\"}}],\"inLanguage\":\"fr-FR\"}]}<\/script>\n<!-- \/ Yoast SEO plugin. -->","yoast_head_json":{"title":"Gardea SoulFamily Resort 5 \u00e9toiles, Torbole sul Garda","description":"Envie de vacances en famille\u00a0? D\u00e9couvrez les offres pour les familles du Gardea SoulFamily Resort \u00e0 Torbole sul Garda","robots":{"index":"index","follow":"follow","max-snippet":"max-snippet:-1","max-image-preview":"max-image-preview:large","max-video-preview":"max-video-preview:-1"},"canonical":"https:\/\/www.italyfamilyhotels.it\/fr\/hotels\/gardea-soulfamily-resort","og_locale":"fr_FR","og_type":"article","og_title":"Gardea SoulFamily Resort 5 \u00e9toiles, Torbole sul Garda","og_description":"Envie de vacances en famille\u00a0? D\u00e9couvrez les offres pour les familles du Gardea SoulFamily Resort \u00e0 Torbole sul Garda","og_url":"https:\/\/www.italyfamilyhotels.it\/fr\/hotels\/gardea-soulfamily-resort","og_site_name":"Italy Family Hotels","article_publisher":"https:\/\/www.facebook.com\/ItalyFamilyHotels\/","article_modified_time":"2025-08-25T07:10:28+00:00","twitter_card":"summary_large_image","twitter_misc":{"Dur\u00e9e de lecture estim\u00e9e":"1 minute"},"schema":{"@context":"https:\/\/schema.org","@graph":[{"@type":"WebPage","@id":"https:\/\/www.italyfamilyhotels.it\/fr\/hotels\/gardea-soulfamily-resort","url":"https:\/\/www.italyfamilyhotels.it\/fr\/hotels\/gardea-soulfamily-resort","name":"Gardea SoulFamily Resort 5 \u00e9toiles, Torbole sul Garda","isPartOf":{"@id":"https:\/\/www.italyfamilyhotels.it\/#website"},"datePublished":"2023-03-03T16:25:00+00:00","dateModified":"2025-08-25T07:10:28+00:00","description":"Envie de vacances en famille\u00a0? D\u00e9couvrez les offres pour les familles du Gardea SoulFamily Resort \u00e0 Torbole sul Garda","breadcrumb":{"@id":"https:\/\/www.italyfamilyhotels.it\/fr\/hotels\/gardea-soulfamily-resort#breadcrumb"},"inLanguage":"fr-FR","potentialAction":[{"@type":"ReadAction","target":["https:\/\/www.italyfamilyhotels.it\/fr\/hotels\/gardea-soulfamily-resort"]}]},{"@type":"BreadcrumbList","@id":"https:\/\/www.italyfamilyhotels.it\/fr\/hotels\/gardea-soulfamily-resort#breadcrumb","itemListElement":[{"@type":"ListItem","position":1,"name":"Home","item":"https:\/\/www.italyfamilyhotels.it\/fr"},{"@type":"ListItem","position":2,"name":"Family Hotels","item":"https:\/\/www.italyfamilyhotels.it\/fr\/hotels"},{"@type":"ListItem","position":3,"name":"Gardea SoulFamily Resort"}]},{"@type":"WebSite","@id":"https:\/\/www.italyfamilyhotels.it\/#website","url":"https:\/\/www.italyfamilyhotels.it\/","name":"Italy Family Hotels","description":"","potentialAction":[{"@type":"SearchAction","target":{"@type":"EntryPoint","urlTemplate":"https:\/\/www.italyfamilyhotels.it\/?s={search_term_string}"},"query-input":{"@type":"PropertyValueSpecification","valueRequired":true,"valueName":"search_term_string"}}],"inLanguage":"fr-FR"}]}},"_links":{"self":[{"href":"https:\/\/www.italyfamilyhotels.it\/fr\/wp-json\/wp\/v2\/pages\/47767","targetHints":{"allow":["GET"]}}],"collection":[{"href":"https:\/\/www.italyfamilyhotels.it\/fr\/wp-json\/wp\/v2\/pages"}],"about":[{"href":"https:\/\/www.italyfamilyhotels.it\/fr\/wp-json\/wp\/v2\/types\/page"}],"author":[{"embeddable":true,"href":"https:\/\/www.italyfamilyhotels.it\/fr\/wp-json\/wp\/v2\/users\/1"}],"replies":[{"embeddable":true,"href":"https:\/\/www.italyfamilyhotels.it\/fr\/wp-json\/wp\/v2\/comments?post=47767"}],"version-history":[{"count":15,"href":"https:\/\/www.italyfamilyhotels.it\/fr\/wp-json\/wp\/v2\/pages\/47767\/revisions"}],"predecessor-version":[{"id":71002,"href":"https:\/\/www.italyfamilyhotels.it\/fr\/wp-json\/wp\/v2\/pages\/47767\/revisions\/71002"}],"up":[{"embeddable":true,"href":"https:\/\/www.italyfamilyhotels.it\/fr\/wp-json\/wp\/v2\/pages\/29729"}],"wp:attachment":[{"href":"https:\/\/www.italyfamilyhotels.it\/fr\/wp-json\/wp\/v2\/media?parent=47767"}],"curies":[{"name":"wp","href":"https:\/\/api.w.org\/{rel}","templated":true}]}}