{"id":47325,"date":"2023-02-27T10:45:08","date_gmt":"2023-02-27T09:45:08","guid":{"rendered":"https:\/\/www.italyfamilyhotels.it\/hotels\/color-miami-beach-family-hotel"},"modified":"2026-04-01T16:15:40","modified_gmt":"2026-04-01T14:15:40","slug":"color-miami-beach-family-hotel","status":"publish","type":"page","link":"https:\/\/www.italyfamilyhotels.it\/fr\/hotels\/color-miami-beach-family-hotel","title":{"rendered":"Color Miami Beach Family Hotel"},"content":{"rendered":"\n<p>Nous vous souhaitons la bienvenue au <b>Color Miami Beach Family Hotel<\/b>, o\u00f9 chaque s\u00e9jour est un r\u00eave pour toute la famille&nbsp;! Nous nous trouvons en plein c\u0153ur de la splendide c\u00f4te de <b>Milano Marittima<\/b> o\u00f9, d&#8217;un seul pas, vous pourrez vous rendre sur la <b>plage priv\u00e9e<\/b>, avec de nombreux services pour adultes et enfants, ainsi que des parasols et transats r\u00e9serv\u00e9s et un bar o\u00f9 vous faire de nouveaux amis tout en sirotant une boisson fra\u00eeche.<\/p>\n\n\n\n<p>Vous savez qu&#8217;il existe une <strong>piscine chauff\u00e9e<\/strong> directement sur la plage ? Un paradis de divertissement, o\u00f9 les enfants jouent avec l&#8217;\u00e9quipe d&#8217;animation, tandis que maman et papa se d\u00e9tendent dans l\u2019<b>espace solarium<\/b> avec parasols et transats.<\/p>\n\n\n\n<p>Nous accordons une attention particuli\u00e8re aux enfants et aux adolescents, en organisant des <b>activit\u00e9s toute la journ\u00e9e<\/b> aussi bien \u00e0 l&#8217;h\u00f4tel qu&#8217;\u00e0 la plage. Amusez-vous entre <b>aquagym <\/b>\u00e0 la plage, <b>danses de groupe<\/b>, <b>tournois sportifs<\/b>, <b>jeu d&#8217;ap\u00e9ritif<\/b> et bien plus encore&nbsp;!<\/p>\n\n\n\n<p>Et que dire de l\u2019<b>exp\u00e9rience culinaire<\/b>&#8230; Ici on mange bien et beaucoup\u00a0! Pr\u00e9parez-vous pour une <b>Color Food Immersion<\/b> qui vous permettra de savourer les plaisirs de la cuisine italienne et plus, avec de d\u00e9licieuses surprises, les unes apr\u00e8s les autres. \u00c0 table, nous g\u00e2tons \u00e9galement les petits avec de d\u00e9licieux <b>menus enfants<\/b>, tandis que pour les jeunes parents, nous mettons une <b>kitchenette \u00e9quip\u00e9e<\/b> \u00e0 disposition, avec tout le n\u00e9cessaire pour la pr\u00e9paration des repas des tout-petits. Nous g\u00e2tons les enfants \u00e9galement \u00e0 table avec un d\u00e9licieux <strong>menu enfant<\/strong>, tandis que pour les jeunes parents, nous proposons \u00e9galement une <strong>cuisine avec aliments pour b\u00e9b\u00e9s<\/strong> et tout le n\u00e9cessaire pour pr\u00e9parer les repas des tout-petits.<\/p>\n","protected":false},"excerpt":{"rendered":"<p>Nous vous souhaitons la bienvenue au Color Miami Beach Family Hotel, o\u00f9 chaque s\u00e9jour est un r\u00eave pour toute la famille&nbsp;! Nous nous trouvons en plein c\u0153ur de la splendide c\u00f4te de Milano Marittima o\u00f9, d&#8217;un seul pas, vous pourrez vous rendre sur la plage priv\u00e9e, avec de nombreux services pour adultes et enfants, ainsi &hellip;<\/p>\n","protected":false},"author":1,"featured_media":0,"parent":29729,"menu_order":0,"comment_status":"closed","ping_status":"closed","template":"page-templates\/scheda_hotel.php","meta":{"_acf_changed":false,"inline_featured_image":false,"footnotes":""},"class_list":["post-47325","page","type-page","status-publish","hentry"],"acf":[],"yoast_head":"<!-- This site is optimized with the Yoast SEO plugin v27.1 - https:\/\/yoast.com\/product\/yoast-seo-wordpress\/ -->\n<title>Color Miami Beach Family Hotel 4 \u00e9toiles, Milano Marittima<\/title>\n<meta name=\"description\" content=\"Envie de vacances en famille\u00a0? D\u00e9couvrez les offres pour familles du Color Miami Beach Family Hotel de Milano Marittima\" \/>\n<meta name=\"robots\" content=\"index, follow, max-snippet:-1, max-image-preview:large, max-video-preview:-1\" \/>\n<link rel=\"canonical\" href=\"https:\/\/www.italyfamilyhotels.it\/fr\/hotels\/color-miami-beach-family-hotel\" \/>\n<meta property=\"og:locale\" content=\"fr_FR\" \/>\n<meta property=\"og:type\" content=\"article\" \/>\n<meta property=\"og:title\" content=\"Color Miami Beach Family Hotel 4 \u00e9toiles, Milano Marittima\" \/>\n<meta property=\"og:description\" content=\"Envie de vacances en famille\u00a0? D\u00e9couvrez les offres pour familles du Color Miami Beach Family Hotel de Milano Marittima\" \/>\n<meta property=\"og:url\" content=\"https:\/\/www.italyfamilyhotels.it\/fr\/hotels\/color-miami-beach-family-hotel\" \/>\n<meta property=\"og:site_name\" content=\"Italy Family Hotels\" \/>\n<meta property=\"article:publisher\" content=\"https:\/\/www.facebook.com\/ItalyFamilyHotels\/\" \/>\n<meta property=\"article:modified_time\" content=\"2026-04-01T14:15:40+00:00\" \/>\n<meta name=\"twitter:card\" content=\"summary_large_image\" \/>\n<meta name=\"twitter:label1\" content=\"Dur\u00e9e de lecture estim\u00e9e\" \/>\n\t<meta name=\"twitter:data1\" content=\"1 minute\" \/>\n<script type=\"application\/ld+json\" class=\"yoast-schema-graph\">{\"@context\":\"https:\/\/schema.org\",\"@graph\":[{\"@type\":\"WebPage\",\"@id\":\"https:\/\/www.italyfamilyhotels.it\/fr\/hotels\/color-miami-beach-family-hotel\",\"url\":\"https:\/\/www.italyfamilyhotels.it\/fr\/hotels\/color-miami-beach-family-hotel\",\"name\":\"Color Miami Beach Family Hotel 4 \u00e9toiles, Milano Marittima\",\"isPartOf\":{\"@id\":\"https:\/\/www.italyfamilyhotels.it\/#website\"},\"datePublished\":\"2023-02-27T09:45:08+00:00\",\"dateModified\":\"2026-04-01T14:15:40+00:00\",\"description\":\"Envie de vacances en famille\u00a0? D\u00e9couvrez les offres pour familles du Color Miami Beach Family Hotel de Milano Marittima\",\"breadcrumb\":{\"@id\":\"https:\/\/www.italyfamilyhotels.it\/fr\/hotels\/color-miami-beach-family-hotel#breadcrumb\"},\"inLanguage\":\"fr-FR\",\"potentialAction\":[{\"@type\":\"ReadAction\",\"target\":[\"https:\/\/www.italyfamilyhotels.it\/fr\/hotels\/color-miami-beach-family-hotel\"]}]},{\"@type\":\"BreadcrumbList\",\"@id\":\"https:\/\/www.italyfamilyhotels.it\/fr\/hotels\/color-miami-beach-family-hotel#breadcrumb\",\"itemListElement\":[{\"@type\":\"ListItem\",\"position\":1,\"name\":\"Home\",\"item\":\"https:\/\/www.italyfamilyhotels.it\/fr\"},{\"@type\":\"ListItem\",\"position\":2,\"name\":\"Family Hotels\",\"item\":\"https:\/\/www.italyfamilyhotels.it\/fr\/hotels\"},{\"@type\":\"ListItem\",\"position\":3,\"name\":\"Color Miami Beach Family Hotel\"}]},{\"@type\":\"WebSite\",\"@id\":\"https:\/\/www.italyfamilyhotels.it\/#website\",\"url\":\"https:\/\/www.italyfamilyhotels.it\/\",\"name\":\"Italy Family Hotels\",\"description\":\"\",\"potentialAction\":[{\"@type\":\"SearchAction\",\"target\":{\"@type\":\"EntryPoint\",\"urlTemplate\":\"https:\/\/www.italyfamilyhotels.it\/?s={search_term_string}\"},\"query-input\":{\"@type\":\"PropertyValueSpecification\",\"valueRequired\":true,\"valueName\":\"search_term_string\"}}],\"inLanguage\":\"fr-FR\"}]}<\/script>\n<!-- \/ Yoast SEO plugin. -->","yoast_head_json":{"title":"Color Miami Beach Family Hotel 4 \u00e9toiles, Milano Marittima","description":"Envie de vacances en famille\u00a0? D\u00e9couvrez les offres pour familles du Color Miami Beach Family Hotel de Milano Marittima","robots":{"index":"index","follow":"follow","max-snippet":"max-snippet:-1","max-image-preview":"max-image-preview:large","max-video-preview":"max-video-preview:-1"},"canonical":"https:\/\/www.italyfamilyhotels.it\/fr\/hotels\/color-miami-beach-family-hotel","og_locale":"fr_FR","og_type":"article","og_title":"Color Miami Beach Family Hotel 4 \u00e9toiles, Milano Marittima","og_description":"Envie de vacances en famille\u00a0? D\u00e9couvrez les offres pour familles du Color Miami Beach Family Hotel de Milano Marittima","og_url":"https:\/\/www.italyfamilyhotels.it\/fr\/hotels\/color-miami-beach-family-hotel","og_site_name":"Italy Family Hotels","article_publisher":"https:\/\/www.facebook.com\/ItalyFamilyHotels\/","article_modified_time":"2026-04-01T14:15:40+00:00","twitter_card":"summary_large_image","twitter_misc":{"Dur\u00e9e de lecture estim\u00e9e":"1 minute"},"schema":{"@context":"https:\/\/schema.org","@graph":[{"@type":"WebPage","@id":"https:\/\/www.italyfamilyhotels.it\/fr\/hotels\/color-miami-beach-family-hotel","url":"https:\/\/www.italyfamilyhotels.it\/fr\/hotels\/color-miami-beach-family-hotel","name":"Color Miami Beach Family Hotel 4 \u00e9toiles, Milano Marittima","isPartOf":{"@id":"https:\/\/www.italyfamilyhotels.it\/#website"},"datePublished":"2023-02-27T09:45:08+00:00","dateModified":"2026-04-01T14:15:40+00:00","description":"Envie de vacances en famille\u00a0? D\u00e9couvrez les offres pour familles du Color Miami Beach Family Hotel de Milano Marittima","breadcrumb":{"@id":"https:\/\/www.italyfamilyhotels.it\/fr\/hotels\/color-miami-beach-family-hotel#breadcrumb"},"inLanguage":"fr-FR","potentialAction":[{"@type":"ReadAction","target":["https:\/\/www.italyfamilyhotels.it\/fr\/hotels\/color-miami-beach-family-hotel"]}]},{"@type":"BreadcrumbList","@id":"https:\/\/www.italyfamilyhotels.it\/fr\/hotels\/color-miami-beach-family-hotel#breadcrumb","itemListElement":[{"@type":"ListItem","position":1,"name":"Home","item":"https:\/\/www.italyfamilyhotels.it\/fr"},{"@type":"ListItem","position":2,"name":"Family Hotels","item":"https:\/\/www.italyfamilyhotels.it\/fr\/hotels"},{"@type":"ListItem","position":3,"name":"Color Miami Beach Family Hotel"}]},{"@type":"WebSite","@id":"https:\/\/www.italyfamilyhotels.it\/#website","url":"https:\/\/www.italyfamilyhotels.it\/","name":"Italy Family Hotels","description":"","potentialAction":[{"@type":"SearchAction","target":{"@type":"EntryPoint","urlTemplate":"https:\/\/www.italyfamilyhotels.it\/?s={search_term_string}"},"query-input":{"@type":"PropertyValueSpecification","valueRequired":true,"valueName":"search_term_string"}}],"inLanguage":"fr-FR"}]}},"_links":{"self":[{"href":"https:\/\/www.italyfamilyhotels.it\/fr\/wp-json\/wp\/v2\/pages\/47325","targetHints":{"allow":["GET"]}}],"collection":[{"href":"https:\/\/www.italyfamilyhotels.it\/fr\/wp-json\/wp\/v2\/pages"}],"about":[{"href":"https:\/\/www.italyfamilyhotels.it\/fr\/wp-json\/wp\/v2\/types\/page"}],"author":[{"embeddable":true,"href":"https:\/\/www.italyfamilyhotels.it\/fr\/wp-json\/wp\/v2\/users\/1"}],"replies":[{"embeddable":true,"href":"https:\/\/www.italyfamilyhotels.it\/fr\/wp-json\/wp\/v2\/comments?post=47325"}],"version-history":[{"count":6,"href":"https:\/\/www.italyfamilyhotels.it\/fr\/wp-json\/wp\/v2\/pages\/47325\/revisions"}],"predecessor-version":[{"id":76703,"href":"https:\/\/www.italyfamilyhotels.it\/fr\/wp-json\/wp\/v2\/pages\/47325\/revisions\/76703"}],"up":[{"embeddable":true,"href":"https:\/\/www.italyfamilyhotels.it\/fr\/wp-json\/wp\/v2\/pages\/29729"}],"wp:attachment":[{"href":"https:\/\/www.italyfamilyhotels.it\/fr\/wp-json\/wp\/v2\/media?parent=47325"}],"curies":[{"name":"wp","href":"https:\/\/api.w.org\/{rel}","templated":true}]}}