{"id":46662,"date":"2023-02-23T08:57:43","date_gmt":"2023-02-23T07:57:43","guid":{"rendered":"https:\/\/www.italyfamilyhotels.it\/hotels\/color-king-marte-village"},"modified":"2026-02-16T17:57:31","modified_gmt":"2026-02-16T16:57:31","slug":"color-king-marte-village","status":"publish","type":"page","link":"https:\/\/www.italyfamilyhotels.it\/fr\/hotels\/color-king-marte-village","title":{"rendered":"Color King Marte Village"},"content":{"rendered":"\n<p>Ici au <b>Color King Marte Village de Lido di Classe<\/b>, une exp\u00e9rience de vacances inoubliable vous attend. Notre h\u00f4tel est entour\u00e9 par la pin\u00e8de que vous pourrez traverser en une minute pour vous rendre \u00e0 la <b>plage priv\u00e9e<\/b>.<\/p>\n\n\n\n<p>Bagno Katia est un \u00e9tablissement baln\u00e9aire \u00e9quip\u00e9, o\u00f9 vous pourrez passer des journ\u00e9es sans soucis, Vous y trouverez un <b>petit restaurant <\/b>pour d\u00e9jeuner les pieds dans le sable, une aire de jeux avec <b>structures gonflables <\/b>et le l\u00e9gendaire service d\u2019<b>animation Color<\/b>\u00a0! Pour votre d\u00e9tente, vous trouverez <b>1 parasol et 2 transats r\u00e9serv\u00e9s<\/b> et, si vous voyagez avec votre chien, nous avons cr\u00e9\u00e9 un <b>espace r\u00e9serv\u00e9 aux amis \u00e0 4 pattes<\/b>. De plus, \u00e9galement sur la plage, vous pourrez profiter du bar gratuit avec boissons non alcoolis\u00e9es \u00e0 la pression, du vin, de la bi\u00e8re et des granitas.<\/p>\n\n\n\n<p>\u00c0 l&#8217;h\u00f4tel, vous trouverez une belle <b>piscine <\/b>surplombant la pin\u00e8de et entour\u00e9e d&#8217;un<b> solarium \u00e9quip\u00e9<\/b>, o\u00f9 vous pourrez vous d\u00e9tendre durant les jours les plus chauds pendant que vos enfants s&#8217;amusent avec l\u2019<b>\u00e9quipe d&#8217;animation<\/b> et se font de nouveaux amis. Au <b>bar de la piscine<\/b>, vous pourrez toujours profiter de boissons et des produits de caf\u00e9t\u00e9ria.<\/p>\n\n\n\n<p>Nous sommes bien conscients que les vacances avec des enfants sont un moment tr\u00e8s important, c&#8217;est pourquoi nous organisons tout pour que l\u2019<b>exp\u00e9rience Color<\/b> soit relaxante pour les mamans et les papas, et toujours amusante pour les plus petits. Nous proposons un service d\u2019animation du matin au soir sur la plage et \u00e0 l&#8217;h\u00f4tel, nous disposons d\u2019une salle de jeux \u00e0 th\u00e8me appel\u00e9e <b>Mini Cocoland<\/b>, nous mettons tout le n\u00e9cessaire pour les plus petits \u00e0 disposition dans la chambre et dans la salle \u00e0 manger, avec notamment un <b>espace cuisine pour b\u00e9b\u00e9<\/b> \u00e9quip\u00e9 et toujours ouvert, des <b>boissons gratuites H24<\/b>, des <b>cocktails gratuits<\/b> de 20h00 \u00e0 00h00, sans oublier la formule <b>Color Food Immersion<\/b> et l\u2019entr\u00e9e gratuite au parc aquatique Atlantica du lundi au vendredi.<\/p>\n\n\n\n<p>Maintenant que nous vous avons fait r\u00eaver de v\u00e9ritables et inimitables <b>vacances Color<\/b>, il ne vous reste plus qu\u2019\u00e0 les vivre en vrai\u00a0!<\/p>\n","protected":false},"excerpt":{"rendered":"<p>Ici au Color King Marte Village de Lido di Classe, une exp\u00e9rience de vacances inoubliable vous attend. Notre h\u00f4tel est entour\u00e9 par la pin\u00e8de que vous pourrez traverser en une minute pour vous rendre \u00e0 la plage priv\u00e9e. Bagno Katia est un \u00e9tablissement baln\u00e9aire \u00e9quip\u00e9, o\u00f9 vous pourrez passer des journ\u00e9es sans soucis, Vous y &hellip;<\/p>\n","protected":false},"author":1,"featured_media":0,"parent":29729,"menu_order":0,"comment_status":"closed","ping_status":"closed","template":"page-templates\/scheda_hotel.php","meta":{"_acf_changed":false,"inline_featured_image":false,"footnotes":""},"class_list":["post-46662","page","type-page","status-publish","hentry"],"acf":[],"yoast_head":"<!-- This site is optimized with the Yoast SEO plugin v27.1 - https:\/\/yoast.com\/product\/yoast-seo-wordpress\/ -->\n<title>Color King Marte Village 3 \u00e9toiles Superior, Lido di Classe<\/title>\n<meta name=\"description\" content=\"Envie de vacances en famille\u00a0? D\u00e9couvrez les offres pour familles du Color King Marte Village \u00e0 Lido di Classe\" \/>\n<meta name=\"robots\" content=\"index, follow, max-snippet:-1, max-image-preview:large, max-video-preview:-1\" \/>\n<link rel=\"canonical\" href=\"https:\/\/www.italyfamilyhotels.it\/fr\/hotels\/color-king-marte-village\" \/>\n<meta property=\"og:locale\" content=\"fr_FR\" \/>\n<meta property=\"og:type\" content=\"article\" \/>\n<meta property=\"og:title\" content=\"Color King Marte Village 3 \u00e9toiles Superior, Lido di Classe\" \/>\n<meta property=\"og:description\" content=\"Envie de vacances en famille\u00a0? D\u00e9couvrez les offres pour familles du Color King Marte Village \u00e0 Lido di Classe\" \/>\n<meta property=\"og:url\" content=\"https:\/\/www.italyfamilyhotels.it\/fr\/hotels\/color-king-marte-village\" \/>\n<meta property=\"og:site_name\" content=\"Italy Family Hotels\" \/>\n<meta property=\"article:publisher\" content=\"https:\/\/www.facebook.com\/ItalyFamilyHotels\/\" \/>\n<meta property=\"article:modified_time\" content=\"2026-02-16T16:57:31+00:00\" \/>\n<meta name=\"twitter:card\" content=\"summary_large_image\" \/>\n<meta name=\"twitter:label1\" content=\"Dur\u00e9e de lecture estim\u00e9e\" \/>\n\t<meta name=\"twitter:data1\" content=\"2 minutes\" \/>\n<script type=\"application\/ld+json\" class=\"yoast-schema-graph\">{\"@context\":\"https:\/\/schema.org\",\"@graph\":[{\"@type\":\"WebPage\",\"@id\":\"https:\/\/www.italyfamilyhotels.it\/fr\/hotels\/color-king-marte-village\",\"url\":\"https:\/\/www.italyfamilyhotels.it\/fr\/hotels\/color-king-marte-village\",\"name\":\"Color King Marte Village 3 \u00e9toiles Superior, Lido di Classe\",\"isPartOf\":{\"@id\":\"https:\/\/www.italyfamilyhotels.it\/#website\"},\"datePublished\":\"2023-02-23T07:57:43+00:00\",\"dateModified\":\"2026-02-16T16:57:31+00:00\",\"description\":\"Envie de vacances en famille\u00a0? D\u00e9couvrez les offres pour familles du Color King Marte Village \u00e0 Lido di Classe\",\"breadcrumb\":{\"@id\":\"https:\/\/www.italyfamilyhotels.it\/fr\/hotels\/color-king-marte-village#breadcrumb\"},\"inLanguage\":\"fr-FR\",\"potentialAction\":[{\"@type\":\"ReadAction\",\"target\":[\"https:\/\/www.italyfamilyhotels.it\/fr\/hotels\/color-king-marte-village\"]}]},{\"@type\":\"BreadcrumbList\",\"@id\":\"https:\/\/www.italyfamilyhotels.it\/fr\/hotels\/color-king-marte-village#breadcrumb\",\"itemListElement\":[{\"@type\":\"ListItem\",\"position\":1,\"name\":\"Home\",\"item\":\"https:\/\/www.italyfamilyhotels.it\/fr\"},{\"@type\":\"ListItem\",\"position\":2,\"name\":\"Family Hotels\",\"item\":\"https:\/\/www.italyfamilyhotels.it\/fr\/hotels\"},{\"@type\":\"ListItem\",\"position\":3,\"name\":\"Color King Marte Village\"}]},{\"@type\":\"WebSite\",\"@id\":\"https:\/\/www.italyfamilyhotels.it\/#website\",\"url\":\"https:\/\/www.italyfamilyhotels.it\/\",\"name\":\"Italy Family Hotels\",\"description\":\"\",\"potentialAction\":[{\"@type\":\"SearchAction\",\"target\":{\"@type\":\"EntryPoint\",\"urlTemplate\":\"https:\/\/www.italyfamilyhotels.it\/?s={search_term_string}\"},\"query-input\":{\"@type\":\"PropertyValueSpecification\",\"valueRequired\":true,\"valueName\":\"search_term_string\"}}],\"inLanguage\":\"fr-FR\"}]}<\/script>\n<!-- \/ Yoast SEO plugin. -->","yoast_head_json":{"title":"Color King Marte Village 3 \u00e9toiles Superior, Lido di Classe","description":"Envie de vacances en famille\u00a0? D\u00e9couvrez les offres pour familles du Color King Marte Village \u00e0 Lido di Classe","robots":{"index":"index","follow":"follow","max-snippet":"max-snippet:-1","max-image-preview":"max-image-preview:large","max-video-preview":"max-video-preview:-1"},"canonical":"https:\/\/www.italyfamilyhotels.it\/fr\/hotels\/color-king-marte-village","og_locale":"fr_FR","og_type":"article","og_title":"Color King Marte Village 3 \u00e9toiles Superior, Lido di Classe","og_description":"Envie de vacances en famille\u00a0? D\u00e9couvrez les offres pour familles du Color King Marte Village \u00e0 Lido di Classe","og_url":"https:\/\/www.italyfamilyhotels.it\/fr\/hotels\/color-king-marte-village","og_site_name":"Italy Family Hotels","article_publisher":"https:\/\/www.facebook.com\/ItalyFamilyHotels\/","article_modified_time":"2026-02-16T16:57:31+00:00","twitter_card":"summary_large_image","twitter_misc":{"Dur\u00e9e de lecture estim\u00e9e":"2 minutes"},"schema":{"@context":"https:\/\/schema.org","@graph":[{"@type":"WebPage","@id":"https:\/\/www.italyfamilyhotels.it\/fr\/hotels\/color-king-marte-village","url":"https:\/\/www.italyfamilyhotels.it\/fr\/hotels\/color-king-marte-village","name":"Color King Marte Village 3 \u00e9toiles Superior, Lido di Classe","isPartOf":{"@id":"https:\/\/www.italyfamilyhotels.it\/#website"},"datePublished":"2023-02-23T07:57:43+00:00","dateModified":"2026-02-16T16:57:31+00:00","description":"Envie de vacances en famille\u00a0? D\u00e9couvrez les offres pour familles du Color King Marte Village \u00e0 Lido di Classe","breadcrumb":{"@id":"https:\/\/www.italyfamilyhotels.it\/fr\/hotels\/color-king-marte-village#breadcrumb"},"inLanguage":"fr-FR","potentialAction":[{"@type":"ReadAction","target":["https:\/\/www.italyfamilyhotels.it\/fr\/hotels\/color-king-marte-village"]}]},{"@type":"BreadcrumbList","@id":"https:\/\/www.italyfamilyhotels.it\/fr\/hotels\/color-king-marte-village#breadcrumb","itemListElement":[{"@type":"ListItem","position":1,"name":"Home","item":"https:\/\/www.italyfamilyhotels.it\/fr"},{"@type":"ListItem","position":2,"name":"Family Hotels","item":"https:\/\/www.italyfamilyhotels.it\/fr\/hotels"},{"@type":"ListItem","position":3,"name":"Color King Marte Village"}]},{"@type":"WebSite","@id":"https:\/\/www.italyfamilyhotels.it\/#website","url":"https:\/\/www.italyfamilyhotels.it\/","name":"Italy Family Hotels","description":"","potentialAction":[{"@type":"SearchAction","target":{"@type":"EntryPoint","urlTemplate":"https:\/\/www.italyfamilyhotels.it\/?s={search_term_string}"},"query-input":{"@type":"PropertyValueSpecification","valueRequired":true,"valueName":"search_term_string"}}],"inLanguage":"fr-FR"}]}},"_links":{"self":[{"href":"https:\/\/www.italyfamilyhotels.it\/fr\/wp-json\/wp\/v2\/pages\/46662","targetHints":{"allow":["GET"]}}],"collection":[{"href":"https:\/\/www.italyfamilyhotels.it\/fr\/wp-json\/wp\/v2\/pages"}],"about":[{"href":"https:\/\/www.italyfamilyhotels.it\/fr\/wp-json\/wp\/v2\/types\/page"}],"author":[{"embeddable":true,"href":"https:\/\/www.italyfamilyhotels.it\/fr\/wp-json\/wp\/v2\/users\/1"}],"replies":[{"embeddable":true,"href":"https:\/\/www.italyfamilyhotels.it\/fr\/wp-json\/wp\/v2\/comments?post=46662"}],"version-history":[{"count":3,"href":"https:\/\/www.italyfamilyhotels.it\/fr\/wp-json\/wp\/v2\/pages\/46662\/revisions"}],"predecessor-version":[{"id":74821,"href":"https:\/\/www.italyfamilyhotels.it\/fr\/wp-json\/wp\/v2\/pages\/46662\/revisions\/74821"}],"up":[{"embeddable":true,"href":"https:\/\/www.italyfamilyhotels.it\/fr\/wp-json\/wp\/v2\/pages\/29729"}],"wp:attachment":[{"href":"https:\/\/www.italyfamilyhotels.it\/fr\/wp-json\/wp\/v2\/media?parent=46662"}],"curies":[{"name":"wp","href":"https:\/\/api.w.org\/{rel}","templated":true}]}}