{"id":46582,"date":"2023-02-21T10:42:54","date_gmt":"2023-02-21T09:42:54","guid":{"rendered":"https:\/\/www.italyfamilyhotels.it\/hotels\/color-mokambo-shore-hotel"},"modified":"2024-08-05T11:18:53","modified_gmt":"2024-08-05T09:18:53","slug":"color-mokambo-shore-hotel","status":"publish","type":"page","link":"https:\/\/www.italyfamilyhotels.it\/fr\/hotels\/color-mokambo-shore-hotel","title":{"rendered":"Color Mokambo Shore Hotel"},"content":{"rendered":"\n<p>Au <b>Color Mokambo Shore Hotel<\/b>, c\u2019est toujours l\u2019heure de jouer&#8230; et de manger&nbsp;! Nous accueillons votre famille pour des vacances immerg\u00e9es dans le style typique des Color Hotels, sous l\u2019enseigne du divertissement pour petits et grands ainsi que de la bonne nourriture.<\/p>\n\n\n\n<p>Notre \u00e9quipe d&#8217;animation organise des <b>activit\u00e9s et jeux quotidiens<\/b> <b>pour les enfants et adolescents de 4 \u00e0 18 ans<\/b>, \u00e0 la fois sur la plage et \u00e0 l&#8217;h\u00f4tel. De cette fa\u00e7on, maman et papa ont \u00e9galement la possibilit\u00e9 de se d\u00e9tendre dans les deux <b>\u00e9tablissements baln\u00e9aires affili\u00e9s<\/b>, o\u00f9 les attendent un parasol et deux transats, ou encore dans notre <b>piscine chauff\u00e9e<\/b> avec <b>espace solarium \u00e9quip\u00e9<\/b> de transats et un <b>jacuzzi<\/b> pour 6 personnes.<\/p>\n\n\n\n<p>Du matin au soir, vous aurez la possibilit\u00e9 de vous immerger dans notre <b>Color Food Immersion<\/b>, qui commence imm\u00e9diatement apr\u00e8s le petit-d\u00e9jeuner&nbsp;: <b>Coco Snack<\/b> pour tous les enfants \u00e0 emmener \u00e0 la plage tous les jours, <b>ap\u00e9ritif <\/b>avec boissons et ap\u00e9ritifs avant le d\u00e9jeuner, <b>Food Corner<\/b> ouvert tous les apr\u00e8s-midi avec de nombreuses propositions sucr\u00e9es et sal\u00e9es, <b>ap\u00e9ritif avant le d\u00eener<\/b>, suivi de <b>Bonne nuit Coco<\/b> pour les enfants, tandis que les adultes pourront profiter de notre <b>Cocktail Time<\/b>&nbsp;!<\/p>\n\n\n\n<p>Pour les <b>b\u00e9b\u00e9s de 0 \u00e0 3 ans<\/b>, sur demande, vous trouverez dans la chambre, veilleuse, chauffe-biberon, baignoire b\u00e9b\u00e9, lait pour la nuit et lit de camping. Au restaurant, nous sommes toujours disponibles pour pr\u00e9parer des soupes de l\u00e9gumes, des bouillons de l\u00e9gumes et des p\u00e2tes \u00e0 cuire.<\/p>\n\n\n\n<p>Avec la formule sp\u00e9ciale&nbsp;<b>Premium All Inclusive, vous disposez \u00e9galement de l\u2019open bar Free Drink H24&nbsp;<\/b>\u00e0 la piscine et \u00e0 l&#8217;h\u00f4tel, et avec tous les services inclus. Pour vivre des vacances dans un village au c\u0153ur de Riccione&nbsp;! Avec vos enfants, vous pouvez profiter \u00e0 tout moment de <b>boissons sans alcool<\/b>, tandis que la caf\u00e9t\u00e9ria et les boissons alcoolis\u00e9es sont disponibles de 10h00 \u00e0 minuit.<\/p>\n\n\n\n<p><\/p>\n","protected":false},"excerpt":{"rendered":"<p>Au Color Mokambo Shore Hotel, c\u2019est toujours l\u2019heure de jouer&#8230; et de manger&nbsp;! Nous accueillons votre famille pour des vacances immerg\u00e9es dans le style typique des Color Hotels, sous l\u2019enseigne du divertissement pour petits et grands ainsi que de la bonne nourriture. Notre \u00e9quipe d&#8217;animation organise des activit\u00e9s et jeux quotidiens pour les enfants et &hellip;<\/p>\n","protected":false},"author":1,"featured_media":0,"parent":29729,"menu_order":0,"comment_status":"closed","ping_status":"closed","template":"page-templates\/scheda_hotel.php","meta":{"_acf_changed":false,"inline_featured_image":false,"footnotes":""},"class_list":["post-46582","page","type-page","status-publish","hentry"],"acf":[],"yoast_head":"<!-- This site is optimized with the Yoast SEO plugin v27.1 - https:\/\/yoast.com\/product\/yoast-seo-wordpress\/ -->\n<title>Color Mokambo Shore Hotel 3 \u00e9toiles Superior, Cesenatico<\/title>\n<meta name=\"description\" content=\"Envie de vacances en famille\u00a0? D\u00e9couvrez les offres pour familles du Color Mokambo Shore Hotel \u00e0 Cesenatico.\" \/>\n<meta name=\"robots\" content=\"index, follow, max-snippet:-1, max-image-preview:large, max-video-preview:-1\" \/>\n<link rel=\"canonical\" href=\"https:\/\/www.italyfamilyhotels.it\/fr\/hotels\/color-mokambo-shore-hotel\" \/>\n<meta property=\"og:locale\" content=\"fr_FR\" \/>\n<meta property=\"og:type\" content=\"article\" \/>\n<meta property=\"og:title\" content=\"Color Mokambo Shore Hotel 3 \u00e9toiles Superior, Cesenatico\" \/>\n<meta property=\"og:description\" content=\"Envie de vacances en famille\u00a0? D\u00e9couvrez les offres pour familles du Color Mokambo Shore Hotel \u00e0 Cesenatico.\" \/>\n<meta property=\"og:url\" content=\"https:\/\/www.italyfamilyhotels.it\/fr\/hotels\/color-mokambo-shore-hotel\" \/>\n<meta property=\"og:site_name\" content=\"Italy Family Hotels\" \/>\n<meta property=\"article:publisher\" content=\"https:\/\/www.facebook.com\/ItalyFamilyHotels\/\" \/>\n<meta property=\"article:modified_time\" content=\"2024-08-05T09:18:53+00:00\" \/>\n<meta name=\"twitter:card\" content=\"summary_large_image\" \/>\n<meta name=\"twitter:label1\" content=\"Dur\u00e9e de lecture estim\u00e9e\" \/>\n\t<meta name=\"twitter:data1\" content=\"2 minutes\" \/>\n<script type=\"application\/ld+json\" class=\"yoast-schema-graph\">{\"@context\":\"https:\/\/schema.org\",\"@graph\":[{\"@type\":\"WebPage\",\"@id\":\"https:\/\/www.italyfamilyhotels.it\/fr\/hotels\/color-mokambo-shore-hotel\",\"url\":\"https:\/\/www.italyfamilyhotels.it\/fr\/hotels\/color-mokambo-shore-hotel\",\"name\":\"Color Mokambo Shore Hotel 3 \u00e9toiles Superior, Cesenatico\",\"isPartOf\":{\"@id\":\"https:\/\/www.italyfamilyhotels.it\/#website\"},\"datePublished\":\"2023-02-21T09:42:54+00:00\",\"dateModified\":\"2024-08-05T09:18:53+00:00\",\"description\":\"Envie de vacances en famille\u00a0? D\u00e9couvrez les offres pour familles du Color Mokambo Shore Hotel \u00e0 Cesenatico.\",\"breadcrumb\":{\"@id\":\"https:\/\/www.italyfamilyhotels.it\/fr\/hotels\/color-mokambo-shore-hotel#breadcrumb\"},\"inLanguage\":\"fr-FR\",\"potentialAction\":[{\"@type\":\"ReadAction\",\"target\":[\"https:\/\/www.italyfamilyhotels.it\/fr\/hotels\/color-mokambo-shore-hotel\"]}]},{\"@type\":\"BreadcrumbList\",\"@id\":\"https:\/\/www.italyfamilyhotels.it\/fr\/hotels\/color-mokambo-shore-hotel#breadcrumb\",\"itemListElement\":[{\"@type\":\"ListItem\",\"position\":1,\"name\":\"Home\",\"item\":\"https:\/\/www.italyfamilyhotels.it\/fr\"},{\"@type\":\"ListItem\",\"position\":2,\"name\":\"Family Hotels\",\"item\":\"https:\/\/www.italyfamilyhotels.it\/fr\/hotels\"},{\"@type\":\"ListItem\",\"position\":3,\"name\":\"Color Mokambo Shore Hotel\"}]},{\"@type\":\"WebSite\",\"@id\":\"https:\/\/www.italyfamilyhotels.it\/#website\",\"url\":\"https:\/\/www.italyfamilyhotels.it\/\",\"name\":\"Italy Family Hotels\",\"description\":\"\",\"potentialAction\":[{\"@type\":\"SearchAction\",\"target\":{\"@type\":\"EntryPoint\",\"urlTemplate\":\"https:\/\/www.italyfamilyhotels.it\/?s={search_term_string}\"},\"query-input\":{\"@type\":\"PropertyValueSpecification\",\"valueRequired\":true,\"valueName\":\"search_term_string\"}}],\"inLanguage\":\"fr-FR\"}]}<\/script>\n<!-- \/ Yoast SEO plugin. -->","yoast_head_json":{"title":"Color Mokambo Shore Hotel 3 \u00e9toiles Superior, Cesenatico","description":"Envie de vacances en famille\u00a0? D\u00e9couvrez les offres pour familles du Color Mokambo Shore Hotel \u00e0 Cesenatico.","robots":{"index":"index","follow":"follow","max-snippet":"max-snippet:-1","max-image-preview":"max-image-preview:large","max-video-preview":"max-video-preview:-1"},"canonical":"https:\/\/www.italyfamilyhotels.it\/fr\/hotels\/color-mokambo-shore-hotel","og_locale":"fr_FR","og_type":"article","og_title":"Color Mokambo Shore Hotel 3 \u00e9toiles Superior, Cesenatico","og_description":"Envie de vacances en famille\u00a0? D\u00e9couvrez les offres pour familles du Color Mokambo Shore Hotel \u00e0 Cesenatico.","og_url":"https:\/\/www.italyfamilyhotels.it\/fr\/hotels\/color-mokambo-shore-hotel","og_site_name":"Italy Family Hotels","article_publisher":"https:\/\/www.facebook.com\/ItalyFamilyHotels\/","article_modified_time":"2024-08-05T09:18:53+00:00","twitter_card":"summary_large_image","twitter_misc":{"Dur\u00e9e de lecture estim\u00e9e":"2 minutes"},"schema":{"@context":"https:\/\/schema.org","@graph":[{"@type":"WebPage","@id":"https:\/\/www.italyfamilyhotels.it\/fr\/hotels\/color-mokambo-shore-hotel","url":"https:\/\/www.italyfamilyhotels.it\/fr\/hotels\/color-mokambo-shore-hotel","name":"Color Mokambo Shore Hotel 3 \u00e9toiles Superior, Cesenatico","isPartOf":{"@id":"https:\/\/www.italyfamilyhotels.it\/#website"},"datePublished":"2023-02-21T09:42:54+00:00","dateModified":"2024-08-05T09:18:53+00:00","description":"Envie de vacances en famille\u00a0? D\u00e9couvrez les offres pour familles du Color Mokambo Shore Hotel \u00e0 Cesenatico.","breadcrumb":{"@id":"https:\/\/www.italyfamilyhotels.it\/fr\/hotels\/color-mokambo-shore-hotel#breadcrumb"},"inLanguage":"fr-FR","potentialAction":[{"@type":"ReadAction","target":["https:\/\/www.italyfamilyhotels.it\/fr\/hotels\/color-mokambo-shore-hotel"]}]},{"@type":"BreadcrumbList","@id":"https:\/\/www.italyfamilyhotels.it\/fr\/hotels\/color-mokambo-shore-hotel#breadcrumb","itemListElement":[{"@type":"ListItem","position":1,"name":"Home","item":"https:\/\/www.italyfamilyhotels.it\/fr"},{"@type":"ListItem","position":2,"name":"Family Hotels","item":"https:\/\/www.italyfamilyhotels.it\/fr\/hotels"},{"@type":"ListItem","position":3,"name":"Color Mokambo Shore Hotel"}]},{"@type":"WebSite","@id":"https:\/\/www.italyfamilyhotels.it\/#website","url":"https:\/\/www.italyfamilyhotels.it\/","name":"Italy Family Hotels","description":"","potentialAction":[{"@type":"SearchAction","target":{"@type":"EntryPoint","urlTemplate":"https:\/\/www.italyfamilyhotels.it\/?s={search_term_string}"},"query-input":{"@type":"PropertyValueSpecification","valueRequired":true,"valueName":"search_term_string"}}],"inLanguage":"fr-FR"}]}},"_links":{"self":[{"href":"https:\/\/www.italyfamilyhotels.it\/fr\/wp-json\/wp\/v2\/pages\/46582","targetHints":{"allow":["GET"]}}],"collection":[{"href":"https:\/\/www.italyfamilyhotels.it\/fr\/wp-json\/wp\/v2\/pages"}],"about":[{"href":"https:\/\/www.italyfamilyhotels.it\/fr\/wp-json\/wp\/v2\/types\/page"}],"author":[{"embeddable":true,"href":"https:\/\/www.italyfamilyhotels.it\/fr\/wp-json\/wp\/v2\/users\/1"}],"replies":[{"embeddable":true,"href":"https:\/\/www.italyfamilyhotels.it\/fr\/wp-json\/wp\/v2\/comments?post=46582"}],"version-history":[{"count":3,"href":"https:\/\/www.italyfamilyhotels.it\/fr\/wp-json\/wp\/v2\/pages\/46582\/revisions"}],"predecessor-version":[{"id":60731,"href":"https:\/\/www.italyfamilyhotels.it\/fr\/wp-json\/wp\/v2\/pages\/46582\/revisions\/60731"}],"up":[{"embeddable":true,"href":"https:\/\/www.italyfamilyhotels.it\/fr\/wp-json\/wp\/v2\/pages\/29729"}],"wp:attachment":[{"href":"https:\/\/www.italyfamilyhotels.it\/fr\/wp-json\/wp\/v2\/media?parent=46582"}],"curies":[{"name":"wp","href":"https:\/\/api.w.org\/{rel}","templated":true}]}}